{"id":29857,"date":"2022-02-23T16:15:56","date_gmt":"2022-02-23T09:15:56","guid":{"rendered":"https:\/\/mouldking.store\/?post_type=product&#038;p=29857"},"modified":"2022-02-23T16:15:56","modified_gmt":"2022-02-23T09:15:56","slug":"qman-k20202-k20204-pokemon-pikachu","status":"publish","type":"product","link":"https:\/\/mouldking.store\/fr\/shop\/qman-k20202-k20204-pokemon-pikachu\/","title":{"rendered":"Qman K20202-K20204 Pok\u00e9mon Pikachu"},"content":{"rendered":"<p>Information produit:<\/p>\n<ol>\n<li>Marque : Qman<\/li>\n<li>Genre: Unisexe<\/li>\n<li>Nom : Pok\u00e9mon Pikachu<\/li>\n<li>Tranche d&#039;\u00e2ge : &gt; 6 ans<\/li>\n<li>Num\u00e9ro de mod\u00e8le : K20202-K20204<\/li>\n<li>Classement : Assemblage<\/li>\n<li>Forme de bloc en plastique\u00a0: briques autobloquantes<\/li>\n<li>Mat\u00e9riel: Plastique<\/li>\n<li>Type de plastique : ABS<\/li>\n<li>Blocs de briques : K20202 ~110+PCS, K20204 ~112+PCS<\/li>\n<li>Contient des instructions de montage d\u00e9taill\u00e9es.<\/li>\n<\/ol>\n<p>Avis:<br \/>\n1. Sans bo\u00eete d&#039;origine, mais nous garantissons que nos produits ont une assurance qualit\u00e9 et un bel emballage.<br \/>\n2. Comme toutes les pi\u00e8ces que nous avons v\u00e9rifi\u00e9es avant l&#039;exp\u00e9dition, donc si vous trouvez des pi\u00e8ces manquantes ou endommag\u00e9es, ne vous inqui\u00e9tez pas et veuillez nous contacter et nous pouvons vous les renvoyer imm\u00e9diatement gratuitement.<\/p>\n<p>&nbsp;<\/p>\n<figure id=\"attachment_29859\" aria-describedby=\"caption-attachment-29859\" style=\"width: 440px\" class=\"wp-caption aligncenter\"><img fetchpriority=\"high\" decoding=\"async\" class=\"wp-image-29859 size-full\" src=\"https:\/\/mouldking.store\/wp-content\/uploads\/2022\/02\/Qman-K20202-K20204-Pokemon-Pikachu-2.jpg\" alt=\"Qman K20202-K20204 Pok\u00e9mon Pikachu\" width=\"440\" height=\"1024\" title=\"-\" srcset=\"https:\/\/mouldking.store\/wp-content\/uploads\/2022\/02\/Qman-K20202-K20204-Pokemon-Pikachu-2.jpg 440w, https:\/\/mouldking.store\/wp-content\/uploads\/2022\/02\/Qman-K20202-K20204-Pokemon-Pikachu-2-129x300.jpg 129w, https:\/\/mouldking.store\/wp-content\/uploads\/2022\/02\/Qman-K20202-K20204-Pokemon-Pikachu-2-300x698.jpg 300w, https:\/\/mouldking.store\/wp-content\/uploads\/2022\/02\/Qman-K20202-K20204-Pokemon-Pikachu-2-64x150.jpg 64w\" sizes=\"(max-width: 440px) 100vw, 440px\" \/><figcaption id=\"caption-attachment-29859\" class=\"wp-caption-text\">Qman K20202-K20204 Pok\u00e9mon Pikachu<\/figcaption><\/figure>\n<figure id=\"attachment_29860\" aria-describedby=\"caption-attachment-29860\" style=\"width: 443px\" class=\"wp-caption aligncenter\"><img decoding=\"async\" class=\"wp-image-29860 size-full\" src=\"https:\/\/mouldking.store\/wp-content\/uploads\/2022\/02\/Qman-K20202-K20204-Pokemon-Pikachu-3.jpg\" alt=\"Qman K20202-K20204 Pok\u00e9mon Pikachu\" width=\"443\" height=\"1024\" title=\"-\" srcset=\"https:\/\/mouldking.store\/wp-content\/uploads\/2022\/02\/Qman-K20202-K20204-Pokemon-Pikachu-3.jpg 443w, https:\/\/mouldking.store\/wp-content\/uploads\/2022\/02\/Qman-K20202-K20204-Pokemon-Pikachu-3-130x300.jpg 130w, https:\/\/mouldking.store\/wp-content\/uploads\/2022\/02\/Qman-K20202-K20204-Pokemon-Pikachu-3-300x693.jpg 300w, https:\/\/mouldking.store\/wp-content\/uploads\/2022\/02\/Qman-K20202-K20204-Pokemon-Pikachu-3-65x150.jpg 65w\" sizes=\"(max-width: 443px) 100vw, 443px\" \/><figcaption id=\"caption-attachment-29860\" class=\"wp-caption-text\">Qman K20202-K20204 Pok\u00e9mon Pikachu<\/figcaption><\/figure>","protected":false},"excerpt":{"rendered":"<p>Product information: Brand: Qman Gender: Unisex Name: Pok\u00e9mon Pikachu Age Range: &gt; 6 years old Model Number: K20202-K20204 Classification: Assemblage Plastic Block Shape: Self-Locking Bricks Material: Plastic Plastic Type: ABS Bricks Blocks: K20202 ~110+PCS, K20204\u00a0 ~112+PCS Contains detailed assembly instructions. Notice: 1. Without an original box, but we guarantee our products have quality assurance and [&hellip;]<\/p>","protected":false},"featured_media":29858,"comment_status":"closed","ping_status":"closed","template":"","meta":{"_acf_changed":false},"product_cat":[581],"product_tag":[4717,4716,4718,4687,2468,4685,4125,4715,4714],"class_list":["product","first","instock","shipping-taxable","purchasable","product-type-variable"],"acf":[],"_links":{"self":[{"href":"https:\/\/mouldking.store\/fr\/wp-json\/wp\/v2\/product\/29857","targetHints":{"allow":["GET"]}}],"collection":[{"href":"https:\/\/mouldking.store\/fr\/wp-json\/wp\/v2\/product"}],"about":[{"href":"https:\/\/mouldking.store\/fr\/wp-json\/wp\/v2\/types\/product"}],"replies":[{"embeddable":true,"href":"https:\/\/mouldking.store\/fr\/wp-json\/wp\/v2\/comments?post=29857"}],"wp:featuredmedia":[{"embeddable":true,"href":"https:\/\/mouldking.store\/fr\/wp-json\/wp\/v2\/media\/29858"}],"wp:attachment":[{"href":"https:\/\/mouldking.store\/fr\/wp-json\/wp\/v2\/media?parent=29857"}],"wp:term":[{"taxonomy":"product_cat","embeddable":true,"href":"https:\/\/mouldking.store\/fr\/wp-json\/wp\/v2\/product_cat?post=29857"},{"taxonomy":"product_tag","embeddable":true,"href":"https:\/\/mouldking.store\/fr\/wp-json\/wp\/v2\/product_tag?post=29857"}],"curies":[{"name":"wp","href":"https:\/\/api.w.org\/{rel}","templated":true}]}}