{"id":29909,"date":"2022-02-23T17:11:01","date_gmt":"2022-02-23T10:11:01","guid":{"rendered":"https:\/\/mouldking.store\/?post_type=product&#038;p=29909"},"modified":"2022-02-23T17:11:01","modified_gmt":"2022-02-23T10:11:01","slug":"qman-21011-jeep-raid-with-264-pieces","status":"publish","type":"product","link":"https:\/\/mouldking.store\/fr\/shop\/qman-21011-jeep-raid-with-264-pieces\/","title":{"rendered":"Qman 21011 Jeep Raid avec 264 pi\u00e8ces"},"content":{"rendered":"<p>Information produit:<\/p>\n<ol>\n<li>Marque : Qman<\/li>\n<li>Genre: Unisexe<\/li>\n<li>Name: Jeep Raid<\/li>\n<li>Tranche d&#039;\u00e2ge : &gt; 6 ans<\/li>\n<li>Model Number: 21011<\/li>\n<li>Classement : Assemblage<\/li>\n<li>Forme de bloc en plastique\u00a0: briques autobloquantes<\/li>\n<li>Mat\u00e9riel: Plastique<\/li>\n<li>Type de plastique : ABS<\/li>\n<li>Bricks Blocks: 264 PCS<\/li>\n<li>Contient des instructions de montage d\u00e9taill\u00e9es.<\/li>\n<\/ol>\n<p>Avis:<br \/>\n1. Sans bo\u00eete d&#039;origine, mais nous garantissons que nos produits ont une assurance qualit\u00e9 et un bel emballage.<br \/>\n2. Comme toutes les pi\u00e8ces que nous avons v\u00e9rifi\u00e9es avant l&#039;exp\u00e9dition, donc si vous trouvez des pi\u00e8ces manquantes ou endommag\u00e9es, ne vous inqui\u00e9tez pas et veuillez nous contacter et nous pouvons vous les renvoyer imm\u00e9diatement gratuitement.<\/p>\n<figure id=\"attachment_29910\" aria-describedby=\"caption-attachment-29910\" style=\"width: 800px\" class=\"wp-caption aligncenter\"><img fetchpriority=\"high\" decoding=\"async\" class=\"wp-image-29910 size-full\" src=\"https:\/\/mouldking.store\/wp-content\/uploads\/2022\/02\/Qman-21011-Jeep-Raid-with-264-pieces-1.jpg\" alt=\"Qman 21011 Jeep Raid with 264 pieces\" width=\"800\" height=\"800\" title=\"-\" srcset=\"https:\/\/mouldking.store\/wp-content\/uploads\/2022\/02\/Qman-21011-Jeep-Raid-with-264-pieces-1.jpg 800w, https:\/\/mouldking.store\/wp-content\/uploads\/2022\/02\/Qman-21011-Jeep-Raid-with-264-pieces-1-300x300.jpg 300w, https:\/\/mouldking.store\/wp-content\/uploads\/2022\/02\/Qman-21011-Jeep-Raid-with-264-pieces-1-768x768.jpg 768w, https:\/\/mouldking.store\/wp-content\/uploads\/2022\/02\/Qman-21011-Jeep-Raid-with-264-pieces-1-600x600.jpg 600w, https:\/\/mouldking.store\/wp-content\/uploads\/2022\/02\/Qman-21011-Jeep-Raid-with-264-pieces-1-150x150.jpg 150w\" sizes=\"(max-width: 800px) 100vw, 800px\" \/><figcaption id=\"caption-attachment-29910\" class=\"wp-caption-text\">Qman 21011 Jeep Raid avec 264 pi\u00e8ces<\/figcaption><\/figure>\n<figure id=\"attachment_29911\" aria-describedby=\"caption-attachment-29911\" style=\"width: 750px\" class=\"wp-caption aligncenter\"><img decoding=\"async\" class=\"wp-image-29911 size-full\" src=\"https:\/\/mouldking.store\/wp-content\/uploads\/2022\/02\/Qman-21011-Jeep-Raid-with-264-pieces-2.jpg\" alt=\"Qman 21011 Jeep Raid with 264 pieces\" width=\"750\" height=\"868\" title=\"-\" srcset=\"https:\/\/mouldking.store\/wp-content\/uploads\/2022\/02\/Qman-21011-Jeep-Raid-with-264-pieces-2.jpg 750w, https:\/\/mouldking.store\/wp-content\/uploads\/2022\/02\/Qman-21011-Jeep-Raid-with-264-pieces-2-259x300.jpg 259w, https:\/\/mouldking.store\/wp-content\/uploads\/2022\/02\/Qman-21011-Jeep-Raid-with-264-pieces-2-300x347.jpg 300w, https:\/\/mouldking.store\/wp-content\/uploads\/2022\/02\/Qman-21011-Jeep-Raid-with-264-pieces-2-600x694.jpg 600w, https:\/\/mouldking.store\/wp-content\/uploads\/2022\/02\/Qman-21011-Jeep-Raid-with-264-pieces-2-130x150.jpg 130w\" sizes=\"(max-width: 750px) 100vw, 750px\" \/><figcaption id=\"caption-attachment-29911\" class=\"wp-caption-text\">Qman 21011 Jeep Raid avec 264 pi\u00e8ces<\/figcaption><\/figure>\n<figure id=\"attachment_29915\" aria-describedby=\"caption-attachment-29915\" style=\"width: 789px\" class=\"wp-caption aligncenter\"><img decoding=\"async\" class=\"wp-image-29915 size-full\" src=\"https:\/\/mouldking.store\/wp-content\/uploads\/2022\/02\/Qman-21011-Jeep-Raid-with-264-pieces-6.jpg\" alt=\"Qman 21011 Jeep Raid with 264 pieces\" width=\"789\" height=\"971\" title=\"-\" srcset=\"https:\/\/mouldking.store\/wp-content\/uploads\/2022\/02\/Qman-21011-Jeep-Raid-with-264-pieces-6.jpg 789w, https:\/\/mouldking.store\/wp-content\/uploads\/2022\/02\/Qman-21011-Jeep-Raid-with-264-pieces-6-244x300.jpg 244w, https:\/\/mouldking.store\/wp-content\/uploads\/2022\/02\/Qman-21011-Jeep-Raid-with-264-pieces-6-768x945.jpg 768w, https:\/\/mouldking.store\/wp-content\/uploads\/2022\/02\/Qman-21011-Jeep-Raid-with-264-pieces-6-300x369.jpg 300w, https:\/\/mouldking.store\/wp-content\/uploads\/2022\/02\/Qman-21011-Jeep-Raid-with-264-pieces-6-600x738.jpg 600w, https:\/\/mouldking.store\/wp-content\/uploads\/2022\/02\/Qman-21011-Jeep-Raid-with-264-pieces-6-122x150.jpg 122w\" sizes=\"(max-width: 789px) 100vw, 789px\" \/><figcaption id=\"caption-attachment-29915\" class=\"wp-caption-text\">Qman 21011 Jeep Raid avec 264 pi\u00e8ces<\/figcaption><\/figure>\n<figure id=\"attachment_29913\" aria-describedby=\"caption-attachment-29913\" style=\"width: 800px\" class=\"wp-caption aligncenter\"><img loading=\"lazy\" decoding=\"async\" class=\"wp-image-29913 size-full\" src=\"https:\/\/mouldking.store\/wp-content\/uploads\/2022\/02\/Qman-21011-Jeep-Raid-with-264-pieces-4.jpg\" alt=\"Qman 21011 Jeep Raid with 264 pieces\" width=\"800\" height=\"800\" title=\"-\" srcset=\"https:\/\/mouldking.store\/wp-content\/uploads\/2022\/02\/Qman-21011-Jeep-Raid-with-264-pieces-4.jpg 800w, https:\/\/mouldking.store\/wp-content\/uploads\/2022\/02\/Qman-21011-Jeep-Raid-with-264-pieces-4-300x300.jpg 300w, https:\/\/mouldking.store\/wp-content\/uploads\/2022\/02\/Qman-21011-Jeep-Raid-with-264-pieces-4-768x768.jpg 768w, https:\/\/mouldking.store\/wp-content\/uploads\/2022\/02\/Qman-21011-Jeep-Raid-with-264-pieces-4-600x600.jpg 600w, https:\/\/mouldking.store\/wp-content\/uploads\/2022\/02\/Qman-21011-Jeep-Raid-with-264-pieces-4-150x150.jpg 150w\" sizes=\"(max-width: 800px) 100vw, 800px\" \/><figcaption id=\"caption-attachment-29913\" class=\"wp-caption-text\">Qman 21011 Jeep Raid avec 264 pi\u00e8ces<\/figcaption><\/figure>\n<figure id=\"attachment_29914\" aria-describedby=\"caption-attachment-29914\" style=\"width: 789px\" class=\"wp-caption aligncenter\"><img loading=\"lazy\" decoding=\"async\" class=\"wp-image-29914 size-full\" src=\"https:\/\/mouldking.store\/wp-content\/uploads\/2022\/02\/Qman-21011-Jeep-Raid-with-264-pieces-5.jpg\" alt=\"Qman 21011 Jeep Raid with 264 pieces\" width=\"789\" height=\"1007\" title=\"-\" srcset=\"https:\/\/mouldking.store\/wp-content\/uploads\/2022\/02\/Qman-21011-Jeep-Raid-with-264-pieces-5.jpg 789w, https:\/\/mouldking.store\/wp-content\/uploads\/2022\/02\/Qman-21011-Jeep-Raid-with-264-pieces-5-235x300.jpg 235w, https:\/\/mouldking.store\/wp-content\/uploads\/2022\/02\/Qman-21011-Jeep-Raid-with-264-pieces-5-768x980.jpg 768w, https:\/\/mouldking.store\/wp-content\/uploads\/2022\/02\/Qman-21011-Jeep-Raid-with-264-pieces-5-300x383.jpg 300w, https:\/\/mouldking.store\/wp-content\/uploads\/2022\/02\/Qman-21011-Jeep-Raid-with-264-pieces-5-600x766.jpg 600w, https:\/\/mouldking.store\/wp-content\/uploads\/2022\/02\/Qman-21011-Jeep-Raid-with-264-pieces-5-118x150.jpg 118w\" sizes=\"(max-width: 789px) 100vw, 789px\" \/><figcaption id=\"caption-attachment-29914\" class=\"wp-caption-text\">Qman 21011 Jeep Raid avec 264 pi\u00e8ces<\/figcaption><\/figure>\n<figure id=\"attachment_29912\" aria-describedby=\"caption-attachment-29912\" style=\"width: 770px\" class=\"wp-caption aligncenter\"><img loading=\"lazy\" decoding=\"async\" class=\"wp-image-29912 size-full\" src=\"https:\/\/mouldking.store\/wp-content\/uploads\/2022\/02\/Qman-21011-Jeep-Raid-with-264-pieces-3.jpg\" alt=\"Qman 21011 Jeep Raid with 264 pieces\" width=\"770\" height=\"476\" title=\"-\" srcset=\"https:\/\/mouldking.store\/wp-content\/uploads\/2022\/02\/Qman-21011-Jeep-Raid-with-264-pieces-3.jpg 770w, https:\/\/mouldking.store\/wp-content\/uploads\/2022\/02\/Qman-21011-Jeep-Raid-with-264-pieces-3-300x185.jpg 300w, https:\/\/mouldking.store\/wp-content\/uploads\/2022\/02\/Qman-21011-Jeep-Raid-with-264-pieces-3-768x475.jpg 768w, https:\/\/mouldking.store\/wp-content\/uploads\/2022\/02\/Qman-21011-Jeep-Raid-with-264-pieces-3-600x371.jpg 600w, https:\/\/mouldking.store\/wp-content\/uploads\/2022\/02\/Qman-21011-Jeep-Raid-with-264-pieces-3-150x93.jpg 150w\" sizes=\"(max-width: 770px) 100vw, 770px\" \/><figcaption id=\"caption-attachment-29912\" class=\"wp-caption-text\">Qman 21011 Jeep Raid avec 264 pi\u00e8ces<\/figcaption><\/figure>","protected":false},"excerpt":{"rendered":"<p>Product information: Brand: Qman Gender: Unisex Name: Jeep Raid Age Range: &gt; 6 years old Model Number: 21011 Classification: Assemblage Plastic Block Shape: Self-Locking Bricks Material: Plastic Plastic Type: ABS Bricks Blocks: 264 PCS Contains detailed assembly instructions. Notice: 1. Without an original box, but we guarantee our products have quality assurance and nice packaging. [&hellip;]<\/p>","protected":false},"featured_media":29910,"comment_status":"closed","ping_status":"closed","template":"","meta":{"_acf_changed":false},"product_cat":[372],"product_tag":[4754,4755,4753,4125,4752,4751,4750,4756],"class_list":["product","first","instock","shipping-taxable","purchasable","product-type-simple"],"acf":[],"_links":{"self":[{"href":"https:\/\/mouldking.store\/fr\/wp-json\/wp\/v2\/product\/29909","targetHints":{"allow":["GET"]}}],"collection":[{"href":"https:\/\/mouldking.store\/fr\/wp-json\/wp\/v2\/product"}],"about":[{"href":"https:\/\/mouldking.store\/fr\/wp-json\/wp\/v2\/types\/product"}],"replies":[{"embeddable":true,"href":"https:\/\/mouldking.store\/fr\/wp-json\/wp\/v2\/comments?post=29909"}],"wp:featuredmedia":[{"embeddable":true,"href":"https:\/\/mouldking.store\/fr\/wp-json\/wp\/v2\/media\/29910"}],"wp:attachment":[{"href":"https:\/\/mouldking.store\/fr\/wp-json\/wp\/v2\/media?parent=29909"}],"wp:term":[{"taxonomy":"product_cat","embeddable":true,"href":"https:\/\/mouldking.store\/fr\/wp-json\/wp\/v2\/product_cat?post=29909"},{"taxonomy":"product_tag","embeddable":true,"href":"https:\/\/mouldking.store\/fr\/wp-json\/wp\/v2\/product_tag?post=29909"}],"curies":[{"name":"wp","href":"https:\/\/api.w.org\/{rel}","templated":true}]}}