{"id":29965,"date":"2022-02-23T18:00:44","date_gmt":"2022-02-23T11:00:44","guid":{"rendered":"https:\/\/mouldking.store\/?post_type=product&#038;p=29965"},"modified":"2022-02-23T18:00:44","modified_gmt":"2022-02-23T11:00:44","slug":"qman-22011-military-mini-set-4-in-1-with-624-pieces","status":"publish","type":"product","link":"https:\/\/mouldking.store\/fr\/shop\/qman-22011-military-mini-set-4-in-1-with-624-pieces\/","title":{"rendered":"Qman 22011 Mini set militaire 4 en 1 avec 624 pi\u00e8ces"},"content":{"rendered":"<p>Information produit:<\/p>\n<ol>\n<li>Marque : Qman<\/li>\n<li>Genre: Unisexe<\/li>\n<li>Name: Military Mini Set 4 in 1<\/li>\n<li>Tranche d&#039;\u00e2ge : &gt; 6 ans<\/li>\n<li>Model Number: 22011<\/li>\n<li>Classement : Assemblage<\/li>\n<li>Forme de bloc en plastique\u00a0: briques autobloquantes<\/li>\n<li>Mat\u00e9riel: Plastique<\/li>\n<li>Type de plastique : ABS<\/li>\n<li>Bricks Blocks: 624 PCS<\/li>\n<li>Contient des instructions de montage d\u00e9taill\u00e9es.<\/li>\n<\/ol>\n<p>Avis:<br \/>\n1. Sans bo\u00eete d&#039;origine, mais nous garantissons que nos produits ont une assurance qualit\u00e9 et un bel emballage.<br \/>\n2. Comme toutes les pi\u00e8ces que nous avons v\u00e9rifi\u00e9es avant l&#039;exp\u00e9dition, donc si vous trouvez des pi\u00e8ces manquantes ou endommag\u00e9es, ne vous inqui\u00e9tez pas et veuillez nous contacter et nous pouvons vous les renvoyer imm\u00e9diatement gratuitement.<\/p>\n<figure id=\"attachment_29966\" aria-describedby=\"caption-attachment-29966\" style=\"width: 800px\" class=\"wp-caption aligncenter\"><img fetchpriority=\"high\" decoding=\"async\" class=\"wp-image-29966 size-full\" src=\"https:\/\/mouldking.store\/wp-content\/uploads\/2022\/02\/Qman-22011-Military-Mini-Set-4-in-1-with-624-pieces-1.jpg\" alt=\"Qman 22011 Military Mini Set 4 in 1 with 624 pieces\" width=\"800\" height=\"800\" title=\"-\" srcset=\"https:\/\/mouldking.store\/wp-content\/uploads\/2022\/02\/Qman-22011-Military-Mini-Set-4-in-1-with-624-pieces-1.jpg 800w, https:\/\/mouldking.store\/wp-content\/uploads\/2022\/02\/Qman-22011-Military-Mini-Set-4-in-1-with-624-pieces-1-300x300.jpg 300w, https:\/\/mouldking.store\/wp-content\/uploads\/2022\/02\/Qman-22011-Military-Mini-Set-4-in-1-with-624-pieces-1-768x768.jpg 768w, https:\/\/mouldking.store\/wp-content\/uploads\/2022\/02\/Qman-22011-Military-Mini-Set-4-in-1-with-624-pieces-1-600x600.jpg 600w, https:\/\/mouldking.store\/wp-content\/uploads\/2022\/02\/Qman-22011-Military-Mini-Set-4-in-1-with-624-pieces-1-150x150.jpg 150w\" sizes=\"(max-width: 800px) 100vw, 800px\" \/><figcaption id=\"caption-attachment-29966\" class=\"wp-caption-text\">Qman 22011 Mini set militaire 4 en 1 avec 624 pi\u00e8ces<\/figcaption><\/figure>\n<figure id=\"attachment_29972\" aria-describedby=\"caption-attachment-29972\" style=\"width: 733px\" class=\"wp-caption aligncenter\"><img decoding=\"async\" class=\"wp-image-29972 size-full\" src=\"https:\/\/mouldking.store\/wp-content\/uploads\/2022\/02\/Qman-22011-Military-Mini-Set-4-in-1-with-624-pieces-7.jpg\" alt=\"Qman 22011 Military Mini Set 4 in 1 with 624 pieces\" width=\"733\" height=\"1024\" title=\"-\" srcset=\"https:\/\/mouldking.store\/wp-content\/uploads\/2022\/02\/Qman-22011-Military-Mini-Set-4-in-1-with-624-pieces-7.jpg 733w, https:\/\/mouldking.store\/wp-content\/uploads\/2022\/02\/Qman-22011-Military-Mini-Set-4-in-1-with-624-pieces-7-215x300.jpg 215w, https:\/\/mouldking.store\/wp-content\/uploads\/2022\/02\/Qman-22011-Military-Mini-Set-4-in-1-with-624-pieces-7-300x419.jpg 300w, https:\/\/mouldking.store\/wp-content\/uploads\/2022\/02\/Qman-22011-Military-Mini-Set-4-in-1-with-624-pieces-7-600x838.jpg 600w, https:\/\/mouldking.store\/wp-content\/uploads\/2022\/02\/Qman-22011-Military-Mini-Set-4-in-1-with-624-pieces-7-107x150.jpg 107w\" sizes=\"(max-width: 733px) 100vw, 733px\" \/><figcaption id=\"caption-attachment-29972\" class=\"wp-caption-text\">Qman 22011 Mini set militaire 4 en 1 avec 624 pi\u00e8ces<\/figcaption><\/figure>\n<figure id=\"attachment_29971\" aria-describedby=\"caption-attachment-29971\" style=\"width: 790px\" class=\"wp-caption aligncenter\"><img decoding=\"async\" class=\"wp-image-29971 size-full\" src=\"https:\/\/mouldking.store\/wp-content\/uploads\/2022\/02\/Qman-22011-Military-Mini-Set-4-in-1-with-624-pieces-6.jpg\" alt=\"Qman 22011 Military Mini Set 4 in 1 with 624 pieces\" width=\"790\" height=\"959\" title=\"-\" srcset=\"https:\/\/mouldking.store\/wp-content\/uploads\/2022\/02\/Qman-22011-Military-Mini-Set-4-in-1-with-624-pieces-6.jpg 790w, https:\/\/mouldking.store\/wp-content\/uploads\/2022\/02\/Qman-22011-Military-Mini-Set-4-in-1-with-624-pieces-6-247x300.jpg 247w, https:\/\/mouldking.store\/wp-content\/uploads\/2022\/02\/Qman-22011-Military-Mini-Set-4-in-1-with-624-pieces-6-768x932.jpg 768w, https:\/\/mouldking.store\/wp-content\/uploads\/2022\/02\/Qman-22011-Military-Mini-Set-4-in-1-with-624-pieces-6-300x364.jpg 300w, https:\/\/mouldking.store\/wp-content\/uploads\/2022\/02\/Qman-22011-Military-Mini-Set-4-in-1-with-624-pieces-6-600x728.jpg 600w, https:\/\/mouldking.store\/wp-content\/uploads\/2022\/02\/Qman-22011-Military-Mini-Set-4-in-1-with-624-pieces-6-124x150.jpg 124w\" sizes=\"(max-width: 790px) 100vw, 790px\" \/><figcaption id=\"caption-attachment-29971\" class=\"wp-caption-text\">Qman 22011 Mini set militaire 4 en 1 avec 624 pi\u00e8ces<\/figcaption><\/figure>\n<figure id=\"attachment_29970\" aria-describedby=\"caption-attachment-29970\" style=\"width: 750px\" class=\"wp-caption aligncenter\"><img loading=\"lazy\" decoding=\"async\" class=\"wp-image-29970 size-full\" src=\"https:\/\/mouldking.store\/wp-content\/uploads\/2022\/02\/Qman-22011-Military-Mini-Set-4-in-1-with-624-pieces-5.jpg\" alt=\"Qman 22011 Military Mini Set 4 in 1 with 624 pieces\" width=\"750\" height=\"771\" title=\"-\" srcset=\"https:\/\/mouldking.store\/wp-content\/uploads\/2022\/02\/Qman-22011-Military-Mini-Set-4-in-1-with-624-pieces-5.jpg 750w, https:\/\/mouldking.store\/wp-content\/uploads\/2022\/02\/Qman-22011-Military-Mini-Set-4-in-1-with-624-pieces-5-292x300.jpg 292w, https:\/\/mouldking.store\/wp-content\/uploads\/2022\/02\/Qman-22011-Military-Mini-Set-4-in-1-with-624-pieces-5-300x308.jpg 300w, https:\/\/mouldking.store\/wp-content\/uploads\/2022\/02\/Qman-22011-Military-Mini-Set-4-in-1-with-624-pieces-5-600x617.jpg 600w, https:\/\/mouldking.store\/wp-content\/uploads\/2022\/02\/Qman-22011-Military-Mini-Set-4-in-1-with-624-pieces-5-146x150.jpg 146w\" sizes=\"(max-width: 750px) 100vw, 750px\" \/><figcaption id=\"caption-attachment-29970\" class=\"wp-caption-text\">Qman 22011 Mini set militaire 4 en 1 avec 624 pi\u00e8ces<\/figcaption><\/figure>\n<figure id=\"attachment_29969\" aria-describedby=\"caption-attachment-29969\" style=\"width: 790px\" class=\"wp-caption aligncenter\"><img loading=\"lazy\" decoding=\"async\" class=\"wp-image-29969 size-full\" src=\"https:\/\/mouldking.store\/wp-content\/uploads\/2022\/02\/Qman-22011-Military-Mini-Set-4-in-1-with-624-pieces-4.jpg\" alt=\"Qman 22011 Military Mini Set 4 in 1 with 624 pieces\" width=\"790\" height=\"767\" title=\"-\" srcset=\"https:\/\/mouldking.store\/wp-content\/uploads\/2022\/02\/Qman-22011-Military-Mini-Set-4-in-1-with-624-pieces-4.jpg 790w, https:\/\/mouldking.store\/wp-content\/uploads\/2022\/02\/Qman-22011-Military-Mini-Set-4-in-1-with-624-pieces-4-300x291.jpg 300w, https:\/\/mouldking.store\/wp-content\/uploads\/2022\/02\/Qman-22011-Military-Mini-Set-4-in-1-with-624-pieces-4-768x746.jpg 768w, https:\/\/mouldking.store\/wp-content\/uploads\/2022\/02\/Qman-22011-Military-Mini-Set-4-in-1-with-624-pieces-4-600x583.jpg 600w, https:\/\/mouldking.store\/wp-content\/uploads\/2022\/02\/Qman-22011-Military-Mini-Set-4-in-1-with-624-pieces-4-150x146.jpg 150w\" sizes=\"(max-width: 790px) 100vw, 790px\" \/><figcaption id=\"caption-attachment-29969\" class=\"wp-caption-text\">Qman 22011 Mini set militaire 4 en 1 avec 624 pi\u00e8ces<\/figcaption><\/figure>\n<figure id=\"attachment_29968\" aria-describedby=\"caption-attachment-29968\" style=\"width: 733px\" class=\"wp-caption aligncenter\"><img loading=\"lazy\" decoding=\"async\" class=\"wp-image-29968 size-full\" src=\"https:\/\/mouldking.store\/wp-content\/uploads\/2022\/02\/Qman-22011-Military-Mini-Set-4-in-1-with-624-pieces-3.jpg\" alt=\"Qman 22011 Military Mini Set 4 in 1 with 624 pieces\" width=\"733\" height=\"1024\" title=\"-\" srcset=\"https:\/\/mouldking.store\/wp-content\/uploads\/2022\/02\/Qman-22011-Military-Mini-Set-4-in-1-with-624-pieces-3.jpg 733w, https:\/\/mouldking.store\/wp-content\/uploads\/2022\/02\/Qman-22011-Military-Mini-Set-4-in-1-with-624-pieces-3-215x300.jpg 215w, https:\/\/mouldking.store\/wp-content\/uploads\/2022\/02\/Qman-22011-Military-Mini-Set-4-in-1-with-624-pieces-3-300x419.jpg 300w, https:\/\/mouldking.store\/wp-content\/uploads\/2022\/02\/Qman-22011-Military-Mini-Set-4-in-1-with-624-pieces-3-600x838.jpg 600w, https:\/\/mouldking.store\/wp-content\/uploads\/2022\/02\/Qman-22011-Military-Mini-Set-4-in-1-with-624-pieces-3-107x150.jpg 107w\" sizes=\"(max-width: 733px) 100vw, 733px\" \/><figcaption id=\"caption-attachment-29968\" class=\"wp-caption-text\">Qman 22011 Mini set militaire 4 en 1 avec 624 pi\u00e8ces<\/figcaption><\/figure>\n<figure id=\"attachment_29967\" aria-describedby=\"caption-attachment-29967\" style=\"width: 407px\" class=\"wp-caption aligncenter\"><img loading=\"lazy\" decoding=\"async\" class=\"wp-image-29967 size-full\" src=\"https:\/\/mouldking.store\/wp-content\/uploads\/2022\/02\/Qman-22011-Military-Mini-Set-4-in-1-with-624-pieces-2.jpg\" alt=\"Qman 22011 Military Mini Set 4 in 1 with 624 pieces\" width=\"407\" height=\"800\" title=\"-\" srcset=\"https:\/\/mouldking.store\/wp-content\/uploads\/2022\/02\/Qman-22011-Military-Mini-Set-4-in-1-with-624-pieces-2.jpg 407w, https:\/\/mouldking.store\/wp-content\/uploads\/2022\/02\/Qman-22011-Military-Mini-Set-4-in-1-with-624-pieces-2-153x300.jpg 153w, https:\/\/mouldking.store\/wp-content\/uploads\/2022\/02\/Qman-22011-Military-Mini-Set-4-in-1-with-624-pieces-2-300x590.jpg 300w, https:\/\/mouldking.store\/wp-content\/uploads\/2022\/02\/Qman-22011-Military-Mini-Set-4-in-1-with-624-pieces-2-76x150.jpg 76w\" sizes=\"(max-width: 407px) 100vw, 407px\" \/><figcaption id=\"caption-attachment-29967\" class=\"wp-caption-text\">Qman 22011 Mini set militaire 4 en 1 avec 624 pi\u00e8ces<\/figcaption><\/figure>","protected":false},"excerpt":{"rendered":"<p>Product information: Brand: Qman Gender: Unisex Name: Military Mini Set 4 in 1 Age Range: &gt; 6 years old Model Number: 22011 Classification: Assemblage Plastic Block Shape: Self-Locking Bricks Material: Plastic Plastic Type: ABS Bricks Blocks: 624 PCS Contains detailed assembly instructions. Notice: 1. Without an original box, but we guarantee our products have quality [&hellip;]<\/p>","protected":false},"featured_media":29966,"comment_status":"closed","ping_status":"closed","template":"","meta":{"_acf_changed":false},"product_cat":[372],"product_tag":[4807,2660,374,4804,4808,4806,4125,4803,4805,4802,4801],"class_list":["product","first","instock","shipping-taxable","purchasable","product-type-simple"],"acf":[],"_links":{"self":[{"href":"https:\/\/mouldking.store\/fr\/wp-json\/wp\/v2\/product\/29965","targetHints":{"allow":["GET"]}}],"collection":[{"href":"https:\/\/mouldking.store\/fr\/wp-json\/wp\/v2\/product"}],"about":[{"href":"https:\/\/mouldking.store\/fr\/wp-json\/wp\/v2\/types\/product"}],"replies":[{"embeddable":true,"href":"https:\/\/mouldking.store\/fr\/wp-json\/wp\/v2\/comments?post=29965"}],"wp:featuredmedia":[{"embeddable":true,"href":"https:\/\/mouldking.store\/fr\/wp-json\/wp\/v2\/media\/29966"}],"wp:attachment":[{"href":"https:\/\/mouldking.store\/fr\/wp-json\/wp\/v2\/media?parent=29965"}],"wp:term":[{"taxonomy":"product_cat","embeddable":true,"href":"https:\/\/mouldking.store\/fr\/wp-json\/wp\/v2\/product_cat?post=29965"},{"taxonomy":"product_tag","embeddable":true,"href":"https:\/\/mouldking.store\/fr\/wp-json\/wp\/v2\/product_tag?post=29965"}],"curies":[{"name":"wp","href":"https:\/\/api.w.org\/{rel}","templated":true}]}}