{"id":29973,"date":"2022-02-23T18:04:27","date_gmt":"2022-02-23T11:04:27","guid":{"rendered":"https:\/\/mouldking.store\/?post_type=product&#038;p=29973"},"modified":"2022-02-23T18:04:27","modified_gmt":"2022-02-23T11:04:27","slug":"qman-1417-engineering-mecha-6-in-1-with-479-pieces","status":"publish","type":"product","link":"https:\/\/mouldking.store\/fr\/shop\/qman-1417-engineering-mecha-6-in-1-with-479-pieces\/","title":{"rendered":"Qman 1417 Engineering Mecha 6 en 1 avec 479 pi\u00e8ces"},"content":{"rendered":"<p>Information produit:<\/p>\n<ol>\n<li>Marque : Qman<\/li>\n<li>Genre: Unisexe<\/li>\n<li>Nom : Ing\u00e9nierie Mecha 6 en 1<\/li>\n<li>Tranche d&#039;\u00e2ge : &gt; 6 ans<\/li>\n<li>Num\u00e9ro de mod\u00e8le: 1417<\/li>\n<li>Classement : Assemblage<\/li>\n<li>Forme de bloc en plastique\u00a0: briques autobloquantes<\/li>\n<li>Mat\u00e9riel: Plastique<\/li>\n<li>Type de plastique : ABS<\/li>\n<li>Blocs de briques : 479 PCS<\/li>\n<li>Contient des instructions de montage d\u00e9taill\u00e9es.<\/li>\n<\/ol>\n<p>Avis:<br \/>\n1. Sans bo\u00eete d&#039;origine, mais nous garantissons que nos produits ont une assurance qualit\u00e9 et un bel emballage.<br \/>\n2. Comme toutes les pi\u00e8ces que nous avons v\u00e9rifi\u00e9es avant l&#039;exp\u00e9dition, donc si vous trouvez des pi\u00e8ces manquantes ou endommag\u00e9es, ne vous inqui\u00e9tez pas et veuillez nous contacter et nous pouvons vous les renvoyer imm\u00e9diatement gratuitement.<\/p>\n<figure id=\"attachment_29974\" aria-describedby=\"caption-attachment-29974\" style=\"width: 800px\" class=\"wp-caption aligncenter\"><img fetchpriority=\"high\" decoding=\"async\" class=\"wp-image-29974 size-full\" src=\"https:\/\/mouldking.store\/wp-content\/uploads\/2022\/02\/Qman-1417-Engineering-Mecha-6-in-1-with-479-pieces-1.jpg\" alt=\"Qman 1417 Engineering Mecha 6 in 1 with 479 pieces\" width=\"800\" height=\"800\" title=\"-\" srcset=\"https:\/\/mouldking.store\/wp-content\/uploads\/2022\/02\/Qman-1417-Engineering-Mecha-6-in-1-with-479-pieces-1.jpg 800w, https:\/\/mouldking.store\/wp-content\/uploads\/2022\/02\/Qman-1417-Engineering-Mecha-6-in-1-with-479-pieces-1-300x300.jpg 300w, https:\/\/mouldking.store\/wp-content\/uploads\/2022\/02\/Qman-1417-Engineering-Mecha-6-in-1-with-479-pieces-1-768x768.jpg 768w, https:\/\/mouldking.store\/wp-content\/uploads\/2022\/02\/Qman-1417-Engineering-Mecha-6-in-1-with-479-pieces-1-600x600.jpg 600w, https:\/\/mouldking.store\/wp-content\/uploads\/2022\/02\/Qman-1417-Engineering-Mecha-6-in-1-with-479-pieces-1-150x150.jpg 150w\" sizes=\"(max-width: 800px) 100vw, 800px\" \/><figcaption id=\"caption-attachment-29974\" class=\"wp-caption-text\">Qman 1417 Engineering Mecha 6 en 1 avec 479 pi\u00e8ces<\/figcaption><\/figure>\n<figure id=\"attachment_29979\" aria-describedby=\"caption-attachment-29979\" style=\"width: 790px\" class=\"wp-caption aligncenter\"><img decoding=\"async\" class=\"wp-image-29979 size-full\" src=\"https:\/\/mouldking.store\/wp-content\/uploads\/2022\/02\/Qman-1417-Engineering-Mecha-6-in-1-with-479-pieces-6.jpg\" alt=\"Qman 1417 Engineering Mecha 6 in 1 with 479 pieces\" width=\"790\" height=\"1004\" title=\"-\" srcset=\"https:\/\/mouldking.store\/wp-content\/uploads\/2022\/02\/Qman-1417-Engineering-Mecha-6-in-1-with-479-pieces-6.jpg 790w, https:\/\/mouldking.store\/wp-content\/uploads\/2022\/02\/Qman-1417-Engineering-Mecha-6-in-1-with-479-pieces-6-236x300.jpg 236w, https:\/\/mouldking.store\/wp-content\/uploads\/2022\/02\/Qman-1417-Engineering-Mecha-6-in-1-with-479-pieces-6-768x976.jpg 768w, https:\/\/mouldking.store\/wp-content\/uploads\/2022\/02\/Qman-1417-Engineering-Mecha-6-in-1-with-479-pieces-6-300x381.jpg 300w, https:\/\/mouldking.store\/wp-content\/uploads\/2022\/02\/Qman-1417-Engineering-Mecha-6-in-1-with-479-pieces-6-600x763.jpg 600w, https:\/\/mouldking.store\/wp-content\/uploads\/2022\/02\/Qman-1417-Engineering-Mecha-6-in-1-with-479-pieces-6-118x150.jpg 118w\" sizes=\"(max-width: 790px) 100vw, 790px\" \/><figcaption id=\"caption-attachment-29979\" class=\"wp-caption-text\">Qman 1417 Engineering Mecha 6 en 1 avec 479 pi\u00e8ces<\/figcaption><\/figure>\n<figure id=\"attachment_29976\" aria-describedby=\"caption-attachment-29976\" style=\"width: 790px\" class=\"wp-caption aligncenter\"><img decoding=\"async\" class=\"wp-image-29976 size-full\" src=\"https:\/\/mouldking.store\/wp-content\/uploads\/2022\/02\/Qman-1417-Engineering-Mecha-6-in-1-with-479-pieces-3.jpg\" alt=\"Qman 1417 Engineering Mecha 6 in 1 with 479 pieces\" width=\"790\" height=\"826\" title=\"-\" srcset=\"https:\/\/mouldking.store\/wp-content\/uploads\/2022\/02\/Qman-1417-Engineering-Mecha-6-in-1-with-479-pieces-3.jpg 790w, https:\/\/mouldking.store\/wp-content\/uploads\/2022\/02\/Qman-1417-Engineering-Mecha-6-in-1-with-479-pieces-3-287x300.jpg 287w, https:\/\/mouldking.store\/wp-content\/uploads\/2022\/02\/Qman-1417-Engineering-Mecha-6-in-1-with-479-pieces-3-768x803.jpg 768w, https:\/\/mouldking.store\/wp-content\/uploads\/2022\/02\/Qman-1417-Engineering-Mecha-6-in-1-with-479-pieces-3-300x314.jpg 300w, https:\/\/mouldking.store\/wp-content\/uploads\/2022\/02\/Qman-1417-Engineering-Mecha-6-in-1-with-479-pieces-3-600x627.jpg 600w, https:\/\/mouldking.store\/wp-content\/uploads\/2022\/02\/Qman-1417-Engineering-Mecha-6-in-1-with-479-pieces-3-143x150.jpg 143w\" sizes=\"(max-width: 790px) 100vw, 790px\" \/><figcaption id=\"caption-attachment-29976\" class=\"wp-caption-text\">Qman 1417 Engineering Mecha 6 en 1 avec 479 pi\u00e8ces<\/figcaption><\/figure>\n<figure id=\"attachment_29978\" aria-describedby=\"caption-attachment-29978\" style=\"width: 800px\" class=\"wp-caption aligncenter\"><img loading=\"lazy\" decoding=\"async\" class=\"wp-image-29978 size-full\" src=\"https:\/\/mouldking.store\/wp-content\/uploads\/2022\/02\/Qman-1417-Engineering-Mecha-6-in-1-with-479-pieces-5.jpg\" alt=\"Qman 1417 Engineering Mecha 6 in 1 with 479 pieces\" width=\"800\" height=\"800\" title=\"-\" srcset=\"https:\/\/mouldking.store\/wp-content\/uploads\/2022\/02\/Qman-1417-Engineering-Mecha-6-in-1-with-479-pieces-5.jpg 800w, https:\/\/mouldking.store\/wp-content\/uploads\/2022\/02\/Qman-1417-Engineering-Mecha-6-in-1-with-479-pieces-5-300x300.jpg 300w, https:\/\/mouldking.store\/wp-content\/uploads\/2022\/02\/Qman-1417-Engineering-Mecha-6-in-1-with-479-pieces-5-768x768.jpg 768w, https:\/\/mouldking.store\/wp-content\/uploads\/2022\/02\/Qman-1417-Engineering-Mecha-6-in-1-with-479-pieces-5-600x600.jpg 600w, https:\/\/mouldking.store\/wp-content\/uploads\/2022\/02\/Qman-1417-Engineering-Mecha-6-in-1-with-479-pieces-5-150x150.jpg 150w\" sizes=\"(max-width: 800px) 100vw, 800px\" \/><figcaption id=\"caption-attachment-29978\" class=\"wp-caption-text\">Qman 1417 Engineering Mecha 6 en 1 avec 479 pi\u00e8ces<\/figcaption><\/figure>\n<figure id=\"attachment_29975\" aria-describedby=\"caption-attachment-29975\" style=\"width: 515px\" class=\"wp-caption aligncenter\"><img loading=\"lazy\" decoding=\"async\" class=\"wp-image-29975 size-full\" src=\"https:\/\/mouldking.store\/wp-content\/uploads\/2022\/02\/Qman-1417-Engineering-Mecha-6-in-1-with-479-pieces-2.jpg\" alt=\"Qman 1417 Engineering Mecha 6 in 1 with 479 pieces\" width=\"515\" height=\"1024\" title=\"-\" srcset=\"https:\/\/mouldking.store\/wp-content\/uploads\/2022\/02\/Qman-1417-Engineering-Mecha-6-in-1-with-479-pieces-2.jpg 515w, https:\/\/mouldking.store\/wp-content\/uploads\/2022\/02\/Qman-1417-Engineering-Mecha-6-in-1-with-479-pieces-2-151x300.jpg 151w, https:\/\/mouldking.store\/wp-content\/uploads\/2022\/02\/Qman-1417-Engineering-Mecha-6-in-1-with-479-pieces-2-300x597.jpg 300w, https:\/\/mouldking.store\/wp-content\/uploads\/2022\/02\/Qman-1417-Engineering-Mecha-6-in-1-with-479-pieces-2-75x150.jpg 75w\" sizes=\"(max-width: 515px) 100vw, 515px\" \/><figcaption id=\"caption-attachment-29975\" class=\"wp-caption-text\">Qman 1417 Engineering Mecha 6 en 1 avec 479 pi\u00e8ces<\/figcaption><\/figure>","protected":false},"excerpt":{"rendered":"<p>Product information: Brand: Qman Gender: Unisex Name: Engineering Mecha 6 in 1 Age Range: &gt; 6 years old Model Number: 1417 Classification: Assemblage Plastic Block Shape: Self-Locking Bricks Material: Plastic Plastic Type: ABS Bricks Blocks: 479 PCS Contains detailed assembly instructions. Notice: 1. Without an original box, but we guarantee our products have quality assurance [&hellip;]<\/p>","protected":false},"featured_media":29974,"comment_status":"closed","ping_status":"closed","template":"","meta":{"_acf_changed":false},"product_cat":[364],"product_tag":[4814,4762,4815,4812,4125,4811,4813,4810,4809],"class_list":["product","first","instock","shipping-taxable","purchasable","product-type-simple"],"acf":[],"_links":{"self":[{"href":"https:\/\/mouldking.store\/fr\/wp-json\/wp\/v2\/product\/29973","targetHints":{"allow":["GET"]}}],"collection":[{"href":"https:\/\/mouldking.store\/fr\/wp-json\/wp\/v2\/product"}],"about":[{"href":"https:\/\/mouldking.store\/fr\/wp-json\/wp\/v2\/types\/product"}],"replies":[{"embeddable":true,"href":"https:\/\/mouldking.store\/fr\/wp-json\/wp\/v2\/comments?post=29973"}],"wp:featuredmedia":[{"embeddable":true,"href":"https:\/\/mouldking.store\/fr\/wp-json\/wp\/v2\/media\/29974"}],"wp:attachment":[{"href":"https:\/\/mouldking.store\/fr\/wp-json\/wp\/v2\/media?parent=29973"}],"wp:term":[{"taxonomy":"product_cat","embeddable":true,"href":"https:\/\/mouldking.store\/fr\/wp-json\/wp\/v2\/product_cat?post=29973"},{"taxonomy":"product_tag","embeddable":true,"href":"https:\/\/mouldking.store\/fr\/wp-json\/wp\/v2\/product_tag?post=29973"}],"curies":[{"name":"wp","href":"https:\/\/api.w.org\/{rel}","templated":true}]}}