{"id":30031,"date":"2022-02-23T19:11:14","date_gmt":"2022-02-23T12:11:14","guid":{"rendered":"https:\/\/mouldking.store\/?post_type=product&#038;p=30031"},"modified":"2022-02-23T19:11:15","modified_gmt":"2022-02-23T12:11:15","slug":"qman-5211-mashas-house-with-96-pieces","status":"publish","type":"product","link":"https:\/\/mouldking.store\/fr\/shop\/qman-5211-mashas-house-with-96-pieces\/","title":{"rendered":"Qman 5211 Masha&#039;s House avec 96 pi\u00e8ces"},"content":{"rendered":"<p>Information produit:<\/p>\n<ol>\n<li>Marque : Qman<\/li>\n<li>Genre: Unisexe<\/li>\n<li>Nom : La maison de Masha<\/li>\n<li>Tranche d&#039;\u00e2ge : &gt; 6 ans<\/li>\n<li>Num\u00e9ro de mod\u00e8le: 5211<\/li>\n<li>Classement : Assemblage<\/li>\n<li>Forme de bloc en plastique\u00a0: briques autobloquantes<\/li>\n<li>Mat\u00e9riel: Plastique<\/li>\n<li>Type de plastique : ABS<\/li>\n<li>Blocs de briques : 96 PCS<\/li>\n<li>Contient des instructions de montage d\u00e9taill\u00e9es.<\/li>\n<\/ol>\n<p>Avis:<br \/>\n1. Sans bo\u00eete d&#039;origine, mais nous garantissons que nos produits ont une assurance qualit\u00e9 et un bel emballage.<br \/>\n2. Comme toutes les pi\u00e8ces que nous avons v\u00e9rifi\u00e9es avant l&#039;exp\u00e9dition, donc si vous trouvez des pi\u00e8ces manquantes ou endommag\u00e9es, ne vous inqui\u00e9tez pas et veuillez nous contacter et nous pouvons vous les renvoyer imm\u00e9diatement gratuitement.<\/p>\n<figure id=\"attachment_30037\" aria-describedby=\"caption-attachment-30037\" style=\"width: 750px\" class=\"wp-caption aligncenter\"><img fetchpriority=\"high\" decoding=\"async\" class=\"wp-image-30037 size-full\" src=\"https:\/\/mouldking.store\/wp-content\/uploads\/2022\/02\/Qman-5211-Mashas-House-with-96-pieces-6.jpg\" alt=\"Qman 5211 Masha&#039;s House with 96 pieces\" width=\"750\" height=\"558\" title=\"-\" srcset=\"https:\/\/mouldking.store\/wp-content\/uploads\/2022\/02\/Qman-5211-Mashas-House-with-96-pieces-6.jpg 750w, https:\/\/mouldking.store\/wp-content\/uploads\/2022\/02\/Qman-5211-Mashas-House-with-96-pieces-6-300x223.jpg 300w, https:\/\/mouldking.store\/wp-content\/uploads\/2022\/02\/Qman-5211-Mashas-House-with-96-pieces-6-600x446.jpg 600w, https:\/\/mouldking.store\/wp-content\/uploads\/2022\/02\/Qman-5211-Mashas-House-with-96-pieces-6-150x112.jpg 150w\" sizes=\"(max-width: 750px) 100vw, 750px\" \/><figcaption id=\"caption-attachment-30037\" class=\"wp-caption-text\">Qman 5211 Masha&#039;s House avec 96 pi\u00e8ces<\/figcaption><\/figure>\n<figure id=\"attachment_30038\" aria-describedby=\"caption-attachment-30038\" style=\"width: 750px\" class=\"wp-caption aligncenter\"><img decoding=\"async\" class=\"wp-image-30038 size-full\" src=\"https:\/\/mouldking.store\/wp-content\/uploads\/2022\/02\/Qman-5211-Mashas-House-with-96-pieces-7.jpg\" alt=\"Qman 5211 Masha&#039;s House with 96 pieces\" width=\"750\" height=\"643\" title=\"-\" srcset=\"https:\/\/mouldking.store\/wp-content\/uploads\/2022\/02\/Qman-5211-Mashas-House-with-96-pieces-7.jpg 750w, https:\/\/mouldking.store\/wp-content\/uploads\/2022\/02\/Qman-5211-Mashas-House-with-96-pieces-7-300x257.jpg 300w, https:\/\/mouldking.store\/wp-content\/uploads\/2022\/02\/Qman-5211-Mashas-House-with-96-pieces-7-600x514.jpg 600w, https:\/\/mouldking.store\/wp-content\/uploads\/2022\/02\/Qman-5211-Mashas-House-with-96-pieces-7-150x129.jpg 150w\" sizes=\"(max-width: 750px) 100vw, 750px\" \/><figcaption id=\"caption-attachment-30038\" class=\"wp-caption-text\">Qman 5211 Masha&#039;s House avec 96 pi\u00e8ces<\/figcaption><\/figure>\n<figure id=\"attachment_30039\" aria-describedby=\"caption-attachment-30039\" style=\"width: 750px\" class=\"wp-caption aligncenter\"><img decoding=\"async\" class=\"wp-image-30039 size-full\" src=\"https:\/\/mouldking.store\/wp-content\/uploads\/2022\/02\/Qman-5211-Mashas-House-with-96-pieces-8.jpg\" alt=\"Qman 5211 Masha&#039;s House with 96 pieces\" width=\"750\" height=\"989\" title=\"-\" srcset=\"https:\/\/mouldking.store\/wp-content\/uploads\/2022\/02\/Qman-5211-Mashas-House-with-96-pieces-8.jpg 750w, https:\/\/mouldking.store\/wp-content\/uploads\/2022\/02\/Qman-5211-Mashas-House-with-96-pieces-8-228x300.jpg 228w, https:\/\/mouldking.store\/wp-content\/uploads\/2022\/02\/Qman-5211-Mashas-House-with-96-pieces-8-300x396.jpg 300w, https:\/\/mouldking.store\/wp-content\/uploads\/2022\/02\/Qman-5211-Mashas-House-with-96-pieces-8-600x791.jpg 600w, https:\/\/mouldking.store\/wp-content\/uploads\/2022\/02\/Qman-5211-Mashas-House-with-96-pieces-8-114x150.jpg 114w\" sizes=\"(max-width: 750px) 100vw, 750px\" \/><figcaption id=\"caption-attachment-30039\" class=\"wp-caption-text\">Qman 5211 Masha&#039;s House avec 96 pi\u00e8ces<\/figcaption><\/figure>\n<figure id=\"attachment_30032\" aria-describedby=\"caption-attachment-30032\" style=\"width: 800px\" class=\"wp-caption aligncenter\"><img loading=\"lazy\" decoding=\"async\" class=\"wp-image-30032 size-full\" src=\"https:\/\/mouldking.store\/wp-content\/uploads\/2022\/02\/Qman-5211-Mashas-House-with-96-pieces-1.jpg\" alt=\"Qman 5211 Masha&#039;s House with 96 pieces\" width=\"800\" height=\"800\" title=\"-\" srcset=\"https:\/\/mouldking.store\/wp-content\/uploads\/2022\/02\/Qman-5211-Mashas-House-with-96-pieces-1.jpg 800w, https:\/\/mouldking.store\/wp-content\/uploads\/2022\/02\/Qman-5211-Mashas-House-with-96-pieces-1-300x300.jpg 300w, https:\/\/mouldking.store\/wp-content\/uploads\/2022\/02\/Qman-5211-Mashas-House-with-96-pieces-1-768x768.jpg 768w, https:\/\/mouldking.store\/wp-content\/uploads\/2022\/02\/Qman-5211-Mashas-House-with-96-pieces-1-600x600.jpg 600w, https:\/\/mouldking.store\/wp-content\/uploads\/2022\/02\/Qman-5211-Mashas-House-with-96-pieces-1-150x150.jpg 150w\" sizes=\"(max-width: 800px) 100vw, 800px\" \/><figcaption id=\"caption-attachment-30032\" class=\"wp-caption-text\">Qman 5211 Masha&#039;s House avec 96 pi\u00e8ces<\/figcaption><\/figure>\n<figure id=\"attachment_30033\" aria-describedby=\"caption-attachment-30033\" style=\"width: 1024px\" class=\"wp-caption aligncenter\"><img loading=\"lazy\" decoding=\"async\" class=\"wp-image-30033 size-full\" src=\"https:\/\/mouldking.store\/wp-content\/uploads\/2022\/02\/Qman-5211-Mashas-House-with-96-pieces-2.jpg\" alt=\"Qman 5211 Masha&#039;s House with 96 pieces\" width=\"1024\" height=\"636\" title=\"-\" srcset=\"https:\/\/mouldking.store\/wp-content\/uploads\/2022\/02\/Qman-5211-Mashas-House-with-96-pieces-2.jpg 1024w, https:\/\/mouldking.store\/wp-content\/uploads\/2022\/02\/Qman-5211-Mashas-House-with-96-pieces-2-300x186.jpg 300w, https:\/\/mouldking.store\/wp-content\/uploads\/2022\/02\/Qman-5211-Mashas-House-with-96-pieces-2-768x477.jpg 768w, https:\/\/mouldking.store\/wp-content\/uploads\/2022\/02\/Qman-5211-Mashas-House-with-96-pieces-2-600x373.jpg 600w, https:\/\/mouldking.store\/wp-content\/uploads\/2022\/02\/Qman-5211-Mashas-House-with-96-pieces-2-150x93.jpg 150w\" sizes=\"(max-width: 1024px) 100vw, 1024px\" \/><figcaption id=\"caption-attachment-30033\" class=\"wp-caption-text\">Qman 5211 Masha&#039;s House avec 96 pi\u00e8ces<\/figcaption><\/figure>\n<figure id=\"attachment_30040\" aria-describedby=\"caption-attachment-30040\" style=\"width: 800px\" class=\"wp-caption aligncenter\"><img loading=\"lazy\" decoding=\"async\" class=\"wp-image-30040 size-full\" src=\"https:\/\/mouldking.store\/wp-content\/uploads\/2022\/02\/Qman-5211-Mashas-House-with-96-pieces-9.jpg\" alt=\"Qman 5211 Masha&#039;s House with 96 pieces\" width=\"800\" height=\"800\" title=\"-\" srcset=\"https:\/\/mouldking.store\/wp-content\/uploads\/2022\/02\/Qman-5211-Mashas-House-with-96-pieces-9.jpg 800w, https:\/\/mouldking.store\/wp-content\/uploads\/2022\/02\/Qman-5211-Mashas-House-with-96-pieces-9-300x300.jpg 300w, https:\/\/mouldking.store\/wp-content\/uploads\/2022\/02\/Qman-5211-Mashas-House-with-96-pieces-9-768x768.jpg 768w, https:\/\/mouldking.store\/wp-content\/uploads\/2022\/02\/Qman-5211-Mashas-House-with-96-pieces-9-600x600.jpg 600w, https:\/\/mouldking.store\/wp-content\/uploads\/2022\/02\/Qman-5211-Mashas-House-with-96-pieces-9-150x150.jpg 150w\" sizes=\"(max-width: 800px) 100vw, 800px\" \/><figcaption id=\"caption-attachment-30040\" class=\"wp-caption-text\">Qman 5211 Masha&#039;s House avec 96 pi\u00e8ces<\/figcaption><\/figure>\n<figure id=\"attachment_30034\" aria-describedby=\"caption-attachment-30034\" style=\"width: 800px\" class=\"wp-caption aligncenter\"><img loading=\"lazy\" decoding=\"async\" class=\"wp-image-30034 size-full\" src=\"https:\/\/mouldking.store\/wp-content\/uploads\/2022\/02\/Qman-5211-Mashas-House-with-96-pieces-3.jpg\" alt=\"Qman 5211 Masha&#039;s House with 96 pieces\" width=\"800\" height=\"800\" title=\"-\" srcset=\"https:\/\/mouldking.store\/wp-content\/uploads\/2022\/02\/Qman-5211-Mashas-House-with-96-pieces-3.jpg 800w, https:\/\/mouldking.store\/wp-content\/uploads\/2022\/02\/Qman-5211-Mashas-House-with-96-pieces-3-300x300.jpg 300w, https:\/\/mouldking.store\/wp-content\/uploads\/2022\/02\/Qman-5211-Mashas-House-with-96-pieces-3-768x768.jpg 768w, https:\/\/mouldking.store\/wp-content\/uploads\/2022\/02\/Qman-5211-Mashas-House-with-96-pieces-3-600x600.jpg 600w, https:\/\/mouldking.store\/wp-content\/uploads\/2022\/02\/Qman-5211-Mashas-House-with-96-pieces-3-150x150.jpg 150w\" sizes=\"(max-width: 800px) 100vw, 800px\" \/><figcaption id=\"caption-attachment-30034\" class=\"wp-caption-text\">Qman 5211 Masha&#039;s House avec 96 pi\u00e8ces<\/figcaption><\/figure>\n<figure id=\"attachment_30035\" aria-describedby=\"caption-attachment-30035\" style=\"width: 800px\" class=\"wp-caption aligncenter\"><img loading=\"lazy\" decoding=\"async\" class=\"wp-image-30035 size-full\" src=\"https:\/\/mouldking.store\/wp-content\/uploads\/2022\/02\/Qman-5211-Mashas-House-with-96-pieces-4.jpg\" alt=\"Qman 5211 Masha&#039;s House with 96 pieces\" width=\"800\" height=\"800\" title=\"-\" srcset=\"https:\/\/mouldking.store\/wp-content\/uploads\/2022\/02\/Qman-5211-Mashas-House-with-96-pieces-4.jpg 800w, https:\/\/mouldking.store\/wp-content\/uploads\/2022\/02\/Qman-5211-Mashas-House-with-96-pieces-4-300x300.jpg 300w, https:\/\/mouldking.store\/wp-content\/uploads\/2022\/02\/Qman-5211-Mashas-House-with-96-pieces-4-768x768.jpg 768w, https:\/\/mouldking.store\/wp-content\/uploads\/2022\/02\/Qman-5211-Mashas-House-with-96-pieces-4-600x600.jpg 600w, https:\/\/mouldking.store\/wp-content\/uploads\/2022\/02\/Qman-5211-Mashas-House-with-96-pieces-4-150x150.jpg 150w\" sizes=\"(max-width: 800px) 100vw, 800px\" \/><figcaption id=\"caption-attachment-30035\" class=\"wp-caption-text\">Qman 5211 Masha&#039;s House avec 96 pi\u00e8ces<\/figcaption><\/figure>\n<figure id=\"attachment_30036\" aria-describedby=\"caption-attachment-30036\" style=\"width: 750px\" class=\"wp-caption aligncenter\"><img loading=\"lazy\" decoding=\"async\" class=\"wp-image-30036 size-full\" src=\"https:\/\/mouldking.store\/wp-content\/uploads\/2022\/02\/Qman-5211-Mashas-House-with-96-pieces-5.jpg\" alt=\"Qman 5211 Masha&#039;s House with 96 pieces\" width=\"750\" height=\"769\" title=\"-\" srcset=\"https:\/\/mouldking.store\/wp-content\/uploads\/2022\/02\/Qman-5211-Mashas-House-with-96-pieces-5.jpg 750w, https:\/\/mouldking.store\/wp-content\/uploads\/2022\/02\/Qman-5211-Mashas-House-with-96-pieces-5-293x300.jpg 293w, https:\/\/mouldking.store\/wp-content\/uploads\/2022\/02\/Qman-5211-Mashas-House-with-96-pieces-5-300x308.jpg 300w, https:\/\/mouldking.store\/wp-content\/uploads\/2022\/02\/Qman-5211-Mashas-House-with-96-pieces-5-600x615.jpg 600w, https:\/\/mouldking.store\/wp-content\/uploads\/2022\/02\/Qman-5211-Mashas-House-with-96-pieces-5-146x150.jpg 146w\" sizes=\"(max-width: 750px) 100vw, 750px\" \/><figcaption id=\"caption-attachment-30036\" class=\"wp-caption-text\">Qman 5211 Masha&#039;s House avec 96 pi\u00e8ces<\/figcaption><\/figure>","protected":false},"excerpt":{"rendered":"<p>Product information: Brand: Qman Gender: Unisex Name: Masha&#8217;s House Age Range: &gt; 6 years old Model Number: 5211 Classification: Assemblage Plastic Block Shape: Self-Locking Bricks Material: Plastic Plastic Type: ABS Bricks Blocks: 96 PCS Contains detailed assembly instructions. Notice: 1. Without an original box, but we guarantee our products have quality assurance and nice packaging. [&hellip;]<\/p>","protected":false},"featured_media":30032,"comment_status":"closed","ping_status":"closed","template":"","meta":{"_acf_changed":false},"product_cat":[581],"product_tag":[4846,2318,4825,4845,4125,4844,4843,4842],"class_list":["product","first","instock","shipping-taxable","purchasable","product-type-simple"],"acf":[],"_links":{"self":[{"href":"https:\/\/mouldking.store\/fr\/wp-json\/wp\/v2\/product\/30031","targetHints":{"allow":["GET"]}}],"collection":[{"href":"https:\/\/mouldking.store\/fr\/wp-json\/wp\/v2\/product"}],"about":[{"href":"https:\/\/mouldking.store\/fr\/wp-json\/wp\/v2\/types\/product"}],"replies":[{"embeddable":true,"href":"https:\/\/mouldking.store\/fr\/wp-json\/wp\/v2\/comments?post=30031"}],"wp:featuredmedia":[{"embeddable":true,"href":"https:\/\/mouldking.store\/fr\/wp-json\/wp\/v2\/media\/30032"}],"wp:attachment":[{"href":"https:\/\/mouldking.store\/fr\/wp-json\/wp\/v2\/media?parent=30031"}],"wp:term":[{"taxonomy":"product_cat","embeddable":true,"href":"https:\/\/mouldking.store\/fr\/wp-json\/wp\/v2\/product_cat?post=30031"},{"taxonomy":"product_tag","embeddable":true,"href":"https:\/\/mouldking.store\/fr\/wp-json\/wp\/v2\/product_tag?post=30031"}],"curies":[{"name":"wp","href":"https:\/\/api.w.org\/{rel}","templated":true}]}}