{"id":30238,"date":"2022-03-01T16:12:53","date_gmt":"2022-03-01T09:12:53","guid":{"rendered":"https:\/\/mouldking.store\/?post_type=product&#038;p=30238"},"modified":"2022-03-01T16:12:53","modified_gmt":"2022-03-01T09:12:53","slug":"tgl-t5012-gumpert-apollo-ie-with-3668-pieces","status":"publish","type":"product","link":"https:\/\/mouldking.store\/fr\/shop\/tgl-t5012-gumpert-apollo-ie-with-3668-pieces\/","title":{"rendered":"TGL T5012 Gumpert Apollo IE avec 3668 pi\u00e8ces"},"content":{"rendered":"<p>Information produit:<\/p>\n<ol>\n<li>Marque : TGL<\/li>\n<li>Genre: Unisexe<\/li>\n<li>Name: Gumpert Apollo IE<\/li>\n<li>Tranche d&#039;\u00e2ge : &gt; 6 ans<\/li>\n<li>Model Number: T5012<\/li>\n<li>Classement : Assemblage<\/li>\n<li>Forme de bloc en plastique\u00a0: briques autobloquantes<\/li>\n<li>Mat\u00e9riel: Plastique<\/li>\n<li>Type de plastique : ABS<\/li>\n<li>Bricks Blocks: 3668 PCS<\/li>\n<li>Contient des instructions de montage d\u00e9taill\u00e9es.<\/li>\n<\/ol>\n<p>Avis:<br \/>\n1. Sans bo\u00eete d&#039;origine, mais nous garantissons que nos produits ont une assurance qualit\u00e9 et un bel emballage.<br \/>\n2. Comme toutes les pi\u00e8ces que nous avons v\u00e9rifi\u00e9es avant l&#039;exp\u00e9dition, donc si vous trouvez des pi\u00e8ces manquantes ou endommag\u00e9es, ne vous inqui\u00e9tez pas et veuillez nous contacter et nous pouvons vous les renvoyer imm\u00e9diatement gratuitement.<\/p>\n<figure id=\"attachment_30247\" aria-describedby=\"caption-attachment-30247\" style=\"width: 1000px\" class=\"wp-caption aligncenter\"><img fetchpriority=\"high\" decoding=\"async\" class=\"wp-image-30247 size-full\" src=\"https:\/\/mouldking.store\/wp-content\/uploads\/2022\/03\/TGL-T5012-Gumpert-Apollo-IE-1.jpg\" alt=\"TGL T5012 Gumpert Apollo IE\" width=\"1000\" height=\"1000\" title=\"-\" srcset=\"https:\/\/mouldking.store\/wp-content\/uploads\/2022\/03\/TGL-T5012-Gumpert-Apollo-IE-1.jpg 1000w, https:\/\/mouldking.store\/wp-content\/uploads\/2022\/03\/TGL-T5012-Gumpert-Apollo-IE-1-300x300.jpg 300w, https:\/\/mouldking.store\/wp-content\/uploads\/2022\/03\/TGL-T5012-Gumpert-Apollo-IE-1-768x768.jpg 768w, https:\/\/mouldking.store\/wp-content\/uploads\/2022\/03\/TGL-T5012-Gumpert-Apollo-IE-1-600x600.jpg 600w, https:\/\/mouldking.store\/wp-content\/uploads\/2022\/03\/TGL-T5012-Gumpert-Apollo-IE-1-150x150.jpg 150w\" sizes=\"(max-width: 1000px) 100vw, 1000px\" \/><figcaption id=\"caption-attachment-30247\" class=\"wp-caption-text\">TGL T5012 Gumpert Apollo IE avec 3668 pi\u00e8ces<\/figcaption><\/figure>\n<figure id=\"attachment_30248\" aria-describedby=\"caption-attachment-30248\" style=\"width: 1000px\" class=\"wp-caption aligncenter\"><img decoding=\"async\" class=\"wp-image-30248 size-full\" src=\"https:\/\/mouldking.store\/wp-content\/uploads\/2022\/03\/TGL-T5012-Gumpert-Apollo-IE-2.jpg\" alt=\"TGL T5012 Gumpert Apollo IE\" width=\"1000\" height=\"1000\" title=\"-\" srcset=\"https:\/\/mouldking.store\/wp-content\/uploads\/2022\/03\/TGL-T5012-Gumpert-Apollo-IE-2.jpg 1000w, https:\/\/mouldking.store\/wp-content\/uploads\/2022\/03\/TGL-T5012-Gumpert-Apollo-IE-2-300x300.jpg 300w, https:\/\/mouldking.store\/wp-content\/uploads\/2022\/03\/TGL-T5012-Gumpert-Apollo-IE-2-768x768.jpg 768w, https:\/\/mouldking.store\/wp-content\/uploads\/2022\/03\/TGL-T5012-Gumpert-Apollo-IE-2-600x600.jpg 600w, https:\/\/mouldking.store\/wp-content\/uploads\/2022\/03\/TGL-T5012-Gumpert-Apollo-IE-2-150x150.jpg 150w\" sizes=\"(max-width: 1000px) 100vw, 1000px\" \/><figcaption id=\"caption-attachment-30248\" class=\"wp-caption-text\">TGL T5012 Gumpert Apollo IE avec 3668 pi\u00e8ces<\/figcaption><\/figure>\n<figure id=\"attachment_30246\" aria-describedby=\"caption-attachment-30246\" style=\"width: 800px\" class=\"wp-caption aligncenter\"><img decoding=\"async\" class=\"wp-image-30246 size-full\" src=\"https:\/\/mouldking.store\/wp-content\/uploads\/2022\/03\/TGL-T5012-Gumpert-Apollo-IE-8.jpg\" alt=\"TGL T5012 Gumpert Apollo IE\" width=\"800\" height=\"800\" title=\"-\" srcset=\"https:\/\/mouldking.store\/wp-content\/uploads\/2022\/03\/TGL-T5012-Gumpert-Apollo-IE-8.jpg 800w, https:\/\/mouldking.store\/wp-content\/uploads\/2022\/03\/TGL-T5012-Gumpert-Apollo-IE-8-300x300.jpg 300w, https:\/\/mouldking.store\/wp-content\/uploads\/2022\/03\/TGL-T5012-Gumpert-Apollo-IE-8-768x768.jpg 768w, https:\/\/mouldking.store\/wp-content\/uploads\/2022\/03\/TGL-T5012-Gumpert-Apollo-IE-8-600x600.jpg 600w, https:\/\/mouldking.store\/wp-content\/uploads\/2022\/03\/TGL-T5012-Gumpert-Apollo-IE-8-150x150.jpg 150w\" sizes=\"(max-width: 800px) 100vw, 800px\" \/><figcaption id=\"caption-attachment-30246\" class=\"wp-caption-text\">TGL T5012 Gumpert Apollo IE avec 3668 pi\u00e8ces<\/figcaption><\/figure>\n<figure id=\"attachment_30245\" aria-describedby=\"caption-attachment-30245\" style=\"width: 559px\" class=\"wp-caption aligncenter\"><img loading=\"lazy\" decoding=\"async\" class=\"wp-image-30245 size-full\" src=\"https:\/\/mouldking.store\/wp-content\/uploads\/2022\/03\/TGL-T5012-Gumpert-Apollo-IE-7.jpg\" alt=\"TGL T5012 Gumpert Apollo IE\" width=\"559\" height=\"1024\" title=\"-\" srcset=\"https:\/\/mouldking.store\/wp-content\/uploads\/2022\/03\/TGL-T5012-Gumpert-Apollo-IE-7.jpg 559w, https:\/\/mouldking.store\/wp-content\/uploads\/2022\/03\/TGL-T5012-Gumpert-Apollo-IE-7-164x300.jpg 164w, https:\/\/mouldking.store\/wp-content\/uploads\/2022\/03\/TGL-T5012-Gumpert-Apollo-IE-7-300x550.jpg 300w, https:\/\/mouldking.store\/wp-content\/uploads\/2022\/03\/TGL-T5012-Gumpert-Apollo-IE-7-82x150.jpg 82w\" sizes=\"(max-width: 559px) 100vw, 559px\" \/><figcaption id=\"caption-attachment-30245\" class=\"wp-caption-text\">TGL T5012 Gumpert Apollo IE avec 3668 pi\u00e8ces<\/figcaption><\/figure>\n<figure id=\"attachment_30241\" aria-describedby=\"caption-attachment-30241\" style=\"width: 717px\" class=\"wp-caption aligncenter\"><img loading=\"lazy\" decoding=\"async\" class=\"wp-image-30241 size-full\" src=\"https:\/\/mouldking.store\/wp-content\/uploads\/2022\/03\/TGL-T5012-Gumpert-Apollo-IE-3.jpg\" alt=\"TGL T5012 Gumpert Apollo IE\" width=\"717\" height=\"1024\" title=\"-\" srcset=\"https:\/\/mouldking.store\/wp-content\/uploads\/2022\/03\/TGL-T5012-Gumpert-Apollo-IE-3.jpg 717w, https:\/\/mouldking.store\/wp-content\/uploads\/2022\/03\/TGL-T5012-Gumpert-Apollo-IE-3-210x300.jpg 210w, https:\/\/mouldking.store\/wp-content\/uploads\/2022\/03\/TGL-T5012-Gumpert-Apollo-IE-3-300x428.jpg 300w, https:\/\/mouldking.store\/wp-content\/uploads\/2022\/03\/TGL-T5012-Gumpert-Apollo-IE-3-600x857.jpg 600w, https:\/\/mouldking.store\/wp-content\/uploads\/2022\/03\/TGL-T5012-Gumpert-Apollo-IE-3-105x150.jpg 105w\" sizes=\"(max-width: 717px) 100vw, 717px\" \/><figcaption id=\"caption-attachment-30241\" class=\"wp-caption-text\">TGL T5012 Gumpert Apollo IE avec 3668 pi\u00e8ces<\/figcaption><\/figure>\n<figure id=\"attachment_30242\" aria-describedby=\"caption-attachment-30242\" style=\"width: 790px\" class=\"wp-caption aligncenter\"><img loading=\"lazy\" decoding=\"async\" class=\"wp-image-30242 size-full\" src=\"https:\/\/mouldking.store\/wp-content\/uploads\/2022\/03\/TGL-T5012-Gumpert-Apollo-IE-4.jpg\" alt=\"TGL T5012 Gumpert Apollo IE\" width=\"790\" height=\"934\" title=\"-\" srcset=\"https:\/\/mouldking.store\/wp-content\/uploads\/2022\/03\/TGL-T5012-Gumpert-Apollo-IE-4.jpg 790w, https:\/\/mouldking.store\/wp-content\/uploads\/2022\/03\/TGL-T5012-Gumpert-Apollo-IE-4-254x300.jpg 254w, https:\/\/mouldking.store\/wp-content\/uploads\/2022\/03\/TGL-T5012-Gumpert-Apollo-IE-4-768x908.jpg 768w, https:\/\/mouldking.store\/wp-content\/uploads\/2022\/03\/TGL-T5012-Gumpert-Apollo-IE-4-300x355.jpg 300w, https:\/\/mouldking.store\/wp-content\/uploads\/2022\/03\/TGL-T5012-Gumpert-Apollo-IE-4-600x709.jpg 600w, https:\/\/mouldking.store\/wp-content\/uploads\/2022\/03\/TGL-T5012-Gumpert-Apollo-IE-4-127x150.jpg 127w\" sizes=\"(max-width: 790px) 100vw, 790px\" \/><figcaption id=\"caption-attachment-30242\" class=\"wp-caption-text\">TGL T5012 Gumpert Apollo IE avec 3668 pi\u00e8ces<\/figcaption><\/figure>\n<figure id=\"attachment_30243\" aria-describedby=\"caption-attachment-30243\" style=\"width: 619px\" class=\"wp-caption aligncenter\"><img loading=\"lazy\" decoding=\"async\" class=\"wp-image-30243 size-full\" src=\"https:\/\/mouldking.store\/wp-content\/uploads\/2022\/03\/TGL-T5012-Gumpert-Apollo-IE-5.jpg\" alt=\"TGL T5012 Gumpert Apollo IE\" width=\"619\" height=\"1024\" title=\"-\" srcset=\"https:\/\/mouldking.store\/wp-content\/uploads\/2022\/03\/TGL-T5012-Gumpert-Apollo-IE-5.jpg 619w, https:\/\/mouldking.store\/wp-content\/uploads\/2022\/03\/TGL-T5012-Gumpert-Apollo-IE-5-181x300.jpg 181w, https:\/\/mouldking.store\/wp-content\/uploads\/2022\/03\/TGL-T5012-Gumpert-Apollo-IE-5-300x496.jpg 300w, https:\/\/mouldking.store\/wp-content\/uploads\/2022\/03\/TGL-T5012-Gumpert-Apollo-IE-5-600x993.jpg 600w, https:\/\/mouldking.store\/wp-content\/uploads\/2022\/03\/TGL-T5012-Gumpert-Apollo-IE-5-91x150.jpg 91w\" sizes=\"(max-width: 619px) 100vw, 619px\" \/><figcaption id=\"caption-attachment-30243\" class=\"wp-caption-text\">TGL T5012 Gumpert Apollo IE avec 3668 pi\u00e8ces<\/figcaption><\/figure>\n<figure id=\"attachment_30244\" aria-describedby=\"caption-attachment-30244\" style=\"width: 507px\" class=\"wp-caption aligncenter\"><img loading=\"lazy\" decoding=\"async\" class=\"wp-image-30244 size-full\" src=\"https:\/\/mouldking.store\/wp-content\/uploads\/2022\/03\/TGL-T5012-Gumpert-Apollo-IE-6.jpg\" alt=\"TGL T5012 Gumpert Apollo IE\" width=\"507\" height=\"1024\" title=\"-\" srcset=\"https:\/\/mouldking.store\/wp-content\/uploads\/2022\/03\/TGL-T5012-Gumpert-Apollo-IE-6.jpg 507w, https:\/\/mouldking.store\/wp-content\/uploads\/2022\/03\/TGL-T5012-Gumpert-Apollo-IE-6-149x300.jpg 149w, https:\/\/mouldking.store\/wp-content\/uploads\/2022\/03\/TGL-T5012-Gumpert-Apollo-IE-6-300x606.jpg 300w, https:\/\/mouldking.store\/wp-content\/uploads\/2022\/03\/TGL-T5012-Gumpert-Apollo-IE-6-74x150.jpg 74w\" sizes=\"(max-width: 507px) 100vw, 507px\" \/><figcaption id=\"caption-attachment-30244\" class=\"wp-caption-text\">TGL T5012 Gumpert Apollo IE avec 3668 pi\u00e8ces<\/figcaption><\/figure>","protected":false},"excerpt":{"rendered":"<p>Product information: Brand: TGL Gender: Unisex Name: Gumpert Apollo IE Age Range: &gt; 6 years old Model Number: T5012 Classification: Assemblage Plastic Block Shape: Self-Locking Bricks Material: Plastic Plastic Type: ABS Bricks Blocks: 3668 PCS Contains detailed assembly instructions. Notice: 1. Without an original box, but we guarantee our products have quality assurance and nice [&hellip;]<\/p>","protected":false},"featured_media":30247,"comment_status":"closed","ping_status":"closed","template":"","meta":{"_acf_changed":false},"product_cat":[364],"product_tag":[4928,4927,4925,4923,4926,4924,2739,4922,4921,4929],"class_list":["product","first","instock","shipping-taxable","purchasable","product-type-variable"],"acf":[],"_links":{"self":[{"href":"https:\/\/mouldking.store\/fr\/wp-json\/wp\/v2\/product\/30238","targetHints":{"allow":["GET"]}}],"collection":[{"href":"https:\/\/mouldking.store\/fr\/wp-json\/wp\/v2\/product"}],"about":[{"href":"https:\/\/mouldking.store\/fr\/wp-json\/wp\/v2\/types\/product"}],"replies":[{"embeddable":true,"href":"https:\/\/mouldking.store\/fr\/wp-json\/wp\/v2\/comments?post=30238"}],"wp:featuredmedia":[{"embeddable":true,"href":"https:\/\/mouldking.store\/fr\/wp-json\/wp\/v2\/media\/30247"}],"wp:attachment":[{"href":"https:\/\/mouldking.store\/fr\/wp-json\/wp\/v2\/media?parent=30238"}],"wp:term":[{"taxonomy":"product_cat","embeddable":true,"href":"https:\/\/mouldking.store\/fr\/wp-json\/wp\/v2\/product_cat?post=30238"},{"taxonomy":"product_tag","embeddable":true,"href":"https:\/\/mouldking.store\/fr\/wp-json\/wp\/v2\/product_tag?post=30238"}],"curies":[{"name":"wp","href":"https:\/\/api.w.org\/{rel}","templated":true}]}}