{"id":30272,"date":"2021-12-01T16:28:25","date_gmt":"2021-12-01T09:28:25","guid":{"rendered":"https:\/\/mouldking.store\/?post_type=product&#038;p=30272"},"modified":"2022-03-01T16:31:58","modified_gmt":"2022-03-01T09:31:58","slug":"sembo-sd-601156-christmas-snowman-gift-house-with-573-pieces","status":"publish","type":"product","link":"https:\/\/mouldking.store\/fr\/shop\/sembo-sd-601156-christmas-snowman-gift-house-with-573-pieces\/","title":{"rendered":"Sembo SD 601156 Maison de No\u00ebl bonhomme de neige avec 573 pi\u00e8ces"},"content":{"rendered":"<p>Information produit:<\/p>\n<ol>\n<li>Marque : Sebo<\/li>\n<li>Genre: Unisexe<\/li>\n<li>Name: Christmas Snowman Gift House<\/li>\n<li>Tranche d&#039;\u00e2ge : &gt; 6 ans<\/li>\n<li>Model Number: SD 601156<\/li>\n<li>Classement : Assemblage<\/li>\n<li>Forme de bloc en plastique\u00a0: briques autobloquantes<\/li>\n<li>Mat\u00e9riel: Plastique<\/li>\n<li>Type de plastique : ABS<\/li>\n<li>Bricks Blocks: 573 PCS<\/li>\n<li>Contient des instructions de montage d\u00e9taill\u00e9es.<\/li>\n<\/ol>\n<p>Avis:<br \/>\n1. Sans bo\u00eete d&#039;origine, mais nous garantissons que nos produits ont une assurance qualit\u00e9 et un bel emballage.<br \/>\n2. Comme toutes les pi\u00e8ces que nous avons v\u00e9rifi\u00e9es avant l&#039;exp\u00e9dition, donc si vous trouvez des pi\u00e8ces manquantes ou endommag\u00e9es, ne vous inqui\u00e9tez pas et veuillez nous contacter et nous pouvons vous les renvoyer imm\u00e9diatement gratuitement.<\/p>\n<figure id=\"attachment_30273\" aria-describedby=\"caption-attachment-30273\" style=\"width: 800px\" class=\"wp-caption aligncenter\"><img fetchpriority=\"high\" decoding=\"async\" class=\"wp-image-30273 size-full\" src=\"https:\/\/mouldking.store\/wp-content\/uploads\/2022\/03\/Sembo-SD-601156-Christmas-Snowman-Gift-House-with-573-pieces-1.jpg\" alt=\"Sembo SD 601156 Christmas Snowman Gift House with 573 pieces\" width=\"800\" height=\"800\" title=\"-\" srcset=\"https:\/\/mouldking.store\/wp-content\/uploads\/2022\/03\/Sembo-SD-601156-Christmas-Snowman-Gift-House-with-573-pieces-1.jpg 800w, https:\/\/mouldking.store\/wp-content\/uploads\/2022\/03\/Sembo-SD-601156-Christmas-Snowman-Gift-House-with-573-pieces-1-300x300.jpg 300w, https:\/\/mouldking.store\/wp-content\/uploads\/2022\/03\/Sembo-SD-601156-Christmas-Snowman-Gift-House-with-573-pieces-1-768x768.jpg 768w, https:\/\/mouldking.store\/wp-content\/uploads\/2022\/03\/Sembo-SD-601156-Christmas-Snowman-Gift-House-with-573-pieces-1-600x600.jpg 600w, https:\/\/mouldking.store\/wp-content\/uploads\/2022\/03\/Sembo-SD-601156-Christmas-Snowman-Gift-House-with-573-pieces-1-150x150.jpg 150w\" sizes=\"(max-width: 800px) 100vw, 800px\" \/><figcaption id=\"caption-attachment-30273\" class=\"wp-caption-text\">Sembo SD 601156 Maison de No\u00ebl bonhomme de neige avec 573 pi\u00e8ces<\/figcaption><\/figure>\n<figure id=\"attachment_30276\" aria-describedby=\"caption-attachment-30276\" style=\"width: 632px\" class=\"wp-caption aligncenter\"><img decoding=\"async\" class=\"wp-image-30276 size-full\" src=\"https:\/\/mouldking.store\/wp-content\/uploads\/2022\/03\/Sembo-SD-601156-Christmas-Snowman-Gift-House-with-573-pieces-4.jpg\" alt=\"Sembo SD 601156 Christmas Snowman Gift House with 573 pieces\" width=\"632\" height=\"1024\" title=\"-\" srcset=\"https:\/\/mouldking.store\/wp-content\/uploads\/2022\/03\/Sembo-SD-601156-Christmas-Snowman-Gift-House-with-573-pieces-4.jpg 632w, https:\/\/mouldking.store\/wp-content\/uploads\/2022\/03\/Sembo-SD-601156-Christmas-Snowman-Gift-House-with-573-pieces-4-185x300.jpg 185w, https:\/\/mouldking.store\/wp-content\/uploads\/2022\/03\/Sembo-SD-601156-Christmas-Snowman-Gift-House-with-573-pieces-4-300x486.jpg 300w, https:\/\/mouldking.store\/wp-content\/uploads\/2022\/03\/Sembo-SD-601156-Christmas-Snowman-Gift-House-with-573-pieces-4-600x972.jpg 600w, https:\/\/mouldking.store\/wp-content\/uploads\/2022\/03\/Sembo-SD-601156-Christmas-Snowman-Gift-House-with-573-pieces-4-93x150.jpg 93w\" sizes=\"(max-width: 632px) 100vw, 632px\" \/><figcaption id=\"caption-attachment-30276\" class=\"wp-caption-text\">Sembo SD 601156 Maison de No\u00ebl bonhomme de neige avec 573 pi\u00e8ces<\/figcaption><\/figure>\n<figure id=\"attachment_30278\" aria-describedby=\"caption-attachment-30278\" style=\"width: 652px\" class=\"wp-caption aligncenter\"><img decoding=\"async\" class=\"wp-image-30278 size-full\" src=\"https:\/\/mouldking.store\/wp-content\/uploads\/2022\/03\/Sembo-SD-601156-Christmas-Snowman-Gift-House-with-573-pieces-6.jpg\" alt=\"Sembo SD 601156 Christmas Snowman Gift House with 573 pieces\" width=\"652\" height=\"1024\" title=\"-\" srcset=\"https:\/\/mouldking.store\/wp-content\/uploads\/2022\/03\/Sembo-SD-601156-Christmas-Snowman-Gift-House-with-573-pieces-6.jpg 652w, https:\/\/mouldking.store\/wp-content\/uploads\/2022\/03\/Sembo-SD-601156-Christmas-Snowman-Gift-House-with-573-pieces-6-191x300.jpg 191w, https:\/\/mouldking.store\/wp-content\/uploads\/2022\/03\/Sembo-SD-601156-Christmas-Snowman-Gift-House-with-573-pieces-6-300x471.jpg 300w, https:\/\/mouldking.store\/wp-content\/uploads\/2022\/03\/Sembo-SD-601156-Christmas-Snowman-Gift-House-with-573-pieces-6-600x942.jpg 600w, https:\/\/mouldking.store\/wp-content\/uploads\/2022\/03\/Sembo-SD-601156-Christmas-Snowman-Gift-House-with-573-pieces-6-96x150.jpg 96w\" sizes=\"(max-width: 652px) 100vw, 652px\" \/><figcaption id=\"caption-attachment-30278\" class=\"wp-caption-text\">Sembo SD 601156 Maison de No\u00ebl bonhomme de neige avec 573 pi\u00e8ces<\/figcaption><\/figure>\n<figure id=\"attachment_30275\" aria-describedby=\"caption-attachment-30275\" style=\"width: 554px\" class=\"wp-caption aligncenter\"><img loading=\"lazy\" decoding=\"async\" class=\"wp-image-30275 size-full\" src=\"https:\/\/mouldking.store\/wp-content\/uploads\/2022\/03\/Sembo-SD-601156-Christmas-Snowman-Gift-House-with-573-pieces-3.jpg\" alt=\"Sembo SD 601156 Christmas Snowman Gift House with 573 pieces\" width=\"554\" height=\"1024\" title=\"-\" srcset=\"https:\/\/mouldking.store\/wp-content\/uploads\/2022\/03\/Sembo-SD-601156-Christmas-Snowman-Gift-House-with-573-pieces-3.jpg 554w, https:\/\/mouldking.store\/wp-content\/uploads\/2022\/03\/Sembo-SD-601156-Christmas-Snowman-Gift-House-with-573-pieces-3-162x300.jpg 162w, https:\/\/mouldking.store\/wp-content\/uploads\/2022\/03\/Sembo-SD-601156-Christmas-Snowman-Gift-House-with-573-pieces-3-300x555.jpg 300w, https:\/\/mouldking.store\/wp-content\/uploads\/2022\/03\/Sembo-SD-601156-Christmas-Snowman-Gift-House-with-573-pieces-3-81x150.jpg 81w\" sizes=\"(max-width: 554px) 100vw, 554px\" \/><figcaption id=\"caption-attachment-30275\" class=\"wp-caption-text\">Sembo SD 601156 Maison de No\u00ebl bonhomme de neige avec 573 pi\u00e8ces<\/figcaption><\/figure>\n<figure id=\"attachment_30277\" aria-describedby=\"caption-attachment-30277\" style=\"width: 512px\" class=\"wp-caption aligncenter\"><img loading=\"lazy\" decoding=\"async\" class=\"wp-image-30277 size-full\" src=\"https:\/\/mouldking.store\/wp-content\/uploads\/2022\/03\/Sembo-SD-601156-Christmas-Snowman-Gift-House-with-573-pieces-5.jpg\" alt=\"Sembo SD 601156 Christmas Snowman Gift House with 573 pieces\" width=\"512\" height=\"1024\" title=\"-\" srcset=\"https:\/\/mouldking.store\/wp-content\/uploads\/2022\/03\/Sembo-SD-601156-Christmas-Snowman-Gift-House-with-573-pieces-5.jpg 512w, https:\/\/mouldking.store\/wp-content\/uploads\/2022\/03\/Sembo-SD-601156-Christmas-Snowman-Gift-House-with-573-pieces-5-150x300.jpg 150w, https:\/\/mouldking.store\/wp-content\/uploads\/2022\/03\/Sembo-SD-601156-Christmas-Snowman-Gift-House-with-573-pieces-5-300x600.jpg 300w, https:\/\/mouldking.store\/wp-content\/uploads\/2022\/03\/Sembo-SD-601156-Christmas-Snowman-Gift-House-with-573-pieces-5-75x150.jpg 75w\" sizes=\"(max-width: 512px) 100vw, 512px\" \/><figcaption id=\"caption-attachment-30277\" class=\"wp-caption-text\">Sembo SD 601156 Maison de No\u00ebl bonhomme de neige avec 573 pi\u00e8ces<\/figcaption><\/figure>\n<figure id=\"attachment_30274\" aria-describedby=\"caption-attachment-30274\" style=\"width: 1024px\" class=\"wp-caption aligncenter\"><img loading=\"lazy\" decoding=\"async\" class=\"wp-image-30274 size-full\" src=\"https:\/\/mouldking.store\/wp-content\/uploads\/2022\/03\/Sembo-SD-601156-Christmas-Snowman-Gift-House-with-573-pieces-2.jpg\" alt=\"Sembo SD 601156 Christmas Snowman Gift House with 573 pieces\" width=\"1024\" height=\"666\" title=\"-\" srcset=\"https:\/\/mouldking.store\/wp-content\/uploads\/2022\/03\/Sembo-SD-601156-Christmas-Snowman-Gift-House-with-573-pieces-2.jpg 1024w, https:\/\/mouldking.store\/wp-content\/uploads\/2022\/03\/Sembo-SD-601156-Christmas-Snowman-Gift-House-with-573-pieces-2-300x195.jpg 300w, https:\/\/mouldking.store\/wp-content\/uploads\/2022\/03\/Sembo-SD-601156-Christmas-Snowman-Gift-House-with-573-pieces-2-768x500.jpg 768w, https:\/\/mouldking.store\/wp-content\/uploads\/2022\/03\/Sembo-SD-601156-Christmas-Snowman-Gift-House-with-573-pieces-2-600x390.jpg 600w, https:\/\/mouldking.store\/wp-content\/uploads\/2022\/03\/Sembo-SD-601156-Christmas-Snowman-Gift-House-with-573-pieces-2-150x98.jpg 150w\" sizes=\"(max-width: 1024px) 100vw, 1024px\" \/><figcaption id=\"caption-attachment-30274\" class=\"wp-caption-text\">Sembo SD 601156 Maison de No\u00ebl bonhomme de neige avec 573 pi\u00e8ces<\/figcaption><\/figure>","protected":false},"excerpt":{"rendered":"<p>Product information: Brand: Sembo Gender: Unisex Name: Christmas Snowman Gift House Age Range: &gt; 6 years old Model Number: SD 601156 Classification: Assemblage Plastic Block Shape: Self-Locking Bricks Material: Plastic Plastic Type: ABS Bricks Blocks: 573 PCS Contains detailed assembly instructions. Notice: 1. Without an original box, but we guarantee our products have quality assurance [&hellip;]<\/p>","protected":false},"featured_media":30273,"comment_status":"closed","ping_status":"closed","template":"","meta":{"_acf_changed":false},"product_cat":[371],"product_tag":[1066,4944,4942,4948,4945,2318,4943,1491,4941,4946,4940,4939,4947],"class_list":["product","first","instock","shipping-taxable","purchasable","product-type-simple"],"acf":[],"_links":{"self":[{"href":"https:\/\/mouldking.store\/fr\/wp-json\/wp\/v2\/product\/30272","targetHints":{"allow":["GET"]}}],"collection":[{"href":"https:\/\/mouldking.store\/fr\/wp-json\/wp\/v2\/product"}],"about":[{"href":"https:\/\/mouldking.store\/fr\/wp-json\/wp\/v2\/types\/product"}],"replies":[{"embeddable":true,"href":"https:\/\/mouldking.store\/fr\/wp-json\/wp\/v2\/comments?post=30272"}],"wp:featuredmedia":[{"embeddable":true,"href":"https:\/\/mouldking.store\/fr\/wp-json\/wp\/v2\/media\/30273"}],"wp:attachment":[{"href":"https:\/\/mouldking.store\/fr\/wp-json\/wp\/v2\/media?parent=30272"}],"wp:term":[{"taxonomy":"product_cat","embeddable":true,"href":"https:\/\/mouldking.store\/fr\/wp-json\/wp\/v2\/product_cat?post=30272"},{"taxonomy":"product_tag","embeddable":true,"href":"https:\/\/mouldking.store\/fr\/wp-json\/wp\/v2\/product_tag?post=30272"}],"curies":[{"name":"wp","href":"https:\/\/api.w.org\/{rel}","templated":true}]}}