{"id":30327,"date":"2022-03-02T11:18:13","date_gmt":"2022-03-02T04:18:13","guid":{"rendered":"https:\/\/mouldking.store\/?post_type=product&#038;p=30327"},"modified":"2023-12-27T16:03:48","modified_gmt":"2023-12-27T09:03:48","slug":"kaiyu-10002-mercedes-300sl-with-1416-pieces","status":"publish","type":"product","link":"https:\/\/mouldking.store\/fr\/shop\/kaiyu-10002-mercedes-300sl-with-1416-pieces\/","title":{"rendered":"KAIYU 10002 Mercedes 300SL avec 1416 pi\u00e8ces"},"content":{"rendered":"<p>Information produit:<\/p>\n<ol>\n<li>Brand: KAIYU<\/li>\n<li>Genre: Unisexe<\/li>\n<li>Name: Mercedes 300SL<\/li>\n<li>Tranche d&#039;\u00e2ge : &gt; 6 ans<\/li>\n<li>Model Number: 10002<\/li>\n<li>Classement : Assemblage<\/li>\n<li>Forme de bloc en plastique\u00a0: briques autobloquantes<\/li>\n<li>Mat\u00e9riel: Plastique<\/li>\n<li>Type de plastique : ABS<\/li>\n<li>Bricks Blocks: 1416 PCS<\/li>\n<li>Contient des instructions de montage d\u00e9taill\u00e9es.<\/li>\n<\/ol>\n<p>Avis:<br \/>\n1. Sans bo\u00eete d&#039;origine, mais nous garantissons que nos produits ont une assurance qualit\u00e9 et un bel emballage.<br \/>\n2. Comme toutes les pi\u00e8ces que nous avons v\u00e9rifi\u00e9es avant l&#039;exp\u00e9dition, donc si vous trouvez des pi\u00e8ces manquantes ou endommag\u00e9es, ne vous inqui\u00e9tez pas et veuillez nous contacter et nous pouvons vous les renvoyer imm\u00e9diatement gratuitement.<\/p>\n<figure id=\"attachment_30328\" aria-describedby=\"caption-attachment-30328\" style=\"width: 800px\" class=\"wp-caption aligncenter\"><img fetchpriority=\"high\" decoding=\"async\" class=\"wp-image-30328 size-full\" src=\"https:\/\/mouldking.store\/wp-content\/uploads\/2022\/03\/KAIYU-10002-Mercedes-300SL-with-1416-pieces-1.png\" alt=\"KAIYU 10002 Mercedes 300SL with 1416 pieces\" width=\"800\" height=\"800\" title=\"-\" srcset=\"https:\/\/mouldking.store\/wp-content\/uploads\/2022\/03\/KAIYU-10002-Mercedes-300SL-with-1416-pieces-1.png 800w, https:\/\/mouldking.store\/wp-content\/uploads\/2022\/03\/KAIYU-10002-Mercedes-300SL-with-1416-pieces-1-300x300.png 300w, https:\/\/mouldking.store\/wp-content\/uploads\/2022\/03\/KAIYU-10002-Mercedes-300SL-with-1416-pieces-1-768x768.png 768w, https:\/\/mouldking.store\/wp-content\/uploads\/2022\/03\/KAIYU-10002-Mercedes-300SL-with-1416-pieces-1-600x600.png 600w, https:\/\/mouldking.store\/wp-content\/uploads\/2022\/03\/KAIYU-10002-Mercedes-300SL-with-1416-pieces-1-150x150.png 150w\" sizes=\"(max-width: 800px) 100vw, 800px\" \/><figcaption id=\"caption-attachment-30328\" class=\"wp-caption-text\">KAIYU 10002 Mercedes 300SL avec 1416 pi\u00e8ces<\/figcaption><\/figure>\n<figure id=\"attachment_30332\" aria-describedby=\"caption-attachment-30332\" style=\"width: 965px\" class=\"wp-caption aligncenter\"><img decoding=\"async\" class=\"wp-image-30332 size-full\" src=\"https:\/\/mouldking.store\/wp-content\/uploads\/2022\/03\/KAIYU-10002-Mercedes-300SL-with-1416-pieces-3.jpg\" alt=\"KAIYU 10002 Mercedes 300SL with 1416 pieces\" width=\"965\" height=\"961\" title=\"-\" srcset=\"https:\/\/mouldking.store\/wp-content\/uploads\/2022\/03\/KAIYU-10002-Mercedes-300SL-with-1416-pieces-3.jpg 965w, https:\/\/mouldking.store\/wp-content\/uploads\/2022\/03\/KAIYU-10002-Mercedes-300SL-with-1416-pieces-3-300x299.jpg 300w, https:\/\/mouldking.store\/wp-content\/uploads\/2022\/03\/KAIYU-10002-Mercedes-300SL-with-1416-pieces-3-768x765.jpg 768w, https:\/\/mouldking.store\/wp-content\/uploads\/2022\/03\/KAIYU-10002-Mercedes-300SL-with-1416-pieces-3-600x598.jpg 600w, https:\/\/mouldking.store\/wp-content\/uploads\/2022\/03\/KAIYU-10002-Mercedes-300SL-with-1416-pieces-3-150x150.jpg 150w\" sizes=\"(max-width: 965px) 100vw, 965px\" \/><figcaption id=\"caption-attachment-30332\" class=\"wp-caption-text\">KAIYU 10002 Mercedes 300SL avec 1416 pi\u00e8ces<\/figcaption><\/figure>\n<figure id=\"attachment_30333\" aria-describedby=\"caption-attachment-30333\" style=\"width: 967px\" class=\"wp-caption aligncenter\"><img decoding=\"async\" class=\"wp-image-30333 size-full\" src=\"https:\/\/mouldking.store\/wp-content\/uploads\/2022\/03\/KAIYU-10002-Mercedes-300SL-with-1416-pieces-4.jpg\" alt=\"KAIYU 10002 Mercedes 300SL with 1416 pieces\" width=\"967\" height=\"751\" title=\"-\" srcset=\"https:\/\/mouldking.store\/wp-content\/uploads\/2022\/03\/KAIYU-10002-Mercedes-300SL-with-1416-pieces-4.jpg 967w, https:\/\/mouldking.store\/wp-content\/uploads\/2022\/03\/KAIYU-10002-Mercedes-300SL-with-1416-pieces-4-300x233.jpg 300w, https:\/\/mouldking.store\/wp-content\/uploads\/2022\/03\/KAIYU-10002-Mercedes-300SL-with-1416-pieces-4-768x596.jpg 768w, https:\/\/mouldking.store\/wp-content\/uploads\/2022\/03\/KAIYU-10002-Mercedes-300SL-with-1416-pieces-4-600x466.jpg 600w, https:\/\/mouldking.store\/wp-content\/uploads\/2022\/03\/KAIYU-10002-Mercedes-300SL-with-1416-pieces-4-150x116.jpg 150w\" sizes=\"(max-width: 967px) 100vw, 967px\" \/><figcaption id=\"caption-attachment-30333\" class=\"wp-caption-text\">KAIYU 10002 Mercedes 300SL avec 1416 pi\u00e8ces<\/figcaption><\/figure>\n<figure id=\"attachment_30330\" aria-describedby=\"caption-attachment-30330\" style=\"width: 965px\" class=\"wp-caption aligncenter\"><img loading=\"lazy\" decoding=\"async\" class=\"wp-image-30330 size-full\" src=\"https:\/\/mouldking.store\/wp-content\/uploads\/2022\/03\/KAIYU-10002-Mercedes-300SL-with-1416-pieces-1.jpg\" alt=\"KAIYU 10002 Mercedes 300SL with 1416 pieces\" width=\"965\" height=\"417\" title=\"-\" srcset=\"https:\/\/mouldking.store\/wp-content\/uploads\/2022\/03\/KAIYU-10002-Mercedes-300SL-with-1416-pieces-1.jpg 965w, https:\/\/mouldking.store\/wp-content\/uploads\/2022\/03\/KAIYU-10002-Mercedes-300SL-with-1416-pieces-1-300x130.jpg 300w, https:\/\/mouldking.store\/wp-content\/uploads\/2022\/03\/KAIYU-10002-Mercedes-300SL-with-1416-pieces-1-768x332.jpg 768w, https:\/\/mouldking.store\/wp-content\/uploads\/2022\/03\/KAIYU-10002-Mercedes-300SL-with-1416-pieces-1-600x259.jpg 600w, https:\/\/mouldking.store\/wp-content\/uploads\/2022\/03\/KAIYU-10002-Mercedes-300SL-with-1416-pieces-1-150x65.jpg 150w\" sizes=\"(max-width: 965px) 100vw, 965px\" \/><figcaption id=\"caption-attachment-30330\" class=\"wp-caption-text\">KAIYU 10002 Mercedes 300SL avec 1416 pi\u00e8ces<\/figcaption><\/figure>\n<figure id=\"attachment_30329\" aria-describedby=\"caption-attachment-30329\" style=\"width: 497px\" class=\"wp-caption aligncenter\"><img loading=\"lazy\" decoding=\"async\" class=\"wp-image-30329 size-full\" src=\"https:\/\/mouldking.store\/wp-content\/uploads\/2022\/03\/KAIYU-10002-Mercedes-300SL-with-1416-pieces-2.png\" alt=\"KAIYU 10002 Mercedes 300SL with 1416 pieces\" width=\"497\" height=\"459\" title=\"-\" srcset=\"https:\/\/mouldking.store\/wp-content\/uploads\/2022\/03\/KAIYU-10002-Mercedes-300SL-with-1416-pieces-2.png 497w, https:\/\/mouldking.store\/wp-content\/uploads\/2022\/03\/KAIYU-10002-Mercedes-300SL-with-1416-pieces-2-300x277.png 300w, https:\/\/mouldking.store\/wp-content\/uploads\/2022\/03\/KAIYU-10002-Mercedes-300SL-with-1416-pieces-2-150x139.png 150w\" sizes=\"(max-width: 497px) 100vw, 497px\" \/><figcaption id=\"caption-attachment-30329\" class=\"wp-caption-text\">KAIYU 10002 Mercedes 300SL avec 1416 pi\u00e8ces<\/figcaption><\/figure>\n<figure id=\"attachment_30331\" aria-describedby=\"caption-attachment-30331\" style=\"width: 928px\" class=\"wp-caption aligncenter\"><img loading=\"lazy\" decoding=\"async\" class=\"wp-image-30331 size-full\" src=\"https:\/\/mouldking.store\/wp-content\/uploads\/2022\/03\/KAIYU-10002-Mercedes-300SL-with-1416-pieces-2.jpg\" alt=\"KAIYU 10002 Mercedes 300SL with 1416 pieces\" width=\"928\" height=\"1024\" title=\"-\" srcset=\"https:\/\/mouldking.store\/wp-content\/uploads\/2022\/03\/KAIYU-10002-Mercedes-300SL-with-1416-pieces-2.jpg 928w, https:\/\/mouldking.store\/wp-content\/uploads\/2022\/03\/KAIYU-10002-Mercedes-300SL-with-1416-pieces-2-272x300.jpg 272w, https:\/\/mouldking.store\/wp-content\/uploads\/2022\/03\/KAIYU-10002-Mercedes-300SL-with-1416-pieces-2-768x847.jpg 768w, https:\/\/mouldking.store\/wp-content\/uploads\/2022\/03\/KAIYU-10002-Mercedes-300SL-with-1416-pieces-2-300x331.jpg 300w, https:\/\/mouldking.store\/wp-content\/uploads\/2022\/03\/KAIYU-10002-Mercedes-300SL-with-1416-pieces-2-600x662.jpg 600w, https:\/\/mouldking.store\/wp-content\/uploads\/2022\/03\/KAIYU-10002-Mercedes-300SL-with-1416-pieces-2-136x150.jpg 136w\" sizes=\"(max-width: 928px) 100vw, 928px\" \/><figcaption id=\"caption-attachment-30331\" class=\"wp-caption-text\">KAIYU 10002 Mercedes 300SL avec 1416 pi\u00e8ces<\/figcaption><\/figure>","protected":false},"excerpt":{"rendered":"<p>Product information: Brand: KAIYU Gender: Unisex Name: Mercedes 300SL Age Range: &gt; 6 years old Model Number: 10002 Classification: Assemblage Plastic Block Shape: Self-Locking Bricks Material: Plastic Plastic Type: ABS Bricks Blocks: 1416 PCS Contains detailed assembly instructions. Notice: 1. Without an original box, but we guarantee our products have quality assurance and nice packaging. [&hellip;]<\/p>","protected":false},"featured_media":30328,"comment_status":"closed","ping_status":"closed","template":"","meta":{"_acf_changed":false},"product_cat":[364],"product_tag":[1703,4984,4982,4980,4979,4978,4983,4981],"class_list":["product","first","outofstock","shipping-taxable","purchasable","product-type-simple"],"acf":[],"_links":{"self":[{"href":"https:\/\/mouldking.store\/fr\/wp-json\/wp\/v2\/product\/30327","targetHints":{"allow":["GET"]}}],"collection":[{"href":"https:\/\/mouldking.store\/fr\/wp-json\/wp\/v2\/product"}],"about":[{"href":"https:\/\/mouldking.store\/fr\/wp-json\/wp\/v2\/types\/product"}],"replies":[{"embeddable":true,"href":"https:\/\/mouldking.store\/fr\/wp-json\/wp\/v2\/comments?post=30327"}],"wp:featuredmedia":[{"embeddable":true,"href":"https:\/\/mouldking.store\/fr\/wp-json\/wp\/v2\/media\/30328"}],"wp:attachment":[{"href":"https:\/\/mouldking.store\/fr\/wp-json\/wp\/v2\/media?parent=30327"}],"wp:term":[{"taxonomy":"product_cat","embeddable":true,"href":"https:\/\/mouldking.store\/fr\/wp-json\/wp\/v2\/product_cat?post=30327"},{"taxonomy":"product_tag","embeddable":true,"href":"https:\/\/mouldking.store\/fr\/wp-json\/wp\/v2\/product_tag?post=30327"}],"curies":[{"name":"wp","href":"https:\/\/api.w.org\/{rel}","templated":true}]}}