{"id":30402,"date":"2022-03-02T12:08:52","date_gmt":"2022-03-02T05:08:52","guid":{"rendered":"https:\/\/mouldking.store\/?post_type=product&#038;p=30402"},"modified":"2022-03-02T12:08:52","modified_gmt":"2022-03-02T05:08:52","slug":"mould-king-12007-rc-br18-201-german-express-with-2348-pieces","status":"publish","type":"product","link":"https:\/\/mouldking.store\/fr\/shop\/mould-king-12007-rc-br18-201-german-express-with-2348-pieces\/","title":{"rendered":"Mold King 12007 RC BR18 201 German Express avec 2348 pi\u00e8ces"},"content":{"rendered":"<p>Information produit:<\/p>\n<ol>\n<li>Marque : Mold King<\/li>\n<li>Genre: Unisexe<\/li>\n<li>Name: RC BR18 201 German Express<\/li>\n<li>Tranche d&#039;\u00e2ge : &gt; 14 ans<\/li>\n<li>Model Number: 12007<\/li>\n<li>Classement : Assemblage<\/li>\n<li>Forme de bloc en plastique\u00a0: briques autobloquantes<\/li>\n<li>Mat\u00e9riel: Plastique<\/li>\n<li>Type de plastique : ABS<\/li>\n<li>Bricks Blocks: 2348 PCS<\/li>\n<li>Contient des instructions de montage d\u00e9taill\u00e9es.<\/li>\n<\/ol>\n<p>Avis:<br \/>\n1. Sans bo\u00eete d&#039;origine, mais nous garantissons que nos produits ont une assurance qualit\u00e9 et un bel emballage.<br \/>\n2. Comme toutes les pi\u00e8ces que nous avons v\u00e9rifi\u00e9es avant l&#039;exp\u00e9dition, donc si vous trouvez des pi\u00e8ces manquantes ou endommag\u00e9es, ne vous inqui\u00e9tez pas et veuillez nous contacter et nous pouvons vous les renvoyer imm\u00e9diatement gratuitement.<\/p>\n<figure id=\"attachment_30403\" aria-describedby=\"caption-attachment-30403\" style=\"width: 800px\" class=\"wp-caption aligncenter\"><img fetchpriority=\"high\" decoding=\"async\" class=\"wp-image-30403 size-full\" src=\"https:\/\/mouldking.store\/wp-content\/uploads\/2022\/03\/Mould-King-12007-RC-BR18-201-German-Express-with-2348-pieces-1.jpg\" alt=\"Mould King 12007 RC BR18 201 German Express with 2348 pieces\" width=\"800\" height=\"800\" title=\"-\" srcset=\"https:\/\/mouldking.store\/wp-content\/uploads\/2022\/03\/Mould-King-12007-RC-BR18-201-German-Express-with-2348-pieces-1.jpg 800w, https:\/\/mouldking.store\/wp-content\/uploads\/2022\/03\/Mould-King-12007-RC-BR18-201-German-Express-with-2348-pieces-1-300x300.jpg 300w, https:\/\/mouldking.store\/wp-content\/uploads\/2022\/03\/Mould-King-12007-RC-BR18-201-German-Express-with-2348-pieces-1-768x768.jpg 768w, https:\/\/mouldking.store\/wp-content\/uploads\/2022\/03\/Mould-King-12007-RC-BR18-201-German-Express-with-2348-pieces-1-600x600.jpg 600w, https:\/\/mouldking.store\/wp-content\/uploads\/2022\/03\/Mould-King-12007-RC-BR18-201-German-Express-with-2348-pieces-1-150x150.jpg 150w\" sizes=\"(max-width: 800px) 100vw, 800px\" \/><figcaption id=\"caption-attachment-30403\" class=\"wp-caption-text\">Mold King 12007 RC BR18 201 German Express avec 2348 pi\u00e8ces<\/figcaption><\/figure>\n<figure id=\"attachment_30405\" aria-describedby=\"caption-attachment-30405\" style=\"width: 800px\" class=\"wp-caption aligncenter\"><img decoding=\"async\" class=\"wp-image-30405 size-full\" src=\"https:\/\/mouldking.store\/wp-content\/uploads\/2022\/03\/Mould-King-12007-RC-BR18-201-German-Express-with-2348-pieces-3.jpg\" alt=\"Mould King 12007 RC BR18 201 German Express with 2348 pieces\" width=\"800\" height=\"800\" title=\"-\" srcset=\"https:\/\/mouldking.store\/wp-content\/uploads\/2022\/03\/Mould-King-12007-RC-BR18-201-German-Express-with-2348-pieces-3.jpg 800w, https:\/\/mouldking.store\/wp-content\/uploads\/2022\/03\/Mould-King-12007-RC-BR18-201-German-Express-with-2348-pieces-3-300x300.jpg 300w, https:\/\/mouldking.store\/wp-content\/uploads\/2022\/03\/Mould-King-12007-RC-BR18-201-German-Express-with-2348-pieces-3-768x768.jpg 768w, https:\/\/mouldking.store\/wp-content\/uploads\/2022\/03\/Mould-King-12007-RC-BR18-201-German-Express-with-2348-pieces-3-600x600.jpg 600w, https:\/\/mouldking.store\/wp-content\/uploads\/2022\/03\/Mould-King-12007-RC-BR18-201-German-Express-with-2348-pieces-3-150x150.jpg 150w\" sizes=\"(max-width: 800px) 100vw, 800px\" \/><figcaption id=\"caption-attachment-30405\" class=\"wp-caption-text\">Mold King 12007 RC BR18 201 German Express avec 2348 pi\u00e8ces<\/figcaption><\/figure>\n<figure id=\"attachment_30404\" aria-describedby=\"caption-attachment-30404\" style=\"width: 800px\" class=\"wp-caption aligncenter\"><img decoding=\"async\" class=\"wp-image-30404 size-full\" src=\"https:\/\/mouldking.store\/wp-content\/uploads\/2022\/03\/Mould-King-12007-RC-BR18-201-German-Express-with-2348-pieces-2.jpg\" alt=\"Mould King 12007 RC BR18 201 German Express with 2348 pieces\" width=\"800\" height=\"800\" title=\"-\" srcset=\"https:\/\/mouldking.store\/wp-content\/uploads\/2022\/03\/Mould-King-12007-RC-BR18-201-German-Express-with-2348-pieces-2.jpg 800w, https:\/\/mouldking.store\/wp-content\/uploads\/2022\/03\/Mould-King-12007-RC-BR18-201-German-Express-with-2348-pieces-2-300x300.jpg 300w, https:\/\/mouldking.store\/wp-content\/uploads\/2022\/03\/Mould-King-12007-RC-BR18-201-German-Express-with-2348-pieces-2-768x768.jpg 768w, https:\/\/mouldking.store\/wp-content\/uploads\/2022\/03\/Mould-King-12007-RC-BR18-201-German-Express-with-2348-pieces-2-600x600.jpg 600w, https:\/\/mouldking.store\/wp-content\/uploads\/2022\/03\/Mould-King-12007-RC-BR18-201-German-Express-with-2348-pieces-2-150x150.jpg 150w\" sizes=\"(max-width: 800px) 100vw, 800px\" \/><figcaption id=\"caption-attachment-30404\" class=\"wp-caption-text\">Mold King 12007 RC BR18 201 German Express avec 2348 pi\u00e8ces<\/figcaption><\/figure>\n<figure id=\"attachment_30406\" aria-describedby=\"caption-attachment-30406\" style=\"width: 800px\" class=\"wp-caption aligncenter\"><img loading=\"lazy\" decoding=\"async\" class=\"wp-image-30406 size-full\" src=\"https:\/\/mouldking.store\/wp-content\/uploads\/2022\/03\/Mould-King-12007-RC-BR18-201-German-Express-with-2348-pieces-4.jpg\" alt=\"Mould King 12007 RC BR18 201 German Express with 2348 pieces\" width=\"800\" height=\"800\" title=\"-\" srcset=\"https:\/\/mouldking.store\/wp-content\/uploads\/2022\/03\/Mould-King-12007-RC-BR18-201-German-Express-with-2348-pieces-4.jpg 800w, https:\/\/mouldking.store\/wp-content\/uploads\/2022\/03\/Mould-King-12007-RC-BR18-201-German-Express-with-2348-pieces-4-300x300.jpg 300w, https:\/\/mouldking.store\/wp-content\/uploads\/2022\/03\/Mould-King-12007-RC-BR18-201-German-Express-with-2348-pieces-4-768x768.jpg 768w, https:\/\/mouldking.store\/wp-content\/uploads\/2022\/03\/Mould-King-12007-RC-BR18-201-German-Express-with-2348-pieces-4-600x600.jpg 600w, https:\/\/mouldking.store\/wp-content\/uploads\/2022\/03\/Mould-King-12007-RC-BR18-201-German-Express-with-2348-pieces-4-150x150.jpg 150w\" sizes=\"(max-width: 800px) 100vw, 800px\" \/><figcaption id=\"caption-attachment-30406\" class=\"wp-caption-text\">Mold King 12007 RC BR18 201 German Express avec 2348 pi\u00e8ces<\/figcaption><\/figure>\n<figure id=\"attachment_30407\" aria-describedby=\"caption-attachment-30407\" style=\"width: 800px\" class=\"wp-caption aligncenter\"><img loading=\"lazy\" decoding=\"async\" class=\"wp-image-30407 size-full\" src=\"https:\/\/mouldking.store\/wp-content\/uploads\/2022\/03\/Mould-King-12007-RC-BR18-201-German-Express-with-2348-pieces-5.jpg\" alt=\"Mould King 12007 RC BR18 201 German Express with 2348 pieces\" width=\"800\" height=\"800\" title=\"-\" srcset=\"https:\/\/mouldking.store\/wp-content\/uploads\/2022\/03\/Mould-King-12007-RC-BR18-201-German-Express-with-2348-pieces-5.jpg 800w, https:\/\/mouldking.store\/wp-content\/uploads\/2022\/03\/Mould-King-12007-RC-BR18-201-German-Express-with-2348-pieces-5-300x300.jpg 300w, https:\/\/mouldking.store\/wp-content\/uploads\/2022\/03\/Mould-King-12007-RC-BR18-201-German-Express-with-2348-pieces-5-768x768.jpg 768w, https:\/\/mouldking.store\/wp-content\/uploads\/2022\/03\/Mould-King-12007-RC-BR18-201-German-Express-with-2348-pieces-5-600x600.jpg 600w, https:\/\/mouldking.store\/wp-content\/uploads\/2022\/03\/Mould-King-12007-RC-BR18-201-German-Express-with-2348-pieces-5-150x150.jpg 150w\" sizes=\"(max-width: 800px) 100vw, 800px\" \/><figcaption id=\"caption-attachment-30407\" class=\"wp-caption-text\">Mold King 12007 RC BR18 201 German Express avec 2348 pi\u00e8ces<\/figcaption><\/figure>","protected":false},"excerpt":{"rendered":"<p>Product information: Brand: Mould King Gender: Unisex Name: RC BR18 201 German Express Age Range: &gt; 14 years old Model Number: 12007 Classification: Assemblage Plastic Block Shape: Self-Locking Bricks Material: Plastic Plastic Type: ABS Bricks Blocks: 2348 PCS Contains detailed assembly instructions. Notice: 1. Without an original box, but we guarantee our products have quality [&hellip;]<\/p>","protected":false},"featured_media":30403,"comment_status":"closed","ping_status":"closed","template":"","meta":{"_acf_changed":false},"product_cat":[364],"product_tag":[5040,5039,5041,5036,5035,5034,5038,481,5037],"class_list":["product","first","instock","shipping-taxable","purchasable","product-type-simple"],"acf":[],"_links":{"self":[{"href":"https:\/\/mouldking.store\/fr\/wp-json\/wp\/v2\/product\/30402","targetHints":{"allow":["GET"]}}],"collection":[{"href":"https:\/\/mouldking.store\/fr\/wp-json\/wp\/v2\/product"}],"about":[{"href":"https:\/\/mouldking.store\/fr\/wp-json\/wp\/v2\/types\/product"}],"replies":[{"embeddable":true,"href":"https:\/\/mouldking.store\/fr\/wp-json\/wp\/v2\/comments?post=30402"}],"wp:featuredmedia":[{"embeddable":true,"href":"https:\/\/mouldking.store\/fr\/wp-json\/wp\/v2\/media\/30403"}],"wp:attachment":[{"href":"https:\/\/mouldking.store\/fr\/wp-json\/wp\/v2\/media?parent=30402"}],"wp:term":[{"taxonomy":"product_cat","embeddable":true,"href":"https:\/\/mouldking.store\/fr\/wp-json\/wp\/v2\/product_cat?post=30402"},{"taxonomy":"product_tag","embeddable":true,"href":"https:\/\/mouldking.store\/fr\/wp-json\/wp\/v2\/product_tag?post=30402"}],"curies":[{"name":"wp","href":"https:\/\/api.w.org\/{rel}","templated":true}]}}