{"id":30547,"date":"2022-03-02T15:55:01","date_gmt":"2022-03-02T08:55:01","guid":{"rendered":"https:\/\/mouldking.store\/?post_type=product&#038;p=30547"},"modified":"2023-06-12T10:25:44","modified_gmt":"2023-06-12T03:25:44","slug":"mould-king-14016-double-barreled-shotgun-with-1015-pieces","status":"publish","type":"product","link":"https:\/\/mouldking.store\/fr\/shop\/mould-king-14016-double-barreled-shotgun-with-1015-pieces\/","title":{"rendered":"Mold King 14016 Fusil \u00e0 double canon avec 1015 pi\u00e8ces"},"content":{"rendered":"<p>Information produit:<\/p>\n<ol>\n<li>Marque : Mold King<\/li>\n<li>Genre: Unisexe<\/li>\n<li>Name: Double-Barreled Shotgun<\/li>\n<li>Tranche d&#039;\u00e2ge : &gt; 14 ans<\/li>\n<li>Model Number: 14016<\/li>\n<li>Classement : Assemblage<\/li>\n<li>Forme de bloc en plastique\u00a0: briques autobloquantes<\/li>\n<li>Mat\u00e9riel: Plastique<\/li>\n<li>Type de plastique : ABS<\/li>\n<li>Bricks Blocks: 1015 PCS<\/li>\n<li>Contient des instructions de montage d\u00e9taill\u00e9es.<\/li>\n<\/ol>\n<p>Avis:<br \/>\n1. Sans bo\u00eete d&#039;origine, mais nous garantissons que nos produits ont une assurance qualit\u00e9 et un bel emballage.<br \/>\n2. Comme toutes les pi\u00e8ces que nous avons v\u00e9rifi\u00e9es avant l&#039;exp\u00e9dition, donc si vous trouvez des pi\u00e8ces manquantes ou endommag\u00e9es, ne vous inqui\u00e9tez pas et veuillez nous contacter et nous pouvons vous les renvoyer imm\u00e9diatement gratuitement.<\/p>\n<figure id=\"attachment_30548\" aria-describedby=\"caption-attachment-30548\" style=\"width: 901px\" class=\"wp-caption aligncenter\"><img fetchpriority=\"high\" decoding=\"async\" class=\"wp-image-30548 size-full\" src=\"https:\/\/mouldking.store\/wp-content\/uploads\/2022\/03\/MOULD-KING-14016-Double-barreled-Shotgun-1.jpg\" alt=\"Mould King 14016 Double-Barreled Shotgun with 1015 pieces\" width=\"901\" height=\"882\" title=\"-\" srcset=\"https:\/\/mouldking.store\/wp-content\/uploads\/2022\/03\/MOULD-KING-14016-Double-barreled-Shotgun-1.jpg 901w, https:\/\/mouldking.store\/wp-content\/uploads\/2022\/03\/MOULD-KING-14016-Double-barreled-Shotgun-1-300x294.jpg 300w, https:\/\/mouldking.store\/wp-content\/uploads\/2022\/03\/MOULD-KING-14016-Double-barreled-Shotgun-1-768x752.jpg 768w, https:\/\/mouldking.store\/wp-content\/uploads\/2022\/03\/MOULD-KING-14016-Double-barreled-Shotgun-1-600x587.jpg 600w, https:\/\/mouldking.store\/wp-content\/uploads\/2022\/03\/MOULD-KING-14016-Double-barreled-Shotgun-1-150x147.jpg 150w\" sizes=\"(max-width: 901px) 100vw, 901px\" \/><figcaption id=\"caption-attachment-30548\" class=\"wp-caption-text\">Mold King 14016 Fusil \u00e0 double canon avec 1015 pi\u00e8ces<\/figcaption><\/figure>\n<figure id=\"attachment_30551\" aria-describedby=\"caption-attachment-30551\" style=\"width: 896px\" class=\"wp-caption aligncenter\"><img decoding=\"async\" class=\"wp-image-30551 size-full\" src=\"https:\/\/mouldking.store\/wp-content\/uploads\/2022\/03\/MOULD-KING-14016-Double-barreled-Shotgun-4.jpg\" alt=\"Mould King 14016 Double-Barreled Shotgun with 1015 pieces\" width=\"896\" height=\"883\" title=\"-\" srcset=\"https:\/\/mouldking.store\/wp-content\/uploads\/2022\/03\/MOULD-KING-14016-Double-barreled-Shotgun-4.jpg 896w, https:\/\/mouldking.store\/wp-content\/uploads\/2022\/03\/MOULD-KING-14016-Double-barreled-Shotgun-4-300x296.jpg 300w, https:\/\/mouldking.store\/wp-content\/uploads\/2022\/03\/MOULD-KING-14016-Double-barreled-Shotgun-4-768x757.jpg 768w, https:\/\/mouldking.store\/wp-content\/uploads\/2022\/03\/MOULD-KING-14016-Double-barreled-Shotgun-4-600x591.jpg 600w, https:\/\/mouldking.store\/wp-content\/uploads\/2022\/03\/MOULD-KING-14016-Double-barreled-Shotgun-4-150x148.jpg 150w\" sizes=\"(max-width: 896px) 100vw, 896px\" \/><figcaption id=\"caption-attachment-30551\" class=\"wp-caption-text\">Mold King 14016 Fusil \u00e0 double canon avec 1015 pi\u00e8ces<\/figcaption><\/figure>\n<figure id=\"attachment_30550\" aria-describedby=\"caption-attachment-30550\" style=\"width: 899px\" class=\"wp-caption aligncenter\"><img decoding=\"async\" class=\"wp-image-30550 size-full\" src=\"https:\/\/mouldking.store\/wp-content\/uploads\/2022\/03\/MOULD-KING-14016-Double-barreled-Shotgun-3.jpg\" alt=\"Mould King 14016 Double-Barreled Shotgun with 1015 pieces\" width=\"899\" height=\"896\" title=\"-\" srcset=\"https:\/\/mouldking.store\/wp-content\/uploads\/2022\/03\/MOULD-KING-14016-Double-barreled-Shotgun-3.jpg 899w, https:\/\/mouldking.store\/wp-content\/uploads\/2022\/03\/MOULD-KING-14016-Double-barreled-Shotgun-3-300x299.jpg 300w, https:\/\/mouldking.store\/wp-content\/uploads\/2022\/03\/MOULD-KING-14016-Double-barreled-Shotgun-3-768x765.jpg 768w, https:\/\/mouldking.store\/wp-content\/uploads\/2022\/03\/MOULD-KING-14016-Double-barreled-Shotgun-3-600x598.jpg 600w, https:\/\/mouldking.store\/wp-content\/uploads\/2022\/03\/MOULD-KING-14016-Double-barreled-Shotgun-3-150x150.jpg 150w\" sizes=\"(max-width: 899px) 100vw, 899px\" \/><figcaption id=\"caption-attachment-30550\" class=\"wp-caption-text\">Mold King 14016 Fusil \u00e0 double canon avec 1015 pi\u00e8ces<\/figcaption><\/figure>\n<figure id=\"attachment_30549\" aria-describedby=\"caption-attachment-30549\" style=\"width: 900px\" class=\"wp-caption aligncenter\"><img loading=\"lazy\" decoding=\"async\" class=\"wp-image-30549 size-full\" src=\"https:\/\/mouldking.store\/wp-content\/uploads\/2022\/03\/MOULD-KING-14016-Double-barreled-Shotgun-2.jpg\" alt=\"Mould King 14016 Double-Barreled Shotgun with 1015 pieces\" width=\"900\" height=\"877\" title=\"-\" srcset=\"https:\/\/mouldking.store\/wp-content\/uploads\/2022\/03\/MOULD-KING-14016-Double-barreled-Shotgun-2.jpg 900w, https:\/\/mouldking.store\/wp-content\/uploads\/2022\/03\/MOULD-KING-14016-Double-barreled-Shotgun-2-300x292.jpg 300w, https:\/\/mouldking.store\/wp-content\/uploads\/2022\/03\/MOULD-KING-14016-Double-barreled-Shotgun-2-768x748.jpg 768w, https:\/\/mouldking.store\/wp-content\/uploads\/2022\/03\/MOULD-KING-14016-Double-barreled-Shotgun-2-600x585.jpg 600w, https:\/\/mouldking.store\/wp-content\/uploads\/2022\/03\/MOULD-KING-14016-Double-barreled-Shotgun-2-150x146.jpg 150w\" sizes=\"(max-width: 900px) 100vw, 900px\" \/><figcaption id=\"caption-attachment-30549\" class=\"wp-caption-text\">Mold King 14016 Fusil \u00e0 double canon avec 1015 pi\u00e8ces<\/figcaption><\/figure>","protected":false},"excerpt":{"rendered":"<p>Product information: Brand: Mould King Gender: Unisex Name: Double-Barreled Shotgun Age Range: &gt; 14 years old Model Number: 14016 Classification: Assemblage Plastic Block Shape: Self-Locking Bricks Material: Plastic Plastic Type: ABS Bricks Blocks: 1015 PCS Contains detailed assembly instructions. Notice: 1. Without an original box, but we guarantee our products have quality assurance and nice [&hellip;]<\/p>","protected":false},"featured_media":30552,"comment_status":"closed","ping_status":"closed","template":"","meta":{"_acf_changed":false},"product_cat":[372],"product_tag":[5132,5133,5131,615,5130,5129,5128,5134],"class_list":["product","first","instock","shipping-taxable","purchasable","product-type-simple"],"acf":[],"_links":{"self":[{"href":"https:\/\/mouldking.store\/fr\/wp-json\/wp\/v2\/product\/30547","targetHints":{"allow":["GET"]}}],"collection":[{"href":"https:\/\/mouldking.store\/fr\/wp-json\/wp\/v2\/product"}],"about":[{"href":"https:\/\/mouldking.store\/fr\/wp-json\/wp\/v2\/types\/product"}],"replies":[{"embeddable":true,"href":"https:\/\/mouldking.store\/fr\/wp-json\/wp\/v2\/comments?post=30547"}],"wp:featuredmedia":[{"embeddable":true,"href":"https:\/\/mouldking.store\/fr\/wp-json\/wp\/v2\/media\/30552"}],"wp:attachment":[{"href":"https:\/\/mouldking.store\/fr\/wp-json\/wp\/v2\/media?parent=30547"}],"wp:term":[{"taxonomy":"product_cat","embeddable":true,"href":"https:\/\/mouldking.store\/fr\/wp-json\/wp\/v2\/product_cat?post=30547"},{"taxonomy":"product_tag","embeddable":true,"href":"https:\/\/mouldking.store\/fr\/wp-json\/wp\/v2\/product_tag?post=30547"}],"curies":[{"name":"wp","href":"https:\/\/api.w.org\/{rel}","templated":true}]}}