{"id":30579,"date":"2022-03-02T16:11:52","date_gmt":"2022-03-02T09:11:52","guid":{"rendered":"https:\/\/mouldking.store\/?post_type=product&#038;p=30579"},"modified":"2022-03-02T16:11:52","modified_gmt":"2022-03-02T09:11:52","slug":"tgl-t3027-technology-sports-car-pulls-back-with-569-pieces","status":"publish","type":"product","link":"https:\/\/mouldking.store\/fr\/shop\/tgl-t3027-technology-sports-car-pulls-back-with-569-pieces\/","title":{"rendered":"TGL T3027 Technology Sports Car recule avec 569 pi\u00e8ces"},"content":{"rendered":"<p>Information produit:<\/p>\n<ol>\n<li>Marque : TGL<\/li>\n<li>Genre: Unisexe<\/li>\n<li>Name: Technology Sports Car Pulls Back<\/li>\n<li>Tranche d&#039;\u00e2ge : &gt; 6 ans<\/li>\n<li>Model Number: T3027<\/li>\n<li>Classement : Assemblage<\/li>\n<li>Forme de bloc en plastique\u00a0: briques autobloquantes<\/li>\n<li>Mat\u00e9riel: Plastique<\/li>\n<li>Type de plastique : ABS<\/li>\n<li>Bricks Blocks: 569 PCS<\/li>\n<li>Contient des instructions de montage d\u00e9taill\u00e9es.<\/li>\n<\/ol>\n<p>Avis:<br \/>\n1. Sans bo\u00eete d&#039;origine, mais nous garantissons que nos produits ont une assurance qualit\u00e9 et un bel emballage.<br \/>\n2. Comme toutes les pi\u00e8ces que nous avons v\u00e9rifi\u00e9es avant l&#039;exp\u00e9dition, donc si vous trouvez des pi\u00e8ces manquantes ou endommag\u00e9es, ne vous inqui\u00e9tez pas et veuillez nous contacter et nous pouvons vous les renvoyer imm\u00e9diatement gratuitement.<\/p>\n<figure id=\"attachment_30580\" aria-describedby=\"caption-attachment-30580\" style=\"width: 800px\" class=\"wp-caption aligncenter\"><img fetchpriority=\"high\" decoding=\"async\" class=\"wp-image-30580 size-full\" src=\"https:\/\/mouldking.store\/wp-content\/uploads\/2022\/03\/TGL-T3027-Technology-Sports-Car-Pulls-Back-1.jpg\" alt=\"TGL T3027 Technology Sports Car Pulls Back with 569 pieces\" width=\"800\" height=\"800\" title=\"-\" srcset=\"https:\/\/mouldking.store\/wp-content\/uploads\/2022\/03\/TGL-T3027-Technology-Sports-Car-Pulls-Back-1.jpg 800w, https:\/\/mouldking.store\/wp-content\/uploads\/2022\/03\/TGL-T3027-Technology-Sports-Car-Pulls-Back-1-300x300.jpg 300w, https:\/\/mouldking.store\/wp-content\/uploads\/2022\/03\/TGL-T3027-Technology-Sports-Car-Pulls-Back-1-768x768.jpg 768w, https:\/\/mouldking.store\/wp-content\/uploads\/2022\/03\/TGL-T3027-Technology-Sports-Car-Pulls-Back-1-600x600.jpg 600w, https:\/\/mouldking.store\/wp-content\/uploads\/2022\/03\/TGL-T3027-Technology-Sports-Car-Pulls-Back-1-150x150.jpg 150w\" sizes=\"(max-width: 800px) 100vw, 800px\" \/><figcaption id=\"caption-attachment-30580\" class=\"wp-caption-text\">TGL T3027 Technology Sports Car recule avec 569 pi\u00e8ces<\/figcaption><\/figure>\n<figure id=\"attachment_30581\" aria-describedby=\"caption-attachment-30581\" style=\"width: 750px\" class=\"wp-caption aligncenter\"><img decoding=\"async\" class=\"wp-image-30581 size-full\" src=\"https:\/\/mouldking.store\/wp-content\/uploads\/2022\/03\/TGL-T3027-Technology-Sports-Car-Pulls-Back-2.jpg\" alt=\"TGL T3027 Technology Sports Car Pulls Back with 569 pieces\" width=\"750\" height=\"315\" title=\"-\" srcset=\"https:\/\/mouldking.store\/wp-content\/uploads\/2022\/03\/TGL-T3027-Technology-Sports-Car-Pulls-Back-2.jpg 750w, https:\/\/mouldking.store\/wp-content\/uploads\/2022\/03\/TGL-T3027-Technology-Sports-Car-Pulls-Back-2-300x126.jpg 300w, https:\/\/mouldking.store\/wp-content\/uploads\/2022\/03\/TGL-T3027-Technology-Sports-Car-Pulls-Back-2-600x252.jpg 600w, https:\/\/mouldking.store\/wp-content\/uploads\/2022\/03\/TGL-T3027-Technology-Sports-Car-Pulls-Back-2-150x63.jpg 150w\" sizes=\"(max-width: 750px) 100vw, 750px\" \/><figcaption id=\"caption-attachment-30581\" class=\"wp-caption-text\">TGL T3027 Technology Sports Car recule avec 569 pi\u00e8ces<\/figcaption><\/figure>\n<figure id=\"attachment_30583\" aria-describedby=\"caption-attachment-30583\" style=\"width: 750px\" class=\"wp-caption aligncenter\"><img decoding=\"async\" class=\"wp-image-30583 size-full\" src=\"https:\/\/mouldking.store\/wp-content\/uploads\/2022\/03\/TGL-T3027-Technology-Sports-Car-Pulls-Back-4.jpg\" alt=\"TGL T3027 Technology Sports Car Pulls Back with 569 pieces\" width=\"750\" height=\"877\" title=\"-\" srcset=\"https:\/\/mouldking.store\/wp-content\/uploads\/2022\/03\/TGL-T3027-Technology-Sports-Car-Pulls-Back-4.jpg 750w, https:\/\/mouldking.store\/wp-content\/uploads\/2022\/03\/TGL-T3027-Technology-Sports-Car-Pulls-Back-4-257x300.jpg 257w, https:\/\/mouldking.store\/wp-content\/uploads\/2022\/03\/TGL-T3027-Technology-Sports-Car-Pulls-Back-4-300x351.jpg 300w, https:\/\/mouldking.store\/wp-content\/uploads\/2022\/03\/TGL-T3027-Technology-Sports-Car-Pulls-Back-4-600x702.jpg 600w, https:\/\/mouldking.store\/wp-content\/uploads\/2022\/03\/TGL-T3027-Technology-Sports-Car-Pulls-Back-4-128x150.jpg 128w\" sizes=\"(max-width: 750px) 100vw, 750px\" \/><figcaption id=\"caption-attachment-30583\" class=\"wp-caption-text\">TGL T3027 Technology Sports Car recule avec 569 pi\u00e8ces<\/figcaption><\/figure>\n<figure id=\"attachment_30582\" aria-describedby=\"caption-attachment-30582\" style=\"width: 750px\" class=\"wp-caption aligncenter\"><img loading=\"lazy\" decoding=\"async\" class=\"wp-image-30582 size-full\" src=\"https:\/\/mouldking.store\/wp-content\/uploads\/2022\/03\/TGL-T3027-Technology-Sports-Car-Pulls-Back-3.jpg\" alt=\"TGL T3027 Technology Sports Car Pulls Back with 569 pieces\" width=\"750\" height=\"712\" title=\"-\" srcset=\"https:\/\/mouldking.store\/wp-content\/uploads\/2022\/03\/TGL-T3027-Technology-Sports-Car-Pulls-Back-3.jpg 750w, https:\/\/mouldking.store\/wp-content\/uploads\/2022\/03\/TGL-T3027-Technology-Sports-Car-Pulls-Back-3-300x285.jpg 300w, https:\/\/mouldking.store\/wp-content\/uploads\/2022\/03\/TGL-T3027-Technology-Sports-Car-Pulls-Back-3-600x570.jpg 600w, https:\/\/mouldking.store\/wp-content\/uploads\/2022\/03\/TGL-T3027-Technology-Sports-Car-Pulls-Back-3-150x142.jpg 150w\" sizes=\"(max-width: 750px) 100vw, 750px\" \/><figcaption id=\"caption-attachment-30582\" class=\"wp-caption-text\">TGL T3027 Technology Sports Car recule avec 569 pi\u00e8ces<\/figcaption><\/figure>","protected":false},"excerpt":{"rendered":"<p>Product information: Brand: TGL Gender: Unisex Name: Technology Sports Car Pulls Back Age Range: &gt; 6 years old Model Number: T3027 Classification: Assemblage Plastic Block Shape: Self-Locking Bricks Material: Plastic Plastic Type: ABS Bricks Blocks: 569 PCS Contains detailed assembly instructions. Notice: 1. Without an original box, but we guarantee our products have quality assurance [&hellip;]<\/p>","protected":false},"featured_media":30580,"comment_status":"closed","ping_status":"closed","template":"","meta":{"_acf_changed":false},"product_cat":[364],"product_tag":[5167,5166,5165,5164,2739,5163,5162,5161],"class_list":["product","first","instock","shipping-taxable","purchasable","product-type-simple"],"acf":[],"_links":{"self":[{"href":"https:\/\/mouldking.store\/fr\/wp-json\/wp\/v2\/product\/30579","targetHints":{"allow":["GET"]}}],"collection":[{"href":"https:\/\/mouldking.store\/fr\/wp-json\/wp\/v2\/product"}],"about":[{"href":"https:\/\/mouldking.store\/fr\/wp-json\/wp\/v2\/types\/product"}],"replies":[{"embeddable":true,"href":"https:\/\/mouldking.store\/fr\/wp-json\/wp\/v2\/comments?post=30579"}],"wp:featuredmedia":[{"embeddable":true,"href":"https:\/\/mouldking.store\/fr\/wp-json\/wp\/v2\/media\/30580"}],"wp:attachment":[{"href":"https:\/\/mouldking.store\/fr\/wp-json\/wp\/v2\/media?parent=30579"}],"wp:term":[{"taxonomy":"product_cat","embeddable":true,"href":"https:\/\/mouldking.store\/fr\/wp-json\/wp\/v2\/product_cat?post=30579"},{"taxonomy":"product_tag","embeddable":true,"href":"https:\/\/mouldking.store\/fr\/wp-json\/wp\/v2\/product_tag?post=30579"}],"curies":[{"name":"wp","href":"https:\/\/api.w.org\/{rel}","templated":true}]}}