{"id":30601,"date":"2022-03-02T16:22:07","date_gmt":"2022-03-02T09:22:07","guid":{"rendered":"https:\/\/mouldking.store\/?post_type=product&#038;p=30601"},"modified":"2022-03-02T16:22:07","modified_gmt":"2022-03-02T09:22:07","slug":"kaiyu-10001-porsche-911-with-930-pieces","status":"publish","type":"product","link":"https:\/\/mouldking.store\/fr\/shop\/kaiyu-10001-porsche-911-with-930-pieces\/","title":{"rendered":"KAIYU 10001 Porsche 911 avec 930 pi\u00e8ces"},"content":{"rendered":"<p>Information produit:<\/p>\n<ol>\n<li>Brand: KAIYU<\/li>\n<li>Genre: Unisexe<\/li>\n<li>Name: Porsche 911<\/li>\n<li>Tranche d&#039;\u00e2ge : &gt; 6 ans<\/li>\n<li>Model Number: 10001<\/li>\n<li>Classement : Assemblage<\/li>\n<li>Forme de bloc en plastique\u00a0: briques autobloquantes<\/li>\n<li>Mat\u00e9riel: Plastique<\/li>\n<li>Type de plastique : ABS<\/li>\n<li>Bricks Blocks: 930 PCS<\/li>\n<li>Contient des instructions de montage d\u00e9taill\u00e9es.<\/li>\n<\/ol>\n<p>Avis:<br \/>\n1. Sans bo\u00eete d&#039;origine, mais nous garantissons que nos produits ont une assurance qualit\u00e9 et un bel emballage.<br \/>\n2. Comme toutes les pi\u00e8ces que nous avons v\u00e9rifi\u00e9es avant l&#039;exp\u00e9dition, donc si vous trouvez des pi\u00e8ces manquantes ou endommag\u00e9es, ne vous inqui\u00e9tez pas et veuillez nous contacter et nous pouvons vous les renvoyer imm\u00e9diatement gratuitement.<\/p>\n<figure id=\"attachment_30607\" aria-describedby=\"caption-attachment-30607\" style=\"width: 800px\" class=\"wp-caption aligncenter\"><img fetchpriority=\"high\" decoding=\"async\" class=\"wp-image-30607 size-full\" src=\"https:\/\/mouldking.store\/wp-content\/uploads\/2022\/03\/KAIYU-10001-Porsche-911-with-930-pieces-5.png\" alt=\"KAIYU 10001 Porsche 911 with 930 pieces\" width=\"800\" height=\"800\" title=\"-\" srcset=\"https:\/\/mouldking.store\/wp-content\/uploads\/2022\/03\/KAIYU-10001-Porsche-911-with-930-pieces-5.png 800w, https:\/\/mouldking.store\/wp-content\/uploads\/2022\/03\/KAIYU-10001-Porsche-911-with-930-pieces-5-300x300.png 300w, https:\/\/mouldking.store\/wp-content\/uploads\/2022\/03\/KAIYU-10001-Porsche-911-with-930-pieces-5-768x768.png 768w, https:\/\/mouldking.store\/wp-content\/uploads\/2022\/03\/KAIYU-10001-Porsche-911-with-930-pieces-5-600x600.png 600w, https:\/\/mouldking.store\/wp-content\/uploads\/2022\/03\/KAIYU-10001-Porsche-911-with-930-pieces-5-150x150.png 150w\" sizes=\"(max-width: 800px) 100vw, 800px\" \/><figcaption id=\"caption-attachment-30607\" class=\"wp-caption-text\">KAIYU 10001 Porsche 911 avec 930 pi\u00e8ces<\/figcaption><\/figure>\n<figure id=\"attachment_30606\" aria-describedby=\"caption-attachment-30606\" style=\"width: 797px\" class=\"wp-caption aligncenter\"><img decoding=\"async\" class=\"wp-image-30606 size-full\" src=\"https:\/\/mouldking.store\/wp-content\/uploads\/2022\/03\/KAIYU-10001-Porsche-911-with-930-pieces-4.png\" alt=\"KAIYU 10001 Porsche 911 with 930 pieces\" width=\"797\" height=\"767\" title=\"-\" srcset=\"https:\/\/mouldking.store\/wp-content\/uploads\/2022\/03\/KAIYU-10001-Porsche-911-with-930-pieces-4.png 797w, https:\/\/mouldking.store\/wp-content\/uploads\/2022\/03\/KAIYU-10001-Porsche-911-with-930-pieces-4-300x289.png 300w, https:\/\/mouldking.store\/wp-content\/uploads\/2022\/03\/KAIYU-10001-Porsche-911-with-930-pieces-4-768x739.png 768w, https:\/\/mouldking.store\/wp-content\/uploads\/2022\/03\/KAIYU-10001-Porsche-911-with-930-pieces-4-600x577.png 600w, https:\/\/mouldking.store\/wp-content\/uploads\/2022\/03\/KAIYU-10001-Porsche-911-with-930-pieces-4-150x144.png 150w\" sizes=\"(max-width: 797px) 100vw, 797px\" \/><figcaption id=\"caption-attachment-30606\" class=\"wp-caption-text\">KAIYU 10001 Porsche 911 avec 930 pi\u00e8ces<\/figcaption><\/figure>\n<figure id=\"attachment_30605\" aria-describedby=\"caption-attachment-30605\" style=\"width: 791px\" class=\"wp-caption aligncenter\"><img decoding=\"async\" class=\"wp-image-30605 size-full\" src=\"https:\/\/mouldking.store\/wp-content\/uploads\/2022\/03\/KAIYU-10001-Porsche-911-with-930-pieces-3.png\" alt=\"KAIYU 10001 Porsche 911 with 930 pieces\" width=\"791\" height=\"632\" title=\"-\" srcset=\"https:\/\/mouldking.store\/wp-content\/uploads\/2022\/03\/KAIYU-10001-Porsche-911-with-930-pieces-3.png 791w, https:\/\/mouldking.store\/wp-content\/uploads\/2022\/03\/KAIYU-10001-Porsche-911-with-930-pieces-3-300x240.png 300w, https:\/\/mouldking.store\/wp-content\/uploads\/2022\/03\/KAIYU-10001-Porsche-911-with-930-pieces-3-768x614.png 768w, https:\/\/mouldking.store\/wp-content\/uploads\/2022\/03\/KAIYU-10001-Porsche-911-with-930-pieces-3-600x479.png 600w, https:\/\/mouldking.store\/wp-content\/uploads\/2022\/03\/KAIYU-10001-Porsche-911-with-930-pieces-3-150x120.png 150w\" sizes=\"(max-width: 791px) 100vw, 791px\" \/><figcaption id=\"caption-attachment-30605\" class=\"wp-caption-text\">KAIYU 10001 Porsche 911 avec 930 pi\u00e8ces<\/figcaption><\/figure>\n<figure id=\"attachment_30604\" aria-describedby=\"caption-attachment-30604\" style=\"width: 791px\" class=\"wp-caption aligncenter\"><img loading=\"lazy\" decoding=\"async\" class=\"wp-image-30604 size-full\" src=\"https:\/\/mouldking.store\/wp-content\/uploads\/2022\/03\/KAIYU-10001-Porsche-911-with-930-pieces-2.png\" alt=\"KAIYU 10001 Porsche 911 with 930 pieces\" width=\"791\" height=\"568\" title=\"-\" srcset=\"https:\/\/mouldking.store\/wp-content\/uploads\/2022\/03\/KAIYU-10001-Porsche-911-with-930-pieces-2.png 791w, https:\/\/mouldking.store\/wp-content\/uploads\/2022\/03\/KAIYU-10001-Porsche-911-with-930-pieces-2-300x215.png 300w, https:\/\/mouldking.store\/wp-content\/uploads\/2022\/03\/KAIYU-10001-Porsche-911-with-930-pieces-2-768x551.png 768w, https:\/\/mouldking.store\/wp-content\/uploads\/2022\/03\/KAIYU-10001-Porsche-911-with-930-pieces-2-600x431.png 600w, https:\/\/mouldking.store\/wp-content\/uploads\/2022\/03\/KAIYU-10001-Porsche-911-with-930-pieces-2-150x108.png 150w\" sizes=\"(max-width: 791px) 100vw, 791px\" \/><figcaption id=\"caption-attachment-30604\" class=\"wp-caption-text\">KAIYU 10001 Porsche 911 avec 930 pi\u00e8ces<\/figcaption><\/figure>\n<figure id=\"attachment_30603\" aria-describedby=\"caption-attachment-30603\" style=\"width: 778px\" class=\"wp-caption aligncenter\"><img loading=\"lazy\" decoding=\"async\" class=\"wp-image-30603 size-full\" src=\"https:\/\/mouldking.store\/wp-content\/uploads\/2022\/03\/KAIYU-10001-Porsche-911-with-930-pieces-1.png\" alt=\"KAIYU 10001 Porsche 911 with 930 pieces\" width=\"778\" height=\"499\" title=\"-\" srcset=\"https:\/\/mouldking.store\/wp-content\/uploads\/2022\/03\/KAIYU-10001-Porsche-911-with-930-pieces-1.png 778w, https:\/\/mouldking.store\/wp-content\/uploads\/2022\/03\/KAIYU-10001-Porsche-911-with-930-pieces-1-300x192.png 300w, https:\/\/mouldking.store\/wp-content\/uploads\/2022\/03\/KAIYU-10001-Porsche-911-with-930-pieces-1-768x493.png 768w, https:\/\/mouldking.store\/wp-content\/uploads\/2022\/03\/KAIYU-10001-Porsche-911-with-930-pieces-1-600x385.png 600w, https:\/\/mouldking.store\/wp-content\/uploads\/2022\/03\/KAIYU-10001-Porsche-911-with-930-pieces-1-150x96.png 150w\" sizes=\"(max-width: 778px) 100vw, 778px\" \/><figcaption id=\"caption-attachment-30603\" class=\"wp-caption-text\">KAIYU 10001 Porsche 911 avec 930 pi\u00e8ces<\/figcaption><\/figure>","protected":false},"excerpt":{"rendered":"<p>Product information: Brand: KAIYU Gender: Unisex Name: Porsche 911 Age Range: &gt; 6 years old Model Number: 10001 Classification: Assemblage Plastic Block Shape: Self-Locking Bricks Material: Plastic Plastic Type: ABS Bricks Blocks: 930 PCS Contains detailed assembly instructions. Notice: 1. Without an original box, but we guarantee our products have quality assurance and nice packaging. [&hellip;]<\/p>","protected":false},"featured_media":30602,"comment_status":"closed","ping_status":"closed","template":"","meta":{"_acf_changed":false},"product_cat":[364],"product_tag":[5178,5179,4982,5176,5175,5174,2754,5177],"class_list":["product","first","instock","shipping-taxable","purchasable","product-type-simple"],"acf":[],"_links":{"self":[{"href":"https:\/\/mouldking.store\/fr\/wp-json\/wp\/v2\/product\/30601","targetHints":{"allow":["GET"]}}],"collection":[{"href":"https:\/\/mouldking.store\/fr\/wp-json\/wp\/v2\/product"}],"about":[{"href":"https:\/\/mouldking.store\/fr\/wp-json\/wp\/v2\/types\/product"}],"replies":[{"embeddable":true,"href":"https:\/\/mouldking.store\/fr\/wp-json\/wp\/v2\/comments?post=30601"}],"wp:featuredmedia":[{"embeddable":true,"href":"https:\/\/mouldking.store\/fr\/wp-json\/wp\/v2\/media\/30602"}],"wp:attachment":[{"href":"https:\/\/mouldking.store\/fr\/wp-json\/wp\/v2\/media?parent=30601"}],"wp:term":[{"taxonomy":"product_cat","embeddable":true,"href":"https:\/\/mouldking.store\/fr\/wp-json\/wp\/v2\/product_cat?post=30601"},{"taxonomy":"product_tag","embeddable":true,"href":"https:\/\/mouldking.store\/fr\/wp-json\/wp\/v2\/product_tag?post=30601"}],"curies":[{"name":"wp","href":"https:\/\/api.w.org\/{rel}","templated":true}]}}