{"id":30659,"date":"2022-03-08T15:18:46","date_gmt":"2022-03-08T08:18:46","guid":{"rendered":"https:\/\/mouldking.store\/?post_type=product&#038;p=30659"},"modified":"2022-03-08T15:18:46","modified_gmt":"2022-03-08T08:18:46","slug":"mould-king-15046-rc-the-ever-changing-robot-with-606-pieces","status":"publish","type":"product","link":"https:\/\/mouldking.store\/fr\/shop\/mould-king-15046-rc-the-ever-changing-robot-with-606-pieces\/","title":{"rendered":"Mould King 15046 RC The Ever-changing Robot with 606 pieces"},"content":{"rendered":"<p>Information produit:<\/p>\n<ol>\n<li>Marque : Mold King<\/li>\n<li>Genre: Unisexe<\/li>\n<li>Name: RC The Ever-changing Robot<\/li>\n<li>Tranche d&#039;\u00e2ge : &gt; 8 ans<\/li>\n<li>Model Number: 15046<\/li>\n<li>Classement : Assemblage<\/li>\n<li>Forme de bloc en plastique\u00a0: briques autobloquantes<\/li>\n<li>Mat\u00e9riel: Plastique<\/li>\n<li>Type de plastique : ABS<\/li>\n<li>Bricks Blocks: 606 PCS<\/li>\n<li>Contient des instructions de montage d\u00e9taill\u00e9es.<\/li>\n<\/ol>\n<p>Avis:<br \/>\n1. Sans bo\u00eete d&#039;origine, mais nous garantissons que nos produits ont une assurance qualit\u00e9 et un bel emballage.<br \/>\n2. Comme toutes les pi\u00e8ces que nous avons v\u00e9rifi\u00e9es avant l&#039;exp\u00e9dition, donc si vous trouvez des pi\u00e8ces manquantes ou endommag\u00e9es, ne vous inqui\u00e9tez pas et veuillez nous contacter et nous pouvons vous les renvoyer imm\u00e9diatement gratuitement.<\/p>\n<figure id=\"attachment_30660\" aria-describedby=\"caption-attachment-30660\" style=\"width: 800px\" class=\"wp-caption aligncenter\"><img fetchpriority=\"high\" decoding=\"async\" class=\"wp-image-30660 size-full\" src=\"https:\/\/mouldking.store\/wp-content\/uploads\/2022\/03\/Mould-King-15046-RC-The-Ever-changing-Robot-with-606-pieces-1.jpg\" alt=\"Mould King 15046 RC The Ever-changing Robot with 606 pieces\" width=\"800\" height=\"800\" title=\"-\" srcset=\"https:\/\/mouldking.store\/wp-content\/uploads\/2022\/03\/Mould-King-15046-RC-The-Ever-changing-Robot-with-606-pieces-1.jpg 800w, https:\/\/mouldking.store\/wp-content\/uploads\/2022\/03\/Mould-King-15046-RC-The-Ever-changing-Robot-with-606-pieces-1-300x300.jpg 300w, https:\/\/mouldking.store\/wp-content\/uploads\/2022\/03\/Mould-King-15046-RC-The-Ever-changing-Robot-with-606-pieces-1-768x768.jpg 768w, https:\/\/mouldking.store\/wp-content\/uploads\/2022\/03\/Mould-King-15046-RC-The-Ever-changing-Robot-with-606-pieces-1-600x600.jpg 600w, https:\/\/mouldking.store\/wp-content\/uploads\/2022\/03\/Mould-King-15046-RC-The-Ever-changing-Robot-with-606-pieces-1-150x150.jpg 150w\" sizes=\"(max-width: 800px) 100vw, 800px\" \/><figcaption id=\"caption-attachment-30660\" class=\"wp-caption-text\">Mould King 15046 RC The Ever-changing Robot with 606 pieces<\/figcaption><\/figure>\n<figure id=\"attachment_30663\" aria-describedby=\"caption-attachment-30663\" style=\"width: 790px\" class=\"wp-caption aligncenter\"><img decoding=\"async\" class=\"wp-image-30663 size-full\" src=\"https:\/\/mouldking.store\/wp-content\/uploads\/2022\/03\/Mould-King-15046-RC-The-Ever-changing-Robot-with-606-pieces-4.jpg\" alt=\"Mould King 15046 RC The Ever-changing Robot with 606 pieces\" width=\"790\" height=\"615\" title=\"-\" srcset=\"https:\/\/mouldking.store\/wp-content\/uploads\/2022\/03\/Mould-King-15046-RC-The-Ever-changing-Robot-with-606-pieces-4.jpg 790w, https:\/\/mouldking.store\/wp-content\/uploads\/2022\/03\/Mould-King-15046-RC-The-Ever-changing-Robot-with-606-pieces-4-300x234.jpg 300w, https:\/\/mouldking.store\/wp-content\/uploads\/2022\/03\/Mould-King-15046-RC-The-Ever-changing-Robot-with-606-pieces-4-768x598.jpg 768w, https:\/\/mouldking.store\/wp-content\/uploads\/2022\/03\/Mould-King-15046-RC-The-Ever-changing-Robot-with-606-pieces-4-600x467.jpg 600w, https:\/\/mouldking.store\/wp-content\/uploads\/2022\/03\/Mould-King-15046-RC-The-Ever-changing-Robot-with-606-pieces-4-150x117.jpg 150w\" sizes=\"(max-width: 790px) 100vw, 790px\" \/><figcaption id=\"caption-attachment-30663\" class=\"wp-caption-text\">Mould King 15046 RC The Ever-changing Robot with 606 pieces<\/figcaption><\/figure>\n<figure id=\"attachment_30664\" aria-describedby=\"caption-attachment-30664\" style=\"width: 790px\" class=\"wp-caption aligncenter\"><img decoding=\"async\" class=\"wp-image-30664 size-full\" src=\"https:\/\/mouldking.store\/wp-content\/uploads\/2022\/03\/Mould-King-15046-RC-The-Ever-changing-Robot-with-606-pieces-5.jpg\" alt=\"Mould King 15046 RC The Ever-changing Robot with 606 pieces\" width=\"790\" height=\"712\" title=\"-\" srcset=\"https:\/\/mouldking.store\/wp-content\/uploads\/2022\/03\/Mould-King-15046-RC-The-Ever-changing-Robot-with-606-pieces-5.jpg 790w, https:\/\/mouldking.store\/wp-content\/uploads\/2022\/03\/Mould-King-15046-RC-The-Ever-changing-Robot-with-606-pieces-5-300x270.jpg 300w, https:\/\/mouldking.store\/wp-content\/uploads\/2022\/03\/Mould-King-15046-RC-The-Ever-changing-Robot-with-606-pieces-5-768x692.jpg 768w, https:\/\/mouldking.store\/wp-content\/uploads\/2022\/03\/Mould-King-15046-RC-The-Ever-changing-Robot-with-606-pieces-5-600x541.jpg 600w, https:\/\/mouldking.store\/wp-content\/uploads\/2022\/03\/Mould-King-15046-RC-The-Ever-changing-Robot-with-606-pieces-5-150x135.jpg 150w\" sizes=\"(max-width: 790px) 100vw, 790px\" \/><figcaption id=\"caption-attachment-30664\" class=\"wp-caption-text\">Mould King 15046 RC The Ever-changing Robot with 606 pieces<\/figcaption><\/figure>\n<figure id=\"attachment_30665\" aria-describedby=\"caption-attachment-30665\" style=\"width: 790px\" class=\"wp-caption aligncenter\"><img loading=\"lazy\" decoding=\"async\" class=\"wp-image-30665 size-full\" src=\"https:\/\/mouldking.store\/wp-content\/uploads\/2022\/03\/Mould-King-15046-RC-The-Ever-changing-Robot-with-606-pieces-6.jpg\" alt=\"Mould King 15046 RC The Ever-changing Robot with 606 pieces\" width=\"790\" height=\"710\" title=\"-\" srcset=\"https:\/\/mouldking.store\/wp-content\/uploads\/2022\/03\/Mould-King-15046-RC-The-Ever-changing-Robot-with-606-pieces-6.jpg 790w, https:\/\/mouldking.store\/wp-content\/uploads\/2022\/03\/Mould-King-15046-RC-The-Ever-changing-Robot-with-606-pieces-6-300x270.jpg 300w, https:\/\/mouldking.store\/wp-content\/uploads\/2022\/03\/Mould-King-15046-RC-The-Ever-changing-Robot-with-606-pieces-6-768x690.jpg 768w, https:\/\/mouldking.store\/wp-content\/uploads\/2022\/03\/Mould-King-15046-RC-The-Ever-changing-Robot-with-606-pieces-6-600x539.jpg 600w, https:\/\/mouldking.store\/wp-content\/uploads\/2022\/03\/Mould-King-15046-RC-The-Ever-changing-Robot-with-606-pieces-6-150x135.jpg 150w\" sizes=\"(max-width: 790px) 100vw, 790px\" \/><figcaption id=\"caption-attachment-30665\" class=\"wp-caption-text\">Mould King 15046 RC The Ever-changing Robot with 606 pieces<\/figcaption><\/figure>\n<figure id=\"attachment_30666\" aria-describedby=\"caption-attachment-30666\" style=\"width: 790px\" class=\"wp-caption aligncenter\"><img loading=\"lazy\" decoding=\"async\" class=\"wp-image-30666 size-full\" src=\"https:\/\/mouldking.store\/wp-content\/uploads\/2022\/03\/Mould-King-15046-RC-The-Ever-changing-Robot-with-606-pieces-7.jpg\" alt=\"Mould King 15046 RC The Ever-changing Robot with 606 pieces\" width=\"790\" height=\"502\" title=\"-\" srcset=\"https:\/\/mouldking.store\/wp-content\/uploads\/2022\/03\/Mould-King-15046-RC-The-Ever-changing-Robot-with-606-pieces-7.jpg 790w, https:\/\/mouldking.store\/wp-content\/uploads\/2022\/03\/Mould-King-15046-RC-The-Ever-changing-Robot-with-606-pieces-7-300x191.jpg 300w, https:\/\/mouldking.store\/wp-content\/uploads\/2022\/03\/Mould-King-15046-RC-The-Ever-changing-Robot-with-606-pieces-7-768x488.jpg 768w, https:\/\/mouldking.store\/wp-content\/uploads\/2022\/03\/Mould-King-15046-RC-The-Ever-changing-Robot-with-606-pieces-7-600x381.jpg 600w, https:\/\/mouldking.store\/wp-content\/uploads\/2022\/03\/Mould-King-15046-RC-The-Ever-changing-Robot-with-606-pieces-7-150x95.jpg 150w\" sizes=\"(max-width: 790px) 100vw, 790px\" \/><figcaption id=\"caption-attachment-30666\" class=\"wp-caption-text\">Mould King 15046 RC The Ever-changing Robot with 606 pieces<\/figcaption><\/figure>\n<figure id=\"attachment_30667\" aria-describedby=\"caption-attachment-30667\" style=\"width: 790px\" class=\"wp-caption aligncenter\"><img loading=\"lazy\" decoding=\"async\" class=\"wp-image-30667 size-full\" src=\"https:\/\/mouldking.store\/wp-content\/uploads\/2022\/03\/Mould-King-15046-RC-The-Ever-changing-Robot-with-606-pieces-8.jpg\" alt=\"Mould King 15046 RC The Ever-changing Robot with 606 pieces\" width=\"790\" height=\"700\" title=\"-\" srcset=\"https:\/\/mouldking.store\/wp-content\/uploads\/2022\/03\/Mould-King-15046-RC-The-Ever-changing-Robot-with-606-pieces-8.jpg 790w, https:\/\/mouldking.store\/wp-content\/uploads\/2022\/03\/Mould-King-15046-RC-The-Ever-changing-Robot-with-606-pieces-8-300x266.jpg 300w, https:\/\/mouldking.store\/wp-content\/uploads\/2022\/03\/Mould-King-15046-RC-The-Ever-changing-Robot-with-606-pieces-8-768x681.jpg 768w, https:\/\/mouldking.store\/wp-content\/uploads\/2022\/03\/Mould-King-15046-RC-The-Ever-changing-Robot-with-606-pieces-8-600x532.jpg 600w, https:\/\/mouldking.store\/wp-content\/uploads\/2022\/03\/Mould-King-15046-RC-The-Ever-changing-Robot-with-606-pieces-8-150x133.jpg 150w\" sizes=\"(max-width: 790px) 100vw, 790px\" \/><figcaption id=\"caption-attachment-30667\" class=\"wp-caption-text\">Mould King 15046 RC The Ever-changing Robot with 606 pieces<\/figcaption><\/figure>\n<figure id=\"attachment_30662\" aria-describedby=\"caption-attachment-30662\" style=\"width: 790px\" class=\"wp-caption aligncenter\"><img loading=\"lazy\" decoding=\"async\" class=\"wp-image-30662 size-full\" src=\"https:\/\/mouldking.store\/wp-content\/uploads\/2022\/03\/Mould-King-15046-RC-The-Ever-changing-Robot-with-606-pieces-3.jpg\" alt=\"Mould King 15046 RC The Ever-changing Robot with 606 pieces\" width=\"790\" height=\"532\" title=\"-\" srcset=\"https:\/\/mouldking.store\/wp-content\/uploads\/2022\/03\/Mould-King-15046-RC-The-Ever-changing-Robot-with-606-pieces-3.jpg 790w, https:\/\/mouldking.store\/wp-content\/uploads\/2022\/03\/Mould-King-15046-RC-The-Ever-changing-Robot-with-606-pieces-3-300x202.jpg 300w, https:\/\/mouldking.store\/wp-content\/uploads\/2022\/03\/Mould-King-15046-RC-The-Ever-changing-Robot-with-606-pieces-3-768x517.jpg 768w, https:\/\/mouldking.store\/wp-content\/uploads\/2022\/03\/Mould-King-15046-RC-The-Ever-changing-Robot-with-606-pieces-3-600x404.jpg 600w, https:\/\/mouldking.store\/wp-content\/uploads\/2022\/03\/Mould-King-15046-RC-The-Ever-changing-Robot-with-606-pieces-3-150x101.jpg 150w\" sizes=\"(max-width: 790px) 100vw, 790px\" \/><figcaption id=\"caption-attachment-30662\" class=\"wp-caption-text\">Mould King 15046 RC The Ever-changing Robot with 606 pieces<\/figcaption><\/figure>\n<figure id=\"attachment_30661\" aria-describedby=\"caption-attachment-30661\" style=\"width: 755px\" class=\"wp-caption aligncenter\"><img loading=\"lazy\" decoding=\"async\" class=\"wp-image-30661 size-full\" src=\"https:\/\/mouldking.store\/wp-content\/uploads\/2022\/03\/Mould-King-15046-RC-The-Ever-changing-Robot-with-606-pieces-2.jpg\" alt=\"Mould King 15046 RC The Ever-changing Robot with 606 pieces\" width=\"755\" height=\"1024\" title=\"-\" srcset=\"https:\/\/mouldking.store\/wp-content\/uploads\/2022\/03\/Mould-King-15046-RC-The-Ever-changing-Robot-with-606-pieces-2.jpg 755w, https:\/\/mouldking.store\/wp-content\/uploads\/2022\/03\/Mould-King-15046-RC-The-Ever-changing-Robot-with-606-pieces-2-221x300.jpg 221w, https:\/\/mouldking.store\/wp-content\/uploads\/2022\/03\/Mould-King-15046-RC-The-Ever-changing-Robot-with-606-pieces-2-300x407.jpg 300w, https:\/\/mouldking.store\/wp-content\/uploads\/2022\/03\/Mould-King-15046-RC-The-Ever-changing-Robot-with-606-pieces-2-600x814.jpg 600w, https:\/\/mouldking.store\/wp-content\/uploads\/2022\/03\/Mould-King-15046-RC-The-Ever-changing-Robot-with-606-pieces-2-111x150.jpg 111w\" sizes=\"(max-width: 755px) 100vw, 755px\" \/><figcaption id=\"caption-attachment-30661\" class=\"wp-caption-text\">Mould King 15046 RC The Ever-changing Robot with 606 pieces<\/figcaption><\/figure>","protected":false},"excerpt":{"rendered":"<p>Product information: Brand: Mould King Gender: Unisex Name: RC The Ever-changing Robot Age Range: &gt; 8 years old Model Number: 15046 Classification: Assemblage Plastic Block Shape: Self-Locking Bricks Material: Plastic Plastic Type: ABS Bricks Blocks: 606 PCS Contains detailed assembly instructions. Notice: 1. Without an original box, but we guarantee our products have quality assurance [&hellip;]<\/p>","protected":false},"featured_media":30660,"comment_status":"closed","ping_status":"closed","template":"","meta":{"_acf_changed":false},"product_cat":[371],"product_tag":[5197,5199,615,5195,5194,5193,481,5196,590,5198],"class_list":["product","first","instock","shipping-taxable","purchasable","product-type-simple"],"acf":[],"_links":{"self":[{"href":"https:\/\/mouldking.store\/fr\/wp-json\/wp\/v2\/product\/30659","targetHints":{"allow":["GET"]}}],"collection":[{"href":"https:\/\/mouldking.store\/fr\/wp-json\/wp\/v2\/product"}],"about":[{"href":"https:\/\/mouldking.store\/fr\/wp-json\/wp\/v2\/types\/product"}],"replies":[{"embeddable":true,"href":"https:\/\/mouldking.store\/fr\/wp-json\/wp\/v2\/comments?post=30659"}],"wp:featuredmedia":[{"embeddable":true,"href":"https:\/\/mouldking.store\/fr\/wp-json\/wp\/v2\/media\/30660"}],"wp:attachment":[{"href":"https:\/\/mouldking.store\/fr\/wp-json\/wp\/v2\/media?parent=30659"}],"wp:term":[{"taxonomy":"product_cat","embeddable":true,"href":"https:\/\/mouldking.store\/fr\/wp-json\/wp\/v2\/product_cat?post=30659"},{"taxonomy":"product_tag","embeddable":true,"href":"https:\/\/mouldking.store\/fr\/wp-json\/wp\/v2\/product_tag?post=30659"}],"curies":[{"name":"wp","href":"https:\/\/api.w.org\/{rel}","templated":true}]}}