{"id":30715,"date":"2022-03-08T15:53:41","date_gmt":"2022-03-08T08:53:41","guid":{"rendered":"https:\/\/mouldking.store\/?post_type=product&#038;p=30715"},"modified":"2022-03-08T15:53:42","modified_gmt":"2022-03-08T08:53:42","slug":"dk-1502-one-piece-twelve-saijo-o-wazamono-with-936-pieces","status":"publish","type":"product","link":"https:\/\/mouldking.store\/fr\/shop\/dk-1502-one-piece-twelve-saijo-o-wazamono-with-936-pieces\/","title":{"rendered":"DK 1502 One Piece Douze Saijo O Wazamono avec 936 pi\u00e8ces"},"content":{"rendered":"<p>Information produit:<\/p>\n<ol>\n<li>Marque : DK<\/li>\n<li>Genre: Unisexe<\/li>\n<li>Name: One Piece Twelve Saijo O Wazamono<\/li>\n<li>Tranche d&#039;\u00e2ge : &gt; 8 ans<\/li>\n<li>Model Number: 1502<\/li>\n<li>Classement : Assemblage<\/li>\n<li>Forme de bloc en plastique\u00a0: briques autobloquantes<\/li>\n<li>Mat\u00e9riel: Plastique<\/li>\n<li>Type de plastique : ABS<\/li>\n<li>Bricks Blocks: 936 PCS<\/li>\n<li>Contient des instructions de montage d\u00e9taill\u00e9es.<\/li>\n<\/ol>\n<p>Avis:<br \/>\n1. Sans bo\u00eete d&#039;origine, mais nous garantissons que nos produits ont une assurance qualit\u00e9 et un bel emballage.<br \/>\n2. Comme toutes les pi\u00e8ces que nous avons v\u00e9rifi\u00e9es avant l&#039;exp\u00e9dition, donc si vous trouvez des pi\u00e8ces manquantes ou endommag\u00e9es, ne vous inqui\u00e9tez pas et veuillez nous contacter et nous pouvons vous les renvoyer imm\u00e9diatement gratuitement.<\/p>\n<figure id=\"attachment_30716\" aria-describedby=\"caption-attachment-30716\" style=\"width: 643px\" class=\"wp-caption aligncenter\"><img fetchpriority=\"high\" decoding=\"async\" class=\"wp-image-30716 size-full\" src=\"https:\/\/mouldking.store\/wp-content\/uploads\/2022\/03\/DK-1502-One-Piece-Twelve-Saijo-O-Wazamono-with-936-pieces-1.jpg\" alt=\"DK 1502 One Piece Twelve Saijo O Wazamono with 936 pieces\" width=\"643\" height=\"1024\" title=\"-\" srcset=\"https:\/\/mouldking.store\/wp-content\/uploads\/2022\/03\/DK-1502-One-Piece-Twelve-Saijo-O-Wazamono-with-936-pieces-1.jpg 643w, https:\/\/mouldking.store\/wp-content\/uploads\/2022\/03\/DK-1502-One-Piece-Twelve-Saijo-O-Wazamono-with-936-pieces-1-188x300.jpg 188w, https:\/\/mouldking.store\/wp-content\/uploads\/2022\/03\/DK-1502-One-Piece-Twelve-Saijo-O-Wazamono-with-936-pieces-1-300x478.jpg 300w, https:\/\/mouldking.store\/wp-content\/uploads\/2022\/03\/DK-1502-One-Piece-Twelve-Saijo-O-Wazamono-with-936-pieces-1-600x956.jpg 600w, https:\/\/mouldking.store\/wp-content\/uploads\/2022\/03\/DK-1502-One-Piece-Twelve-Saijo-O-Wazamono-with-936-pieces-1-94x150.jpg 94w\" sizes=\"(max-width: 643px) 100vw, 643px\" \/><figcaption id=\"caption-attachment-30716\" class=\"wp-caption-text\">DK 1502 One Piece Douze Saijo O Wazamono avec 936 pi\u00e8ces<\/figcaption><\/figure>\n<figure id=\"attachment_30717\" aria-describedby=\"caption-attachment-30717\" style=\"width: 800px\" class=\"wp-caption aligncenter\"><img decoding=\"async\" class=\"wp-image-30717 size-full\" src=\"https:\/\/mouldking.store\/wp-content\/uploads\/2022\/03\/DK-1502-One-Piece-Twelve-Saijo-O-Wazamono-with-936-pieces-2.jpg\" alt=\"DK 1502 One Piece Twelve Saijo O Wazamono with 936 pieces\" width=\"800\" height=\"800\" title=\"-\" srcset=\"https:\/\/mouldking.store\/wp-content\/uploads\/2022\/03\/DK-1502-One-Piece-Twelve-Saijo-O-Wazamono-with-936-pieces-2.jpg 800w, https:\/\/mouldking.store\/wp-content\/uploads\/2022\/03\/DK-1502-One-Piece-Twelve-Saijo-O-Wazamono-with-936-pieces-2-300x300.jpg 300w, https:\/\/mouldking.store\/wp-content\/uploads\/2022\/03\/DK-1502-One-Piece-Twelve-Saijo-O-Wazamono-with-936-pieces-2-768x768.jpg 768w, https:\/\/mouldking.store\/wp-content\/uploads\/2022\/03\/DK-1502-One-Piece-Twelve-Saijo-O-Wazamono-with-936-pieces-2-600x600.jpg 600w, https:\/\/mouldking.store\/wp-content\/uploads\/2022\/03\/DK-1502-One-Piece-Twelve-Saijo-O-Wazamono-with-936-pieces-2-150x150.jpg 150w\" sizes=\"(max-width: 800px) 100vw, 800px\" \/><figcaption id=\"caption-attachment-30717\" class=\"wp-caption-text\">DK 1502 One Piece Douze Saijo O Wazamono avec 936 pi\u00e8ces<\/figcaption><\/figure>\n<figure id=\"attachment_30725\" aria-describedby=\"caption-attachment-30725\" style=\"width: 801px\" class=\"wp-caption aligncenter\"><img decoding=\"async\" class=\"wp-image-30725 size-full\" src=\"https:\/\/mouldking.store\/wp-content\/uploads\/2022\/03\/DK-1502-One-Piece-Twelve-Saijo-O-Wazamono-with-936-pieces-10.jpg\" alt=\"DK 1502 One Piece Twelve Saijo O Wazamono with 936 pieces\" width=\"801\" height=\"868\" title=\"-\" srcset=\"https:\/\/mouldking.store\/wp-content\/uploads\/2022\/03\/DK-1502-One-Piece-Twelve-Saijo-O-Wazamono-with-936-pieces-10.jpg 801w, https:\/\/mouldking.store\/wp-content\/uploads\/2022\/03\/DK-1502-One-Piece-Twelve-Saijo-O-Wazamono-with-936-pieces-10-277x300.jpg 277w, https:\/\/mouldking.store\/wp-content\/uploads\/2022\/03\/DK-1502-One-Piece-Twelve-Saijo-O-Wazamono-with-936-pieces-10-768x832.jpg 768w, https:\/\/mouldking.store\/wp-content\/uploads\/2022\/03\/DK-1502-One-Piece-Twelve-Saijo-O-Wazamono-with-936-pieces-10-300x325.jpg 300w, https:\/\/mouldking.store\/wp-content\/uploads\/2022\/03\/DK-1502-One-Piece-Twelve-Saijo-O-Wazamono-with-936-pieces-10-600x650.jpg 600w, https:\/\/mouldking.store\/wp-content\/uploads\/2022\/03\/DK-1502-One-Piece-Twelve-Saijo-O-Wazamono-with-936-pieces-10-138x150.jpg 138w\" sizes=\"(max-width: 801px) 100vw, 801px\" \/><figcaption id=\"caption-attachment-30725\" class=\"wp-caption-text\">DK 1502 One Piece Douze Saijo O Wazamono avec 936 pi\u00e8ces<\/figcaption><\/figure>\n<figure id=\"attachment_30724\" aria-describedby=\"caption-attachment-30724\" style=\"width: 801px\" class=\"wp-caption aligncenter\"><img loading=\"lazy\" decoding=\"async\" class=\"wp-image-30724 size-full\" src=\"https:\/\/mouldking.store\/wp-content\/uploads\/2022\/03\/DK-1502-One-Piece-Twelve-Saijo-O-Wazamono-with-936-pieces-9.jpg\" alt=\"DK 1502 One Piece Twelve Saijo O Wazamono with 936 pieces\" width=\"801\" height=\"875\" title=\"-\" srcset=\"https:\/\/mouldking.store\/wp-content\/uploads\/2022\/03\/DK-1502-One-Piece-Twelve-Saijo-O-Wazamono-with-936-pieces-9.jpg 801w, https:\/\/mouldking.store\/wp-content\/uploads\/2022\/03\/DK-1502-One-Piece-Twelve-Saijo-O-Wazamono-with-936-pieces-9-275x300.jpg 275w, https:\/\/mouldking.store\/wp-content\/uploads\/2022\/03\/DK-1502-One-Piece-Twelve-Saijo-O-Wazamono-with-936-pieces-9-768x839.jpg 768w, https:\/\/mouldking.store\/wp-content\/uploads\/2022\/03\/DK-1502-One-Piece-Twelve-Saijo-O-Wazamono-with-936-pieces-9-300x328.jpg 300w, https:\/\/mouldking.store\/wp-content\/uploads\/2022\/03\/DK-1502-One-Piece-Twelve-Saijo-O-Wazamono-with-936-pieces-9-600x655.jpg 600w, https:\/\/mouldking.store\/wp-content\/uploads\/2022\/03\/DK-1502-One-Piece-Twelve-Saijo-O-Wazamono-with-936-pieces-9-137x150.jpg 137w\" sizes=\"(max-width: 801px) 100vw, 801px\" \/><figcaption id=\"caption-attachment-30724\" class=\"wp-caption-text\">DK 1502 One Piece Douze Saijo O Wazamono avec 936 pi\u00e8ces<\/figcaption><\/figure>\n<figure id=\"attachment_30723\" aria-describedby=\"caption-attachment-30723\" style=\"width: 801px\" class=\"wp-caption aligncenter\"><img loading=\"lazy\" decoding=\"async\" class=\"wp-image-30723 size-full\" src=\"https:\/\/mouldking.store\/wp-content\/uploads\/2022\/03\/DK-1502-One-Piece-Twelve-Saijo-O-Wazamono-with-936-pieces-8.jpg\" alt=\"DK 1502 One Piece Twelve Saijo O Wazamono with 936 pieces\" width=\"801\" height=\"555\" title=\"-\" srcset=\"https:\/\/mouldking.store\/wp-content\/uploads\/2022\/03\/DK-1502-One-Piece-Twelve-Saijo-O-Wazamono-with-936-pieces-8.jpg 801w, https:\/\/mouldking.store\/wp-content\/uploads\/2022\/03\/DK-1502-One-Piece-Twelve-Saijo-O-Wazamono-with-936-pieces-8-300x208.jpg 300w, https:\/\/mouldking.store\/wp-content\/uploads\/2022\/03\/DK-1502-One-Piece-Twelve-Saijo-O-Wazamono-with-936-pieces-8-768x532.jpg 768w, https:\/\/mouldking.store\/wp-content\/uploads\/2022\/03\/DK-1502-One-Piece-Twelve-Saijo-O-Wazamono-with-936-pieces-8-600x416.jpg 600w, https:\/\/mouldking.store\/wp-content\/uploads\/2022\/03\/DK-1502-One-Piece-Twelve-Saijo-O-Wazamono-with-936-pieces-8-150x104.jpg 150w\" sizes=\"(max-width: 801px) 100vw, 801px\" \/><figcaption id=\"caption-attachment-30723\" class=\"wp-caption-text\">DK 1502 One Piece Douze Saijo O Wazamono avec 936 pi\u00e8ces<\/figcaption><\/figure>\n<figure id=\"attachment_30722\" aria-describedby=\"caption-attachment-30722\" style=\"width: 801px\" class=\"wp-caption aligncenter\"><img loading=\"lazy\" decoding=\"async\" class=\"wp-image-30722 size-full\" src=\"https:\/\/mouldking.store\/wp-content\/uploads\/2022\/03\/DK-1502-One-Piece-Twelve-Saijo-O-Wazamono-with-936-pieces-7.jpg\" alt=\"DK 1502 One Piece Twelve Saijo O Wazamono with 936 pieces\" width=\"801\" height=\"430\" title=\"-\" srcset=\"https:\/\/mouldking.store\/wp-content\/uploads\/2022\/03\/DK-1502-One-Piece-Twelve-Saijo-O-Wazamono-with-936-pieces-7.jpg 801w, https:\/\/mouldking.store\/wp-content\/uploads\/2022\/03\/DK-1502-One-Piece-Twelve-Saijo-O-Wazamono-with-936-pieces-7-300x161.jpg 300w, https:\/\/mouldking.store\/wp-content\/uploads\/2022\/03\/DK-1502-One-Piece-Twelve-Saijo-O-Wazamono-with-936-pieces-7-768x412.jpg 768w, https:\/\/mouldking.store\/wp-content\/uploads\/2022\/03\/DK-1502-One-Piece-Twelve-Saijo-O-Wazamono-with-936-pieces-7-600x322.jpg 600w, https:\/\/mouldking.store\/wp-content\/uploads\/2022\/03\/DK-1502-One-Piece-Twelve-Saijo-O-Wazamono-with-936-pieces-7-150x81.jpg 150w\" sizes=\"(max-width: 801px) 100vw, 801px\" \/><figcaption id=\"caption-attachment-30722\" class=\"wp-caption-text\">DK 1502 One Piece Douze Saijo O Wazamono avec 936 pi\u00e8ces<\/figcaption><\/figure>\n<figure id=\"attachment_30721\" aria-describedby=\"caption-attachment-30721\" style=\"width: 800px\" class=\"wp-caption aligncenter\"><img loading=\"lazy\" decoding=\"async\" class=\"wp-image-30721 size-full\" src=\"https:\/\/mouldking.store\/wp-content\/uploads\/2022\/03\/DK-1502-One-Piece-Twelve-Saijo-O-Wazamono-with-936-pieces-6.jpg\" alt=\"DK 1502 One Piece Twelve Saijo O Wazamono with 936 pieces\" width=\"800\" height=\"666\" title=\"-\" srcset=\"https:\/\/mouldking.store\/wp-content\/uploads\/2022\/03\/DK-1502-One-Piece-Twelve-Saijo-O-Wazamono-with-936-pieces-6.jpg 800w, https:\/\/mouldking.store\/wp-content\/uploads\/2022\/03\/DK-1502-One-Piece-Twelve-Saijo-O-Wazamono-with-936-pieces-6-300x250.jpg 300w, https:\/\/mouldking.store\/wp-content\/uploads\/2022\/03\/DK-1502-One-Piece-Twelve-Saijo-O-Wazamono-with-936-pieces-6-768x639.jpg 768w, https:\/\/mouldking.store\/wp-content\/uploads\/2022\/03\/DK-1502-One-Piece-Twelve-Saijo-O-Wazamono-with-936-pieces-6-600x500.jpg 600w, https:\/\/mouldking.store\/wp-content\/uploads\/2022\/03\/DK-1502-One-Piece-Twelve-Saijo-O-Wazamono-with-936-pieces-6-150x125.jpg 150w\" sizes=\"(max-width: 800px) 100vw, 800px\" \/><figcaption id=\"caption-attachment-30721\" class=\"wp-caption-text\">DK 1502 One Piece Douze Saijo O Wazamono avec 936 pi\u00e8ces<\/figcaption><\/figure>","protected":false},"excerpt":{"rendered":"<p>Product information: Brand: DK Gender: Unisex Name: One Piece Twelve Saijo O Wazamono Age Range: &gt; 8 years old Model Number: 1502 Classification: Assemblage Plastic Block Shape: Self-Locking Bricks Material: Plastic Plastic Type: ABS Bricks Blocks: 936 PCS Contains detailed assembly instructions. Notice: 1. Without an original box, but we guarantee our products have quality [&hellip;]<\/p>","protected":false},"featured_media":30717,"comment_status":"closed","ping_status":"closed","template":"","meta":{"_acf_changed":false},"product_cat":[581],"product_tag":[5246,2914,5244,5243,5242,1824,5245,5248,5247,5249],"class_list":["product","first","instock","shipping-taxable","purchasable","product-type-simple"],"acf":[],"_links":{"self":[{"href":"https:\/\/mouldking.store\/fr\/wp-json\/wp\/v2\/product\/30715","targetHints":{"allow":["GET"]}}],"collection":[{"href":"https:\/\/mouldking.store\/fr\/wp-json\/wp\/v2\/product"}],"about":[{"href":"https:\/\/mouldking.store\/fr\/wp-json\/wp\/v2\/types\/product"}],"replies":[{"embeddable":true,"href":"https:\/\/mouldking.store\/fr\/wp-json\/wp\/v2\/comments?post=30715"}],"wp:featuredmedia":[{"embeddable":true,"href":"https:\/\/mouldking.store\/fr\/wp-json\/wp\/v2\/media\/30717"}],"wp:attachment":[{"href":"https:\/\/mouldking.store\/fr\/wp-json\/wp\/v2\/media?parent=30715"}],"wp:term":[{"taxonomy":"product_cat","embeddable":true,"href":"https:\/\/mouldking.store\/fr\/wp-json\/wp\/v2\/product_cat?post=30715"},{"taxonomy":"product_tag","embeddable":true,"href":"https:\/\/mouldking.store\/fr\/wp-json\/wp\/v2\/product_tag?post=30715"}],"curies":[{"name":"wp","href":"https:\/\/api.w.org\/{rel}","templated":true}]}}