{"id":30807,"date":"2022-03-08T16:59:18","date_gmt":"2022-03-08T09:59:18","guid":{"rendered":"https:\/\/mouldking.store\/?post_type=product&#038;p=30807"},"modified":"2022-03-08T16:59:19","modified_gmt":"2022-03-08T09:59:19","slug":"quanguan-725-one-piece-twelve-saijo-o-wazamono-with-936-pieces","status":"publish","type":"product","link":"https:\/\/mouldking.store\/fr\/shop\/quanguan-725-one-piece-twelve-saijo-o-wazamono-with-936-pieces\/","title":{"rendered":"QuanGuan 725 One Piece Douze Saijo O Wazamono avec 936 pi\u00e8ces"},"content":{"rendered":"<p>Information produit:<\/p>\n<ol>\n<li>Marque : QuanGuan<\/li>\n<li>Genre: Unisexe<\/li>\n<li>Name: One Piece Twelve Saijo O Wazamono<\/li>\n<li>Tranche d&#039;\u00e2ge : &gt; 6 ans<\/li>\n<li>Model Number: 725<\/li>\n<li>Classement : Assemblage<\/li>\n<li>Forme de bloc en plastique\u00a0: briques autobloquantes<\/li>\n<li>Mat\u00e9riel: Plastique<\/li>\n<li>Type de plastique : ABS<\/li>\n<li>Bricks Blocks: 936 PCS<\/li>\n<li>Contient des instructions de montage d\u00e9taill\u00e9es.<\/li>\n<\/ol>\n<p>Avis:<br \/>\n1. Sans bo\u00eete d&#039;origine, mais nous garantissons que nos produits ont une assurance qualit\u00e9 et un bel emballage.<br \/>\n2. Comme toutes les pi\u00e8ces que nous avons v\u00e9rifi\u00e9es avant l&#039;exp\u00e9dition, donc si vous trouvez des pi\u00e8ces manquantes ou endommag\u00e9es, ne vous inqui\u00e9tez pas et veuillez nous contacter et nous pouvons vous les renvoyer imm\u00e9diatement gratuitement.<\/p>\n<p>&nbsp;<\/p>\n<figure id=\"attachment_30808\" aria-describedby=\"caption-attachment-30808\" style=\"width: 800px\" class=\"wp-caption aligncenter\"><img fetchpriority=\"high\" decoding=\"async\" class=\"wp-image-30808 size-full\" src=\"https:\/\/mouldking.store\/wp-content\/uploads\/2022\/03\/QuanGuan-725-One-Piece-Twelve-Saijo-O-Wazamono-1-1.png\" alt=\"QuanGuan 725 One Piece Twelve Saijo O Wazamono with 936 pieces\" width=\"800\" height=\"800\" title=\"-\" srcset=\"https:\/\/mouldking.store\/wp-content\/uploads\/2022\/03\/QuanGuan-725-One-Piece-Twelve-Saijo-O-Wazamono-1-1.png 800w, https:\/\/mouldking.store\/wp-content\/uploads\/2022\/03\/QuanGuan-725-One-Piece-Twelve-Saijo-O-Wazamono-1-1-300x300.png 300w, https:\/\/mouldking.store\/wp-content\/uploads\/2022\/03\/QuanGuan-725-One-Piece-Twelve-Saijo-O-Wazamono-1-1-768x768.png 768w, https:\/\/mouldking.store\/wp-content\/uploads\/2022\/03\/QuanGuan-725-One-Piece-Twelve-Saijo-O-Wazamono-1-1-600x600.png 600w, https:\/\/mouldking.store\/wp-content\/uploads\/2022\/03\/QuanGuan-725-One-Piece-Twelve-Saijo-O-Wazamono-1-1-150x150.png 150w\" sizes=\"(max-width: 800px) 100vw, 800px\" \/><figcaption id=\"caption-attachment-30808\" class=\"wp-caption-text\">QuanGuan 725 One Piece Douze Saijo O Wazamono avec 936 pi\u00e8ces<\/figcaption><\/figure>\n<figure id=\"attachment_30811\" aria-describedby=\"caption-attachment-30811\" style=\"width: 512px\" class=\"wp-caption aligncenter\"><img decoding=\"async\" class=\"wp-image-30811 size-full\" src=\"https:\/\/mouldking.store\/wp-content\/uploads\/2022\/03\/QuanGuan-725-One-Piece-Twelve-Saijo-O-Wazamono-4-1.png\" alt=\"QuanGuan 725 One Piece Twelve Saijo O Wazamono with 936 pieces\" width=\"512\" height=\"1024\" title=\"-\" srcset=\"https:\/\/mouldking.store\/wp-content\/uploads\/2022\/03\/QuanGuan-725-One-Piece-Twelve-Saijo-O-Wazamono-4-1.png 512w, https:\/\/mouldking.store\/wp-content\/uploads\/2022\/03\/QuanGuan-725-One-Piece-Twelve-Saijo-O-Wazamono-4-1-150x300.png 150w, https:\/\/mouldking.store\/wp-content\/uploads\/2022\/03\/QuanGuan-725-One-Piece-Twelve-Saijo-O-Wazamono-4-1-300x600.png 300w, https:\/\/mouldking.store\/wp-content\/uploads\/2022\/03\/QuanGuan-725-One-Piece-Twelve-Saijo-O-Wazamono-4-1-75x150.png 75w\" sizes=\"(max-width: 512px) 100vw, 512px\" \/><figcaption id=\"caption-attachment-30811\" class=\"wp-caption-text\">QuanGuan 725 One Piece Douze Saijo O Wazamono avec 936 pi\u00e8ces<\/figcaption><\/figure>\n<figure id=\"attachment_30809\" aria-describedby=\"caption-attachment-30809\" style=\"width: 964px\" class=\"wp-caption aligncenter\"><img decoding=\"async\" class=\"wp-image-30809 size-full\" src=\"https:\/\/mouldking.store\/wp-content\/uploads\/2022\/03\/QuanGuan-725-One-Piece-Twelve-Saijo-O-Wazamono-2-1.png\" alt=\"QuanGuan 725 One Piece Twelve Saijo O Wazamono with 936 pieces\" width=\"964\" height=\"1024\" title=\"-\" srcset=\"https:\/\/mouldking.store\/wp-content\/uploads\/2022\/03\/QuanGuan-725-One-Piece-Twelve-Saijo-O-Wazamono-2-1.png 964w, https:\/\/mouldking.store\/wp-content\/uploads\/2022\/03\/QuanGuan-725-One-Piece-Twelve-Saijo-O-Wazamono-2-1-282x300.png 282w, https:\/\/mouldking.store\/wp-content\/uploads\/2022\/03\/QuanGuan-725-One-Piece-Twelve-Saijo-O-Wazamono-2-1-768x816.png 768w, https:\/\/mouldking.store\/wp-content\/uploads\/2022\/03\/QuanGuan-725-One-Piece-Twelve-Saijo-O-Wazamono-2-1-300x319.png 300w, https:\/\/mouldking.store\/wp-content\/uploads\/2022\/03\/QuanGuan-725-One-Piece-Twelve-Saijo-O-Wazamono-2-1-600x637.png 600w, https:\/\/mouldking.store\/wp-content\/uploads\/2022\/03\/QuanGuan-725-One-Piece-Twelve-Saijo-O-Wazamono-2-1-141x150.png 141w\" sizes=\"(max-width: 964px) 100vw, 964px\" \/><figcaption id=\"caption-attachment-30809\" class=\"wp-caption-text\">QuanGuan 725 One Piece Douze Saijo O Wazamono avec 936 pi\u00e8ces<\/figcaption><\/figure>\n<figure id=\"attachment_30810\" aria-describedby=\"caption-attachment-30810\" style=\"width: 952px\" class=\"wp-caption aligncenter\"><img loading=\"lazy\" decoding=\"async\" class=\"wp-image-30810 size-full\" src=\"https:\/\/mouldking.store\/wp-content\/uploads\/2022\/03\/QuanGuan-725-One-Piece-Twelve-Saijo-O-Wazamono-3-1.png\" alt=\"QuanGuan 725 One Piece Twelve Saijo O Wazamono with 936 pieces\" width=\"952\" height=\"1024\" title=\"-\" srcset=\"https:\/\/mouldking.store\/wp-content\/uploads\/2022\/03\/QuanGuan-725-One-Piece-Twelve-Saijo-O-Wazamono-3-1.png 952w, https:\/\/mouldking.store\/wp-content\/uploads\/2022\/03\/QuanGuan-725-One-Piece-Twelve-Saijo-O-Wazamono-3-1-279x300.png 279w, https:\/\/mouldking.store\/wp-content\/uploads\/2022\/03\/QuanGuan-725-One-Piece-Twelve-Saijo-O-Wazamono-3-1-768x826.png 768w, https:\/\/mouldking.store\/wp-content\/uploads\/2022\/03\/QuanGuan-725-One-Piece-Twelve-Saijo-O-Wazamono-3-1-300x323.png 300w, https:\/\/mouldking.store\/wp-content\/uploads\/2022\/03\/QuanGuan-725-One-Piece-Twelve-Saijo-O-Wazamono-3-1-600x645.png 600w, https:\/\/mouldking.store\/wp-content\/uploads\/2022\/03\/QuanGuan-725-One-Piece-Twelve-Saijo-O-Wazamono-3-1-139x150.png 139w\" sizes=\"(max-width: 952px) 100vw, 952px\" \/><figcaption id=\"caption-attachment-30810\" class=\"wp-caption-text\">QuanGuan 725 One Piece Douze Saijo O Wazamono avec 936 pi\u00e8ces<\/figcaption><\/figure>","protected":false},"excerpt":{"rendered":"<p>Product information: Brand: QuanGuan Gender: Unisex Name: One Piece Twelve Saijo O Wazamono Age Range: &gt; 6 years old Model Number: 725 Classification: Assemblage Plastic Block Shape: Self-Locking Bricks Material: Plastic Plastic Type: ABS Bricks Blocks: 936 PCS Contains detailed assembly instructions. Notice: 1. Without an original box, but we guarantee our products have quality [&hellip;]<\/p>","protected":false},"featured_media":30808,"comment_status":"closed","ping_status":"closed","template":"","meta":{"_acf_changed":false},"product_cat":[581],"product_tag":[5306,1824,5245,2290,5305,5307,5304,5303,5248,5247,5249],"class_list":["product","first","instock","shipping-taxable","purchasable","product-type-simple"],"acf":[],"_links":{"self":[{"href":"https:\/\/mouldking.store\/fr\/wp-json\/wp\/v2\/product\/30807","targetHints":{"allow":["GET"]}}],"collection":[{"href":"https:\/\/mouldking.store\/fr\/wp-json\/wp\/v2\/product"}],"about":[{"href":"https:\/\/mouldking.store\/fr\/wp-json\/wp\/v2\/types\/product"}],"replies":[{"embeddable":true,"href":"https:\/\/mouldking.store\/fr\/wp-json\/wp\/v2\/comments?post=30807"}],"wp:featuredmedia":[{"embeddable":true,"href":"https:\/\/mouldking.store\/fr\/wp-json\/wp\/v2\/media\/30808"}],"wp:attachment":[{"href":"https:\/\/mouldking.store\/fr\/wp-json\/wp\/v2\/media?parent=30807"}],"wp:term":[{"taxonomy":"product_cat","embeddable":true,"href":"https:\/\/mouldking.store\/fr\/wp-json\/wp\/v2\/product_cat?post=30807"},{"taxonomy":"product_tag","embeddable":true,"href":"https:\/\/mouldking.store\/fr\/wp-json\/wp\/v2\/product_tag?post=30807"}],"curies":[{"name":"wp","href":"https:\/\/api.w.org\/{rel}","templated":true}]}}