{"id":31530,"date":"2022-05-27T15:35:21","date_gmt":"2022-05-27T08:35:21","guid":{"rendered":"https:\/\/mouldking.store\/?post_type=product&#038;p=31530"},"modified":"2022-05-27T15:35:21","modified_gmt":"2022-05-27T08:35:21","slug":"panlos-688003-99a-tank-transportation-with-2784-pieces","status":"publish","type":"product","link":"https:\/\/mouldking.store\/fr\/shop\/panlos-688003-99a-tank-transportation-with-2784-pieces\/","title":{"rendered":"PANLOS 688003 99A Tank Transportation avec 2784 pi\u00e8ces"},"content":{"rendered":"<p>Information produit:<\/p>\n<ol>\n<li>Marque : PANLOS<\/li>\n<li>Genre: Unisexe<\/li>\n<li>Name: 99A Tank Transportation<\/li>\n<li>Tranche d&#039;\u00e2ge : &gt; 6 ans<\/li>\n<li>Model Number: 688003<\/li>\n<li>Classement : Assemblage<\/li>\n<li>Forme de bloc en plastique\u00a0: briques autobloquantes<\/li>\n<li>Mat\u00e9riel: Plastique<\/li>\n<li>Type de plastique : ABS<\/li>\n<li>Bricks Blocks: 2784 PCS<\/li>\n<li>Contient des instructions de montage d\u00e9taill\u00e9es.<\/li>\n<\/ol>\n<p>Avis:<br \/>\n1. Sans bo\u00eete d&#039;origine, mais nous garantissons que nos produits ont une assurance qualit\u00e9 et un bel emballage.<br \/>\n2. Comme toutes les pi\u00e8ces que nous avons v\u00e9rifi\u00e9es avant l&#039;exp\u00e9dition, donc si vous trouvez des pi\u00e8ces manquantes ou endommag\u00e9es, ne vous inqui\u00e9tez pas et veuillez nous contacter et nous pouvons vous les renvoyer imm\u00e9diatement gratuitement.<\/p>\n<p>&nbsp;<\/p>\n<figure id=\"attachment_31531\" aria-describedby=\"caption-attachment-31531\" style=\"width: 800px\" class=\"wp-caption aligncenter\"><img fetchpriority=\"high\" decoding=\"async\" class=\"wp-image-31531 size-full\" src=\"https:\/\/mouldking.store\/wp-content\/uploads\/2022\/05\/PANLOS-688003-99A-Tank-Transportation-2.png\" alt=\"PANLOS 688003 99A Tank Transportation with 2784 pieces\" width=\"800\" height=\"800\" title=\"-\" srcset=\"https:\/\/mouldking.store\/wp-content\/uploads\/2022\/05\/PANLOS-688003-99A-Tank-Transportation-2.png 800w, https:\/\/mouldking.store\/wp-content\/uploads\/2022\/05\/PANLOS-688003-99A-Tank-Transportation-2-300x300.png 300w, https:\/\/mouldking.store\/wp-content\/uploads\/2022\/05\/PANLOS-688003-99A-Tank-Transportation-2-768x768.png 768w, https:\/\/mouldking.store\/wp-content\/uploads\/2022\/05\/PANLOS-688003-99A-Tank-Transportation-2-600x600.png 600w, https:\/\/mouldking.store\/wp-content\/uploads\/2022\/05\/PANLOS-688003-99A-Tank-Transportation-2-150x150.png 150w\" sizes=\"(max-width: 800px) 100vw, 800px\" \/><figcaption id=\"caption-attachment-31531\" class=\"wp-caption-text\">PANLOS 688003 99A Tank Transportation avec 2784 pi\u00e8ces<\/figcaption><\/figure>\n<figure id=\"attachment_31532\" aria-describedby=\"caption-attachment-31532\" style=\"width: 747px\" class=\"wp-caption aligncenter\"><img decoding=\"async\" class=\"wp-image-31532 size-full\" src=\"https:\/\/mouldking.store\/wp-content\/uploads\/2022\/05\/PANLOS-688003-99A-Tank-Transportation-3.png\" alt=\"PANLOS 688003 99A Tank Transportation with 2784 pieces\" width=\"747\" height=\"1024\" title=\"-\" srcset=\"https:\/\/mouldking.store\/wp-content\/uploads\/2022\/05\/PANLOS-688003-99A-Tank-Transportation-3.png 747w, https:\/\/mouldking.store\/wp-content\/uploads\/2022\/05\/PANLOS-688003-99A-Tank-Transportation-3-219x300.png 219w, https:\/\/mouldking.store\/wp-content\/uploads\/2022\/05\/PANLOS-688003-99A-Tank-Transportation-3-300x411.png 300w, https:\/\/mouldking.store\/wp-content\/uploads\/2022\/05\/PANLOS-688003-99A-Tank-Transportation-3-600x822.png 600w, https:\/\/mouldking.store\/wp-content\/uploads\/2022\/05\/PANLOS-688003-99A-Tank-Transportation-3-109x150.png 109w\" sizes=\"(max-width: 747px) 100vw, 747px\" \/><figcaption id=\"caption-attachment-31532\" class=\"wp-caption-text\">PANLOS 688003 99A Tank Transportation avec 2784 pi\u00e8ces<\/figcaption><\/figure>\n<figure id=\"attachment_31535\" aria-describedby=\"caption-attachment-31535\" style=\"width: 750px\" class=\"wp-caption aligncenter\"><img decoding=\"async\" class=\"wp-image-31535 size-full\" src=\"https:\/\/mouldking.store\/wp-content\/uploads\/2022\/05\/PANLOS-688003-99A-Tank-Transportation-6.png\" alt=\"PANLOS 688003 99A Tank Transportation with 2784 pieces\" width=\"750\" height=\"1024\" title=\"-\" srcset=\"https:\/\/mouldking.store\/wp-content\/uploads\/2022\/05\/PANLOS-688003-99A-Tank-Transportation-6.png 750w, https:\/\/mouldking.store\/wp-content\/uploads\/2022\/05\/PANLOS-688003-99A-Tank-Transportation-6-220x300.png 220w, https:\/\/mouldking.store\/wp-content\/uploads\/2022\/05\/PANLOS-688003-99A-Tank-Transportation-6-300x410.png 300w, https:\/\/mouldking.store\/wp-content\/uploads\/2022\/05\/PANLOS-688003-99A-Tank-Transportation-6-600x819.png 600w, https:\/\/mouldking.store\/wp-content\/uploads\/2022\/05\/PANLOS-688003-99A-Tank-Transportation-6-110x150.png 110w\" sizes=\"(max-width: 750px) 100vw, 750px\" \/><figcaption id=\"caption-attachment-31535\" class=\"wp-caption-text\">PANLOS 688003 99A Tank Transportation avec 2784 pi\u00e8ces<\/figcaption><\/figure>\n<figure id=\"attachment_31533\" aria-describedby=\"caption-attachment-31533\" style=\"width: 790px\" class=\"wp-caption aligncenter\"><img loading=\"lazy\" decoding=\"async\" class=\"wp-image-31533 size-full\" src=\"https:\/\/mouldking.store\/wp-content\/uploads\/2022\/05\/PANLOS-688003-99A-Tank-Transportation-4.png\" alt=\"PANLOS 688003 99A Tank Transportation with 2784 pieces\" width=\"790\" height=\"867\" title=\"-\" srcset=\"https:\/\/mouldking.store\/wp-content\/uploads\/2022\/05\/PANLOS-688003-99A-Tank-Transportation-4.png 790w, https:\/\/mouldking.store\/wp-content\/uploads\/2022\/05\/PANLOS-688003-99A-Tank-Transportation-4-273x300.png 273w, https:\/\/mouldking.store\/wp-content\/uploads\/2022\/05\/PANLOS-688003-99A-Tank-Transportation-4-768x843.png 768w, https:\/\/mouldking.store\/wp-content\/uploads\/2022\/05\/PANLOS-688003-99A-Tank-Transportation-4-300x329.png 300w, https:\/\/mouldking.store\/wp-content\/uploads\/2022\/05\/PANLOS-688003-99A-Tank-Transportation-4-600x658.png 600w, https:\/\/mouldking.store\/wp-content\/uploads\/2022\/05\/PANLOS-688003-99A-Tank-Transportation-4-137x150.png 137w\" sizes=\"(max-width: 790px) 100vw, 790px\" \/><figcaption id=\"caption-attachment-31533\" class=\"wp-caption-text\">PANLOS 688003 99A Tank Transportation avec 2784 pi\u00e8ces<\/figcaption><\/figure>\n<figure id=\"attachment_31537\" aria-describedby=\"caption-attachment-31537\" style=\"width: 790px\" class=\"wp-caption aligncenter\"><img loading=\"lazy\" decoding=\"async\" class=\"wp-image-31537 size-full\" src=\"https:\/\/mouldking.store\/wp-content\/uploads\/2022\/05\/PANLOS-688003-99A-Tank-Transportation-8.png\" alt=\"PANLOS 688003 99A Tank Transportation with 2784 pieces\" width=\"790\" height=\"950\" title=\"-\" srcset=\"https:\/\/mouldking.store\/wp-content\/uploads\/2022\/05\/PANLOS-688003-99A-Tank-Transportation-8.png 790w, https:\/\/mouldking.store\/wp-content\/uploads\/2022\/05\/PANLOS-688003-99A-Tank-Transportation-8-249x300.png 249w, https:\/\/mouldking.store\/wp-content\/uploads\/2022\/05\/PANLOS-688003-99A-Tank-Transportation-8-768x924.png 768w, https:\/\/mouldking.store\/wp-content\/uploads\/2022\/05\/PANLOS-688003-99A-Tank-Transportation-8-300x361.png 300w, https:\/\/mouldking.store\/wp-content\/uploads\/2022\/05\/PANLOS-688003-99A-Tank-Transportation-8-600x722.png 600w, https:\/\/mouldking.store\/wp-content\/uploads\/2022\/05\/PANLOS-688003-99A-Tank-Transportation-8-125x150.png 125w\" sizes=\"(max-width: 790px) 100vw, 790px\" \/><figcaption id=\"caption-attachment-31537\" class=\"wp-caption-text\">PANLOS 688003 99A Tank Transportation avec 2784 pi\u00e8ces<\/figcaption><\/figure>\n<figure id=\"attachment_31536\" aria-describedby=\"caption-attachment-31536\" style=\"width: 733px\" class=\"wp-caption aligncenter\"><img loading=\"lazy\" decoding=\"async\" class=\"wp-image-31536 size-full\" src=\"https:\/\/mouldking.store\/wp-content\/uploads\/2022\/05\/PANLOS-688003-99A-Tank-Transportation-7.png\" alt=\"PANLOS 688003 99A Tank Transportation with 2784 pieces\" width=\"733\" height=\"1024\" title=\"-\" srcset=\"https:\/\/mouldking.store\/wp-content\/uploads\/2022\/05\/PANLOS-688003-99A-Tank-Transportation-7.png 733w, https:\/\/mouldking.store\/wp-content\/uploads\/2022\/05\/PANLOS-688003-99A-Tank-Transportation-7-215x300.png 215w, https:\/\/mouldking.store\/wp-content\/uploads\/2022\/05\/PANLOS-688003-99A-Tank-Transportation-7-300x419.png 300w, https:\/\/mouldking.store\/wp-content\/uploads\/2022\/05\/PANLOS-688003-99A-Tank-Transportation-7-600x838.png 600w, https:\/\/mouldking.store\/wp-content\/uploads\/2022\/05\/PANLOS-688003-99A-Tank-Transportation-7-107x150.png 107w\" sizes=\"(max-width: 733px) 100vw, 733px\" \/><figcaption id=\"caption-attachment-31536\" class=\"wp-caption-text\">PANLOS 688003 99A Tank Transportation avec 2784 pi\u00e8ces<\/figcaption><\/figure>\n<figure id=\"attachment_31534\" aria-describedby=\"caption-attachment-31534\" style=\"width: 748px\" class=\"wp-caption aligncenter\"><img loading=\"lazy\" decoding=\"async\" class=\"wp-image-31534 size-full\" src=\"https:\/\/mouldking.store\/wp-content\/uploads\/2022\/05\/PANLOS-688003-99A-Tank-Transportation-5.png\" alt=\"PANLOS 688003 99A Tank Transportation with 2784 pieces\" width=\"748\" height=\"1024\" title=\"-\" srcset=\"https:\/\/mouldking.store\/wp-content\/uploads\/2022\/05\/PANLOS-688003-99A-Tank-Transportation-5.png 748w, https:\/\/mouldking.store\/wp-content\/uploads\/2022\/05\/PANLOS-688003-99A-Tank-Transportation-5-219x300.png 219w, https:\/\/mouldking.store\/wp-content\/uploads\/2022\/05\/PANLOS-688003-99A-Tank-Transportation-5-300x411.png 300w, https:\/\/mouldking.store\/wp-content\/uploads\/2022\/05\/PANLOS-688003-99A-Tank-Transportation-5-600x821.png 600w, https:\/\/mouldking.store\/wp-content\/uploads\/2022\/05\/PANLOS-688003-99A-Tank-Transportation-5-110x150.png 110w\" sizes=\"(max-width: 748px) 100vw, 748px\" \/><figcaption id=\"caption-attachment-31534\" class=\"wp-caption-text\">PANLOS 688003 99A Tank Transportation avec 2784 pi\u00e8ces<\/figcaption><\/figure>\n<figure id=\"attachment_31538\" aria-describedby=\"caption-attachment-31538\" style=\"width: 790px\" class=\"wp-caption aligncenter\"><img loading=\"lazy\" decoding=\"async\" class=\"wp-image-31538 size-full\" src=\"https:\/\/mouldking.store\/wp-content\/uploads\/2022\/05\/PANLOS-688003-99A-Tank-Transportation-1.png\" alt=\"PANLOS 688003 99A Tank Transportation with 2784 pieces\" width=\"790\" height=\"665\" title=\"-\" srcset=\"https:\/\/mouldking.store\/wp-content\/uploads\/2022\/05\/PANLOS-688003-99A-Tank-Transportation-1.png 790w, https:\/\/mouldking.store\/wp-content\/uploads\/2022\/05\/PANLOS-688003-99A-Tank-Transportation-1-300x253.png 300w, https:\/\/mouldking.store\/wp-content\/uploads\/2022\/05\/PANLOS-688003-99A-Tank-Transportation-1-768x646.png 768w, https:\/\/mouldking.store\/wp-content\/uploads\/2022\/05\/PANLOS-688003-99A-Tank-Transportation-1-600x505.png 600w, https:\/\/mouldking.store\/wp-content\/uploads\/2022\/05\/PANLOS-688003-99A-Tank-Transportation-1-150x126.png 150w\" sizes=\"(max-width: 790px) 100vw, 790px\" \/><figcaption id=\"caption-attachment-31538\" class=\"wp-caption-text\">PANLOS 688003 99A Tank Transportation avec 2784 pi\u00e8ces<\/figcaption><\/figure>","protected":false},"excerpt":{"rendered":"<p>Product information: Brand: PANLOS Gender: Unisex Name: 99A Tank Transportation Age Range: &gt; 6 years old Model Number: 688003 Classification: Assemblage Plastic Block Shape: Self-Locking Bricks Material: Plastic Plastic Type: ABS Bricks Blocks: 2784 PCS Contains detailed assembly instructions. Notice: 1. Without an original box, but we guarantee our products have quality assurance and nice [&hellip;]<\/p>","protected":false},"featured_media":31531,"comment_status":"closed","ping_status":"closed","template":"","meta":{"_acf_changed":false},"product_cat":[372],"product_tag":[5525,2794,2792,5524,1851,5523,5522,5521,5526],"class_list":["product","first","instock","shipping-taxable","purchasable","product-type-simple"],"acf":[],"_links":{"self":[{"href":"https:\/\/mouldking.store\/fr\/wp-json\/wp\/v2\/product\/31530","targetHints":{"allow":["GET"]}}],"collection":[{"href":"https:\/\/mouldking.store\/fr\/wp-json\/wp\/v2\/product"}],"about":[{"href":"https:\/\/mouldking.store\/fr\/wp-json\/wp\/v2\/types\/product"}],"replies":[{"embeddable":true,"href":"https:\/\/mouldking.store\/fr\/wp-json\/wp\/v2\/comments?post=31530"}],"wp:featuredmedia":[{"embeddable":true,"href":"https:\/\/mouldking.store\/fr\/wp-json\/wp\/v2\/media\/31531"}],"wp:attachment":[{"href":"https:\/\/mouldking.store\/fr\/wp-json\/wp\/v2\/media?parent=31530"}],"wp:term":[{"taxonomy":"product_cat","embeddable":true,"href":"https:\/\/mouldking.store\/fr\/wp-json\/wp\/v2\/product_cat?post=31530"},{"taxonomy":"product_tag","embeddable":true,"href":"https:\/\/mouldking.store\/fr\/wp-json\/wp\/v2\/product_tag?post=31530"}],"curies":[{"name":"wp","href":"https:\/\/api.w.org\/{rel}","templated":true}]}}