{"id":31545,"date":"2022-05-27T15:43:15","date_gmt":"2022-05-27T08:43:15","guid":{"rendered":"https:\/\/mouldking.store\/?post_type=product&#038;p=31545"},"modified":"2022-05-27T15:43:15","modified_gmt":"2022-05-27T08:43:15","slug":"tgl-t2016-motorcycle-test-bench-with-1201-pieces","status":"publish","type":"product","link":"https:\/\/mouldking.store\/fr\/shop\/tgl-t2016-motorcycle-test-bench-with-1201-pieces\/","title":{"rendered":"Banc d&#039;essai moto TGL T2016 avec 1201 pi\u00e8ces"},"content":{"rendered":"<p>Information produit:<\/p>\n<ol>\n<li>Marque : TGL<\/li>\n<li>Genre: Unisexe<\/li>\n<li>Nom : Banc d&#039;essai de moto<\/li>\n<li>Tranche d&#039;\u00e2ge : &gt; 6 ans<\/li>\n<li>Num\u00e9ro de mod\u00e8le: T2016<\/li>\n<li>Classement : Assemblage<\/li>\n<li>Forme de bloc en plastique\u00a0: briques autobloquantes<\/li>\n<li>Mat\u00e9riel: Plastique<\/li>\n<li>Type de plastique : ABS<\/li>\n<li>Blocs de briques : 1201 PCS<\/li>\n<li>Contient des instructions de montage d\u00e9taill\u00e9es.<\/li>\n<\/ol>\n<p>Avis:<br \/>\n1. Sans bo\u00eete d&#039;origine, mais nous garantissons que nos produits ont une assurance qualit\u00e9 et un bel emballage.<br \/>\n2. Comme toutes les pi\u00e8ces que nous avons v\u00e9rifi\u00e9es avant l&#039;exp\u00e9dition, donc si vous trouvez des pi\u00e8ces manquantes ou endommag\u00e9es, ne vous inqui\u00e9tez pas et veuillez nous contacter et nous pouvons vous les renvoyer imm\u00e9diatement gratuitement.<\/p>\n<figure id=\"attachment_31550\" aria-describedby=\"caption-attachment-31550\" style=\"width: 346px\" class=\"wp-caption aligncenter\"><img fetchpriority=\"high\" decoding=\"async\" class=\"wp-image-31550 size-full\" src=\"https:\/\/mouldking.store\/wp-content\/uploads\/2022\/05\/TaiGaoLe-T2016-Motorcycle-Simulation-Test-Bench-2-scaled.jpg\" alt=\"TGL T2016 Motorcycle Test Bench with 1201 pieces\" width=\"346\" height=\"2560\" title=\"-\" srcset=\"https:\/\/mouldking.store\/wp-content\/uploads\/2022\/05\/TaiGaoLe-T2016-Motorcycle-Simulation-Test-Bench-2-scaled.jpg 346w, https:\/\/mouldking.store\/wp-content\/uploads\/2022\/05\/TaiGaoLe-T2016-Motorcycle-Simulation-Test-Bench-2-768x5682.jpg 768w, https:\/\/mouldking.store\/wp-content\/uploads\/2022\/05\/TaiGaoLe-T2016-Motorcycle-Simulation-Test-Bench-2-277x2048.jpg 277w, https:\/\/mouldking.store\/wp-content\/uploads\/2022\/05\/TaiGaoLe-T2016-Motorcycle-Simulation-Test-Bench-2-300x2219.jpg 300w, https:\/\/mouldking.store\/wp-content\/uploads\/2022\/05\/TaiGaoLe-T2016-Motorcycle-Simulation-Test-Bench-2-600x4439.jpg 600w\" sizes=\"(max-width: 346px) 100vw, 346px\" \/><figcaption id=\"caption-attachment-31550\" class=\"wp-caption-text\">Banc d&#039;essai moto TGL T2016 avec 1201 pi\u00e8ces<\/figcaption><\/figure>","protected":false},"excerpt":{"rendered":"<p>Product information: Brand: TGL Gender: Unisex Name: Motorcycle Test Bench Age Range: &gt; 6 years old Model Number: T2016 Classification: Assemblage Plastic Block Shape: Self-Locking Bricks Material: Plastic Plastic Type: ABS Bricks Blocks: 1201 PCS Contains detailed assembly instructions. Notice: 1. Without an original box, but we guarantee our products have quality assurance and nice [&hellip;]<\/p>","protected":false},"featured_media":31546,"comment_status":"closed","ping_status":"closed","template":"","meta":{"_acf_changed":false},"product_cat":[364],"product_tag":[2449,5545,5546,5547,2739,5544,5543,5542],"class_list":["product","first","instock","shipping-taxable","purchasable","product-type-simple"],"acf":[],"_links":{"self":[{"href":"https:\/\/mouldking.store\/fr\/wp-json\/wp\/v2\/product\/31545","targetHints":{"allow":["GET"]}}],"collection":[{"href":"https:\/\/mouldking.store\/fr\/wp-json\/wp\/v2\/product"}],"about":[{"href":"https:\/\/mouldking.store\/fr\/wp-json\/wp\/v2\/types\/product"}],"replies":[{"embeddable":true,"href":"https:\/\/mouldking.store\/fr\/wp-json\/wp\/v2\/comments?post=31545"}],"wp:featuredmedia":[{"embeddable":true,"href":"https:\/\/mouldking.store\/fr\/wp-json\/wp\/v2\/media\/31546"}],"wp:attachment":[{"href":"https:\/\/mouldking.store\/fr\/wp-json\/wp\/v2\/media?parent=31545"}],"wp:term":[{"taxonomy":"product_cat","embeddable":true,"href":"https:\/\/mouldking.store\/fr\/wp-json\/wp\/v2\/product_cat?post=31545"},{"taxonomy":"product_tag","embeddable":true,"href":"https:\/\/mouldking.store\/fr\/wp-json\/wp\/v2\/product_tag?post=31545"}],"curies":[{"name":"wp","href":"https:\/\/api.w.org\/{rel}","templated":true}]}}