{"id":31622,"date":"2022-05-27T16:41:02","date_gmt":"2022-05-27T09:41:02","guid":{"rendered":"https:\/\/mouldking.store\/?post_type=product&#038;p=31622"},"modified":"2025-12-25T09:12:29","modified_gmt":"2025-12-25T02:12:29","slug":"moc-89667-the-beatles-brickheadz-with-551-pieces","status":"publish","type":"product","link":"https:\/\/mouldking.store\/fr\/shop\/moc-89667-the-beatles-brickheadz-with-551-pieces\/","title":{"rendered":"MOC-89667 The Beatles BrickHeadz avec 551 pi\u00e8ces"},"content":{"rendered":"<p>Information produit:<\/p>\n<ol>\n<li>Marque : MOC<\/li>\n<li>Genre: Unisexe<\/li>\n<li>Name: The Beatles BrickHeadz<\/li>\n<li>Tranche d&#039;\u00e2ge : &gt; 6 ans<\/li>\n<li>Model Number: MOC-89667<\/li>\n<li>Classement : Assemblage<\/li>\n<li>Forme de bloc en plastique\u00a0: briques autobloquantes<\/li>\n<li>Mat\u00e9riel: Plastique<\/li>\n<li>Type de plastique : ABS<\/li>\n<li>Bricks Blocks: 551\u00a0PCS<\/li>\n<li>Contient des instructions de montage d\u00e9taill\u00e9es.<\/li>\n<\/ol>\n<p>Avis:<br \/>\n1. Sans bo\u00eete d&#039;origine, mais nous garantissons que nos produits ont une assurance qualit\u00e9 et un bel emballage.<br \/>\n2. Comme toutes les pi\u00e8ces que nous avons v\u00e9rifi\u00e9es avant l&#039;exp\u00e9dition, donc si vous trouvez des pi\u00e8ces manquantes ou endommag\u00e9es, ne vous inqui\u00e9tez pas et veuillez nous contacter et nous pouvons vous les renvoyer imm\u00e9diatement gratuitement.<\/p>\n<figure id=\"attachment_31623\" aria-describedby=\"caption-attachment-31623\" style=\"width: 481px\" class=\"wp-caption aligncenter\"><img fetchpriority=\"high\" decoding=\"async\" class=\"wp-image-31623 size-full\" src=\"https:\/\/mouldking.store\/wp-content\/uploads\/2022\/05\/MOCBRICKLAND-MOC-89667-The-Beatles-BrickHeadz-1.png\" alt=\"MOC-89667 The Beatles BrickHeadz with 551 pieces\" width=\"481\" height=\"320\" title=\"-\" srcset=\"https:\/\/mouldking.store\/wp-content\/uploads\/2022\/05\/MOCBRICKLAND-MOC-89667-The-Beatles-BrickHeadz-1.png 481w, https:\/\/mouldking.store\/wp-content\/uploads\/2022\/05\/MOCBRICKLAND-MOC-89667-The-Beatles-BrickHeadz-1-300x200.png 300w, https:\/\/mouldking.store\/wp-content\/uploads\/2022\/05\/MOCBRICKLAND-MOC-89667-The-Beatles-BrickHeadz-1-150x100.png 150w\" sizes=\"(max-width: 481px) 100vw, 481px\" \/><figcaption id=\"caption-attachment-31623\" class=\"wp-caption-text\">MOC-89667 The Beatles BrickHeadz avec 551 pi\u00e8ces<\/figcaption><\/figure>\n<figure id=\"attachment_31626\" aria-describedby=\"caption-attachment-31626\" style=\"width: 800px\" class=\"wp-caption aligncenter\"><img decoding=\"async\" class=\"wp-image-31626 size-full\" src=\"https:\/\/mouldking.store\/wp-content\/uploads\/2022\/05\/MOCBRICKLAND-MOC-89667-The-Beatles-BrickHeadz-3.jpg\" alt=\"MOC-89667 The Beatles BrickHeadz with 551 pieces\" width=\"800\" height=\"800\" title=\"-\" srcset=\"https:\/\/mouldking.store\/wp-content\/uploads\/2022\/05\/MOCBRICKLAND-MOC-89667-The-Beatles-BrickHeadz-3.jpg 800w, https:\/\/mouldking.store\/wp-content\/uploads\/2022\/05\/MOCBRICKLAND-MOC-89667-The-Beatles-BrickHeadz-3-300x300.jpg 300w, https:\/\/mouldking.store\/wp-content\/uploads\/2022\/05\/MOCBRICKLAND-MOC-89667-The-Beatles-BrickHeadz-3-768x768.jpg 768w, https:\/\/mouldking.store\/wp-content\/uploads\/2022\/05\/MOCBRICKLAND-MOC-89667-The-Beatles-BrickHeadz-3-600x600.jpg 600w, https:\/\/mouldking.store\/wp-content\/uploads\/2022\/05\/MOCBRICKLAND-MOC-89667-The-Beatles-BrickHeadz-3-150x150.jpg 150w\" sizes=\"(max-width: 800px) 100vw, 800px\" \/><figcaption id=\"caption-attachment-31626\" class=\"wp-caption-text\">MOC-89667 The Beatles BrickHeadz avec 551 pi\u00e8ces<\/figcaption><\/figure>\n<figure id=\"attachment_31627\" aria-describedby=\"caption-attachment-31627\" style=\"width: 800px\" class=\"wp-caption aligncenter\"><img decoding=\"async\" class=\"wp-image-31627 size-full\" src=\"https:\/\/mouldking.store\/wp-content\/uploads\/2022\/05\/MOCBRICKLAND-MOC-89667-The-Beatles-BrickHeadz-4.jpg\" alt=\"MOC-89667 The Beatles BrickHeadz with 551 pieces\" width=\"800\" height=\"800\" title=\"-\" srcset=\"https:\/\/mouldking.store\/wp-content\/uploads\/2022\/05\/MOCBRICKLAND-MOC-89667-The-Beatles-BrickHeadz-4.jpg 800w, https:\/\/mouldking.store\/wp-content\/uploads\/2022\/05\/MOCBRICKLAND-MOC-89667-The-Beatles-BrickHeadz-4-300x300.jpg 300w, https:\/\/mouldking.store\/wp-content\/uploads\/2022\/05\/MOCBRICKLAND-MOC-89667-The-Beatles-BrickHeadz-4-768x768.jpg 768w, https:\/\/mouldking.store\/wp-content\/uploads\/2022\/05\/MOCBRICKLAND-MOC-89667-The-Beatles-BrickHeadz-4-600x600.jpg 600w, https:\/\/mouldking.store\/wp-content\/uploads\/2022\/05\/MOCBRICKLAND-MOC-89667-The-Beatles-BrickHeadz-4-150x150.jpg 150w\" sizes=\"(max-width: 800px) 100vw, 800px\" \/><figcaption id=\"caption-attachment-31627\" class=\"wp-caption-text\">MOC-89667 The Beatles BrickHeadz avec 551 pi\u00e8ces<\/figcaption><\/figure>\n<figure id=\"attachment_31631\" aria-describedby=\"caption-attachment-31631\" style=\"width: 800px\" class=\"wp-caption aligncenter\"><img loading=\"lazy\" decoding=\"async\" class=\"wp-image-31631 size-full\" src=\"https:\/\/mouldking.store\/wp-content\/uploads\/2022\/05\/MOCBRICKLAND-MOC-89667-The-Beatles-BrickHeadz-8.jpg\" alt=\"MOC-89667 The Beatles BrickHeadz with 551 pieces\" width=\"800\" height=\"800\" title=\"-\" srcset=\"https:\/\/mouldking.store\/wp-content\/uploads\/2022\/05\/MOCBRICKLAND-MOC-89667-The-Beatles-BrickHeadz-8.jpg 800w, https:\/\/mouldking.store\/wp-content\/uploads\/2022\/05\/MOCBRICKLAND-MOC-89667-The-Beatles-BrickHeadz-8-300x300.jpg 300w, https:\/\/mouldking.store\/wp-content\/uploads\/2022\/05\/MOCBRICKLAND-MOC-89667-The-Beatles-BrickHeadz-8-768x768.jpg 768w, https:\/\/mouldking.store\/wp-content\/uploads\/2022\/05\/MOCBRICKLAND-MOC-89667-The-Beatles-BrickHeadz-8-600x600.jpg 600w, https:\/\/mouldking.store\/wp-content\/uploads\/2022\/05\/MOCBRICKLAND-MOC-89667-The-Beatles-BrickHeadz-8-150x150.jpg 150w\" sizes=\"(max-width: 800px) 100vw, 800px\" \/><figcaption id=\"caption-attachment-31631\" class=\"wp-caption-text\">MOC-89667 The Beatles BrickHeadz avec 551 pi\u00e8ces<\/figcaption><\/figure>\n<figure id=\"attachment_31632\" aria-describedby=\"caption-attachment-31632\" style=\"width: 800px\" class=\"wp-caption aligncenter\"><img loading=\"lazy\" decoding=\"async\" class=\"wp-image-31632 size-full\" src=\"https:\/\/mouldking.store\/wp-content\/uploads\/2022\/05\/MOCBRICKLAND-MOC-89667-The-Beatles-BrickHeadz-9.jpg\" alt=\"MOC-89667 The Beatles BrickHeadz with 551 pieces\" width=\"800\" height=\"800\" title=\"-\" srcset=\"https:\/\/mouldking.store\/wp-content\/uploads\/2022\/05\/MOCBRICKLAND-MOC-89667-The-Beatles-BrickHeadz-9.jpg 800w, https:\/\/mouldking.store\/wp-content\/uploads\/2022\/05\/MOCBRICKLAND-MOC-89667-The-Beatles-BrickHeadz-9-300x300.jpg 300w, https:\/\/mouldking.store\/wp-content\/uploads\/2022\/05\/MOCBRICKLAND-MOC-89667-The-Beatles-BrickHeadz-9-768x768.jpg 768w, https:\/\/mouldking.store\/wp-content\/uploads\/2022\/05\/MOCBRICKLAND-MOC-89667-The-Beatles-BrickHeadz-9-600x600.jpg 600w, https:\/\/mouldking.store\/wp-content\/uploads\/2022\/05\/MOCBRICKLAND-MOC-89667-The-Beatles-BrickHeadz-9-150x150.jpg 150w\" sizes=\"(max-width: 800px) 100vw, 800px\" \/><figcaption id=\"caption-attachment-31632\" class=\"wp-caption-text\">MOC-89667 The Beatles BrickHeadz avec 551 pi\u00e8ces<\/figcaption><\/figure>\n<figure id=\"attachment_31630\" aria-describedby=\"caption-attachment-31630\" style=\"width: 800px\" class=\"wp-caption aligncenter\"><img loading=\"lazy\" decoding=\"async\" class=\"wp-image-31630 size-full\" src=\"https:\/\/mouldking.store\/wp-content\/uploads\/2022\/05\/MOCBRICKLAND-MOC-89667-The-Beatles-BrickHeadz-7.jpg\" alt=\"MOC-89667 The Beatles BrickHeadz with 551 pieces\" width=\"800\" height=\"800\" title=\"-\" srcset=\"https:\/\/mouldking.store\/wp-content\/uploads\/2022\/05\/MOCBRICKLAND-MOC-89667-The-Beatles-BrickHeadz-7.jpg 800w, https:\/\/mouldking.store\/wp-content\/uploads\/2022\/05\/MOCBRICKLAND-MOC-89667-The-Beatles-BrickHeadz-7-300x300.jpg 300w, https:\/\/mouldking.store\/wp-content\/uploads\/2022\/05\/MOCBRICKLAND-MOC-89667-The-Beatles-BrickHeadz-7-768x768.jpg 768w, https:\/\/mouldking.store\/wp-content\/uploads\/2022\/05\/MOCBRICKLAND-MOC-89667-The-Beatles-BrickHeadz-7-600x600.jpg 600w, https:\/\/mouldking.store\/wp-content\/uploads\/2022\/05\/MOCBRICKLAND-MOC-89667-The-Beatles-BrickHeadz-7-150x150.jpg 150w\" sizes=\"(max-width: 800px) 100vw, 800px\" \/><figcaption id=\"caption-attachment-31630\" class=\"wp-caption-text\">MOC-89667 The Beatles BrickHeadz avec 551 pi\u00e8ces<\/figcaption><\/figure>\n<figure id=\"attachment_31629\" aria-describedby=\"caption-attachment-31629\" style=\"width: 800px\" class=\"wp-caption aligncenter\"><img loading=\"lazy\" decoding=\"async\" class=\"wp-image-31629 size-full\" src=\"https:\/\/mouldking.store\/wp-content\/uploads\/2022\/05\/MOCBRICKLAND-MOC-89667-The-Beatles-BrickHeadz-6.jpg\" alt=\"MOC-89667 The Beatles BrickHeadz with 551 pieces\" width=\"800\" height=\"800\" title=\"-\" srcset=\"https:\/\/mouldking.store\/wp-content\/uploads\/2022\/05\/MOCBRICKLAND-MOC-89667-The-Beatles-BrickHeadz-6.jpg 800w, https:\/\/mouldking.store\/wp-content\/uploads\/2022\/05\/MOCBRICKLAND-MOC-89667-The-Beatles-BrickHeadz-6-300x300.jpg 300w, https:\/\/mouldking.store\/wp-content\/uploads\/2022\/05\/MOCBRICKLAND-MOC-89667-The-Beatles-BrickHeadz-6-768x768.jpg 768w, https:\/\/mouldking.store\/wp-content\/uploads\/2022\/05\/MOCBRICKLAND-MOC-89667-The-Beatles-BrickHeadz-6-600x600.jpg 600w, https:\/\/mouldking.store\/wp-content\/uploads\/2022\/05\/MOCBRICKLAND-MOC-89667-The-Beatles-BrickHeadz-6-150x150.jpg 150w\" sizes=\"(max-width: 800px) 100vw, 800px\" \/><figcaption id=\"caption-attachment-31629\" class=\"wp-caption-text\">MOC-89667 The Beatles BrickHeadz avec 551 pi\u00e8ces<\/figcaption><\/figure>\n<figure id=\"attachment_31628\" aria-describedby=\"caption-attachment-31628\" style=\"width: 800px\" class=\"wp-caption aligncenter\"><img loading=\"lazy\" decoding=\"async\" class=\"wp-image-31628 size-full\" src=\"https:\/\/mouldking.store\/wp-content\/uploads\/2022\/05\/MOCBRICKLAND-MOC-89667-The-Beatles-BrickHeadz-5.jpg\" alt=\"MOC-89667 The Beatles BrickHeadz with 551 pieces\" width=\"800\" height=\"800\" title=\"-\" srcset=\"https:\/\/mouldking.store\/wp-content\/uploads\/2022\/05\/MOCBRICKLAND-MOC-89667-The-Beatles-BrickHeadz-5.jpg 800w, https:\/\/mouldking.store\/wp-content\/uploads\/2022\/05\/MOCBRICKLAND-MOC-89667-The-Beatles-BrickHeadz-5-300x300.jpg 300w, https:\/\/mouldking.store\/wp-content\/uploads\/2022\/05\/MOCBRICKLAND-MOC-89667-The-Beatles-BrickHeadz-5-768x768.jpg 768w, https:\/\/mouldking.store\/wp-content\/uploads\/2022\/05\/MOCBRICKLAND-MOC-89667-The-Beatles-BrickHeadz-5-600x600.jpg 600w, https:\/\/mouldking.store\/wp-content\/uploads\/2022\/05\/MOCBRICKLAND-MOC-89667-The-Beatles-BrickHeadz-5-150x150.jpg 150w\" sizes=\"(max-width: 800px) 100vw, 800px\" \/><figcaption id=\"caption-attachment-31628\" class=\"wp-caption-text\">MOC-89667 The Beatles BrickHeadz avec 551 pi\u00e8ces<\/figcaption><\/figure>\n<figure id=\"attachment_31625\" aria-describedby=\"caption-attachment-31625\" style=\"width: 800px\" class=\"wp-caption aligncenter\"><img loading=\"lazy\" decoding=\"async\" class=\"wp-image-31625 size-full\" src=\"https:\/\/mouldking.store\/wp-content\/uploads\/2022\/05\/MOCBRICKLAND-MOC-89667-The-Beatles-BrickHeadz-2.jpg\" alt=\"MOC-89667 The Beatles BrickHeadz with 551 pieces\" width=\"800\" height=\"800\" title=\"-\" srcset=\"https:\/\/mouldking.store\/wp-content\/uploads\/2022\/05\/MOCBRICKLAND-MOC-89667-The-Beatles-BrickHeadz-2.jpg 800w, https:\/\/mouldking.store\/wp-content\/uploads\/2022\/05\/MOCBRICKLAND-MOC-89667-The-Beatles-BrickHeadz-2-300x300.jpg 300w, https:\/\/mouldking.store\/wp-content\/uploads\/2022\/05\/MOCBRICKLAND-MOC-89667-The-Beatles-BrickHeadz-2-768x768.jpg 768w, https:\/\/mouldking.store\/wp-content\/uploads\/2022\/05\/MOCBRICKLAND-MOC-89667-The-Beatles-BrickHeadz-2-600x600.jpg 600w, https:\/\/mouldking.store\/wp-content\/uploads\/2022\/05\/MOCBRICKLAND-MOC-89667-The-Beatles-BrickHeadz-2-150x150.jpg 150w\" sizes=\"(max-width: 800px) 100vw, 800px\" \/><figcaption id=\"caption-attachment-31625\" class=\"wp-caption-text\">MOC-89667 The Beatles BrickHeadz avec 551 pi\u00e8ces<\/figcaption><\/figure>\n<figure id=\"attachment_31624\" aria-describedby=\"caption-attachment-31624\" style=\"width: 800px\" class=\"wp-caption aligncenter\"><img loading=\"lazy\" decoding=\"async\" class=\"wp-image-31624 size-full\" src=\"https:\/\/mouldking.store\/wp-content\/uploads\/2022\/05\/MOCBRICKLAND-MOC-89667-The-Beatles-BrickHeadz-1.jpg\" alt=\"MOC-89667 The Beatles BrickHeadz with 551 pieces\" width=\"800\" height=\"800\" title=\"-\" srcset=\"https:\/\/mouldking.store\/wp-content\/uploads\/2022\/05\/MOCBRICKLAND-MOC-89667-The-Beatles-BrickHeadz-1.jpg 800w, https:\/\/mouldking.store\/wp-content\/uploads\/2022\/05\/MOCBRICKLAND-MOC-89667-The-Beatles-BrickHeadz-1-300x300.jpg 300w, https:\/\/mouldking.store\/wp-content\/uploads\/2022\/05\/MOCBRICKLAND-MOC-89667-The-Beatles-BrickHeadz-1-768x768.jpg 768w, https:\/\/mouldking.store\/wp-content\/uploads\/2022\/05\/MOCBRICKLAND-MOC-89667-The-Beatles-BrickHeadz-1-600x600.jpg 600w, https:\/\/mouldking.store\/wp-content\/uploads\/2022\/05\/MOCBRICKLAND-MOC-89667-The-Beatles-BrickHeadz-1-150x150.jpg 150w\" sizes=\"(max-width: 800px) 100vw, 800px\" \/><figcaption id=\"caption-attachment-31624\" class=\"wp-caption-text\">MOC-89667 The Beatles BrickHeadz avec 551 pi\u00e8ces<\/figcaption><\/figure>","protected":false},"excerpt":{"rendered":"<p>Product information: Brand: MOC Gender: Unisex Name: The Beatles BrickHeadz Age Range: &gt; 6 years old Model Number: MOC-89667 Classification: Assemblage Plastic Block Shape: Self-Locking Bricks Material: Plastic Plastic Type: ABS Bricks Blocks: 551\u00a0PCS Contains detailed assembly instructions. Notice: 1. Without an original box, but we guarantee our products have quality assurance and nice packaging. [&hellip;]<\/p>","protected":false},"featured_media":31627,"comment_status":"closed","ping_status":"closed","template":"","meta":{"_acf_changed":false},"product_cat":[371],"product_tag":[5622,5623,5624,5625,5621,5626,5627],"class_list":["product","first","instock","shipping-taxable","purchasable","product-type-simple"],"acf":[],"_links":{"self":[{"href":"https:\/\/mouldking.store\/fr\/wp-json\/wp\/v2\/product\/31622","targetHints":{"allow":["GET"]}}],"collection":[{"href":"https:\/\/mouldking.store\/fr\/wp-json\/wp\/v2\/product"}],"about":[{"href":"https:\/\/mouldking.store\/fr\/wp-json\/wp\/v2\/types\/product"}],"replies":[{"embeddable":true,"href":"https:\/\/mouldking.store\/fr\/wp-json\/wp\/v2\/comments?post=31622"}],"wp:featuredmedia":[{"embeddable":true,"href":"https:\/\/mouldking.store\/fr\/wp-json\/wp\/v2\/media\/31627"}],"wp:attachment":[{"href":"https:\/\/mouldking.store\/fr\/wp-json\/wp\/v2\/media?parent=31622"}],"wp:term":[{"taxonomy":"product_cat","embeddable":true,"href":"https:\/\/mouldking.store\/fr\/wp-json\/wp\/v2\/product_cat?post=31622"},{"taxonomy":"product_tag","embeddable":true,"href":"https:\/\/mouldking.store\/fr\/wp-json\/wp\/v2\/product_tag?post=31622"}],"curies":[{"name":"wp","href":"https:\/\/api.w.org\/{rel}","templated":true}]}}