{"id":31651,"date":"2022-05-27T17:20:30","date_gmt":"2022-05-27T10:20:30","guid":{"rendered":"https:\/\/mouldking.store\/?post_type=product&#038;p=31651"},"modified":"2025-12-25T09:12:29","modified_gmt":"2025-12-25T02:12:29","slug":"moc-89665-violinist-with-141-pieces","status":"publish","type":"product","link":"https:\/\/mouldking.store\/fr\/shop\/moc-89665-violinist-with-141-pieces\/","title":{"rendered":"MOC-89665 Violoniste avec 141 pi\u00e8ces"},"content":{"rendered":"<p>Information produit:<\/p>\n<ol>\n<li>Marque : MOC<\/li>\n<li>Genre: Unisexe<\/li>\n<li>Nom : Violoniste<\/li>\n<li>Tranche d&#039;\u00e2ge : &gt; 6 ans<\/li>\n<li>Num\u00e9ro de mod\u00e8le: MOC-89665<\/li>\n<li>Classement : Assemblage<\/li>\n<li>Forme de bloc en plastique\u00a0: briques autobloquantes<\/li>\n<li>Mat\u00e9riel: Plastique<\/li>\n<li>Type de plastique : ABS<\/li>\n<li>Blocs de briques : 141 PCS<\/li>\n<li>Contient des instructions de montage d\u00e9taill\u00e9es.<\/li>\n<\/ol>\n<p>Avis:<br \/>\n1. Sans bo\u00eete d&#039;origine, mais nous garantissons que nos produits ont une assurance qualit\u00e9 et un bel emballage.<br \/>\n2. Comme toutes les pi\u00e8ces que nous avons v\u00e9rifi\u00e9es avant l&#039;exp\u00e9dition, donc si vous trouvez des pi\u00e8ces manquantes ou endommag\u00e9es, ne vous inqui\u00e9tez pas et veuillez nous contacter et nous pouvons vous les renvoyer imm\u00e9diatement gratuitement.<\/p>\n<p>&nbsp;<\/p>\n<figure id=\"attachment_31660\" aria-describedby=\"caption-attachment-31660\" style=\"width: 800px\" class=\"wp-caption aligncenter\"><img fetchpriority=\"high\" decoding=\"async\" class=\"wp-image-31660 size-full\" src=\"https:\/\/mouldking.store\/wp-content\/uploads\/2022\/05\/MOC-89665-2.jpg\" alt=\"MOC-89665 Violinist with 141 pieces\" width=\"800\" height=\"800\" title=\"-\" srcset=\"https:\/\/mouldking.store\/wp-content\/uploads\/2022\/05\/MOC-89665-2.jpg 800w, https:\/\/mouldking.store\/wp-content\/uploads\/2022\/05\/MOC-89665-2-300x300.jpg 300w, https:\/\/mouldking.store\/wp-content\/uploads\/2022\/05\/MOC-89665-2-768x768.jpg 768w, https:\/\/mouldking.store\/wp-content\/uploads\/2022\/05\/MOC-89665-2-600x600.jpg 600w, https:\/\/mouldking.store\/wp-content\/uploads\/2022\/05\/MOC-89665-2-150x150.jpg 150w\" sizes=\"(max-width: 800px) 100vw, 800px\" \/><figcaption id=\"caption-attachment-31660\" class=\"wp-caption-text\">MOC-89665 Violoniste avec 141 pi\u00e8ces<\/figcaption><\/figure>\n<figure id=\"attachment_31654\" aria-describedby=\"caption-attachment-31654\" style=\"width: 800px\" class=\"wp-caption aligncenter\"><img decoding=\"async\" class=\"wp-image-31654 size-full\" src=\"https:\/\/mouldking.store\/wp-content\/uploads\/2022\/05\/MOC-89665-8.jpg\" alt=\"MOC-89665 Violinist with 141 pieces\" width=\"800\" height=\"800\" title=\"-\" srcset=\"https:\/\/mouldking.store\/wp-content\/uploads\/2022\/05\/MOC-89665-8.jpg 800w, https:\/\/mouldking.store\/wp-content\/uploads\/2022\/05\/MOC-89665-8-300x300.jpg 300w, https:\/\/mouldking.store\/wp-content\/uploads\/2022\/05\/MOC-89665-8-768x768.jpg 768w, https:\/\/mouldking.store\/wp-content\/uploads\/2022\/05\/MOC-89665-8-600x600.jpg 600w, https:\/\/mouldking.store\/wp-content\/uploads\/2022\/05\/MOC-89665-8-150x150.jpg 150w\" sizes=\"(max-width: 800px) 100vw, 800px\" \/><figcaption id=\"caption-attachment-31654\" class=\"wp-caption-text\">MOC-89665 Violoniste avec 141 pi\u00e8ces<\/figcaption><\/figure>\n<figure id=\"attachment_31661\" aria-describedby=\"caption-attachment-31661\" style=\"width: 800px\" class=\"wp-caption aligncenter\"><img decoding=\"async\" class=\"wp-image-31661 size-full\" src=\"https:\/\/mouldking.store\/wp-content\/uploads\/2022\/05\/MOC-89665-9.jpg\" alt=\"MOC-89665 Violinist with 141 pieces\" width=\"800\" height=\"800\" title=\"-\" srcset=\"https:\/\/mouldking.store\/wp-content\/uploads\/2022\/05\/MOC-89665-9.jpg 800w, https:\/\/mouldking.store\/wp-content\/uploads\/2022\/05\/MOC-89665-9-300x300.jpg 300w, https:\/\/mouldking.store\/wp-content\/uploads\/2022\/05\/MOC-89665-9-768x768.jpg 768w, https:\/\/mouldking.store\/wp-content\/uploads\/2022\/05\/MOC-89665-9-600x600.jpg 600w, https:\/\/mouldking.store\/wp-content\/uploads\/2022\/05\/MOC-89665-9-150x150.jpg 150w\" sizes=\"(max-width: 800px) 100vw, 800px\" \/><figcaption id=\"caption-attachment-31661\" class=\"wp-caption-text\">MOC-89665 Violoniste avec 141 pi\u00e8ces<\/figcaption><\/figure>\n<figure id=\"attachment_31659\" aria-describedby=\"caption-attachment-31659\" style=\"width: 800px\" class=\"wp-caption aligncenter\"><img loading=\"lazy\" decoding=\"async\" class=\"wp-image-31659 size-full\" src=\"https:\/\/mouldking.store\/wp-content\/uploads\/2022\/05\/MOC-89665-3.jpg\" alt=\"MOC-89665 Violinist with 141 pieces\" width=\"800\" height=\"800\" title=\"-\" srcset=\"https:\/\/mouldking.store\/wp-content\/uploads\/2022\/05\/MOC-89665-3.jpg 800w, https:\/\/mouldking.store\/wp-content\/uploads\/2022\/05\/MOC-89665-3-300x300.jpg 300w, https:\/\/mouldking.store\/wp-content\/uploads\/2022\/05\/MOC-89665-3-768x768.jpg 768w, https:\/\/mouldking.store\/wp-content\/uploads\/2022\/05\/MOC-89665-3-600x600.jpg 600w, https:\/\/mouldking.store\/wp-content\/uploads\/2022\/05\/MOC-89665-3-150x150.jpg 150w\" sizes=\"(max-width: 800px) 100vw, 800px\" \/><figcaption id=\"caption-attachment-31659\" class=\"wp-caption-text\">MOC-89665 Violoniste avec 141 pi\u00e8ces<\/figcaption><\/figure>\n<figure id=\"attachment_31657\" aria-describedby=\"caption-attachment-31657\" style=\"width: 800px\" class=\"wp-caption aligncenter\"><img loading=\"lazy\" decoding=\"async\" class=\"wp-image-31657 size-full\" src=\"https:\/\/mouldking.store\/wp-content\/uploads\/2022\/05\/MOC-89665-5.jpg\" alt=\"MOC-89665 Violinist with 141 pieces\" width=\"800\" height=\"800\" title=\"-\" srcset=\"https:\/\/mouldking.store\/wp-content\/uploads\/2022\/05\/MOC-89665-5.jpg 800w, https:\/\/mouldking.store\/wp-content\/uploads\/2022\/05\/MOC-89665-5-300x300.jpg 300w, https:\/\/mouldking.store\/wp-content\/uploads\/2022\/05\/MOC-89665-5-768x768.jpg 768w, https:\/\/mouldking.store\/wp-content\/uploads\/2022\/05\/MOC-89665-5-600x600.jpg 600w, https:\/\/mouldking.store\/wp-content\/uploads\/2022\/05\/MOC-89665-5-150x150.jpg 150w\" sizes=\"(max-width: 800px) 100vw, 800px\" \/><figcaption id=\"caption-attachment-31657\" class=\"wp-caption-text\">MOC-89665 Violoniste avec 141 pi\u00e8ces<\/figcaption><\/figure>\n<figure id=\"attachment_31658\" aria-describedby=\"caption-attachment-31658\" style=\"width: 800px\" class=\"wp-caption aligncenter\"><img loading=\"lazy\" decoding=\"async\" class=\"wp-image-31658 size-full\" src=\"https:\/\/mouldking.store\/wp-content\/uploads\/2022\/05\/MOC-89665-4.jpg\" alt=\"MOC-89665 Violinist with 141 pieces\" width=\"800\" height=\"800\" title=\"-\" srcset=\"https:\/\/mouldking.store\/wp-content\/uploads\/2022\/05\/MOC-89665-4.jpg 800w, https:\/\/mouldking.store\/wp-content\/uploads\/2022\/05\/MOC-89665-4-300x300.jpg 300w, https:\/\/mouldking.store\/wp-content\/uploads\/2022\/05\/MOC-89665-4-768x768.jpg 768w, https:\/\/mouldking.store\/wp-content\/uploads\/2022\/05\/MOC-89665-4-600x600.jpg 600w, https:\/\/mouldking.store\/wp-content\/uploads\/2022\/05\/MOC-89665-4-150x150.jpg 150w\" sizes=\"(max-width: 800px) 100vw, 800px\" \/><figcaption id=\"caption-attachment-31658\" class=\"wp-caption-text\">MOC-89665 Violoniste avec 141 pi\u00e8ces<\/figcaption><\/figure>\n<figure id=\"attachment_31656\" aria-describedby=\"caption-attachment-31656\" style=\"width: 800px\" class=\"wp-caption aligncenter\"><img loading=\"lazy\" decoding=\"async\" class=\"wp-image-31656 size-full\" src=\"https:\/\/mouldking.store\/wp-content\/uploads\/2022\/05\/MOC-89665-6.jpg\" alt=\"MOC-89665 Violinist with 141 pieces\" width=\"800\" height=\"800\" title=\"-\" srcset=\"https:\/\/mouldking.store\/wp-content\/uploads\/2022\/05\/MOC-89665-6.jpg 800w, https:\/\/mouldking.store\/wp-content\/uploads\/2022\/05\/MOC-89665-6-300x300.jpg 300w, https:\/\/mouldking.store\/wp-content\/uploads\/2022\/05\/MOC-89665-6-768x768.jpg 768w, https:\/\/mouldking.store\/wp-content\/uploads\/2022\/05\/MOC-89665-6-600x600.jpg 600w, https:\/\/mouldking.store\/wp-content\/uploads\/2022\/05\/MOC-89665-6-150x150.jpg 150w\" sizes=\"(max-width: 800px) 100vw, 800px\" \/><figcaption id=\"caption-attachment-31656\" class=\"wp-caption-text\">MOC-89665 Violoniste avec 141 pi\u00e8ces<\/figcaption><\/figure>\n<figure id=\"attachment_31655\" aria-describedby=\"caption-attachment-31655\" style=\"width: 800px\" class=\"wp-caption aligncenter\"><img loading=\"lazy\" decoding=\"async\" class=\"wp-image-31655 size-full\" src=\"https:\/\/mouldking.store\/wp-content\/uploads\/2022\/05\/MOC-89665-7.jpg\" alt=\"MOC-89665 Violinist with 141 pieces\" width=\"800\" height=\"800\" title=\"-\" srcset=\"https:\/\/mouldking.store\/wp-content\/uploads\/2022\/05\/MOC-89665-7.jpg 800w, https:\/\/mouldking.store\/wp-content\/uploads\/2022\/05\/MOC-89665-7-300x300.jpg 300w, https:\/\/mouldking.store\/wp-content\/uploads\/2022\/05\/MOC-89665-7-768x768.jpg 768w, https:\/\/mouldking.store\/wp-content\/uploads\/2022\/05\/MOC-89665-7-600x600.jpg 600w, https:\/\/mouldking.store\/wp-content\/uploads\/2022\/05\/MOC-89665-7-150x150.jpg 150w\" sizes=\"(max-width: 800px) 100vw, 800px\" \/><figcaption id=\"caption-attachment-31655\" class=\"wp-caption-text\">MOC-89665 Violoniste avec 141 pi\u00e8ces<\/figcaption><\/figure>\n<figure id=\"attachment_31653\" aria-describedby=\"caption-attachment-31653\" style=\"width: 800px\" class=\"wp-caption aligncenter\"><img loading=\"lazy\" decoding=\"async\" class=\"wp-image-31653 size-full\" src=\"https:\/\/mouldking.store\/wp-content\/uploads\/2022\/05\/MOC-89665-10.jpg\" alt=\"MOC-89665 Violinist with 141 pieces\" width=\"800\" height=\"800\" title=\"-\" srcset=\"https:\/\/mouldking.store\/wp-content\/uploads\/2022\/05\/MOC-89665-10.jpg 800w, https:\/\/mouldking.store\/wp-content\/uploads\/2022\/05\/MOC-89665-10-300x300.jpg 300w, https:\/\/mouldking.store\/wp-content\/uploads\/2022\/05\/MOC-89665-10-768x768.jpg 768w, https:\/\/mouldking.store\/wp-content\/uploads\/2022\/05\/MOC-89665-10-600x600.jpg 600w, https:\/\/mouldking.store\/wp-content\/uploads\/2022\/05\/MOC-89665-10-150x150.jpg 150w\" sizes=\"(max-width: 800px) 100vw, 800px\" \/><figcaption id=\"caption-attachment-31653\" class=\"wp-caption-text\">MOC-89665 Violoniste avec 141 pi\u00e8ces<\/figcaption><\/figure>\n<figure id=\"attachment_31652\" aria-describedby=\"caption-attachment-31652\" style=\"width: 800px\" class=\"wp-caption aligncenter\"><img loading=\"lazy\" decoding=\"async\" class=\"wp-image-31652 size-full\" src=\"https:\/\/mouldking.store\/wp-content\/uploads\/2022\/05\/MOC-89665-1.jpg\" alt=\"MOC-89665 Violinist with 141 pieces\" width=\"800\" height=\"800\" title=\"-\" srcset=\"https:\/\/mouldking.store\/wp-content\/uploads\/2022\/05\/MOC-89665-1.jpg 800w, https:\/\/mouldking.store\/wp-content\/uploads\/2022\/05\/MOC-89665-1-300x300.jpg 300w, https:\/\/mouldking.store\/wp-content\/uploads\/2022\/05\/MOC-89665-1-768x768.jpg 768w, https:\/\/mouldking.store\/wp-content\/uploads\/2022\/05\/MOC-89665-1-600x600.jpg 600w, https:\/\/mouldking.store\/wp-content\/uploads\/2022\/05\/MOC-89665-1-150x150.jpg 150w\" sizes=\"(max-width: 800px) 100vw, 800px\" \/><figcaption id=\"caption-attachment-31652\" class=\"wp-caption-text\">MOC-89665 Violoniste avec 141 pi\u00e8ces<\/figcaption><\/figure>","protected":false},"excerpt":{"rendered":"<p>Product information: Brand: MOC Gender: Unisex Name: Violinist Age Range: &gt; 6 years old Model Number: MOC-89665 Classification: Assemblage Plastic Block Shape: Self-Locking Bricks Material: Plastic Plastic Type: ABS Bricks Blocks: 141 PCS Contains detailed assembly instructions. Notice: 1. Without an original box, but we guarantee our products have quality assurance and nice packaging. 2. [&hellip;]<\/p>","protected":false},"featured_media":31661,"comment_status":"closed","ping_status":"closed","template":"","meta":{"_acf_changed":false},"product_cat":[371],"product_tag":[5641,5640,5639,5642],"class_list":["product","first","instock","shipping-taxable","purchasable","product-type-simple"],"acf":[],"_links":{"self":[{"href":"https:\/\/mouldking.store\/fr\/wp-json\/wp\/v2\/product\/31651","targetHints":{"allow":["GET"]}}],"collection":[{"href":"https:\/\/mouldking.store\/fr\/wp-json\/wp\/v2\/product"}],"about":[{"href":"https:\/\/mouldking.store\/fr\/wp-json\/wp\/v2\/types\/product"}],"replies":[{"embeddable":true,"href":"https:\/\/mouldking.store\/fr\/wp-json\/wp\/v2\/comments?post=31651"}],"wp:featuredmedia":[{"embeddable":true,"href":"https:\/\/mouldking.store\/fr\/wp-json\/wp\/v2\/media\/31661"}],"wp:attachment":[{"href":"https:\/\/mouldking.store\/fr\/wp-json\/wp\/v2\/media?parent=31651"}],"wp:term":[{"taxonomy":"product_cat","embeddable":true,"href":"https:\/\/mouldking.store\/fr\/wp-json\/wp\/v2\/product_cat?post=31651"},{"taxonomy":"product_tag","embeddable":true,"href":"https:\/\/mouldking.store\/fr\/wp-json\/wp\/v2\/product_tag?post=31651"}],"curies":[{"name":"wp","href":"https:\/\/api.w.org\/{rel}","templated":true}]}}