{"id":32136,"date":"2022-08-31T15:34:38","date_gmt":"2022-08-31T08:34:38","guid":{"rendered":"https:\/\/mouldking.store\/?post_type=product&#038;p=32136"},"modified":"2025-12-25T09:12:29","modified_gmt":"2025-12-25T02:12:29","slug":"moc-112777-anubis-lord-of-the-underworld-with-409-pieces","status":"publish","type":"product","link":"https:\/\/mouldking.store\/fr\/shop\/moc-112777-anubis-lord-of-the-underworld-with-409-pieces\/","title":{"rendered":"MOC-112777 Anubis \u2013 Seigneur des enfers avec 409 pi\u00e8ces"},"content":{"rendered":"<p>Information produit:<\/p>\n<ol>\n<li>Marque : MOC<\/li>\n<li>Genre: Unisexe<\/li>\n<li>Name: Anubis \u2013 Lord of the Underworld<\/li>\n<li>Tranche d&#039;\u00e2ge : &gt; 6 ans<\/li>\n<li>Model Number: MOC-112777 &#8211; C7997<\/li>\n<li>Classement : Assemblage<\/li>\n<li>Forme de bloc en plastique\u00a0: briques autobloquantes<\/li>\n<li>Mat\u00e9riel: Plastique<\/li>\n<li>Type de plastique : ABS<\/li>\n<li>Blocs de briques : 409 PCS<\/li>\n<li>Dimensions: 9.6 x 9.6 x 24 cm<\/li>\n<li>Weight: 0.16 kg<\/li>\n<li>Contient des instructions de montage d\u00e9taill\u00e9es.<\/li>\n<\/ol>\n<p>Avis:<br \/>\n1. Sans bo\u00eete d&#039;origine, mais nous garantissons que nos produits ont une assurance qualit\u00e9 et un bel emballage.<br \/>\n2. Comme toutes les pi\u00e8ces que nous avons v\u00e9rifi\u00e9es avant l&#039;exp\u00e9dition, donc si vous trouvez des pi\u00e8ces manquantes ou endommag\u00e9es, ne vous inqui\u00e9tez pas et veuillez nous contacter et nous pouvons vous les renvoyer imm\u00e9diatement gratuitement.<\/p>\n<p>&nbsp;<\/p>\n<figure id=\"attachment_32140\" aria-describedby=\"caption-attachment-32140\" style=\"width: 800px\" class=\"wp-caption aligncenter\"><img fetchpriority=\"high\" decoding=\"async\" class=\"wp-image-32140 size-full\" src=\"https:\/\/mouldking.store\/wp-content\/uploads\/2022\/08\/MOCBRICKLAND-MOC-112777-Anubis-Lord-of-the-Underworld-2.jpg\" alt=\"MOC-112777 Anubis \u2013 Lord of the Underworld with 409 Pieces\" width=\"800\" height=\"800\" title=\"-\" srcset=\"https:\/\/mouldking.store\/wp-content\/uploads\/2022\/08\/MOCBRICKLAND-MOC-112777-Anubis-Lord-of-the-Underworld-2.jpg 800w, https:\/\/mouldking.store\/wp-content\/uploads\/2022\/08\/MOCBRICKLAND-MOC-112777-Anubis-Lord-of-the-Underworld-2-300x300.jpg 300w, https:\/\/mouldking.store\/wp-content\/uploads\/2022\/08\/MOCBRICKLAND-MOC-112777-Anubis-Lord-of-the-Underworld-2-768x768.jpg 768w, https:\/\/mouldking.store\/wp-content\/uploads\/2022\/08\/MOCBRICKLAND-MOC-112777-Anubis-Lord-of-the-Underworld-2-600x600.jpg 600w, https:\/\/mouldking.store\/wp-content\/uploads\/2022\/08\/MOCBRICKLAND-MOC-112777-Anubis-Lord-of-the-Underworld-2-150x150.jpg 150w, https:\/\/mouldking.store\/wp-content\/uploads\/2022\/08\/MOCBRICKLAND-MOC-112777-Anubis-Lord-of-the-Underworld-2-60x60.jpg 60w, https:\/\/mouldking.store\/wp-content\/uploads\/2022\/08\/MOCBRICKLAND-MOC-112777-Anubis-Lord-of-the-Underworld-2-90x90.jpg 90w\" sizes=\"(max-width: 800px) 100vw, 800px\" \/><figcaption id=\"caption-attachment-32140\" class=\"wp-caption-text\">MOC-112777 Anubis \u2013 Seigneur des enfers avec 409 pi\u00e8ces<\/figcaption><\/figure>\n<figure id=\"attachment_32143\" aria-describedby=\"caption-attachment-32143\" style=\"width: 800px\" class=\"wp-caption aligncenter\"><img decoding=\"async\" class=\"wp-image-32143 size-full\" src=\"https:\/\/mouldking.store\/wp-content\/uploads\/2022\/08\/MOCBRICKLAND-MOC-112777-Anubis-Lord-of-the-Underworld-6.jpg\" alt=\"MOC-112777 Anubis \u2013 Lord of the Underworld with 409 Pieces\" width=\"800\" height=\"800\" title=\"-\" srcset=\"https:\/\/mouldking.store\/wp-content\/uploads\/2022\/08\/MOCBRICKLAND-MOC-112777-Anubis-Lord-of-the-Underworld-6.jpg 800w, https:\/\/mouldking.store\/wp-content\/uploads\/2022\/08\/MOCBRICKLAND-MOC-112777-Anubis-Lord-of-the-Underworld-6-300x300.jpg 300w, https:\/\/mouldking.store\/wp-content\/uploads\/2022\/08\/MOCBRICKLAND-MOC-112777-Anubis-Lord-of-the-Underworld-6-768x768.jpg 768w, https:\/\/mouldking.store\/wp-content\/uploads\/2022\/08\/MOCBRICKLAND-MOC-112777-Anubis-Lord-of-the-Underworld-6-600x600.jpg 600w, https:\/\/mouldking.store\/wp-content\/uploads\/2022\/08\/MOCBRICKLAND-MOC-112777-Anubis-Lord-of-the-Underworld-6-150x150.jpg 150w, https:\/\/mouldking.store\/wp-content\/uploads\/2022\/08\/MOCBRICKLAND-MOC-112777-Anubis-Lord-of-the-Underworld-6-60x60.jpg 60w, https:\/\/mouldking.store\/wp-content\/uploads\/2022\/08\/MOCBRICKLAND-MOC-112777-Anubis-Lord-of-the-Underworld-6-90x90.jpg 90w\" sizes=\"(max-width: 800px) 100vw, 800px\" \/><figcaption id=\"caption-attachment-32143\" class=\"wp-caption-text\">MOC-112777 Anubis \u2013 Seigneur des enfers avec 409 pi\u00e8ces<\/figcaption><\/figure>\n<figure id=\"attachment_32137\" aria-describedby=\"caption-attachment-32137\" style=\"width: 800px\" class=\"wp-caption aligncenter\"><img decoding=\"async\" class=\"wp-image-32137 size-full\" src=\"https:\/\/mouldking.store\/wp-content\/uploads\/2022\/08\/MOCBRICKLAND-MOC-112777-Anubis-Lord-of-the-Underworld-5.jpg\" alt=\"MOC-112777 Anubis \u2013 Lord of the Underworld with 409 Pieces\" width=\"800\" height=\"800\" title=\"-\" srcset=\"https:\/\/mouldking.store\/wp-content\/uploads\/2022\/08\/MOCBRICKLAND-MOC-112777-Anubis-Lord-of-the-Underworld-5.jpg 800w, https:\/\/mouldking.store\/wp-content\/uploads\/2022\/08\/MOCBRICKLAND-MOC-112777-Anubis-Lord-of-the-Underworld-5-300x300.jpg 300w, https:\/\/mouldking.store\/wp-content\/uploads\/2022\/08\/MOCBRICKLAND-MOC-112777-Anubis-Lord-of-the-Underworld-5-768x768.jpg 768w, https:\/\/mouldking.store\/wp-content\/uploads\/2022\/08\/MOCBRICKLAND-MOC-112777-Anubis-Lord-of-the-Underworld-5-600x600.jpg 600w, https:\/\/mouldking.store\/wp-content\/uploads\/2022\/08\/MOCBRICKLAND-MOC-112777-Anubis-Lord-of-the-Underworld-5-150x150.jpg 150w, https:\/\/mouldking.store\/wp-content\/uploads\/2022\/08\/MOCBRICKLAND-MOC-112777-Anubis-Lord-of-the-Underworld-5-60x60.jpg 60w, https:\/\/mouldking.store\/wp-content\/uploads\/2022\/08\/MOCBRICKLAND-MOC-112777-Anubis-Lord-of-the-Underworld-5-90x90.jpg 90w\" sizes=\"(max-width: 800px) 100vw, 800px\" \/><figcaption id=\"caption-attachment-32137\" class=\"wp-caption-text\">MOC-112777 Anubis \u2013 Seigneur des enfers avec 409 pi\u00e8ces<\/figcaption><\/figure>\n<figure id=\"attachment_32138\" aria-describedby=\"caption-attachment-32138\" style=\"width: 800px\" class=\"wp-caption aligncenter\"><img loading=\"lazy\" decoding=\"async\" class=\"wp-image-32138 size-full\" src=\"https:\/\/mouldking.store\/wp-content\/uploads\/2022\/08\/MOCBRICKLAND-MOC-112777-Anubis-Lord-of-the-Underworld-4.jpg\" alt=\"MOC-112777 Anubis \u2013 Lord of the Underworld with 409 Pieces\" width=\"800\" height=\"800\" title=\"-\" srcset=\"https:\/\/mouldking.store\/wp-content\/uploads\/2022\/08\/MOCBRICKLAND-MOC-112777-Anubis-Lord-of-the-Underworld-4.jpg 800w, https:\/\/mouldking.store\/wp-content\/uploads\/2022\/08\/MOCBRICKLAND-MOC-112777-Anubis-Lord-of-the-Underworld-4-300x300.jpg 300w, https:\/\/mouldking.store\/wp-content\/uploads\/2022\/08\/MOCBRICKLAND-MOC-112777-Anubis-Lord-of-the-Underworld-4-768x768.jpg 768w, https:\/\/mouldking.store\/wp-content\/uploads\/2022\/08\/MOCBRICKLAND-MOC-112777-Anubis-Lord-of-the-Underworld-4-600x600.jpg 600w, https:\/\/mouldking.store\/wp-content\/uploads\/2022\/08\/MOCBRICKLAND-MOC-112777-Anubis-Lord-of-the-Underworld-4-150x150.jpg 150w, https:\/\/mouldking.store\/wp-content\/uploads\/2022\/08\/MOCBRICKLAND-MOC-112777-Anubis-Lord-of-the-Underworld-4-60x60.jpg 60w, https:\/\/mouldking.store\/wp-content\/uploads\/2022\/08\/MOCBRICKLAND-MOC-112777-Anubis-Lord-of-the-Underworld-4-90x90.jpg 90w\" sizes=\"(max-width: 800px) 100vw, 800px\" \/><figcaption id=\"caption-attachment-32138\" class=\"wp-caption-text\">MOC-112777 Anubis \u2013 Seigneur des enfers avec 409 pi\u00e8ces<\/figcaption><\/figure>\n<figure id=\"attachment_32139\" aria-describedby=\"caption-attachment-32139\" style=\"width: 800px\" class=\"wp-caption aligncenter\"><img loading=\"lazy\" decoding=\"async\" class=\"wp-image-32139 size-full\" src=\"https:\/\/mouldking.store\/wp-content\/uploads\/2022\/08\/MOCBRICKLAND-MOC-112777-Anubis-Lord-of-the-Underworld-3.jpg\" alt=\"MOC-112777 Anubis \u2013 Lord of the Underworld with 409 Pieces\" width=\"800\" height=\"800\" title=\"-\" srcset=\"https:\/\/mouldking.store\/wp-content\/uploads\/2022\/08\/MOCBRICKLAND-MOC-112777-Anubis-Lord-of-the-Underworld-3.jpg 800w, https:\/\/mouldking.store\/wp-content\/uploads\/2022\/08\/MOCBRICKLAND-MOC-112777-Anubis-Lord-of-the-Underworld-3-300x300.jpg 300w, https:\/\/mouldking.store\/wp-content\/uploads\/2022\/08\/MOCBRICKLAND-MOC-112777-Anubis-Lord-of-the-Underworld-3-768x768.jpg 768w, https:\/\/mouldking.store\/wp-content\/uploads\/2022\/08\/MOCBRICKLAND-MOC-112777-Anubis-Lord-of-the-Underworld-3-600x600.jpg 600w, https:\/\/mouldking.store\/wp-content\/uploads\/2022\/08\/MOCBRICKLAND-MOC-112777-Anubis-Lord-of-the-Underworld-3-150x150.jpg 150w, https:\/\/mouldking.store\/wp-content\/uploads\/2022\/08\/MOCBRICKLAND-MOC-112777-Anubis-Lord-of-the-Underworld-3-60x60.jpg 60w, https:\/\/mouldking.store\/wp-content\/uploads\/2022\/08\/MOCBRICKLAND-MOC-112777-Anubis-Lord-of-the-Underworld-3-90x90.jpg 90w\" sizes=\"(max-width: 800px) 100vw, 800px\" \/><figcaption id=\"caption-attachment-32139\" class=\"wp-caption-text\">MOC-112777 Anubis \u2013 Seigneur des enfers avec 409 pi\u00e8ces<\/figcaption><\/figure>\n<figure id=\"attachment_32142\" aria-describedby=\"caption-attachment-32142\" style=\"width: 800px\" class=\"wp-caption aligncenter\"><img loading=\"lazy\" decoding=\"async\" class=\"wp-image-32142 size-full\" src=\"https:\/\/mouldking.store\/wp-content\/uploads\/2022\/08\/MOCBRICKLAND-MOC-112777-Anubis-Lord-of-the-Underworld-7.jpg\" alt=\"MOC-112777 Anubis \u2013 Lord of the Underworld with 409 Pieces\" width=\"800\" height=\"800\" title=\"-\" srcset=\"https:\/\/mouldking.store\/wp-content\/uploads\/2022\/08\/MOCBRICKLAND-MOC-112777-Anubis-Lord-of-the-Underworld-7.jpg 800w, https:\/\/mouldking.store\/wp-content\/uploads\/2022\/08\/MOCBRICKLAND-MOC-112777-Anubis-Lord-of-the-Underworld-7-300x300.jpg 300w, https:\/\/mouldking.store\/wp-content\/uploads\/2022\/08\/MOCBRICKLAND-MOC-112777-Anubis-Lord-of-the-Underworld-7-768x768.jpg 768w, https:\/\/mouldking.store\/wp-content\/uploads\/2022\/08\/MOCBRICKLAND-MOC-112777-Anubis-Lord-of-the-Underworld-7-600x600.jpg 600w, https:\/\/mouldking.store\/wp-content\/uploads\/2022\/08\/MOCBRICKLAND-MOC-112777-Anubis-Lord-of-the-Underworld-7-150x150.jpg 150w, https:\/\/mouldking.store\/wp-content\/uploads\/2022\/08\/MOCBRICKLAND-MOC-112777-Anubis-Lord-of-the-Underworld-7-60x60.jpg 60w, https:\/\/mouldking.store\/wp-content\/uploads\/2022\/08\/MOCBRICKLAND-MOC-112777-Anubis-Lord-of-the-Underworld-7-90x90.jpg 90w\" sizes=\"(max-width: 800px) 100vw, 800px\" \/><figcaption id=\"caption-attachment-32142\" class=\"wp-caption-text\">MOC-112777 Anubis \u2013 Seigneur des enfers avec 409 pi\u00e8ces<\/figcaption><\/figure>\n<figure id=\"attachment_32141\" aria-describedby=\"caption-attachment-32141\" style=\"width: 800px\" class=\"wp-caption aligncenter\"><img loading=\"lazy\" decoding=\"async\" class=\"wp-image-32141 size-full\" src=\"https:\/\/mouldking.store\/wp-content\/uploads\/2022\/08\/MOCBRICKLAND-MOC-112777-Anubis-Lord-of-the-Underworld-1.jpg\" alt=\"MOC-112777 Anubis \u2013 Lord of the Underworld with 409 Pieces\" width=\"800\" height=\"1230\" title=\"-\" srcset=\"https:\/\/mouldking.store\/wp-content\/uploads\/2022\/08\/MOCBRICKLAND-MOC-112777-Anubis-Lord-of-the-Underworld-1.jpg 800w, https:\/\/mouldking.store\/wp-content\/uploads\/2022\/08\/MOCBRICKLAND-MOC-112777-Anubis-Lord-of-the-Underworld-1-195x300.jpg 195w, https:\/\/mouldking.store\/wp-content\/uploads\/2022\/08\/MOCBRICKLAND-MOC-112777-Anubis-Lord-of-the-Underworld-1-666x1024.jpg 666w, https:\/\/mouldking.store\/wp-content\/uploads\/2022\/08\/MOCBRICKLAND-MOC-112777-Anubis-Lord-of-the-Underworld-1-768x1181.jpg 768w, https:\/\/mouldking.store\/wp-content\/uploads\/2022\/08\/MOCBRICKLAND-MOC-112777-Anubis-Lord-of-the-Underworld-1-300x461.jpg 300w, https:\/\/mouldking.store\/wp-content\/uploads\/2022\/08\/MOCBRICKLAND-MOC-112777-Anubis-Lord-of-the-Underworld-1-600x923.jpg 600w, https:\/\/mouldking.store\/wp-content\/uploads\/2022\/08\/MOCBRICKLAND-MOC-112777-Anubis-Lord-of-the-Underworld-1-98x150.jpg 98w, https:\/\/mouldking.store\/wp-content\/uploads\/2022\/08\/MOCBRICKLAND-MOC-112777-Anubis-Lord-of-the-Underworld-1-39x60.jpg 39w, https:\/\/mouldking.store\/wp-content\/uploads\/2022\/08\/MOCBRICKLAND-MOC-112777-Anubis-Lord-of-the-Underworld-1-59x90.jpg 59w\" sizes=\"(max-width: 800px) 100vw, 800px\" \/><figcaption id=\"caption-attachment-32141\" class=\"wp-caption-text\">MOC-112777 Anubis \u2013 Seigneur des enfers avec 409 pi\u00e8ces<\/figcaption><\/figure>","protected":false},"excerpt":{"rendered":"<p>Product information: Brand: MOC Gender: Unisex Name: Anubis \u2013 Lord of the Underworld Age Range: &gt; 6 years old Model Number: MOC-112777 &#8211; C7997 Classification: Assemblage Plastic Block Shape: Self-Locking Bricks Material: Plastic Plastic Type: ABS Bricks Blocks: 409 PCS Dimensions: 9.6 x 9.6 x 24 cm Weight: 0.16 kg Contains detailed assembly instructions. Notice: [&hellip;]<\/p>","protected":false},"featured_media":32139,"comment_status":"closed","ping_status":"closed","template":"","meta":{"_acf_changed":false},"product_cat":[371],"product_tag":[5730,5729,5731,5728,5727,5726],"class_list":["product","first","instock","shipping-taxable","purchasable","product-type-simple"],"acf":[],"_links":{"self":[{"href":"https:\/\/mouldking.store\/fr\/wp-json\/wp\/v2\/product\/32136","targetHints":{"allow":["GET"]}}],"collection":[{"href":"https:\/\/mouldking.store\/fr\/wp-json\/wp\/v2\/product"}],"about":[{"href":"https:\/\/mouldking.store\/fr\/wp-json\/wp\/v2\/types\/product"}],"replies":[{"embeddable":true,"href":"https:\/\/mouldking.store\/fr\/wp-json\/wp\/v2\/comments?post=32136"}],"wp:featuredmedia":[{"embeddable":true,"href":"https:\/\/mouldking.store\/fr\/wp-json\/wp\/v2\/media\/32139"}],"wp:attachment":[{"href":"https:\/\/mouldking.store\/fr\/wp-json\/wp\/v2\/media?parent=32136"}],"wp:term":[{"taxonomy":"product_cat","embeddable":true,"href":"https:\/\/mouldking.store\/fr\/wp-json\/wp\/v2\/product_cat?post=32136"},{"taxonomy":"product_tag","embeddable":true,"href":"https:\/\/mouldking.store\/fr\/wp-json\/wp\/v2\/product_tag?post=32136"}],"curies":[{"name":"wp","href":"https:\/\/api.w.org\/{rel}","templated":true}]}}