{"id":32242,"date":"2022-08-31T17:18:53","date_gmt":"2022-08-31T10:18:53","guid":{"rendered":"https:\/\/mouldking.store\/?post_type=product&#038;p=32242"},"modified":"2025-12-25T09:12:27","modified_gmt":"2025-12-25T02:12:27","slug":"moc-82707-planet-express-ship-with-628-pieces","status":"publish","type":"product","link":"https:\/\/mouldking.store\/fr\/shop\/moc-82707-planet-express-ship-with-628-pieces\/","title":{"rendered":"MOC-82707 Navire Planet Express avec 628 pi\u00e8ces"},"content":{"rendered":"<p>Information produit:<\/p>\n<ol>\n<li>Marque : MOC<\/li>\n<li>Genre: Unisexe<\/li>\n<li>Name: Planet Express Ship<\/li>\n<li>Tranche d&#039;\u00e2ge : &gt; 6 ans<\/li>\n<li>Model Number: MOC-82707 &#8211; C9051<\/li>\n<li>Classement : Assemblage<\/li>\n<li>Forme de bloc en plastique\u00a0: briques autobloquantes<\/li>\n<li>Mat\u00e9riel: Plastique<\/li>\n<li>Type de plastique : ABS<\/li>\n<li>Bricks Blocks: 628 PCS<\/li>\n<li>Dimensions: 32 x 10 x 18 cm<\/li>\n<li>Weight: 0.47 kg<\/li>\n<li>Contient des instructions de montage d\u00e9taill\u00e9es.<\/li>\n<\/ol>\n<p>Avis:<br \/>\n1. Sans bo\u00eete d&#039;origine, mais nous garantissons que nos produits ont une assurance qualit\u00e9 et un bel emballage.<br \/>\n2. Comme toutes les pi\u00e8ces que nous avons v\u00e9rifi\u00e9es avant l&#039;exp\u00e9dition, donc si vous trouvez des pi\u00e8ces manquantes ou endommag\u00e9es, ne vous inqui\u00e9tez pas et veuillez nous contacter et nous pouvons vous les renvoyer imm\u00e9diatement gratuitement.<\/p>\n<figure id=\"attachment_32244\" aria-describedby=\"caption-attachment-32244\" style=\"width: 801px\" class=\"wp-caption aligncenter\"><img fetchpriority=\"high\" decoding=\"async\" class=\"wp-image-32244 size-full\" src=\"https:\/\/mouldking.store\/wp-content\/uploads\/2022\/08\/MOCBRICKLAND-MOC-82707-Planet-Express-Ship-2.jpg\" alt=\"MOC-82707 Planet Express Ship with 628 Pieces\" width=\"801\" height=\"801\" title=\"-\" srcset=\"https:\/\/mouldking.store\/wp-content\/uploads\/2022\/08\/MOCBRICKLAND-MOC-82707-Planet-Express-Ship-2.jpg 801w, https:\/\/mouldking.store\/wp-content\/uploads\/2022\/08\/MOCBRICKLAND-MOC-82707-Planet-Express-Ship-2-300x300.jpg 300w, https:\/\/mouldking.store\/wp-content\/uploads\/2022\/08\/MOCBRICKLAND-MOC-82707-Planet-Express-Ship-2-768x768.jpg 768w, https:\/\/mouldking.store\/wp-content\/uploads\/2022\/08\/MOCBRICKLAND-MOC-82707-Planet-Express-Ship-2-600x600.jpg 600w, https:\/\/mouldking.store\/wp-content\/uploads\/2022\/08\/MOCBRICKLAND-MOC-82707-Planet-Express-Ship-2-150x150.jpg 150w, https:\/\/mouldking.store\/wp-content\/uploads\/2022\/08\/MOCBRICKLAND-MOC-82707-Planet-Express-Ship-2-60x60.jpg 60w, https:\/\/mouldking.store\/wp-content\/uploads\/2022\/08\/MOCBRICKLAND-MOC-82707-Planet-Express-Ship-2-90x90.jpg 90w\" sizes=\"(max-width: 801px) 100vw, 801px\" \/><figcaption id=\"caption-attachment-32244\" class=\"wp-caption-text\">MOC-82707 Navire Planet Express avec 628 pi\u00e8ces<\/figcaption><\/figure>\n<figure id=\"attachment_32246\" aria-describedby=\"caption-attachment-32246\" style=\"width: 801px\" class=\"wp-caption aligncenter\"><img decoding=\"async\" class=\"wp-image-32246 size-full\" src=\"https:\/\/mouldking.store\/wp-content\/uploads\/2022\/08\/MOCBRICKLAND-MOC-82707-Planet-Express-Ship-3.jpg\" alt=\"MOC-82707 Planet Express Ship with 628 Pieces\" width=\"801\" height=\"801\" title=\"-\" srcset=\"https:\/\/mouldking.store\/wp-content\/uploads\/2022\/08\/MOCBRICKLAND-MOC-82707-Planet-Express-Ship-3.jpg 801w, https:\/\/mouldking.store\/wp-content\/uploads\/2022\/08\/MOCBRICKLAND-MOC-82707-Planet-Express-Ship-3-300x300.jpg 300w, https:\/\/mouldking.store\/wp-content\/uploads\/2022\/08\/MOCBRICKLAND-MOC-82707-Planet-Express-Ship-3-768x768.jpg 768w, https:\/\/mouldking.store\/wp-content\/uploads\/2022\/08\/MOCBRICKLAND-MOC-82707-Planet-Express-Ship-3-600x600.jpg 600w, https:\/\/mouldking.store\/wp-content\/uploads\/2022\/08\/MOCBRICKLAND-MOC-82707-Planet-Express-Ship-3-150x150.jpg 150w, https:\/\/mouldking.store\/wp-content\/uploads\/2022\/08\/MOCBRICKLAND-MOC-82707-Planet-Express-Ship-3-60x60.jpg 60w, https:\/\/mouldking.store\/wp-content\/uploads\/2022\/08\/MOCBRICKLAND-MOC-82707-Planet-Express-Ship-3-90x90.jpg 90w\" sizes=\"(max-width: 801px) 100vw, 801px\" \/><figcaption id=\"caption-attachment-32246\" class=\"wp-caption-text\">MOC-82707 Navire Planet Express avec 628 pi\u00e8ces<\/figcaption><\/figure>\n<figure id=\"attachment_32245\" aria-describedby=\"caption-attachment-32245\" style=\"width: 800px\" class=\"wp-caption aligncenter\"><img decoding=\"async\" class=\"wp-image-32245 size-full\" src=\"https:\/\/mouldking.store\/wp-content\/uploads\/2022\/08\/MOCBRICKLAND-MOC-82707-Planet-Express-Ship-1.jpg\" alt=\"MOC-82707 Planet Express Ship with 628 Pieces\" width=\"800\" height=\"1430\" title=\"-\" srcset=\"https:\/\/mouldking.store\/wp-content\/uploads\/2022\/08\/MOCBRICKLAND-MOC-82707-Planet-Express-Ship-1.jpg 800w, https:\/\/mouldking.store\/wp-content\/uploads\/2022\/08\/MOCBRICKLAND-MOC-82707-Planet-Express-Ship-1-168x300.jpg 168w, https:\/\/mouldking.store\/wp-content\/uploads\/2022\/08\/MOCBRICKLAND-MOC-82707-Planet-Express-Ship-1-573x1024.jpg 573w, https:\/\/mouldking.store\/wp-content\/uploads\/2022\/08\/MOCBRICKLAND-MOC-82707-Planet-Express-Ship-1-768x1373.jpg 768w, https:\/\/mouldking.store\/wp-content\/uploads\/2022\/08\/MOCBRICKLAND-MOC-82707-Planet-Express-Ship-1-300x536.jpg 300w, https:\/\/mouldking.store\/wp-content\/uploads\/2022\/08\/MOCBRICKLAND-MOC-82707-Planet-Express-Ship-1-600x1073.jpg 600w, https:\/\/mouldking.store\/wp-content\/uploads\/2022\/08\/MOCBRICKLAND-MOC-82707-Planet-Express-Ship-1-84x150.jpg 84w, https:\/\/mouldking.store\/wp-content\/uploads\/2022\/08\/MOCBRICKLAND-MOC-82707-Planet-Express-Ship-1-34x60.jpg 34w, https:\/\/mouldking.store\/wp-content\/uploads\/2022\/08\/MOCBRICKLAND-MOC-82707-Planet-Express-Ship-1-50x90.jpg 50w\" sizes=\"(max-width: 800px) 100vw, 800px\" \/><figcaption id=\"caption-attachment-32245\" class=\"wp-caption-text\">MOC-82707 Navire Planet Express avec 628 pi\u00e8ces<\/figcaption><\/figure>\n<figure id=\"attachment_32243\" aria-describedby=\"caption-attachment-32243\" style=\"width: 801px\" class=\"wp-caption aligncenter\"><img loading=\"lazy\" decoding=\"async\" class=\"wp-image-32243 size-full\" src=\"https:\/\/mouldking.store\/wp-content\/uploads\/2022\/08\/MOCBRICKLAND-MOC-82707-Planet-Express-Ship-4.jpg\" alt=\"MOC-82707 Planet Express Ship with 628 Pieces\" width=\"801\" height=\"801\" title=\"-\" srcset=\"https:\/\/mouldking.store\/wp-content\/uploads\/2022\/08\/MOCBRICKLAND-MOC-82707-Planet-Express-Ship-4.jpg 801w, https:\/\/mouldking.store\/wp-content\/uploads\/2022\/08\/MOCBRICKLAND-MOC-82707-Planet-Express-Ship-4-300x300.jpg 300w, https:\/\/mouldking.store\/wp-content\/uploads\/2022\/08\/MOCBRICKLAND-MOC-82707-Planet-Express-Ship-4-768x768.jpg 768w, https:\/\/mouldking.store\/wp-content\/uploads\/2022\/08\/MOCBRICKLAND-MOC-82707-Planet-Express-Ship-4-600x600.jpg 600w, https:\/\/mouldking.store\/wp-content\/uploads\/2022\/08\/MOCBRICKLAND-MOC-82707-Planet-Express-Ship-4-150x150.jpg 150w, https:\/\/mouldking.store\/wp-content\/uploads\/2022\/08\/MOCBRICKLAND-MOC-82707-Planet-Express-Ship-4-60x60.jpg 60w, https:\/\/mouldking.store\/wp-content\/uploads\/2022\/08\/MOCBRICKLAND-MOC-82707-Planet-Express-Ship-4-90x90.jpg 90w\" sizes=\"(max-width: 801px) 100vw, 801px\" \/><figcaption id=\"caption-attachment-32243\" class=\"wp-caption-text\">MOC-82707 Navire Planet Express avec 628 pi\u00e8ces<\/figcaption><\/figure>","protected":false},"excerpt":{"rendered":"<p>Product information: Brand: MOC Gender: Unisex Name: Planet Express Ship Age Range: &gt; 6 years old Model Number: MOC-82707 &#8211; C9051 Classification: Assemblage Plastic Block Shape: Self-Locking Bricks Material: Plastic Plastic Type: ABS Bricks Blocks: 628 PCS Dimensions: 32 x 10 x 18 cm Weight: 0.47 kg Contains detailed assembly instructions. Notice: 1. Without an [&hellip;]<\/p>","protected":false},"featured_media":32244,"comment_status":"closed","ping_status":"closed","template":"","meta":{"_acf_changed":false},"product_cat":[364],"product_tag":[5798,5797,5796,5799],"class_list":["product","first","instock","shipping-taxable","purchasable","product-type-simple"],"acf":[],"_links":{"self":[{"href":"https:\/\/mouldking.store\/fr\/wp-json\/wp\/v2\/product\/32242","targetHints":{"allow":["GET"]}}],"collection":[{"href":"https:\/\/mouldking.store\/fr\/wp-json\/wp\/v2\/product"}],"about":[{"href":"https:\/\/mouldking.store\/fr\/wp-json\/wp\/v2\/types\/product"}],"replies":[{"embeddable":true,"href":"https:\/\/mouldking.store\/fr\/wp-json\/wp\/v2\/comments?post=32242"}],"wp:featuredmedia":[{"embeddable":true,"href":"https:\/\/mouldking.store\/fr\/wp-json\/wp\/v2\/media\/32244"}],"wp:attachment":[{"href":"https:\/\/mouldking.store\/fr\/wp-json\/wp\/v2\/media?parent=32242"}],"wp:term":[{"taxonomy":"product_cat","embeddable":true,"href":"https:\/\/mouldking.store\/fr\/wp-json\/wp\/v2\/product_cat?post=32242"},{"taxonomy":"product_tag","embeddable":true,"href":"https:\/\/mouldking.store\/fr\/wp-json\/wp\/v2\/product_tag?post=32242"}],"curies":[{"name":"wp","href":"https:\/\/api.w.org\/{rel}","templated":true}]}}