{"id":32411,"date":"2022-09-14T11:15:18","date_gmt":"2022-09-14T04:15:18","guid":{"rendered":"https:\/\/mouldking.store\/?post_type=product&#038;p=32411"},"modified":"2022-09-14T11:15:18","modified_gmt":"2022-09-14T04:15:18","slug":"taigaole-t5032-110-ferrari-daytona-sp3-sports-car-with-2483-pieces","status":"publish","type":"product","link":"https:\/\/mouldking.store\/fr\/shop\/taigaole-t5032-110-ferrari-daytona-sp3-sports-car-with-2483-pieces\/","title":{"rendered":"TAIGAOLE T5032 1:10 &quot;Ferrari&quot; Daytona SP3 Voiture de Sport avec 2483 Pi\u00e8ces"},"content":{"rendered":"<p>Information produit:<\/p>\n<ol>\n<li>Brand: TAIGAOLE<\/li>\n<li>Genre: Unisexe<\/li>\n<li>Name: 1:10 \u201cFerrari\u201d Daytona SP3 Sports Car<\/li>\n<li>Tranche d&#039;\u00e2ge : &gt; 6 ans<\/li>\n<li>Model Number: T5032<\/li>\n<li>Classement : Assemblage<\/li>\n<li>Forme de bloc en plastique\u00a0: briques autobloquantes<\/li>\n<li>Mat\u00e9riel: Plastique<\/li>\n<li>Type de plastique : ABS<\/li>\n<li>Bricks Blocks: 2483 PCS<\/li>\n<li>Contient des instructions de montage d\u00e9taill\u00e9es.<\/li>\n<\/ol>\n<p>Avis:<br \/>\n1. Sans bo\u00eete d&#039;origine, mais nous garantissons que nos produits ont une assurance qualit\u00e9 et un bel emballage.<br \/>\n2. Comme toutes les pi\u00e8ces que nous avons v\u00e9rifi\u00e9es avant l&#039;exp\u00e9dition, donc si vous trouvez des pi\u00e8ces manquantes ou endommag\u00e9es, ne vous inqui\u00e9tez pas et veuillez nous contacter et nous pouvons vous les renvoyer imm\u00e9diatement gratuitement.<\/p>\n<p>&nbsp;<\/p>\n<figure id=\"attachment_32412\" aria-describedby=\"caption-attachment-32412\" style=\"width: 800px\" class=\"wp-caption aligncenter\"><img fetchpriority=\"high\" decoding=\"async\" class=\"wp-image-32412 size-full\" src=\"https:\/\/mouldking.store\/wp-content\/uploads\/2022\/09\/Technic-TAIGAOLE-T5032-110-Ferrari-Daytona-SP3-Sports-Car-1.jpg\" alt=\"TAIGAOLE T5032 1:10 \u201cFerrari\u201d Daytona SP3 Sports Car with 2483 Pieces\" width=\"800\" height=\"800\" title=\"-\" srcset=\"https:\/\/mouldking.store\/wp-content\/uploads\/2022\/09\/Technic-TAIGAOLE-T5032-110-Ferrari-Daytona-SP3-Sports-Car-1.jpg 800w, https:\/\/mouldking.store\/wp-content\/uploads\/2022\/09\/Technic-TAIGAOLE-T5032-110-Ferrari-Daytona-SP3-Sports-Car-1-300x300.jpg 300w, https:\/\/mouldking.store\/wp-content\/uploads\/2022\/09\/Technic-TAIGAOLE-T5032-110-Ferrari-Daytona-SP3-Sports-Car-1-768x768.jpg 768w, https:\/\/mouldking.store\/wp-content\/uploads\/2022\/09\/Technic-TAIGAOLE-T5032-110-Ferrari-Daytona-SP3-Sports-Car-1-600x600.jpg 600w, https:\/\/mouldking.store\/wp-content\/uploads\/2022\/09\/Technic-TAIGAOLE-T5032-110-Ferrari-Daytona-SP3-Sports-Car-1-150x150.jpg 150w, https:\/\/mouldking.store\/wp-content\/uploads\/2022\/09\/Technic-TAIGAOLE-T5032-110-Ferrari-Daytona-SP3-Sports-Car-1-60x60.jpg 60w, https:\/\/mouldking.store\/wp-content\/uploads\/2022\/09\/Technic-TAIGAOLE-T5032-110-Ferrari-Daytona-SP3-Sports-Car-1-90x90.jpg 90w\" sizes=\"(max-width: 800px) 100vw, 800px\" \/><figcaption id=\"caption-attachment-32412\" class=\"wp-caption-text\">TAIGAOLE T5032 1:10 &quot;Ferrari&quot; Daytona SP3 Voiture de Sport avec 2483 Pi\u00e8ces<\/figcaption><\/figure>\n<figure id=\"attachment_32414\" aria-describedby=\"caption-attachment-32414\" style=\"width: 800px\" class=\"wp-caption aligncenter\"><img decoding=\"async\" class=\"wp-image-32414 size-full\" src=\"https:\/\/mouldking.store\/wp-content\/uploads\/2022\/09\/Technic-TAIGAOLE-T5032-110-Ferrari-Daytona-SP3-Sports-Car-3.jpg\" alt=\"TAIGAOLE T5032 1:10 \u201cFerrari\u201d Daytona SP3 Sports Car with 2483 Pieces\" width=\"800\" height=\"800\" title=\"-\" srcset=\"https:\/\/mouldking.store\/wp-content\/uploads\/2022\/09\/Technic-TAIGAOLE-T5032-110-Ferrari-Daytona-SP3-Sports-Car-3.jpg 800w, https:\/\/mouldking.store\/wp-content\/uploads\/2022\/09\/Technic-TAIGAOLE-T5032-110-Ferrari-Daytona-SP3-Sports-Car-3-300x300.jpg 300w, https:\/\/mouldking.store\/wp-content\/uploads\/2022\/09\/Technic-TAIGAOLE-T5032-110-Ferrari-Daytona-SP3-Sports-Car-3-768x768.jpg 768w, https:\/\/mouldking.store\/wp-content\/uploads\/2022\/09\/Technic-TAIGAOLE-T5032-110-Ferrari-Daytona-SP3-Sports-Car-3-600x600.jpg 600w, https:\/\/mouldking.store\/wp-content\/uploads\/2022\/09\/Technic-TAIGAOLE-T5032-110-Ferrari-Daytona-SP3-Sports-Car-3-150x150.jpg 150w, https:\/\/mouldking.store\/wp-content\/uploads\/2022\/09\/Technic-TAIGAOLE-T5032-110-Ferrari-Daytona-SP3-Sports-Car-3-60x60.jpg 60w, https:\/\/mouldking.store\/wp-content\/uploads\/2022\/09\/Technic-TAIGAOLE-T5032-110-Ferrari-Daytona-SP3-Sports-Car-3-90x90.jpg 90w\" sizes=\"(max-width: 800px) 100vw, 800px\" \/><figcaption id=\"caption-attachment-32414\" class=\"wp-caption-text\">TAIGAOLE T5032 1:10 &quot;Ferrari&quot; Daytona SP3 Voiture de Sport avec 2483 Pi\u00e8ces<\/figcaption><\/figure>\n<figure id=\"attachment_32415\" aria-describedby=\"caption-attachment-32415\" style=\"width: 800px\" class=\"wp-caption aligncenter\"><img decoding=\"async\" class=\"wp-image-32415 size-full\" src=\"https:\/\/mouldking.store\/wp-content\/uploads\/2022\/09\/Technic-TAIGAOLE-T5032-110-Ferrari-Daytona-SP3-Sports-Car-4.jpg\" alt=\"TAIGAOLE T5032 1:10 \u201cFerrari\u201d Daytona SP3 Sports Car with 2483 Pieces\" width=\"800\" height=\"800\" title=\"-\" srcset=\"https:\/\/mouldking.store\/wp-content\/uploads\/2022\/09\/Technic-TAIGAOLE-T5032-110-Ferrari-Daytona-SP3-Sports-Car-4.jpg 800w, https:\/\/mouldking.store\/wp-content\/uploads\/2022\/09\/Technic-TAIGAOLE-T5032-110-Ferrari-Daytona-SP3-Sports-Car-4-300x300.jpg 300w, https:\/\/mouldking.store\/wp-content\/uploads\/2022\/09\/Technic-TAIGAOLE-T5032-110-Ferrari-Daytona-SP3-Sports-Car-4-768x768.jpg 768w, https:\/\/mouldking.store\/wp-content\/uploads\/2022\/09\/Technic-TAIGAOLE-T5032-110-Ferrari-Daytona-SP3-Sports-Car-4-600x600.jpg 600w, https:\/\/mouldking.store\/wp-content\/uploads\/2022\/09\/Technic-TAIGAOLE-T5032-110-Ferrari-Daytona-SP3-Sports-Car-4-150x150.jpg 150w, https:\/\/mouldking.store\/wp-content\/uploads\/2022\/09\/Technic-TAIGAOLE-T5032-110-Ferrari-Daytona-SP3-Sports-Car-4-60x60.jpg 60w, https:\/\/mouldking.store\/wp-content\/uploads\/2022\/09\/Technic-TAIGAOLE-T5032-110-Ferrari-Daytona-SP3-Sports-Car-4-90x90.jpg 90w\" sizes=\"(max-width: 800px) 100vw, 800px\" \/><figcaption id=\"caption-attachment-32415\" class=\"wp-caption-text\">TAIGAOLE T5032 1:10 &quot;Ferrari&quot; Daytona SP3 Voiture de Sport avec 2483 Pi\u00e8ces<\/figcaption><\/figure>\n<figure id=\"attachment_32416\" aria-describedby=\"caption-attachment-32416\" style=\"width: 800px\" class=\"wp-caption aligncenter\"><img loading=\"lazy\" decoding=\"async\" class=\"wp-image-32416 size-full\" src=\"https:\/\/mouldking.store\/wp-content\/uploads\/2022\/09\/Technic-TAIGAOLE-T5032-110-Ferrari-Daytona-SP3-Sports-Car-5.jpg\" alt=\"TAIGAOLE T5032 1:10 \u201cFerrari\u201d Daytona SP3 Sports Car with 2483 Pieces\" width=\"800\" height=\"800\" title=\"-\" srcset=\"https:\/\/mouldking.store\/wp-content\/uploads\/2022\/09\/Technic-TAIGAOLE-T5032-110-Ferrari-Daytona-SP3-Sports-Car-5.jpg 800w, https:\/\/mouldking.store\/wp-content\/uploads\/2022\/09\/Technic-TAIGAOLE-T5032-110-Ferrari-Daytona-SP3-Sports-Car-5-300x300.jpg 300w, https:\/\/mouldking.store\/wp-content\/uploads\/2022\/09\/Technic-TAIGAOLE-T5032-110-Ferrari-Daytona-SP3-Sports-Car-5-768x768.jpg 768w, https:\/\/mouldking.store\/wp-content\/uploads\/2022\/09\/Technic-TAIGAOLE-T5032-110-Ferrari-Daytona-SP3-Sports-Car-5-600x600.jpg 600w, https:\/\/mouldking.store\/wp-content\/uploads\/2022\/09\/Technic-TAIGAOLE-T5032-110-Ferrari-Daytona-SP3-Sports-Car-5-150x150.jpg 150w, https:\/\/mouldking.store\/wp-content\/uploads\/2022\/09\/Technic-TAIGAOLE-T5032-110-Ferrari-Daytona-SP3-Sports-Car-5-60x60.jpg 60w, https:\/\/mouldking.store\/wp-content\/uploads\/2022\/09\/Technic-TAIGAOLE-T5032-110-Ferrari-Daytona-SP3-Sports-Car-5-90x90.jpg 90w\" sizes=\"(max-width: 800px) 100vw, 800px\" \/><figcaption id=\"caption-attachment-32416\" class=\"wp-caption-text\">TAIGAOLE T5032 1:10 &quot;Ferrari&quot; Daytona SP3 Voiture de Sport avec 2483 Pi\u00e8ces<\/figcaption><\/figure>\n<figure id=\"attachment_32413\" aria-describedby=\"caption-attachment-32413\" style=\"width: 800px\" class=\"wp-caption aligncenter\"><img loading=\"lazy\" decoding=\"async\" class=\"wp-image-32413 size-full\" src=\"https:\/\/mouldking.store\/wp-content\/uploads\/2022\/09\/Technic-TAIGAOLE-T5032-110-Ferrari-Daytona-SP3-Sports-Car-2.jpg\" alt=\"TAIGAOLE T5032 1:10 \u201cFerrari\u201d Daytona SP3 Sports Car with 2483 Pieces\" width=\"800\" height=\"800\" title=\"-\" srcset=\"https:\/\/mouldking.store\/wp-content\/uploads\/2022\/09\/Technic-TAIGAOLE-T5032-110-Ferrari-Daytona-SP3-Sports-Car-2.jpg 800w, https:\/\/mouldking.store\/wp-content\/uploads\/2022\/09\/Technic-TAIGAOLE-T5032-110-Ferrari-Daytona-SP3-Sports-Car-2-300x300.jpg 300w, https:\/\/mouldking.store\/wp-content\/uploads\/2022\/09\/Technic-TAIGAOLE-T5032-110-Ferrari-Daytona-SP3-Sports-Car-2-768x768.jpg 768w, https:\/\/mouldking.store\/wp-content\/uploads\/2022\/09\/Technic-TAIGAOLE-T5032-110-Ferrari-Daytona-SP3-Sports-Car-2-600x600.jpg 600w, https:\/\/mouldking.store\/wp-content\/uploads\/2022\/09\/Technic-TAIGAOLE-T5032-110-Ferrari-Daytona-SP3-Sports-Car-2-150x150.jpg 150w, https:\/\/mouldking.store\/wp-content\/uploads\/2022\/09\/Technic-TAIGAOLE-T5032-110-Ferrari-Daytona-SP3-Sports-Car-2-60x60.jpg 60w, https:\/\/mouldking.store\/wp-content\/uploads\/2022\/09\/Technic-TAIGAOLE-T5032-110-Ferrari-Daytona-SP3-Sports-Car-2-90x90.jpg 90w\" sizes=\"(max-width: 800px) 100vw, 800px\" \/><figcaption id=\"caption-attachment-32413\" class=\"wp-caption-text\">TAIGAOLE T5032 1:10 &quot;Ferrari&quot; Daytona SP3 Voiture de Sport avec 2483 Pi\u00e8ces<\/figcaption><\/figure>","protected":false},"excerpt":{"rendered":"<p>Product information: Brand: TAIGAOLE Gender: Unisex Name: 1:10 \u201cFerrari\u201d Daytona SP3 Sports Car Age Range: &gt; 6 years old Model Number: T5032 Classification: Assemblage Plastic Block Shape: Self-Locking Bricks Material: Plastic Plastic Type: ABS Bricks Blocks: 2483 PCS Contains detailed assembly instructions. Notice: 1. Without an original box, but we guarantee our products have quality [&hellip;]<\/p>","protected":false},"featured_media":32412,"comment_status":"closed","ping_status":"closed","template":"","meta":{"_acf_changed":false},"product_cat":[364],"product_tag":[5871,1585,5872,5870,5869],"class_list":["product","first","instock","shipping-taxable","purchasable","product-type-variable"],"acf":[],"_links":{"self":[{"href":"https:\/\/mouldking.store\/fr\/wp-json\/wp\/v2\/product\/32411","targetHints":{"allow":["GET"]}}],"collection":[{"href":"https:\/\/mouldking.store\/fr\/wp-json\/wp\/v2\/product"}],"about":[{"href":"https:\/\/mouldking.store\/fr\/wp-json\/wp\/v2\/types\/product"}],"replies":[{"embeddable":true,"href":"https:\/\/mouldking.store\/fr\/wp-json\/wp\/v2\/comments?post=32411"}],"wp:featuredmedia":[{"embeddable":true,"href":"https:\/\/mouldking.store\/fr\/wp-json\/wp\/v2\/media\/32412"}],"wp:attachment":[{"href":"https:\/\/mouldking.store\/fr\/wp-json\/wp\/v2\/media?parent=32411"}],"wp:term":[{"taxonomy":"product_cat","embeddable":true,"href":"https:\/\/mouldking.store\/fr\/wp-json\/wp\/v2\/product_cat?post=32411"},{"taxonomy":"product_tag","embeddable":true,"href":"https:\/\/mouldking.store\/fr\/wp-json\/wp\/v2\/product_tag?post=32411"}],"curies":[{"name":"wp","href":"https:\/\/api.w.org\/{rel}","templated":true}]}}