{"id":32470,"date":"2022-09-14T12:23:42","date_gmt":"2022-09-14T05:23:42","guid":{"rendered":"https:\/\/mouldking.store\/?post_type=product&#038;p=32470"},"modified":"2022-09-14T12:23:43","modified_gmt":"2022-09-14T05:23:43","slug":"keeppley-k20514-k20518-naruto-konoha-hidden-village","status":"publish","type":"product","link":"https:\/\/mouldking.store\/fr\/shop\/keeppley-k20514-k20518-naruto-konoha-hidden-village\/","title":{"rendered":"Keeppley K20514-K20518 \u201cNaruto\u201d Konoha Hidden Village"},"content":{"rendered":"<p>Information produit:<\/p>\n<ol>\n<li>Brand: Keeppley<\/li>\n<li>Genre: Unisexe<\/li>\n<li>Name: \u201cNaruto\u201d Konoha Hidden Village<\/li>\n<li>Tranche d&#039;\u00e2ge : &gt; 6 ans<\/li>\n<li>Model Number: K20514-K20518<\/li>\n<li>Classement : Assemblage<\/li>\n<li>Forme de bloc en plastique\u00a0: briques autobloquantes<\/li>\n<li>Mat\u00e9riel: Plastique<\/li>\n<li>Type de plastique : ABS<\/li>\n<li>Contient des instructions de montage d\u00e9taill\u00e9es.<\/li>\n<\/ol>\n<p>Avis:<br \/>\n1. Sans bo\u00eete d&#039;origine, mais nous garantissons que nos produits ont une assurance qualit\u00e9 et un bel emballage.<br \/>\n2. Comme toutes les pi\u00e8ces que nous avons v\u00e9rifi\u00e9es avant l&#039;exp\u00e9dition, donc si vous trouvez des pi\u00e8ces manquantes ou endommag\u00e9es, ne vous inqui\u00e9tez pas et veuillez nous contacter et nous pouvons vous les renvoyer imm\u00e9diatement gratuitement.<\/p>\n<p>&nbsp;<\/p>\n<figure id=\"attachment_32471\" aria-describedby=\"caption-attachment-32471\" style=\"width: 800px\" class=\"wp-caption aligncenter\"><img fetchpriority=\"high\" decoding=\"async\" class=\"wp-image-32471 size-full\" src=\"https:\/\/mouldking.store\/wp-content\/uploads\/2022\/09\/Movie-Keeppley-K20514-K20518-Naruto-Konoha-Hidden-Village-1.jpg\" alt=\"Keeppley K20514-K20518 \u201cNaruto\u201d Konoha Hidden Village\" width=\"800\" height=\"800\" title=\"-\" srcset=\"https:\/\/mouldking.store\/wp-content\/uploads\/2022\/09\/Movie-Keeppley-K20514-K20518-Naruto-Konoha-Hidden-Village-1.jpg 800w, https:\/\/mouldking.store\/wp-content\/uploads\/2022\/09\/Movie-Keeppley-K20514-K20518-Naruto-Konoha-Hidden-Village-1-300x300.jpg 300w, https:\/\/mouldking.store\/wp-content\/uploads\/2022\/09\/Movie-Keeppley-K20514-K20518-Naruto-Konoha-Hidden-Village-1-768x768.jpg 768w, https:\/\/mouldking.store\/wp-content\/uploads\/2022\/09\/Movie-Keeppley-K20514-K20518-Naruto-Konoha-Hidden-Village-1-600x600.jpg 600w, https:\/\/mouldking.store\/wp-content\/uploads\/2022\/09\/Movie-Keeppley-K20514-K20518-Naruto-Konoha-Hidden-Village-1-150x150.jpg 150w, https:\/\/mouldking.store\/wp-content\/uploads\/2022\/09\/Movie-Keeppley-K20514-K20518-Naruto-Konoha-Hidden-Village-1-60x60.jpg 60w, https:\/\/mouldking.store\/wp-content\/uploads\/2022\/09\/Movie-Keeppley-K20514-K20518-Naruto-Konoha-Hidden-Village-1-90x90.jpg 90w\" sizes=\"(max-width: 800px) 100vw, 800px\" \/><figcaption id=\"caption-attachment-32471\" class=\"wp-caption-text\">Keeppley K20514-K20518 \u201cNaruto\u201d Konoha Hidden Village<\/figcaption><\/figure>\n<figure id=\"attachment_32472\" aria-describedby=\"caption-attachment-32472\" style=\"width: 800px\" class=\"wp-caption aligncenter\"><img decoding=\"async\" class=\"wp-image-32472 size-full\" src=\"https:\/\/mouldking.store\/wp-content\/uploads\/2022\/09\/Movie-Keeppley-K20514-K20518-Naruto-Konoha-Hidden-Village-2.jpg\" alt=\"Keeppley K20514-K20518 \u201cNaruto\u201d Konoha Hidden Village\" width=\"800\" height=\"800\" title=\"-\" srcset=\"https:\/\/mouldking.store\/wp-content\/uploads\/2022\/09\/Movie-Keeppley-K20514-K20518-Naruto-Konoha-Hidden-Village-2.jpg 800w, https:\/\/mouldking.store\/wp-content\/uploads\/2022\/09\/Movie-Keeppley-K20514-K20518-Naruto-Konoha-Hidden-Village-2-300x300.jpg 300w, https:\/\/mouldking.store\/wp-content\/uploads\/2022\/09\/Movie-Keeppley-K20514-K20518-Naruto-Konoha-Hidden-Village-2-768x768.jpg 768w, https:\/\/mouldking.store\/wp-content\/uploads\/2022\/09\/Movie-Keeppley-K20514-K20518-Naruto-Konoha-Hidden-Village-2-600x600.jpg 600w, https:\/\/mouldking.store\/wp-content\/uploads\/2022\/09\/Movie-Keeppley-K20514-K20518-Naruto-Konoha-Hidden-Village-2-150x150.jpg 150w, https:\/\/mouldking.store\/wp-content\/uploads\/2022\/09\/Movie-Keeppley-K20514-K20518-Naruto-Konoha-Hidden-Village-2-60x60.jpg 60w, https:\/\/mouldking.store\/wp-content\/uploads\/2022\/09\/Movie-Keeppley-K20514-K20518-Naruto-Konoha-Hidden-Village-2-90x90.jpg 90w\" sizes=\"(max-width: 800px) 100vw, 800px\" \/><figcaption id=\"caption-attachment-32472\" class=\"wp-caption-text\">Keeppley K20514-K20518 \u201cNaruto\u201d Konoha Hidden Village<\/figcaption><\/figure>\n<figure id=\"attachment_32473\" aria-describedby=\"caption-attachment-32473\" style=\"width: 800px\" class=\"wp-caption aligncenter\"><img decoding=\"async\" class=\"wp-image-32473 size-full\" src=\"https:\/\/mouldking.store\/wp-content\/uploads\/2022\/09\/Movie-Keeppley-K20514-K20518-Naruto-Konoha-Hidden-Village-3.jpg\" alt=\"Keeppley K20514-K20518 \u201cNaruto\u201d Konoha Hidden Village\" width=\"800\" height=\"800\" title=\"-\" srcset=\"https:\/\/mouldking.store\/wp-content\/uploads\/2022\/09\/Movie-Keeppley-K20514-K20518-Naruto-Konoha-Hidden-Village-3.jpg 800w, https:\/\/mouldking.store\/wp-content\/uploads\/2022\/09\/Movie-Keeppley-K20514-K20518-Naruto-Konoha-Hidden-Village-3-300x300.jpg 300w, https:\/\/mouldking.store\/wp-content\/uploads\/2022\/09\/Movie-Keeppley-K20514-K20518-Naruto-Konoha-Hidden-Village-3-768x768.jpg 768w, https:\/\/mouldking.store\/wp-content\/uploads\/2022\/09\/Movie-Keeppley-K20514-K20518-Naruto-Konoha-Hidden-Village-3-600x600.jpg 600w, https:\/\/mouldking.store\/wp-content\/uploads\/2022\/09\/Movie-Keeppley-K20514-K20518-Naruto-Konoha-Hidden-Village-3-150x150.jpg 150w, https:\/\/mouldking.store\/wp-content\/uploads\/2022\/09\/Movie-Keeppley-K20514-K20518-Naruto-Konoha-Hidden-Village-3-60x60.jpg 60w, https:\/\/mouldking.store\/wp-content\/uploads\/2022\/09\/Movie-Keeppley-K20514-K20518-Naruto-Konoha-Hidden-Village-3-90x90.jpg 90w\" sizes=\"(max-width: 800px) 100vw, 800px\" \/><figcaption id=\"caption-attachment-32473\" class=\"wp-caption-text\">Keeppley K20514-K20518 \u201cNaruto\u201d Konoha Hidden Village<\/figcaption><\/figure>\n<figure id=\"attachment_32474\" aria-describedby=\"caption-attachment-32474\" style=\"width: 800px\" class=\"wp-caption aligncenter\"><img loading=\"lazy\" decoding=\"async\" class=\"wp-image-32474 size-full\" src=\"https:\/\/mouldking.store\/wp-content\/uploads\/2022\/09\/Movie-Keeppley-K20514-K20518-Naruto-Konoha-Hidden-Village-4.jpg\" alt=\"Keeppley K20514-K20518 \u201cNaruto\u201d Konoha Hidden Village\" width=\"800\" height=\"800\" title=\"-\" srcset=\"https:\/\/mouldking.store\/wp-content\/uploads\/2022\/09\/Movie-Keeppley-K20514-K20518-Naruto-Konoha-Hidden-Village-4.jpg 800w, https:\/\/mouldking.store\/wp-content\/uploads\/2022\/09\/Movie-Keeppley-K20514-K20518-Naruto-Konoha-Hidden-Village-4-300x300.jpg 300w, https:\/\/mouldking.store\/wp-content\/uploads\/2022\/09\/Movie-Keeppley-K20514-K20518-Naruto-Konoha-Hidden-Village-4-768x768.jpg 768w, https:\/\/mouldking.store\/wp-content\/uploads\/2022\/09\/Movie-Keeppley-K20514-K20518-Naruto-Konoha-Hidden-Village-4-600x600.jpg 600w, https:\/\/mouldking.store\/wp-content\/uploads\/2022\/09\/Movie-Keeppley-K20514-K20518-Naruto-Konoha-Hidden-Village-4-150x150.jpg 150w, https:\/\/mouldking.store\/wp-content\/uploads\/2022\/09\/Movie-Keeppley-K20514-K20518-Naruto-Konoha-Hidden-Village-4-60x60.jpg 60w, https:\/\/mouldking.store\/wp-content\/uploads\/2022\/09\/Movie-Keeppley-K20514-K20518-Naruto-Konoha-Hidden-Village-4-90x90.jpg 90w\" sizes=\"(max-width: 800px) 100vw, 800px\" \/><figcaption id=\"caption-attachment-32474\" class=\"wp-caption-text\">Keeppley K20514-K20518 \u201cNaruto\u201d Konoha Hidden Village<\/figcaption><\/figure>\n<figure id=\"attachment_32475\" aria-describedby=\"caption-attachment-32475\" style=\"width: 800px\" class=\"wp-caption aligncenter\"><img loading=\"lazy\" decoding=\"async\" class=\"wp-image-32475 size-full\" src=\"https:\/\/mouldking.store\/wp-content\/uploads\/2022\/09\/Movie-Keeppley-K20514-K20518-Naruto-Konoha-Hidden-Village-5.jpg\" alt=\"Keeppley K20514-K20518 \u201cNaruto\u201d Konoha Hidden Village\" width=\"800\" height=\"800\" title=\"-\" srcset=\"https:\/\/mouldking.store\/wp-content\/uploads\/2022\/09\/Movie-Keeppley-K20514-K20518-Naruto-Konoha-Hidden-Village-5.jpg 800w, https:\/\/mouldking.store\/wp-content\/uploads\/2022\/09\/Movie-Keeppley-K20514-K20518-Naruto-Konoha-Hidden-Village-5-300x300.jpg 300w, https:\/\/mouldking.store\/wp-content\/uploads\/2022\/09\/Movie-Keeppley-K20514-K20518-Naruto-Konoha-Hidden-Village-5-768x768.jpg 768w, https:\/\/mouldking.store\/wp-content\/uploads\/2022\/09\/Movie-Keeppley-K20514-K20518-Naruto-Konoha-Hidden-Village-5-600x600.jpg 600w, https:\/\/mouldking.store\/wp-content\/uploads\/2022\/09\/Movie-Keeppley-K20514-K20518-Naruto-Konoha-Hidden-Village-5-150x150.jpg 150w, https:\/\/mouldking.store\/wp-content\/uploads\/2022\/09\/Movie-Keeppley-K20514-K20518-Naruto-Konoha-Hidden-Village-5-60x60.jpg 60w, https:\/\/mouldking.store\/wp-content\/uploads\/2022\/09\/Movie-Keeppley-K20514-K20518-Naruto-Konoha-Hidden-Village-5-90x90.jpg 90w\" sizes=\"(max-width: 800px) 100vw, 800px\" \/><figcaption id=\"caption-attachment-32475\" class=\"wp-caption-text\">Keeppley K20514-K20518 \u201cNaruto\u201d Konoha Hidden Village<\/figcaption><\/figure>\n<figure id=\"attachment_32476\" aria-describedby=\"caption-attachment-32476\" style=\"width: 800px\" class=\"wp-caption aligncenter\"><img loading=\"lazy\" decoding=\"async\" class=\"wp-image-32476 size-full\" src=\"https:\/\/mouldking.store\/wp-content\/uploads\/2022\/09\/Movie-Keeppley-K20514-K20518-Naruto-Konoha-Hidden-Village-6.jpg\" alt=\"Keeppley K20514-K20518 \u201cNaruto\u201d Konoha Hidden Village\" width=\"800\" height=\"800\" title=\"-\" srcset=\"https:\/\/mouldking.store\/wp-content\/uploads\/2022\/09\/Movie-Keeppley-K20514-K20518-Naruto-Konoha-Hidden-Village-6.jpg 800w, https:\/\/mouldking.store\/wp-content\/uploads\/2022\/09\/Movie-Keeppley-K20514-K20518-Naruto-Konoha-Hidden-Village-6-300x300.jpg 300w, https:\/\/mouldking.store\/wp-content\/uploads\/2022\/09\/Movie-Keeppley-K20514-K20518-Naruto-Konoha-Hidden-Village-6-768x768.jpg 768w, https:\/\/mouldking.store\/wp-content\/uploads\/2022\/09\/Movie-Keeppley-K20514-K20518-Naruto-Konoha-Hidden-Village-6-600x600.jpg 600w, https:\/\/mouldking.store\/wp-content\/uploads\/2022\/09\/Movie-Keeppley-K20514-K20518-Naruto-Konoha-Hidden-Village-6-150x150.jpg 150w, https:\/\/mouldking.store\/wp-content\/uploads\/2022\/09\/Movie-Keeppley-K20514-K20518-Naruto-Konoha-Hidden-Village-6-60x60.jpg 60w, https:\/\/mouldking.store\/wp-content\/uploads\/2022\/09\/Movie-Keeppley-K20514-K20518-Naruto-Konoha-Hidden-Village-6-90x90.jpg 90w\" sizes=\"(max-width: 800px) 100vw, 800px\" \/><figcaption id=\"caption-attachment-32476\" class=\"wp-caption-text\">Keeppley K20514-K20518 \u201cNaruto\u201d Konoha Hidden Village<\/figcaption><\/figure>","protected":false},"excerpt":{"rendered":"<p>Product information: Brand: Keeppley Gender: Unisex Name: \u201cNaruto\u201d Konoha Hidden Village Age Range: &gt; 6 years old Model Number: K20514-K20518 Classification: Assemblage Plastic Block Shape: Self-Locking Bricks Material: Plastic Plastic Type: ABS Contains detailed assembly instructions. Notice: 1. Without an original box, but we guarantee our products have quality assurance and nice packaging. 2. As [&hellip;]<\/p>","protected":false},"featured_media":32471,"comment_status":"closed","ping_status":"closed","template":"","meta":{"_acf_changed":false},"product_cat":[390],"product_tag":[5898,5897,5900,5899,2383],"class_list":["product","first","instock","shipping-taxable","purchasable","product-type-variable"],"acf":[],"_links":{"self":[{"href":"https:\/\/mouldking.store\/fr\/wp-json\/wp\/v2\/product\/32470","targetHints":{"allow":["GET"]}}],"collection":[{"href":"https:\/\/mouldking.store\/fr\/wp-json\/wp\/v2\/product"}],"about":[{"href":"https:\/\/mouldking.store\/fr\/wp-json\/wp\/v2\/types\/product"}],"replies":[{"embeddable":true,"href":"https:\/\/mouldking.store\/fr\/wp-json\/wp\/v2\/comments?post=32470"}],"wp:featuredmedia":[{"embeddable":true,"href":"https:\/\/mouldking.store\/fr\/wp-json\/wp\/v2\/media\/32471"}],"wp:attachment":[{"href":"https:\/\/mouldking.store\/fr\/wp-json\/wp\/v2\/media?parent=32470"}],"wp:term":[{"taxonomy":"product_cat","embeddable":true,"href":"https:\/\/mouldking.store\/fr\/wp-json\/wp\/v2\/product_cat?post=32470"},{"taxonomy":"product_tag","embeddable":true,"href":"https:\/\/mouldking.store\/fr\/wp-json\/wp\/v2\/product_tag?post=32470"}],"curies":[{"name":"wp","href":"https:\/\/api.w.org\/{rel}","templated":true}]}}