{"id":32487,"date":"2022-09-14T14:17:32","date_gmt":"2022-09-14T07:17:32","guid":{"rendered":"https:\/\/mouldking.store\/?post_type=product&#038;p=32487"},"modified":"2024-10-31T16:13:25","modified_gmt":"2024-10-31T09:13:25","slug":"18k-k157-18-purple-gumpert-apollo-ie-car-with-3668-pieces","status":"publish","type":"product","link":"https:\/\/mouldking.store\/fr\/shop\/18k-k157-18-purple-gumpert-apollo-ie-car-with-3668-pieces\/","title":{"rendered":"18K K157 1:8 Violet Gumpert Apollo IE Voiture avec 3668 Pi\u00e8ces"},"content":{"rendered":"<p>Information produit:<\/p>\n<ol>\n<li>Marque : 18K<\/li>\n<li>Genre: Unisexe<\/li>\n<li>Name: 1:8 Purple Gumpert Apollo IE Car<\/li>\n<li>Tranche d&#039;\u00e2ge : &gt; 6 ans<\/li>\n<li>Model Number: K157<\/li>\n<li>Classement : Assemblage<\/li>\n<li>Forme de bloc en plastique\u00a0: briques autobloquantes<\/li>\n<li>Mat\u00e9riel: Plastique<\/li>\n<li>Type de plastique : ABS<\/li>\n<li>Bricks Blocks: 3668 PCS<\/li>\n<li>Contient des instructions de montage d\u00e9taill\u00e9es.<\/li>\n<\/ol>\n<p>Avis:<br \/>\n1. Sans bo\u00eete d&#039;origine, mais nous garantissons que nos produits ont une assurance qualit\u00e9 et un bel emballage.<br \/>\n2. Comme toutes les pi\u00e8ces que nous avons v\u00e9rifi\u00e9es avant l&#039;exp\u00e9dition, donc si vous trouvez des pi\u00e8ces manquantes ou endommag\u00e9es, ne vous inqui\u00e9tez pas et veuillez nous contacter et nous pouvons vous les renvoyer imm\u00e9diatement gratuitement.<\/p>\n<p>&nbsp;<\/p>\n<figure id=\"attachment_32488\" aria-describedby=\"caption-attachment-32488\" style=\"width: 800px\" class=\"wp-caption aligncenter\"><img fetchpriority=\"high\" decoding=\"async\" class=\"wp-image-32488 size-full\" src=\"https:\/\/mouldking.store\/wp-content\/uploads\/2022\/09\/Technic-18K-K157-18-Purple-Gumpert-Apollo-IE-Car-2.jpg\" alt=\"18K K157 1:8 Purple Gumpert Apollo IE Car with 3668 Pieces\" width=\"800\" height=\"800\" title=\"-\" srcset=\"https:\/\/mouldking.store\/wp-content\/uploads\/2022\/09\/Technic-18K-K157-18-Purple-Gumpert-Apollo-IE-Car-2.jpg 800w, https:\/\/mouldking.store\/wp-content\/uploads\/2022\/09\/Technic-18K-K157-18-Purple-Gumpert-Apollo-IE-Car-2-300x300.jpg 300w, https:\/\/mouldking.store\/wp-content\/uploads\/2022\/09\/Technic-18K-K157-18-Purple-Gumpert-Apollo-IE-Car-2-768x768.jpg 768w, https:\/\/mouldking.store\/wp-content\/uploads\/2022\/09\/Technic-18K-K157-18-Purple-Gumpert-Apollo-IE-Car-2-600x600.jpg 600w, https:\/\/mouldking.store\/wp-content\/uploads\/2022\/09\/Technic-18K-K157-18-Purple-Gumpert-Apollo-IE-Car-2-150x150.jpg 150w, https:\/\/mouldking.store\/wp-content\/uploads\/2022\/09\/Technic-18K-K157-18-Purple-Gumpert-Apollo-IE-Car-2-60x60.jpg 60w, https:\/\/mouldking.store\/wp-content\/uploads\/2022\/09\/Technic-18K-K157-18-Purple-Gumpert-Apollo-IE-Car-2-90x90.jpg 90w\" sizes=\"(max-width: 800px) 100vw, 800px\" \/><figcaption id=\"caption-attachment-32488\" class=\"wp-caption-text\">18K K157 1:8 Violet Gumpert Apollo IE Voiture avec 3668 Pi\u00e8ces<\/figcaption><\/figure>\n<figure id=\"attachment_32491\" aria-describedby=\"caption-attachment-32491\" style=\"width: 800px\" class=\"wp-caption aligncenter\"><img decoding=\"async\" class=\"wp-image-32491 size-full\" src=\"https:\/\/mouldking.store\/wp-content\/uploads\/2022\/09\/Technic-18K-K157-18-Purple-Gumpert-Apollo-IE-Car-1.jpg\" alt=\"18K K157 1:8 Purple Gumpert Apollo IE Car with 3668 Pieces\" width=\"800\" height=\"800\" title=\"-\" srcset=\"https:\/\/mouldking.store\/wp-content\/uploads\/2022\/09\/Technic-18K-K157-18-Purple-Gumpert-Apollo-IE-Car-1.jpg 800w, https:\/\/mouldking.store\/wp-content\/uploads\/2022\/09\/Technic-18K-K157-18-Purple-Gumpert-Apollo-IE-Car-1-300x300.jpg 300w, https:\/\/mouldking.store\/wp-content\/uploads\/2022\/09\/Technic-18K-K157-18-Purple-Gumpert-Apollo-IE-Car-1-768x768.jpg 768w, https:\/\/mouldking.store\/wp-content\/uploads\/2022\/09\/Technic-18K-K157-18-Purple-Gumpert-Apollo-IE-Car-1-600x600.jpg 600w, https:\/\/mouldking.store\/wp-content\/uploads\/2022\/09\/Technic-18K-K157-18-Purple-Gumpert-Apollo-IE-Car-1-150x150.jpg 150w, https:\/\/mouldking.store\/wp-content\/uploads\/2022\/09\/Technic-18K-K157-18-Purple-Gumpert-Apollo-IE-Car-1-60x60.jpg 60w, https:\/\/mouldking.store\/wp-content\/uploads\/2022\/09\/Technic-18K-K157-18-Purple-Gumpert-Apollo-IE-Car-1-90x90.jpg 90w\" sizes=\"(max-width: 800px) 100vw, 800px\" \/><figcaption id=\"caption-attachment-32491\" class=\"wp-caption-text\">18K K157 1:8 Violet Gumpert Apollo IE Voiture avec 3668 Pi\u00e8ces<\/figcaption><\/figure>\n<figure id=\"attachment_32490\" aria-describedby=\"caption-attachment-32490\" style=\"width: 800px\" class=\"wp-caption aligncenter\"><img decoding=\"async\" class=\"wp-image-32490 size-full\" src=\"https:\/\/mouldking.store\/wp-content\/uploads\/2022\/09\/Technic-18K-K157-18-Purple-Gumpert-Apollo-IE-Car-4.jpg\" alt=\"18K K157 1:8 Purple Gumpert Apollo IE Car with 3668 Pieces\" width=\"800\" height=\"800\" title=\"-\" srcset=\"https:\/\/mouldking.store\/wp-content\/uploads\/2022\/09\/Technic-18K-K157-18-Purple-Gumpert-Apollo-IE-Car-4.jpg 800w, https:\/\/mouldking.store\/wp-content\/uploads\/2022\/09\/Technic-18K-K157-18-Purple-Gumpert-Apollo-IE-Car-4-300x300.jpg 300w, https:\/\/mouldking.store\/wp-content\/uploads\/2022\/09\/Technic-18K-K157-18-Purple-Gumpert-Apollo-IE-Car-4-768x768.jpg 768w, https:\/\/mouldking.store\/wp-content\/uploads\/2022\/09\/Technic-18K-K157-18-Purple-Gumpert-Apollo-IE-Car-4-600x600.jpg 600w, https:\/\/mouldking.store\/wp-content\/uploads\/2022\/09\/Technic-18K-K157-18-Purple-Gumpert-Apollo-IE-Car-4-150x150.jpg 150w, https:\/\/mouldking.store\/wp-content\/uploads\/2022\/09\/Technic-18K-K157-18-Purple-Gumpert-Apollo-IE-Car-4-60x60.jpg 60w, https:\/\/mouldking.store\/wp-content\/uploads\/2022\/09\/Technic-18K-K157-18-Purple-Gumpert-Apollo-IE-Car-4-90x90.jpg 90w\" sizes=\"(max-width: 800px) 100vw, 800px\" \/><figcaption id=\"caption-attachment-32490\" class=\"wp-caption-text\">18K K157 1:8 Violet Gumpert Apollo IE Voiture avec 3668 Pi\u00e8ces<\/figcaption><\/figure>\n<figure id=\"attachment_32489\" aria-describedby=\"caption-attachment-32489\" style=\"width: 800px\" class=\"wp-caption aligncenter\"><img loading=\"lazy\" decoding=\"async\" class=\"wp-image-32489 size-full\" src=\"https:\/\/mouldking.store\/wp-content\/uploads\/2022\/09\/Technic-18K-K157-18-Purple-Gumpert-Apollo-IE-Car-3.jpg\" alt=\"18K K157 1:8 Purple Gumpert Apollo IE Car with 3668 Pieces\" width=\"800\" height=\"800\" title=\"-\" srcset=\"https:\/\/mouldking.store\/wp-content\/uploads\/2022\/09\/Technic-18K-K157-18-Purple-Gumpert-Apollo-IE-Car-3.jpg 800w, https:\/\/mouldking.store\/wp-content\/uploads\/2022\/09\/Technic-18K-K157-18-Purple-Gumpert-Apollo-IE-Car-3-300x300.jpg 300w, https:\/\/mouldking.store\/wp-content\/uploads\/2022\/09\/Technic-18K-K157-18-Purple-Gumpert-Apollo-IE-Car-3-768x768.jpg 768w, https:\/\/mouldking.store\/wp-content\/uploads\/2022\/09\/Technic-18K-K157-18-Purple-Gumpert-Apollo-IE-Car-3-600x600.jpg 600w, https:\/\/mouldking.store\/wp-content\/uploads\/2022\/09\/Technic-18K-K157-18-Purple-Gumpert-Apollo-IE-Car-3-150x150.jpg 150w, https:\/\/mouldking.store\/wp-content\/uploads\/2022\/09\/Technic-18K-K157-18-Purple-Gumpert-Apollo-IE-Car-3-60x60.jpg 60w, https:\/\/mouldking.store\/wp-content\/uploads\/2022\/09\/Technic-18K-K157-18-Purple-Gumpert-Apollo-IE-Car-3-90x90.jpg 90w\" sizes=\"(max-width: 800px) 100vw, 800px\" \/><figcaption id=\"caption-attachment-32489\" class=\"wp-caption-text\">18K K157 1:8 Violet Gumpert Apollo IE Voiture avec 3668 Pi\u00e8ces<\/figcaption><\/figure>","protected":false},"excerpt":{"rendered":"<p>Product information: Brand: 18K Gender: Unisex Name: 1:8 Purple Gumpert Apollo IE Car Age Range: &gt; 6 years old Model Number: K157 Classification: Assemblage Plastic Block Shape: Self-Locking Bricks Material: Plastic Plastic Type: ABS Bricks Blocks: 3668 PCS Contains detailed assembly instructions. Notice: 1. Without an original box, but we guarantee our products have quality [&hellip;]<\/p>","protected":false},"featured_media":32488,"comment_status":"closed","ping_status":"closed","template":"","meta":{"_acf_changed":false},"product_cat":[364],"product_tag":[5908,5907,5910,5909],"class_list":["product","first","instock","shipping-taxable","purchasable","product-type-simple"],"acf":[],"_links":{"self":[{"href":"https:\/\/mouldking.store\/fr\/wp-json\/wp\/v2\/product\/32487","targetHints":{"allow":["GET"]}}],"collection":[{"href":"https:\/\/mouldking.store\/fr\/wp-json\/wp\/v2\/product"}],"about":[{"href":"https:\/\/mouldking.store\/fr\/wp-json\/wp\/v2\/types\/product"}],"replies":[{"embeddable":true,"href":"https:\/\/mouldking.store\/fr\/wp-json\/wp\/v2\/comments?post=32487"}],"wp:featuredmedia":[{"embeddable":true,"href":"https:\/\/mouldking.store\/fr\/wp-json\/wp\/v2\/media\/32488"}],"wp:attachment":[{"href":"https:\/\/mouldking.store\/fr\/wp-json\/wp\/v2\/media?parent=32487"}],"wp:term":[{"taxonomy":"product_cat","embeddable":true,"href":"https:\/\/mouldking.store\/fr\/wp-json\/wp\/v2\/product_cat?post=32487"},{"taxonomy":"product_tag","embeddable":true,"href":"https:\/\/mouldking.store\/fr\/wp-json\/wp\/v2\/product_tag?post=32487"}],"curies":[{"name":"wp","href":"https:\/\/api.w.org\/{rel}","templated":true}]}}