{"id":32680,"date":"2022-09-28T12:00:52","date_gmt":"2022-09-28T05:00:52","guid":{"rendered":"https:\/\/mouldking.store\/?post_type=product&#038;p=32680"},"modified":"2025-12-25T09:12:26","modified_gmt":"2025-12-25T02:12:26","slug":"moc-89585-breaking-bad-walter-white-with-577-pieces","status":"publish","type":"product","link":"https:\/\/mouldking.store\/fr\/shop\/moc-89585-breaking-bad-walter-white-with-577-pieces\/","title":{"rendered":"MOC-89585 Breaking Bad Walter White with 577 Pieces"},"content":{"rendered":"<p>Information produit:<\/p>\n<ol>\n<li>Marque : MOC<\/li>\n<li>Genre: Unisexe<\/li>\n<li>Name: Breaking Bad Walter White<\/li>\n<li>Tranche d&#039;\u00e2ge : &gt; 6 ans<\/li>\n<li>Model Number: C9120<\/li>\n<li>Classement : Assemblage<\/li>\n<li>Forme de bloc en plastique\u00a0: briques autobloquantes<\/li>\n<li>Mat\u00e9riel: Plastique<\/li>\n<li>Type de plastique : ABS<\/li>\n<li>Bricks Blocks: 577 PCS<\/li>\n<li>Dimensions: 12.8 x 11.2 x 28.3 cm<\/li>\n<li>Poids\u00a0: 0,37\u00a0kg<\/li>\n<li>Contient des instructions de montage d\u00e9taill\u00e9es.<\/li>\n<\/ol>\n<p>Avis:<br \/>\n1. Sans bo\u00eete d&#039;origine, mais nous garantissons que nos produits ont une assurance qualit\u00e9 et un bel emballage.<br \/>\n2. Comme toutes les pi\u00e8ces que nous avons v\u00e9rifi\u00e9es avant l&#039;exp\u00e9dition, donc si vous trouvez des pi\u00e8ces manquantes ou endommag\u00e9es, ne vous inqui\u00e9tez pas et veuillez nous contacter et nous pouvons vous les renvoyer imm\u00e9diatement gratuitement.<\/p>\n<figure id=\"attachment_32682\" aria-describedby=\"caption-attachment-32682\" style=\"width: 800px\" class=\"wp-caption aligncenter\"><img fetchpriority=\"high\" decoding=\"async\" class=\"wp-image-32682 size-full\" src=\"https:\/\/mouldking.store\/wp-content\/uploads\/2022\/09\/C9120-8.jpg\" alt=\"MOC-89585 Breaking Bad Walter White with 577 Pieces\" width=\"800\" height=\"800\" title=\"-\" srcset=\"https:\/\/mouldking.store\/wp-content\/uploads\/2022\/09\/C9120-8.jpg 800w, https:\/\/mouldking.store\/wp-content\/uploads\/2022\/09\/C9120-8-300x300.jpg 300w, https:\/\/mouldking.store\/wp-content\/uploads\/2022\/09\/C9120-8-768x768.jpg 768w, https:\/\/mouldking.store\/wp-content\/uploads\/2022\/09\/C9120-8-600x600.jpg 600w, https:\/\/mouldking.store\/wp-content\/uploads\/2022\/09\/C9120-8-150x150.jpg 150w, https:\/\/mouldking.store\/wp-content\/uploads\/2022\/09\/C9120-8-60x60.jpg 60w, https:\/\/mouldking.store\/wp-content\/uploads\/2022\/09\/C9120-8-90x90.jpg 90w\" sizes=\"(max-width: 800px) 100vw, 800px\" \/><figcaption id=\"caption-attachment-32682\" class=\"wp-caption-text\">MOC-89585 Breaking Bad Walter White with 577 Pieces<\/figcaption><\/figure>\n<figure id=\"attachment_32681\" aria-describedby=\"caption-attachment-32681\" style=\"width: 800px\" class=\"wp-caption aligncenter\"><img decoding=\"async\" class=\"wp-image-32681 size-full\" src=\"https:\/\/mouldking.store\/wp-content\/uploads\/2022\/09\/C9120-7.jpg\" alt=\"MOC-89585 Breaking Bad Walter White with 577 Pieces\" width=\"800\" height=\"800\" title=\"-\" srcset=\"https:\/\/mouldking.store\/wp-content\/uploads\/2022\/09\/C9120-7.jpg 800w, https:\/\/mouldking.store\/wp-content\/uploads\/2022\/09\/C9120-7-300x300.jpg 300w, https:\/\/mouldking.store\/wp-content\/uploads\/2022\/09\/C9120-7-768x768.jpg 768w, https:\/\/mouldking.store\/wp-content\/uploads\/2022\/09\/C9120-7-600x600.jpg 600w, https:\/\/mouldking.store\/wp-content\/uploads\/2022\/09\/C9120-7-150x150.jpg 150w, https:\/\/mouldking.store\/wp-content\/uploads\/2022\/09\/C9120-7-60x60.jpg 60w, https:\/\/mouldking.store\/wp-content\/uploads\/2022\/09\/C9120-7-90x90.jpg 90w\" sizes=\"(max-width: 800px) 100vw, 800px\" \/><figcaption id=\"caption-attachment-32681\" class=\"wp-caption-text\">MOC-89585 Breaking Bad Walter White with 577 Pieces<\/figcaption><\/figure>\n<figure id=\"attachment_32684\" aria-describedby=\"caption-attachment-32684\" style=\"width: 800px\" class=\"wp-caption aligncenter\"><img decoding=\"async\" class=\"wp-image-32684 size-full\" src=\"https:\/\/mouldking.store\/wp-content\/uploads\/2022\/09\/C9120-1.jpg\" alt=\"MOC-89585 Breaking Bad Walter White with 577 Pieces\" width=\"800\" height=\"800\" title=\"-\" srcset=\"https:\/\/mouldking.store\/wp-content\/uploads\/2022\/09\/C9120-1.jpg 800w, https:\/\/mouldking.store\/wp-content\/uploads\/2022\/09\/C9120-1-300x300.jpg 300w, https:\/\/mouldking.store\/wp-content\/uploads\/2022\/09\/C9120-1-768x768.jpg 768w, https:\/\/mouldking.store\/wp-content\/uploads\/2022\/09\/C9120-1-600x600.jpg 600w, https:\/\/mouldking.store\/wp-content\/uploads\/2022\/09\/C9120-1-150x150.jpg 150w, https:\/\/mouldking.store\/wp-content\/uploads\/2022\/09\/C9120-1-60x60.jpg 60w, https:\/\/mouldking.store\/wp-content\/uploads\/2022\/09\/C9120-1-90x90.jpg 90w\" sizes=\"(max-width: 800px) 100vw, 800px\" \/><figcaption id=\"caption-attachment-32684\" class=\"wp-caption-text\">MOC-89585 Breaking Bad Walter White with 577 Pieces<\/figcaption><\/figure>\n<figure id=\"attachment_32685\" aria-describedby=\"caption-attachment-32685\" style=\"width: 800px\" class=\"wp-caption aligncenter\"><img loading=\"lazy\" decoding=\"async\" class=\"wp-image-32685 size-full\" src=\"https:\/\/mouldking.store\/wp-content\/uploads\/2022\/09\/C9120-2.jpg\" alt=\"MOC-89585 Breaking Bad Walter White with 577 Pieces\" width=\"800\" height=\"800\" title=\"-\" srcset=\"https:\/\/mouldking.store\/wp-content\/uploads\/2022\/09\/C9120-2.jpg 800w, https:\/\/mouldking.store\/wp-content\/uploads\/2022\/09\/C9120-2-300x300.jpg 300w, https:\/\/mouldking.store\/wp-content\/uploads\/2022\/09\/C9120-2-768x768.jpg 768w, https:\/\/mouldking.store\/wp-content\/uploads\/2022\/09\/C9120-2-600x600.jpg 600w, https:\/\/mouldking.store\/wp-content\/uploads\/2022\/09\/C9120-2-150x150.jpg 150w, https:\/\/mouldking.store\/wp-content\/uploads\/2022\/09\/C9120-2-60x60.jpg 60w, https:\/\/mouldking.store\/wp-content\/uploads\/2022\/09\/C9120-2-90x90.jpg 90w\" sizes=\"(max-width: 800px) 100vw, 800px\" \/><figcaption id=\"caption-attachment-32685\" class=\"wp-caption-text\">MOC-89585 Breaking Bad Walter White with 577 Pieces<\/figcaption><\/figure>\n<figure id=\"attachment_32686\" aria-describedby=\"caption-attachment-32686\" style=\"width: 800px\" class=\"wp-caption aligncenter\"><img loading=\"lazy\" decoding=\"async\" class=\"wp-image-32686 size-full\" src=\"https:\/\/mouldking.store\/wp-content\/uploads\/2022\/09\/C9120-3.jpg\" alt=\"MOC-89585 Breaking Bad Walter White with 577 Pieces\" width=\"800\" height=\"800\" title=\"-\" srcset=\"https:\/\/mouldking.store\/wp-content\/uploads\/2022\/09\/C9120-3.jpg 800w, https:\/\/mouldking.store\/wp-content\/uploads\/2022\/09\/C9120-3-300x300.jpg 300w, https:\/\/mouldking.store\/wp-content\/uploads\/2022\/09\/C9120-3-768x768.jpg 768w, https:\/\/mouldking.store\/wp-content\/uploads\/2022\/09\/C9120-3-600x600.jpg 600w, https:\/\/mouldking.store\/wp-content\/uploads\/2022\/09\/C9120-3-150x150.jpg 150w, https:\/\/mouldking.store\/wp-content\/uploads\/2022\/09\/C9120-3-60x60.jpg 60w, https:\/\/mouldking.store\/wp-content\/uploads\/2022\/09\/C9120-3-90x90.jpg 90w\" sizes=\"(max-width: 800px) 100vw, 800px\" \/><figcaption id=\"caption-attachment-32686\" class=\"wp-caption-text\">MOC-89585 Breaking Bad Walter White with 577 Pieces<\/figcaption><\/figure>\n<figure id=\"attachment_32687\" aria-describedby=\"caption-attachment-32687\" style=\"width: 800px\" class=\"wp-caption aligncenter\"><img loading=\"lazy\" decoding=\"async\" class=\"wp-image-32687 size-full\" src=\"https:\/\/mouldking.store\/wp-content\/uploads\/2022\/09\/C9120-4.jpg\" alt=\"MOC-89585 Breaking Bad Walter White with 577 Pieces\" width=\"800\" height=\"800\" title=\"-\" srcset=\"https:\/\/mouldking.store\/wp-content\/uploads\/2022\/09\/C9120-4.jpg 800w, https:\/\/mouldking.store\/wp-content\/uploads\/2022\/09\/C9120-4-300x300.jpg 300w, https:\/\/mouldking.store\/wp-content\/uploads\/2022\/09\/C9120-4-768x768.jpg 768w, https:\/\/mouldking.store\/wp-content\/uploads\/2022\/09\/C9120-4-600x600.jpg 600w, https:\/\/mouldking.store\/wp-content\/uploads\/2022\/09\/C9120-4-150x150.jpg 150w, https:\/\/mouldking.store\/wp-content\/uploads\/2022\/09\/C9120-4-60x60.jpg 60w, https:\/\/mouldking.store\/wp-content\/uploads\/2022\/09\/C9120-4-90x90.jpg 90w\" sizes=\"(max-width: 800px) 100vw, 800px\" \/><figcaption id=\"caption-attachment-32687\" class=\"wp-caption-text\">MOC-89585 Breaking Bad Walter White with 577 Pieces<\/figcaption><\/figure>\n<figure id=\"attachment_32688\" aria-describedby=\"caption-attachment-32688\" style=\"width: 800px\" class=\"wp-caption aligncenter\"><img loading=\"lazy\" decoding=\"async\" class=\"wp-image-32688 size-full\" src=\"https:\/\/mouldking.store\/wp-content\/uploads\/2022\/09\/C9120-5.jpg\" alt=\"MOC-89585 Breaking Bad Walter White with 577 Pieces\" width=\"800\" height=\"800\" title=\"-\" srcset=\"https:\/\/mouldking.store\/wp-content\/uploads\/2022\/09\/C9120-5.jpg 800w, https:\/\/mouldking.store\/wp-content\/uploads\/2022\/09\/C9120-5-300x300.jpg 300w, https:\/\/mouldking.store\/wp-content\/uploads\/2022\/09\/C9120-5-768x768.jpg 768w, https:\/\/mouldking.store\/wp-content\/uploads\/2022\/09\/C9120-5-600x600.jpg 600w, https:\/\/mouldking.store\/wp-content\/uploads\/2022\/09\/C9120-5-150x150.jpg 150w, https:\/\/mouldking.store\/wp-content\/uploads\/2022\/09\/C9120-5-60x60.jpg 60w, https:\/\/mouldking.store\/wp-content\/uploads\/2022\/09\/C9120-5-90x90.jpg 90w\" sizes=\"(max-width: 800px) 100vw, 800px\" \/><figcaption id=\"caption-attachment-32688\" class=\"wp-caption-text\">MOC-89585 Breaking Bad Walter White with 577 Pieces<\/figcaption><\/figure>\n<figure id=\"attachment_32689\" aria-describedby=\"caption-attachment-32689\" style=\"width: 800px\" class=\"wp-caption aligncenter\"><img loading=\"lazy\" decoding=\"async\" class=\"wp-image-32689 size-full\" src=\"https:\/\/mouldking.store\/wp-content\/uploads\/2022\/09\/C9120-6.jpg\" alt=\"MOC-89585 Breaking Bad Walter White with 577 Pieces\" width=\"800\" height=\"800\" title=\"-\" srcset=\"https:\/\/mouldking.store\/wp-content\/uploads\/2022\/09\/C9120-6.jpg 800w, https:\/\/mouldking.store\/wp-content\/uploads\/2022\/09\/C9120-6-300x300.jpg 300w, https:\/\/mouldking.store\/wp-content\/uploads\/2022\/09\/C9120-6-768x768.jpg 768w, https:\/\/mouldking.store\/wp-content\/uploads\/2022\/09\/C9120-6-600x600.jpg 600w, https:\/\/mouldking.store\/wp-content\/uploads\/2022\/09\/C9120-6-150x150.jpg 150w, https:\/\/mouldking.store\/wp-content\/uploads\/2022\/09\/C9120-6-60x60.jpg 60w, https:\/\/mouldking.store\/wp-content\/uploads\/2022\/09\/C9120-6-90x90.jpg 90w\" sizes=\"(max-width: 800px) 100vw, 800px\" \/><figcaption id=\"caption-attachment-32689\" class=\"wp-caption-text\">MOC-89585 Breaking Bad Walter White with 577 Pieces<\/figcaption><\/figure>\n<figure id=\"attachment_32683\" aria-describedby=\"caption-attachment-32683\" style=\"width: 800px\" class=\"wp-caption aligncenter\"><img loading=\"lazy\" decoding=\"async\" class=\"wp-image-32683 size-full\" src=\"https:\/\/mouldking.store\/wp-content\/uploads\/2022\/09\/C9120-9.jpg\" alt=\"MOC-89585 Breaking Bad Walter White with 577 Pieces\" width=\"800\" height=\"800\" title=\"-\" srcset=\"https:\/\/mouldking.store\/wp-content\/uploads\/2022\/09\/C9120-9.jpg 800w, https:\/\/mouldking.store\/wp-content\/uploads\/2022\/09\/C9120-9-300x300.jpg 300w, https:\/\/mouldking.store\/wp-content\/uploads\/2022\/09\/C9120-9-768x768.jpg 768w, https:\/\/mouldking.store\/wp-content\/uploads\/2022\/09\/C9120-9-600x600.jpg 600w, https:\/\/mouldking.store\/wp-content\/uploads\/2022\/09\/C9120-9-150x150.jpg 150w, https:\/\/mouldking.store\/wp-content\/uploads\/2022\/09\/C9120-9-60x60.jpg 60w, https:\/\/mouldking.store\/wp-content\/uploads\/2022\/09\/C9120-9-90x90.jpg 90w\" sizes=\"(max-width: 800px) 100vw, 800px\" \/><figcaption id=\"caption-attachment-32683\" class=\"wp-caption-text\">MOC-89585 Breaking Bad Walter White with 577 Pieces<\/figcaption><\/figure>\n<p>&nbsp;<\/p>","protected":false},"excerpt":{"rendered":"<p>Product information: Brand: MOC Gender: Unisex Name: Breaking Bad Walter White Age Range: &gt; 6 years old Model Number: C9120 Classification: Assemblage Plastic Block Shape: Self-Locking Bricks Material: Plastic Plastic Type: ABS Bricks Blocks: 577 PCS Dimensions: 12.8 x 11.2 x 28.3 cm Weight: 0.37 kg Contains detailed assembly instructions. Notice: 1. Without an original [&hellip;]<\/p>","protected":false},"featured_media":32681,"comment_status":"closed","ping_status":"closed","template":"","meta":{"_acf_changed":false},"product_cat":[581],"product_tag":[5964,5963,5962,5961,5965],"class_list":["product","first","instock","shipping-taxable","purchasable","product-type-simple"],"acf":[],"_links":{"self":[{"href":"https:\/\/mouldking.store\/fr\/wp-json\/wp\/v2\/product\/32680","targetHints":{"allow":["GET"]}}],"collection":[{"href":"https:\/\/mouldking.store\/fr\/wp-json\/wp\/v2\/product"}],"about":[{"href":"https:\/\/mouldking.store\/fr\/wp-json\/wp\/v2\/types\/product"}],"replies":[{"embeddable":true,"href":"https:\/\/mouldking.store\/fr\/wp-json\/wp\/v2\/comments?post=32680"}],"wp:featuredmedia":[{"embeddable":true,"href":"https:\/\/mouldking.store\/fr\/wp-json\/wp\/v2\/media\/32681"}],"wp:attachment":[{"href":"https:\/\/mouldking.store\/fr\/wp-json\/wp\/v2\/media?parent=32680"}],"wp:term":[{"taxonomy":"product_cat","embeddable":true,"href":"https:\/\/mouldking.store\/fr\/wp-json\/wp\/v2\/product_cat?post=32680"},{"taxonomy":"product_tag","embeddable":true,"href":"https:\/\/mouldking.store\/fr\/wp-json\/wp\/v2\/product_tag?post=32680"}],"curies":[{"name":"wp","href":"https:\/\/api.w.org\/{rel}","templated":true}]}}