{"id":33030,"date":"2022-10-11T12:28:33","date_gmt":"2022-10-11T05:28:33","guid":{"rendered":"https:\/\/mouldking.store\/?post_type=product&#038;p=33030"},"modified":"2024-01-18T11:54:26","modified_gmt":"2024-01-18T04:54:26","slug":"tgl-t5026b-gt2rs-911-blue-with-3389-pieces","status":"publish","type":"product","link":"https:\/\/mouldking.store\/fr\/shop\/tgl-t5026b-gt2rs-911-blue-with-3389-pieces\/","title":{"rendered":"TGL T5026B GT2RS - 911 Bleu avec 3389 Pi\u00e8ces"},"content":{"rendered":"<p>Information produit:<\/p>\n<ol>\n<li>Marque : TGL<\/li>\n<li>Genre: Unisexe<\/li>\n<li>Name: GT2RS \u2013 911 Blue<\/li>\n<li>Tranche d&#039;\u00e2ge : &gt; 6 ans<\/li>\n<li>Model Number: T5026B<\/li>\n<li>Classement : Assemblage<\/li>\n<li>Forme de bloc en plastique\u00a0: briques autobloquantes<\/li>\n<li>Mat\u00e9riel: Plastique<\/li>\n<li>Type de plastique : ABS<\/li>\n<li>Bricks Blocks: 3389 PCS<\/li>\n<li>Contient des instructions de montage d\u00e9taill\u00e9es.<\/li>\n<\/ol>\n<p>Avis:<br \/>\n1. Sans bo\u00eete d&#039;origine, mais nous garantissons que nos produits ont une assurance qualit\u00e9 et un bel emballage.<br \/>\n2. Comme toutes les pi\u00e8ces que nous avons v\u00e9rifi\u00e9es avant l&#039;exp\u00e9dition, donc si vous trouvez des pi\u00e8ces manquantes ou endommag\u00e9es, ne vous inqui\u00e9tez pas et veuillez nous contacter et nous pouvons vous les renvoyer imm\u00e9diatement gratuitement.<\/p>\n<p>&nbsp;<\/p>\n<figure id=\"attachment_33031\" aria-describedby=\"caption-attachment-33031\" style=\"width: 800px\" class=\"wp-caption aligncenter\"><img fetchpriority=\"high\" decoding=\"async\" class=\"wp-image-33031 size-full\" src=\"https:\/\/mouldking.store\/wp-content\/uploads\/2022\/10\/Technic-TGL-T5026B-GT2RS-911-Blue-1.jpg\" alt=\"TGL T5026B GT2RS \u2013 911 Blue with 3389 Pieces\" width=\"800\" height=\"800\" title=\"-\" srcset=\"https:\/\/mouldking.store\/wp-content\/uploads\/2022\/10\/Technic-TGL-T5026B-GT2RS-911-Blue-1.jpg 800w, https:\/\/mouldking.store\/wp-content\/uploads\/2022\/10\/Technic-TGL-T5026B-GT2RS-911-Blue-1-300x300.jpg 300w, https:\/\/mouldking.store\/wp-content\/uploads\/2022\/10\/Technic-TGL-T5026B-GT2RS-911-Blue-1-768x768.jpg 768w, https:\/\/mouldking.store\/wp-content\/uploads\/2022\/10\/Technic-TGL-T5026B-GT2RS-911-Blue-1-600x600.jpg 600w, https:\/\/mouldking.store\/wp-content\/uploads\/2022\/10\/Technic-TGL-T5026B-GT2RS-911-Blue-1-150x150.jpg 150w, https:\/\/mouldking.store\/wp-content\/uploads\/2022\/10\/Technic-TGL-T5026B-GT2RS-911-Blue-1-60x60.jpg 60w, https:\/\/mouldking.store\/wp-content\/uploads\/2022\/10\/Technic-TGL-T5026B-GT2RS-911-Blue-1-90x90.jpg 90w\" sizes=\"(max-width: 800px) 100vw, 800px\" \/><figcaption id=\"caption-attachment-33031\" class=\"wp-caption-text\">TGL T5026B GT2RS - 911 Bleu avec 3389 Pi\u00e8ces<\/figcaption><\/figure>\n<figure id=\"attachment_33035\" aria-describedby=\"caption-attachment-33035\" style=\"width: 403px\" class=\"wp-caption aligncenter\"><img decoding=\"async\" class=\"wp-image-33035 size-full\" src=\"https:\/\/mouldking.store\/wp-content\/uploads\/2022\/10\/Technic-TGL-T5026B-GT2RS-911-Blue-5.jpg\" alt=\"TGL T5026B GT2RS \u2013 911 Blue with 3389 Pieces\" width=\"403\" height=\"1024\" title=\"-\" srcset=\"https:\/\/mouldking.store\/wp-content\/uploads\/2022\/10\/Technic-TGL-T5026B-GT2RS-911-Blue-5.jpg 403w, https:\/\/mouldking.store\/wp-content\/uploads\/2022\/10\/Technic-TGL-T5026B-GT2RS-911-Blue-5-118x300.jpg 118w, https:\/\/mouldking.store\/wp-content\/uploads\/2022\/10\/Technic-TGL-T5026B-GT2RS-911-Blue-5-300x762.jpg 300w, https:\/\/mouldking.store\/wp-content\/uploads\/2022\/10\/Technic-TGL-T5026B-GT2RS-911-Blue-5-59x150.jpg 59w, https:\/\/mouldking.store\/wp-content\/uploads\/2022\/10\/Technic-TGL-T5026B-GT2RS-911-Blue-5-24x60.jpg 24w, https:\/\/mouldking.store\/wp-content\/uploads\/2022\/10\/Technic-TGL-T5026B-GT2RS-911-Blue-5-35x90.jpg 35w\" sizes=\"(max-width: 403px) 100vw, 403px\" \/><figcaption id=\"caption-attachment-33035\" class=\"wp-caption-text\">TGL T5026B GT2RS - 911 Bleu avec 3389 Pi\u00e8ces<\/figcaption><\/figure>\n<figure id=\"attachment_33034\" aria-describedby=\"caption-attachment-33034\" style=\"width: 492px\" class=\"wp-caption aligncenter\"><img decoding=\"async\" class=\"wp-image-33034 size-full\" src=\"https:\/\/mouldking.store\/wp-content\/uploads\/2022\/10\/Technic-TGL-T5026B-GT2RS-911-Blue-4.jpg\" alt=\"TGL T5026B GT2RS \u2013 911 Blue with 3389 Pieces\" width=\"492\" height=\"1024\" title=\"-\" srcset=\"https:\/\/mouldking.store\/wp-content\/uploads\/2022\/10\/Technic-TGL-T5026B-GT2RS-911-Blue-4.jpg 492w, https:\/\/mouldking.store\/wp-content\/uploads\/2022\/10\/Technic-TGL-T5026B-GT2RS-911-Blue-4-144x300.jpg 144w, https:\/\/mouldking.store\/wp-content\/uploads\/2022\/10\/Technic-TGL-T5026B-GT2RS-911-Blue-4-300x624.jpg 300w, https:\/\/mouldking.store\/wp-content\/uploads\/2022\/10\/Technic-TGL-T5026B-GT2RS-911-Blue-4-72x150.jpg 72w, https:\/\/mouldking.store\/wp-content\/uploads\/2022\/10\/Technic-TGL-T5026B-GT2RS-911-Blue-4-29x60.jpg 29w, https:\/\/mouldking.store\/wp-content\/uploads\/2022\/10\/Technic-TGL-T5026B-GT2RS-911-Blue-4-43x90.jpg 43w\" sizes=\"(max-width: 492px) 100vw, 492px\" \/><figcaption id=\"caption-attachment-33034\" class=\"wp-caption-text\">TGL T5026B GT2RS - 911 Bleu avec 3389 Pi\u00e8ces<\/figcaption><\/figure>\n<figure id=\"attachment_33032\" aria-describedby=\"caption-attachment-33032\" style=\"width: 750px\" class=\"wp-caption aligncenter\"><img loading=\"lazy\" decoding=\"async\" class=\"wp-image-33032 size-full\" src=\"https:\/\/mouldking.store\/wp-content\/uploads\/2022\/10\/Technic-TGL-T5026B-GT2RS-911-Blue-2.jpg\" alt=\"TGL T5026B GT2RS \u2013 911 Blue with 3389 Pieces\" width=\"750\" height=\"969\" title=\"-\" srcset=\"https:\/\/mouldking.store\/wp-content\/uploads\/2022\/10\/Technic-TGL-T5026B-GT2RS-911-Blue-2.jpg 750w, https:\/\/mouldking.store\/wp-content\/uploads\/2022\/10\/Technic-TGL-T5026B-GT2RS-911-Blue-2-232x300.jpg 232w, https:\/\/mouldking.store\/wp-content\/uploads\/2022\/10\/Technic-TGL-T5026B-GT2RS-911-Blue-2-300x388.jpg 300w, https:\/\/mouldking.store\/wp-content\/uploads\/2022\/10\/Technic-TGL-T5026B-GT2RS-911-Blue-2-600x775.jpg 600w, https:\/\/mouldking.store\/wp-content\/uploads\/2022\/10\/Technic-TGL-T5026B-GT2RS-911-Blue-2-116x150.jpg 116w, https:\/\/mouldking.store\/wp-content\/uploads\/2022\/10\/Technic-TGL-T5026B-GT2RS-911-Blue-2-46x60.jpg 46w, https:\/\/mouldking.store\/wp-content\/uploads\/2022\/10\/Technic-TGL-T5026B-GT2RS-911-Blue-2-70x90.jpg 70w\" sizes=\"(max-width: 750px) 100vw, 750px\" \/><figcaption id=\"caption-attachment-33032\" class=\"wp-caption-text\">TGL T5026B GT2RS - 911 Bleu avec 3389 Pi\u00e8ces<\/figcaption><\/figure>\n<figure id=\"attachment_33033\" aria-describedby=\"caption-attachment-33033\" style=\"width: 750px\" class=\"wp-caption aligncenter\"><img loading=\"lazy\" decoding=\"async\" class=\"wp-image-33033 size-full\" src=\"https:\/\/mouldking.store\/wp-content\/uploads\/2022\/10\/Technic-TGL-T5026B-GT2RS-911-Blue-3.jpg\" alt=\"TGL T5026B GT2RS \u2013 911 Blue with 3389 Pieces\" width=\"750\" height=\"669\" title=\"-\" srcset=\"https:\/\/mouldking.store\/wp-content\/uploads\/2022\/10\/Technic-TGL-T5026B-GT2RS-911-Blue-3.jpg 750w, https:\/\/mouldking.store\/wp-content\/uploads\/2022\/10\/Technic-TGL-T5026B-GT2RS-911-Blue-3-300x268.jpg 300w, https:\/\/mouldking.store\/wp-content\/uploads\/2022\/10\/Technic-TGL-T5026B-GT2RS-911-Blue-3-600x535.jpg 600w, https:\/\/mouldking.store\/wp-content\/uploads\/2022\/10\/Technic-TGL-T5026B-GT2RS-911-Blue-3-150x134.jpg 150w, https:\/\/mouldking.store\/wp-content\/uploads\/2022\/10\/Technic-TGL-T5026B-GT2RS-911-Blue-3-67x60.jpg 67w, https:\/\/mouldking.store\/wp-content\/uploads\/2022\/10\/Technic-TGL-T5026B-GT2RS-911-Blue-3-101x90.jpg 101w\" sizes=\"(max-width: 750px) 100vw, 750px\" \/><figcaption id=\"caption-attachment-33033\" class=\"wp-caption-text\">TGL T5026B GT2RS - 911 Bleu avec 3389 Pi\u00e8ces<\/figcaption><\/figure>","protected":false},"excerpt":{"rendered":"<p>Product information: Brand: TGL Gender: Unisex Name: GT2RS \u2013 911 Blue Age Range: &gt; 6 years old Model Number: T5026B Classification: Assemblage Plastic Block Shape: Self-Locking Bricks Material: Plastic Plastic Type: ABS Bricks Blocks: 3389 PCS Contains detailed assembly instructions. Notice: 1. Without an original box, but we guarantee our products have quality assurance and [&hellip;]<\/p>","protected":false},"featured_media":33031,"comment_status":"closed","ping_status":"closed","template":"","meta":{"_acf_changed":false},"product_cat":[364],"product_tag":[6067,6066,6065,6064],"class_list":["product","first","instock","shipping-taxable","purchasable","product-type-variable"],"acf":[],"_links":{"self":[{"href":"https:\/\/mouldking.store\/fr\/wp-json\/wp\/v2\/product\/33030","targetHints":{"allow":["GET"]}}],"collection":[{"href":"https:\/\/mouldking.store\/fr\/wp-json\/wp\/v2\/product"}],"about":[{"href":"https:\/\/mouldking.store\/fr\/wp-json\/wp\/v2\/types\/product"}],"replies":[{"embeddable":true,"href":"https:\/\/mouldking.store\/fr\/wp-json\/wp\/v2\/comments?post=33030"}],"wp:featuredmedia":[{"embeddable":true,"href":"https:\/\/mouldking.store\/fr\/wp-json\/wp\/v2\/media\/33031"}],"wp:attachment":[{"href":"https:\/\/mouldking.store\/fr\/wp-json\/wp\/v2\/media?parent=33030"}],"wp:term":[{"taxonomy":"product_cat","embeddable":true,"href":"https:\/\/mouldking.store\/fr\/wp-json\/wp\/v2\/product_cat?post=33030"},{"taxonomy":"product_tag","embeddable":true,"href":"https:\/\/mouldking.store\/fr\/wp-json\/wp\/v2\/product_tag?post=33030"}],"curies":[{"name":"wp","href":"https:\/\/api.w.org\/{rel}","templated":true}]}}