{"id":33204,"date":"2022-10-13T16:44:13","date_gmt":"2022-10-13T09:44:13","guid":{"rendered":"https:\/\/mouldking.store\/?post_type=product&#038;p=33204"},"modified":"2025-12-25T09:12:24","modified_gmt":"2025-12-25T02:12:24","slug":"moc-116736-hayao-miyazaki-porco-rosso-savoia-s21-1-28-with-571-pieces","status":"publish","type":"product","link":"https:\/\/mouldking.store\/fr\/shop\/moc-116736-hayao-miyazaki-porco-rosso-savoia-s21-1-28-with-571-pieces\/","title":{"rendered":"MOC-116736 Hayao Miyazaki Porco Rosso Savoia S21 1\/28 avec 571 pi\u00e8ces"},"content":{"rendered":"<p>Information produit:<\/p>\n<ol>\n<li>Marque : MOC<\/li>\n<li>Genre: Unisexe<\/li>\n<li>Name: Hayao Miyazaki Porco Rosso Savoia S21 1\/28<\/li>\n<li>Tranche d&#039;\u00e2ge : &gt; 6 ans<\/li>\n<li>Model Number: C9135<\/li>\n<li>Classement : Assemblage<\/li>\n<li>Forme de bloc en plastique\u00a0: briques autobloquantes<\/li>\n<li>Mat\u00e9riel: Plastique<\/li>\n<li>Type de plastique : ABS<\/li>\n<li>Bricks Blocks: 571\u00a0PCS<\/li>\n<li>Dimensions: 36.6 x 28.3 x 16 cm<\/li>\n<li>Poids\u00a0: 0,44\u00a0kg<\/li>\n<li>Contient des instructions de montage d\u00e9taill\u00e9es.<\/li>\n<\/ol>\n<p>Avis:<br \/>\n1. Sans bo\u00eete d&#039;origine, mais nous garantissons que nos produits ont une assurance qualit\u00e9 et un bel emballage.<br \/>\n2. Comme toutes les pi\u00e8ces que nous avons v\u00e9rifi\u00e9es avant l&#039;exp\u00e9dition, donc si vous trouvez des pi\u00e8ces manquantes ou endommag\u00e9es, ne vous inqui\u00e9tez pas et veuillez nous contacter et nous pouvons vous les renvoyer imm\u00e9diatement gratuitement.<\/p>\n<p>&nbsp;<\/p>\n<figure id=\"attachment_33214\" aria-describedby=\"caption-attachment-33214\" style=\"width: 1024px\" class=\"wp-caption aligncenter\"><img fetchpriority=\"high\" decoding=\"async\" class=\"wp-image-33214 size-large\" src=\"https:\/\/mouldking.store\/wp-content\/uploads\/2022\/10\/Movie-MOC-116736-Hayao-Miyazaki-Porco-Rosso-Savoia-S21-128-MOCBRICKLAND-1024x1024.png\" alt=\"MOC-116736 Hayao Miyazaki Porco Rosso Savoia S21 1\/28 with 571 Pieces\" width=\"1024\" height=\"1024\" title=\"-\" srcset=\"https:\/\/mouldking.store\/wp-content\/uploads\/2022\/10\/Movie-MOC-116736-Hayao-Miyazaki-Porco-Rosso-Savoia-S21-128-MOCBRICKLAND-1024x1024.png 1024w, https:\/\/mouldking.store\/wp-content\/uploads\/2022\/10\/Movie-MOC-116736-Hayao-Miyazaki-Porco-Rosso-Savoia-S21-128-MOCBRICKLAND-300x300.png 300w, https:\/\/mouldking.store\/wp-content\/uploads\/2022\/10\/Movie-MOC-116736-Hayao-Miyazaki-Porco-Rosso-Savoia-S21-128-MOCBRICKLAND-768x768.png 768w, https:\/\/mouldking.store\/wp-content\/uploads\/2022\/10\/Movie-MOC-116736-Hayao-Miyazaki-Porco-Rosso-Savoia-S21-128-MOCBRICKLAND-1536x1536.png 1536w, https:\/\/mouldking.store\/wp-content\/uploads\/2022\/10\/Movie-MOC-116736-Hayao-Miyazaki-Porco-Rosso-Savoia-S21-128-MOCBRICKLAND-2048x2048.png 2048w, https:\/\/mouldking.store\/wp-content\/uploads\/2022\/10\/Movie-MOC-116736-Hayao-Miyazaki-Porco-Rosso-Savoia-S21-128-MOCBRICKLAND-600x600.png 600w, https:\/\/mouldking.store\/wp-content\/uploads\/2022\/10\/Movie-MOC-116736-Hayao-Miyazaki-Porco-Rosso-Savoia-S21-128-MOCBRICKLAND-150x150.png 150w, https:\/\/mouldking.store\/wp-content\/uploads\/2022\/10\/Movie-MOC-116736-Hayao-Miyazaki-Porco-Rosso-Savoia-S21-128-MOCBRICKLAND-60x60.png 60w, https:\/\/mouldking.store\/wp-content\/uploads\/2022\/10\/Movie-MOC-116736-Hayao-Miyazaki-Porco-Rosso-Savoia-S21-128-MOCBRICKLAND-90x90.png 90w\" sizes=\"(max-width: 1024px) 100vw, 1024px\" \/><figcaption id=\"caption-attachment-33214\" class=\"wp-caption-text\">MOC-116736 Hayao Miyazaki Porco Rosso Savoia S21 1\/28 avec 571 pi\u00e8ces<\/figcaption><\/figure>\n<figure id=\"attachment_33213\" aria-describedby=\"caption-attachment-33213\" style=\"width: 800px\" class=\"wp-caption aligncenter\"><img decoding=\"async\" class=\"wp-image-33213 size-full\" src=\"https:\/\/mouldking.store\/wp-content\/uploads\/2022\/10\/Movie-MOC-116736-Hayao-Miyazaki-Porco-Rosso-Savoia-S21-128-MOCBRICKLAND-6.jpg\" alt=\"MOC-116736 Hayao Miyazaki Porco Rosso Savoia S21 1\/28 with 571 Pieces\" width=\"800\" height=\"800\" title=\"-\" srcset=\"https:\/\/mouldking.store\/wp-content\/uploads\/2022\/10\/Movie-MOC-116736-Hayao-Miyazaki-Porco-Rosso-Savoia-S21-128-MOCBRICKLAND-6.jpg 800w, https:\/\/mouldking.store\/wp-content\/uploads\/2022\/10\/Movie-MOC-116736-Hayao-Miyazaki-Porco-Rosso-Savoia-S21-128-MOCBRICKLAND-6-300x300.jpg 300w, https:\/\/mouldking.store\/wp-content\/uploads\/2022\/10\/Movie-MOC-116736-Hayao-Miyazaki-Porco-Rosso-Savoia-S21-128-MOCBRICKLAND-6-768x768.jpg 768w, https:\/\/mouldking.store\/wp-content\/uploads\/2022\/10\/Movie-MOC-116736-Hayao-Miyazaki-Porco-Rosso-Savoia-S21-128-MOCBRICKLAND-6-600x600.jpg 600w, https:\/\/mouldking.store\/wp-content\/uploads\/2022\/10\/Movie-MOC-116736-Hayao-Miyazaki-Porco-Rosso-Savoia-S21-128-MOCBRICKLAND-6-150x150.jpg 150w, https:\/\/mouldking.store\/wp-content\/uploads\/2022\/10\/Movie-MOC-116736-Hayao-Miyazaki-Porco-Rosso-Savoia-S21-128-MOCBRICKLAND-6-60x60.jpg 60w, https:\/\/mouldking.store\/wp-content\/uploads\/2022\/10\/Movie-MOC-116736-Hayao-Miyazaki-Porco-Rosso-Savoia-S21-128-MOCBRICKLAND-6-90x90.jpg 90w\" sizes=\"(max-width: 800px) 100vw, 800px\" \/><figcaption id=\"caption-attachment-33213\" class=\"wp-caption-text\">MOC-116736 Hayao Miyazaki Porco Rosso Savoia S21 1\/28 avec 571 pi\u00e8ces<\/figcaption><\/figure>\n<figure id=\"attachment_33205\" aria-describedby=\"caption-attachment-33205\" style=\"width: 800px\" class=\"wp-caption aligncenter\"><img decoding=\"async\" class=\"wp-image-33205 size-full\" src=\"https:\/\/mouldking.store\/wp-content\/uploads\/2022\/10\/Movie-MOC-116736-Hayao-Miyazaki-Porco-Rosso-Savoia-S21-128-MOCBRICKLAND-5.jpg\" alt=\"MOC-116736 Hayao Miyazaki Porco Rosso Savoia S21 1\/28 with 571 Pieces\" width=\"800\" height=\"800\" title=\"-\" srcset=\"https:\/\/mouldking.store\/wp-content\/uploads\/2022\/10\/Movie-MOC-116736-Hayao-Miyazaki-Porco-Rosso-Savoia-S21-128-MOCBRICKLAND-5.jpg 800w, https:\/\/mouldking.store\/wp-content\/uploads\/2022\/10\/Movie-MOC-116736-Hayao-Miyazaki-Porco-Rosso-Savoia-S21-128-MOCBRICKLAND-5-300x300.jpg 300w, https:\/\/mouldking.store\/wp-content\/uploads\/2022\/10\/Movie-MOC-116736-Hayao-Miyazaki-Porco-Rosso-Savoia-S21-128-MOCBRICKLAND-5-768x768.jpg 768w, https:\/\/mouldking.store\/wp-content\/uploads\/2022\/10\/Movie-MOC-116736-Hayao-Miyazaki-Porco-Rosso-Savoia-S21-128-MOCBRICKLAND-5-600x600.jpg 600w, https:\/\/mouldking.store\/wp-content\/uploads\/2022\/10\/Movie-MOC-116736-Hayao-Miyazaki-Porco-Rosso-Savoia-S21-128-MOCBRICKLAND-5-150x150.jpg 150w, https:\/\/mouldking.store\/wp-content\/uploads\/2022\/10\/Movie-MOC-116736-Hayao-Miyazaki-Porco-Rosso-Savoia-S21-128-MOCBRICKLAND-5-60x60.jpg 60w, https:\/\/mouldking.store\/wp-content\/uploads\/2022\/10\/Movie-MOC-116736-Hayao-Miyazaki-Porco-Rosso-Savoia-S21-128-MOCBRICKLAND-5-90x90.jpg 90w\" sizes=\"(max-width: 800px) 100vw, 800px\" \/><figcaption id=\"caption-attachment-33205\" class=\"wp-caption-text\">MOC-116736 Hayao Miyazaki Porco Rosso Savoia S21 1\/28 avec 571 pi\u00e8ces<\/figcaption><\/figure>\n<figure id=\"attachment_33206\" aria-describedby=\"caption-attachment-33206\" style=\"width: 800px\" class=\"wp-caption aligncenter\"><img loading=\"lazy\" decoding=\"async\" class=\"wp-image-33206 size-full\" src=\"https:\/\/mouldking.store\/wp-content\/uploads\/2022\/10\/Movie-MOC-116736-Hayao-Miyazaki-Porco-Rosso-Savoia-S21-128-MOCBRICKLAND-4.jpg\" alt=\"MOC-116736 Hayao Miyazaki Porco Rosso Savoia S21 1\/28 with 571 Pieces\" width=\"800\" height=\"800\" title=\"-\" srcset=\"https:\/\/mouldking.store\/wp-content\/uploads\/2022\/10\/Movie-MOC-116736-Hayao-Miyazaki-Porco-Rosso-Savoia-S21-128-MOCBRICKLAND-4.jpg 800w, https:\/\/mouldking.store\/wp-content\/uploads\/2022\/10\/Movie-MOC-116736-Hayao-Miyazaki-Porco-Rosso-Savoia-S21-128-MOCBRICKLAND-4-300x300.jpg 300w, https:\/\/mouldking.store\/wp-content\/uploads\/2022\/10\/Movie-MOC-116736-Hayao-Miyazaki-Porco-Rosso-Savoia-S21-128-MOCBRICKLAND-4-768x768.jpg 768w, https:\/\/mouldking.store\/wp-content\/uploads\/2022\/10\/Movie-MOC-116736-Hayao-Miyazaki-Porco-Rosso-Savoia-S21-128-MOCBRICKLAND-4-600x600.jpg 600w, https:\/\/mouldking.store\/wp-content\/uploads\/2022\/10\/Movie-MOC-116736-Hayao-Miyazaki-Porco-Rosso-Savoia-S21-128-MOCBRICKLAND-4-150x150.jpg 150w, https:\/\/mouldking.store\/wp-content\/uploads\/2022\/10\/Movie-MOC-116736-Hayao-Miyazaki-Porco-Rosso-Savoia-S21-128-MOCBRICKLAND-4-60x60.jpg 60w, https:\/\/mouldking.store\/wp-content\/uploads\/2022\/10\/Movie-MOC-116736-Hayao-Miyazaki-Porco-Rosso-Savoia-S21-128-MOCBRICKLAND-4-90x90.jpg 90w\" sizes=\"(max-width: 800px) 100vw, 800px\" \/><figcaption id=\"caption-attachment-33206\" class=\"wp-caption-text\">MOC-116736 Hayao Miyazaki Porco Rosso Savoia S21 1\/28 avec 571 pi\u00e8ces<\/figcaption><\/figure>\n<figure id=\"attachment_33207\" aria-describedby=\"caption-attachment-33207\" style=\"width: 800px\" class=\"wp-caption aligncenter\"><img loading=\"lazy\" decoding=\"async\" class=\"wp-image-33207 size-full\" src=\"https:\/\/mouldking.store\/wp-content\/uploads\/2022\/10\/Movie-MOC-116736-Hayao-Miyazaki-Porco-Rosso-Savoia-S21-128-MOCBRICKLAND-3.jpg\" alt=\"MOC-116736 Hayao Miyazaki Porco Rosso Savoia S21 1\/28 with 571 Pieces\" width=\"800\" height=\"800\" title=\"-\" srcset=\"https:\/\/mouldking.store\/wp-content\/uploads\/2022\/10\/Movie-MOC-116736-Hayao-Miyazaki-Porco-Rosso-Savoia-S21-128-MOCBRICKLAND-3.jpg 800w, https:\/\/mouldking.store\/wp-content\/uploads\/2022\/10\/Movie-MOC-116736-Hayao-Miyazaki-Porco-Rosso-Savoia-S21-128-MOCBRICKLAND-3-300x300.jpg 300w, https:\/\/mouldking.store\/wp-content\/uploads\/2022\/10\/Movie-MOC-116736-Hayao-Miyazaki-Porco-Rosso-Savoia-S21-128-MOCBRICKLAND-3-768x768.jpg 768w, https:\/\/mouldking.store\/wp-content\/uploads\/2022\/10\/Movie-MOC-116736-Hayao-Miyazaki-Porco-Rosso-Savoia-S21-128-MOCBRICKLAND-3-600x600.jpg 600w, https:\/\/mouldking.store\/wp-content\/uploads\/2022\/10\/Movie-MOC-116736-Hayao-Miyazaki-Porco-Rosso-Savoia-S21-128-MOCBRICKLAND-3-150x150.jpg 150w, https:\/\/mouldking.store\/wp-content\/uploads\/2022\/10\/Movie-MOC-116736-Hayao-Miyazaki-Porco-Rosso-Savoia-S21-128-MOCBRICKLAND-3-60x60.jpg 60w, https:\/\/mouldking.store\/wp-content\/uploads\/2022\/10\/Movie-MOC-116736-Hayao-Miyazaki-Porco-Rosso-Savoia-S21-128-MOCBRICKLAND-3-90x90.jpg 90w\" sizes=\"(max-width: 800px) 100vw, 800px\" \/><figcaption id=\"caption-attachment-33207\" class=\"wp-caption-text\">MOC-116736 Hayao Miyazaki Porco Rosso Savoia S21 1\/28 avec 571 pi\u00e8ces<\/figcaption><\/figure>\n<figure id=\"attachment_33208\" aria-describedby=\"caption-attachment-33208\" style=\"width: 800px\" class=\"wp-caption aligncenter\"><img loading=\"lazy\" decoding=\"async\" class=\"wp-image-33208 size-full\" src=\"https:\/\/mouldking.store\/wp-content\/uploads\/2022\/10\/Movie-MOC-116736-Hayao-Miyazaki-Porco-Rosso-Savoia-S21-128-MOCBRICKLAND-2.jpg\" alt=\"MOC-116736 Hayao Miyazaki Porco Rosso Savoia S21 1\/28 with 571 Pieces\" width=\"800\" height=\"800\" title=\"-\" srcset=\"https:\/\/mouldking.store\/wp-content\/uploads\/2022\/10\/Movie-MOC-116736-Hayao-Miyazaki-Porco-Rosso-Savoia-S21-128-MOCBRICKLAND-2.jpg 800w, https:\/\/mouldking.store\/wp-content\/uploads\/2022\/10\/Movie-MOC-116736-Hayao-Miyazaki-Porco-Rosso-Savoia-S21-128-MOCBRICKLAND-2-300x300.jpg 300w, https:\/\/mouldking.store\/wp-content\/uploads\/2022\/10\/Movie-MOC-116736-Hayao-Miyazaki-Porco-Rosso-Savoia-S21-128-MOCBRICKLAND-2-768x768.jpg 768w, https:\/\/mouldking.store\/wp-content\/uploads\/2022\/10\/Movie-MOC-116736-Hayao-Miyazaki-Porco-Rosso-Savoia-S21-128-MOCBRICKLAND-2-600x600.jpg 600w, https:\/\/mouldking.store\/wp-content\/uploads\/2022\/10\/Movie-MOC-116736-Hayao-Miyazaki-Porco-Rosso-Savoia-S21-128-MOCBRICKLAND-2-150x150.jpg 150w, https:\/\/mouldking.store\/wp-content\/uploads\/2022\/10\/Movie-MOC-116736-Hayao-Miyazaki-Porco-Rosso-Savoia-S21-128-MOCBRICKLAND-2-60x60.jpg 60w, https:\/\/mouldking.store\/wp-content\/uploads\/2022\/10\/Movie-MOC-116736-Hayao-Miyazaki-Porco-Rosso-Savoia-S21-128-MOCBRICKLAND-2-90x90.jpg 90w\" sizes=\"(max-width: 800px) 100vw, 800px\" \/><figcaption id=\"caption-attachment-33208\" class=\"wp-caption-text\">MOC-116736 Hayao Miyazaki Porco Rosso Savoia S21 1\/28 avec 571 pi\u00e8ces<\/figcaption><\/figure>\n<figure id=\"attachment_33212\" aria-describedby=\"caption-attachment-33212\" style=\"width: 800px\" class=\"wp-caption aligncenter\"><img loading=\"lazy\" decoding=\"async\" class=\"wp-image-33212 size-full\" src=\"https:\/\/mouldking.store\/wp-content\/uploads\/2022\/10\/Movie-MOC-116736-Hayao-Miyazaki-Porco-Rosso-Savoia-S21-128-MOCBRICKLAND-7.jpg\" alt=\"MOC-116736 Hayao Miyazaki Porco Rosso Savoia S21 1\/28 with 571 Pieces\" width=\"800\" height=\"800\" title=\"-\" srcset=\"https:\/\/mouldking.store\/wp-content\/uploads\/2022\/10\/Movie-MOC-116736-Hayao-Miyazaki-Porco-Rosso-Savoia-S21-128-MOCBRICKLAND-7.jpg 800w, https:\/\/mouldking.store\/wp-content\/uploads\/2022\/10\/Movie-MOC-116736-Hayao-Miyazaki-Porco-Rosso-Savoia-S21-128-MOCBRICKLAND-7-300x300.jpg 300w, https:\/\/mouldking.store\/wp-content\/uploads\/2022\/10\/Movie-MOC-116736-Hayao-Miyazaki-Porco-Rosso-Savoia-S21-128-MOCBRICKLAND-7-768x768.jpg 768w, https:\/\/mouldking.store\/wp-content\/uploads\/2022\/10\/Movie-MOC-116736-Hayao-Miyazaki-Porco-Rosso-Savoia-S21-128-MOCBRICKLAND-7-600x600.jpg 600w, https:\/\/mouldking.store\/wp-content\/uploads\/2022\/10\/Movie-MOC-116736-Hayao-Miyazaki-Porco-Rosso-Savoia-S21-128-MOCBRICKLAND-7-150x150.jpg 150w, https:\/\/mouldking.store\/wp-content\/uploads\/2022\/10\/Movie-MOC-116736-Hayao-Miyazaki-Porco-Rosso-Savoia-S21-128-MOCBRICKLAND-7-60x60.jpg 60w, https:\/\/mouldking.store\/wp-content\/uploads\/2022\/10\/Movie-MOC-116736-Hayao-Miyazaki-Porco-Rosso-Savoia-S21-128-MOCBRICKLAND-7-90x90.jpg 90w\" sizes=\"(max-width: 800px) 100vw, 800px\" \/><figcaption id=\"caption-attachment-33212\" class=\"wp-caption-text\">MOC-116736 Hayao Miyazaki Porco Rosso Savoia S21 1\/28 avec 571 pi\u00e8ces<\/figcaption><\/figure>\n<figure id=\"attachment_33211\" aria-describedby=\"caption-attachment-33211\" style=\"width: 800px\" class=\"wp-caption aligncenter\"><img loading=\"lazy\" decoding=\"async\" class=\"wp-image-33211 size-full\" src=\"https:\/\/mouldking.store\/wp-content\/uploads\/2022\/10\/Movie-MOC-116736-Hayao-Miyazaki-Porco-Rosso-Savoia-S21-128-MOCBRICKLAND-8.jpg\" alt=\"MOC-116736 Hayao Miyazaki Porco Rosso Savoia S21 1\/28 with 571 Pieces\" width=\"800\" height=\"800\" title=\"-\" srcset=\"https:\/\/mouldking.store\/wp-content\/uploads\/2022\/10\/Movie-MOC-116736-Hayao-Miyazaki-Porco-Rosso-Savoia-S21-128-MOCBRICKLAND-8.jpg 800w, https:\/\/mouldking.store\/wp-content\/uploads\/2022\/10\/Movie-MOC-116736-Hayao-Miyazaki-Porco-Rosso-Savoia-S21-128-MOCBRICKLAND-8-300x300.jpg 300w, https:\/\/mouldking.store\/wp-content\/uploads\/2022\/10\/Movie-MOC-116736-Hayao-Miyazaki-Porco-Rosso-Savoia-S21-128-MOCBRICKLAND-8-768x768.jpg 768w, https:\/\/mouldking.store\/wp-content\/uploads\/2022\/10\/Movie-MOC-116736-Hayao-Miyazaki-Porco-Rosso-Savoia-S21-128-MOCBRICKLAND-8-600x600.jpg 600w, https:\/\/mouldking.store\/wp-content\/uploads\/2022\/10\/Movie-MOC-116736-Hayao-Miyazaki-Porco-Rosso-Savoia-S21-128-MOCBRICKLAND-8-150x150.jpg 150w, https:\/\/mouldking.store\/wp-content\/uploads\/2022\/10\/Movie-MOC-116736-Hayao-Miyazaki-Porco-Rosso-Savoia-S21-128-MOCBRICKLAND-8-60x60.jpg 60w, https:\/\/mouldking.store\/wp-content\/uploads\/2022\/10\/Movie-MOC-116736-Hayao-Miyazaki-Porco-Rosso-Savoia-S21-128-MOCBRICKLAND-8-90x90.jpg 90w\" sizes=\"(max-width: 800px) 100vw, 800px\" \/><figcaption id=\"caption-attachment-33211\" class=\"wp-caption-text\">MOC-116736 Hayao Miyazaki Porco Rosso Savoia S21 1\/28 avec 571 pi\u00e8ces<\/figcaption><\/figure>\n<figure id=\"attachment_33210\" aria-describedby=\"caption-attachment-33210\" style=\"width: 800px\" class=\"wp-caption aligncenter\"><img loading=\"lazy\" decoding=\"async\" class=\"wp-image-33210 size-full\" src=\"https:\/\/mouldking.store\/wp-content\/uploads\/2022\/10\/Movie-MOC-116736-Hayao-Miyazaki-Porco-Rosso-Savoia-S21-128-MOCBRICKLAND-9.jpg\" alt=\"MOC-116736 Hayao Miyazaki Porco Rosso Savoia S21 1\/28 with 571 Pieces\" width=\"800\" height=\"800\" title=\"-\" srcset=\"https:\/\/mouldking.store\/wp-content\/uploads\/2022\/10\/Movie-MOC-116736-Hayao-Miyazaki-Porco-Rosso-Savoia-S21-128-MOCBRICKLAND-9.jpg 800w, https:\/\/mouldking.store\/wp-content\/uploads\/2022\/10\/Movie-MOC-116736-Hayao-Miyazaki-Porco-Rosso-Savoia-S21-128-MOCBRICKLAND-9-300x300.jpg 300w, https:\/\/mouldking.store\/wp-content\/uploads\/2022\/10\/Movie-MOC-116736-Hayao-Miyazaki-Porco-Rosso-Savoia-S21-128-MOCBRICKLAND-9-768x768.jpg 768w, https:\/\/mouldking.store\/wp-content\/uploads\/2022\/10\/Movie-MOC-116736-Hayao-Miyazaki-Porco-Rosso-Savoia-S21-128-MOCBRICKLAND-9-600x600.jpg 600w, https:\/\/mouldking.store\/wp-content\/uploads\/2022\/10\/Movie-MOC-116736-Hayao-Miyazaki-Porco-Rosso-Savoia-S21-128-MOCBRICKLAND-9-150x150.jpg 150w, https:\/\/mouldking.store\/wp-content\/uploads\/2022\/10\/Movie-MOC-116736-Hayao-Miyazaki-Porco-Rosso-Savoia-S21-128-MOCBRICKLAND-9-60x60.jpg 60w, https:\/\/mouldking.store\/wp-content\/uploads\/2022\/10\/Movie-MOC-116736-Hayao-Miyazaki-Porco-Rosso-Savoia-S21-128-MOCBRICKLAND-9-90x90.jpg 90w\" sizes=\"(max-width: 800px) 100vw, 800px\" \/><figcaption id=\"caption-attachment-33210\" class=\"wp-caption-text\">MOC-116736 Hayao Miyazaki Porco Rosso Savoia S21 1\/28 avec 571 pi\u00e8ces<\/figcaption><\/figure>\n<figure id=\"attachment_33209\" aria-describedby=\"caption-attachment-33209\" style=\"width: 800px\" class=\"wp-caption aligncenter\"><img loading=\"lazy\" decoding=\"async\" class=\"wp-image-33209 size-full\" src=\"https:\/\/mouldking.store\/wp-content\/uploads\/2022\/10\/Movie-MOC-116736-Hayao-Miyazaki-Porco-Rosso-Savoia-S21-128-MOCBRICKLAND-1.jpg\" alt=\"MOC-116736 Hayao Miyazaki Porco Rosso Savoia S21 1\/28 with 571 Pieces\" width=\"800\" height=\"1038\" title=\"-\" srcset=\"https:\/\/mouldking.store\/wp-content\/uploads\/2022\/10\/Movie-MOC-116736-Hayao-Miyazaki-Porco-Rosso-Savoia-S21-128-MOCBRICKLAND-1.jpg 800w, https:\/\/mouldking.store\/wp-content\/uploads\/2022\/10\/Movie-MOC-116736-Hayao-Miyazaki-Porco-Rosso-Savoia-S21-128-MOCBRICKLAND-1-231x300.jpg 231w, https:\/\/mouldking.store\/wp-content\/uploads\/2022\/10\/Movie-MOC-116736-Hayao-Miyazaki-Porco-Rosso-Savoia-S21-128-MOCBRICKLAND-1-789x1024.jpg 789w, https:\/\/mouldking.store\/wp-content\/uploads\/2022\/10\/Movie-MOC-116736-Hayao-Miyazaki-Porco-Rosso-Savoia-S21-128-MOCBRICKLAND-1-768x996.jpg 768w, https:\/\/mouldking.store\/wp-content\/uploads\/2022\/10\/Movie-MOC-116736-Hayao-Miyazaki-Porco-Rosso-Savoia-S21-128-MOCBRICKLAND-1-300x389.jpg 300w, https:\/\/mouldking.store\/wp-content\/uploads\/2022\/10\/Movie-MOC-116736-Hayao-Miyazaki-Porco-Rosso-Savoia-S21-128-MOCBRICKLAND-1-600x779.jpg 600w, https:\/\/mouldking.store\/wp-content\/uploads\/2022\/10\/Movie-MOC-116736-Hayao-Miyazaki-Porco-Rosso-Savoia-S21-128-MOCBRICKLAND-1-116x150.jpg 116w, https:\/\/mouldking.store\/wp-content\/uploads\/2022\/10\/Movie-MOC-116736-Hayao-Miyazaki-Porco-Rosso-Savoia-S21-128-MOCBRICKLAND-1-46x60.jpg 46w, https:\/\/mouldking.store\/wp-content\/uploads\/2022\/10\/Movie-MOC-116736-Hayao-Miyazaki-Porco-Rosso-Savoia-S21-128-MOCBRICKLAND-1-69x90.jpg 69w\" sizes=\"(max-width: 800px) 100vw, 800px\" \/><figcaption id=\"caption-attachment-33209\" class=\"wp-caption-text\">MOC-116736 Hayao Miyazaki Porco Rosso Savoia S21 1\/28 avec 571 pi\u00e8ces<\/figcaption><\/figure>","protected":false},"excerpt":{"rendered":"<p>Product information: Brand: MOC Gender: Unisex Name: Hayao Miyazaki Porco Rosso Savoia S21 1\/28 Age Range: &gt; 6 years old Model Number: C9135 Classification: Assemblage Plastic Block Shape: Self-Locking Bricks Material: Plastic Plastic Type: ABS Bricks Blocks: 571\u00a0PCS Dimensions: 36.6 x 28.3 x 16 cm Weight: 0.44 kg Contains detailed assembly instructions. Notice: 1. Without [&hellip;]<\/p>","protected":false},"featured_media":33214,"comment_status":"closed","ping_status":"closed","template":"","meta":{"_acf_changed":false},"product_cat":[581],"product_tag":[6132,6131,6130,6129,6128,6134,6133],"class_list":["product","first","instock","shipping-taxable","purchasable","product-type-simple"],"acf":[],"_links":{"self":[{"href":"https:\/\/mouldking.store\/fr\/wp-json\/wp\/v2\/product\/33204","targetHints":{"allow":["GET"]}}],"collection":[{"href":"https:\/\/mouldking.store\/fr\/wp-json\/wp\/v2\/product"}],"about":[{"href":"https:\/\/mouldking.store\/fr\/wp-json\/wp\/v2\/types\/product"}],"replies":[{"embeddable":true,"href":"https:\/\/mouldking.store\/fr\/wp-json\/wp\/v2\/comments?post=33204"}],"wp:featuredmedia":[{"embeddable":true,"href":"https:\/\/mouldking.store\/fr\/wp-json\/wp\/v2\/media\/33214"}],"wp:attachment":[{"href":"https:\/\/mouldking.store\/fr\/wp-json\/wp\/v2\/media?parent=33204"}],"wp:term":[{"taxonomy":"product_cat","embeddable":true,"href":"https:\/\/mouldking.store\/fr\/wp-json\/wp\/v2\/product_cat?post=33204"},{"taxonomy":"product_tag","embeddable":true,"href":"https:\/\/mouldking.store\/fr\/wp-json\/wp\/v2\/product_tag?post=33204"}],"curies":[{"name":"wp","href":"https:\/\/api.w.org\/{rel}","templated":true}]}}