{"id":33334,"date":"2022-11-01T09:58:09","date_gmt":"2022-11-01T02:58:09","guid":{"rendered":"https:\/\/mouldking.store\/?post_type=product&#038;p=33334"},"modified":"2022-11-01T09:58:09","modified_gmt":"2022-11-01T02:58:09","slug":"dk-1507-the-blade-of-ghost-slayer-yinzhu-yusui-tianyuan-with-1478-pieces","status":"publish","type":"product","link":"https:\/\/mouldking.store\/fr\/shop\/dk-1507-the-blade-of-ghost-slayer-yinzhu-yusui-tianyuan-with-1478-pieces\/","title":{"rendered":"DK 1507 The Blade of Ghost Slayer : Yinzhu Yusui Tianyuan avec 1478 pi\u00e8ces"},"content":{"rendered":"<p>Information produit:<br \/>\n1. Marque : DK<br \/>\n2. Genre : unisexe<br \/>\n3. Nom : The Blade of Ghost Slayer : Yinzhu Yusui Tianyuan<br \/>\n4. Tranche d&#039;\u00e2ge : &gt; 8 ans<br \/>\n5. Num\u00e9ro de mod\u00e8le : 1507<br \/>\n6. Classement : Assemblage<br \/>\n7. Forme de bloc en plastique\u00a0: briques autobloquantes<br \/>\n8. Mat\u00e9riel: Plastique<br \/>\n9. Type de plastique : ABS<br \/>\n10. Blocs de briques : 1478 PCS<br \/>\n11. Contient des instructions de montage d\u00e9taill\u00e9es.<\/p>\n<figure id=\"attachment_33335\" aria-describedby=\"caption-attachment-33335\" style=\"width: 856px\" class=\"wp-caption aligncenter\"><img fetchpriority=\"high\" decoding=\"async\" class=\"wp-image-33335\" src=\"https:\/\/mouldking.store\/wp-content\/uploads\/2022\/11\/DK-1507-The-Blade-of-Ghost-Slayer-Yinzhu-Yusui-Tianyuan-2-300x300.png\" alt=\"DK 1507 The Blade of Ghost Slayer: Yinzhu Yusui Tianyuan With 1478 Pieces\" width=\"856\" height=\"856\" title=\"-\" srcset=\"https:\/\/mouldking.store\/wp-content\/uploads\/2022\/11\/DK-1507-The-Blade-of-Ghost-Slayer-Yinzhu-Yusui-Tianyuan-2-300x300.png 300w, https:\/\/mouldking.store\/wp-content\/uploads\/2022\/11\/DK-1507-The-Blade-of-Ghost-Slayer-Yinzhu-Yusui-Tianyuan-2-768x768.png 768w, https:\/\/mouldking.store\/wp-content\/uploads\/2022\/11\/DK-1507-The-Blade-of-Ghost-Slayer-Yinzhu-Yusui-Tianyuan-2-600x600.png 600w, https:\/\/mouldking.store\/wp-content\/uploads\/2022\/11\/DK-1507-The-Blade-of-Ghost-Slayer-Yinzhu-Yusui-Tianyuan-2-150x150.png 150w, https:\/\/mouldking.store\/wp-content\/uploads\/2022\/11\/DK-1507-The-Blade-of-Ghost-Slayer-Yinzhu-Yusui-Tianyuan-2-60x60.png 60w, https:\/\/mouldking.store\/wp-content\/uploads\/2022\/11\/DK-1507-The-Blade-of-Ghost-Slayer-Yinzhu-Yusui-Tianyuan-2-90x90.png 90w, https:\/\/mouldking.store\/wp-content\/uploads\/2022\/11\/DK-1507-The-Blade-of-Ghost-Slayer-Yinzhu-Yusui-Tianyuan-2.png 800w\" sizes=\"(max-width: 856px) 100vw, 856px\" \/><figcaption id=\"caption-attachment-33335\" class=\"wp-caption-text\">DK 1507 The Blade of Ghost Slayer : Yinzhu Yusui Tianyuan avec 1478 pi\u00e8ces<\/figcaption><\/figure>\n<figure id=\"attachment_33336\" aria-describedby=\"caption-attachment-33336\" style=\"width: 770px\" class=\"wp-caption aligncenter\"><img decoding=\"async\" class=\"wp-image-33336\" src=\"https:\/\/mouldking.store\/wp-content\/uploads\/2022\/11\/DK-1507-The-Blade-of-Ghost-Slayer-Yinzhu-Yusui-Tianyuan-3-300x300.png\" alt=\"DK 1507 The Blade of Ghost Slayer: Yinzhu Yusui Tianyuan With 1478 Pieces\" width=\"770\" height=\"770\" title=\"-\" srcset=\"https:\/\/mouldking.store\/wp-content\/uploads\/2022\/11\/DK-1507-The-Blade-of-Ghost-Slayer-Yinzhu-Yusui-Tianyuan-3-300x300.png 300w, https:\/\/mouldking.store\/wp-content\/uploads\/2022\/11\/DK-1507-The-Blade-of-Ghost-Slayer-Yinzhu-Yusui-Tianyuan-3-768x768.png 768w, https:\/\/mouldking.store\/wp-content\/uploads\/2022\/11\/DK-1507-The-Blade-of-Ghost-Slayer-Yinzhu-Yusui-Tianyuan-3-600x600.png 600w, https:\/\/mouldking.store\/wp-content\/uploads\/2022\/11\/DK-1507-The-Blade-of-Ghost-Slayer-Yinzhu-Yusui-Tianyuan-3-150x150.png 150w, https:\/\/mouldking.store\/wp-content\/uploads\/2022\/11\/DK-1507-The-Blade-of-Ghost-Slayer-Yinzhu-Yusui-Tianyuan-3-60x60.png 60w, https:\/\/mouldking.store\/wp-content\/uploads\/2022\/11\/DK-1507-The-Blade-of-Ghost-Slayer-Yinzhu-Yusui-Tianyuan-3-90x90.png 90w, https:\/\/mouldking.store\/wp-content\/uploads\/2022\/11\/DK-1507-The-Blade-of-Ghost-Slayer-Yinzhu-Yusui-Tianyuan-3.png 800w\" sizes=\"(max-width: 770px) 100vw, 770px\" \/><figcaption id=\"caption-attachment-33336\" class=\"wp-caption-text\">DK 1507 The Blade of Ghost Slayer : Yinzhu Yusui Tianyuan avec 1478 pi\u00e8ces<\/figcaption><\/figure>\n<figure id=\"attachment_33337\" aria-describedby=\"caption-attachment-33337\" style=\"width: 819px\" class=\"wp-caption aligncenter\"><img decoding=\"async\" class=\"wp-image-33337\" src=\"https:\/\/mouldking.store\/wp-content\/uploads\/2022\/11\/DK-1507-The-Blade-of-Ghost-Slayer-Yinzhu-Yusui-Tianyuan-4-300x300.png\" alt=\"DK 1507 The Blade of Ghost Slayer: Yinzhu Yusui Tianyuan With 1478 Pieces\" width=\"819\" height=\"819\" title=\"-\" srcset=\"https:\/\/mouldking.store\/wp-content\/uploads\/2022\/11\/DK-1507-The-Blade-of-Ghost-Slayer-Yinzhu-Yusui-Tianyuan-4-300x300.png 300w, https:\/\/mouldking.store\/wp-content\/uploads\/2022\/11\/DK-1507-The-Blade-of-Ghost-Slayer-Yinzhu-Yusui-Tianyuan-4-768x768.png 768w, https:\/\/mouldking.store\/wp-content\/uploads\/2022\/11\/DK-1507-The-Blade-of-Ghost-Slayer-Yinzhu-Yusui-Tianyuan-4-600x600.png 600w, https:\/\/mouldking.store\/wp-content\/uploads\/2022\/11\/DK-1507-The-Blade-of-Ghost-Slayer-Yinzhu-Yusui-Tianyuan-4-150x150.png 150w, https:\/\/mouldking.store\/wp-content\/uploads\/2022\/11\/DK-1507-The-Blade-of-Ghost-Slayer-Yinzhu-Yusui-Tianyuan-4-60x60.png 60w, https:\/\/mouldking.store\/wp-content\/uploads\/2022\/11\/DK-1507-The-Blade-of-Ghost-Slayer-Yinzhu-Yusui-Tianyuan-4-90x90.png 90w, https:\/\/mouldking.store\/wp-content\/uploads\/2022\/11\/DK-1507-The-Blade-of-Ghost-Slayer-Yinzhu-Yusui-Tianyuan-4.png 800w\" sizes=\"(max-width: 819px) 100vw, 819px\" \/><figcaption id=\"caption-attachment-33337\" class=\"wp-caption-text\">DK 1507 The Blade of Ghost Slayer : Yinzhu Yusui Tianyuan avec 1478 pi\u00e8ces<\/figcaption><\/figure>","protected":false},"excerpt":{"rendered":"<p>1. Sans bo\u00eete d&#039;origine, mais nous garantissons que nos produits ont une assurance qualit\u00e9 et un bel emballage.<br \/>\n2. Comme toutes les pi\u00e8ces que nous avons v\u00e9rifi\u00e9es avant l&#039;exp\u00e9dition, donc si vous trouvez des pi\u00e8ces manquantes ou endommag\u00e9es, ne vous inqui\u00e9tez pas et veuillez nous contacter et nous pouvons vous les renvoyer imm\u00e9diatement gratuitement.<\/p>","protected":false},"featured_media":33335,"comment_status":"closed","ping_status":"closed","template":"","meta":{"_acf_changed":false},"product_cat":[581],"product_tag":[6157,6156,6158,6160,6159],"class_list":["product","first","instock","shipping-taxable","purchasable","product-type-simple"],"acf":[],"_links":{"self":[{"href":"https:\/\/mouldking.store\/fr\/wp-json\/wp\/v2\/product\/33334","targetHints":{"allow":["GET"]}}],"collection":[{"href":"https:\/\/mouldking.store\/fr\/wp-json\/wp\/v2\/product"}],"about":[{"href":"https:\/\/mouldking.store\/fr\/wp-json\/wp\/v2\/types\/product"}],"replies":[{"embeddable":true,"href":"https:\/\/mouldking.store\/fr\/wp-json\/wp\/v2\/comments?post=33334"}],"wp:featuredmedia":[{"embeddable":true,"href":"https:\/\/mouldking.store\/fr\/wp-json\/wp\/v2\/media\/33335"}],"wp:attachment":[{"href":"https:\/\/mouldking.store\/fr\/wp-json\/wp\/v2\/media?parent=33334"}],"wp:term":[{"taxonomy":"product_cat","embeddable":true,"href":"https:\/\/mouldking.store\/fr\/wp-json\/wp\/v2\/product_cat?post=33334"},{"taxonomy":"product_tag","embeddable":true,"href":"https:\/\/mouldking.store\/fr\/wp-json\/wp\/v2\/product_tag?post=33334"}],"curies":[{"name":"wp","href":"https:\/\/api.w.org\/{rel}","templated":true}]}}