{"id":33338,"date":"2022-11-01T10:02:25","date_gmt":"2022-11-01T03:02:25","guid":{"rendered":"https:\/\/mouldking.store\/?post_type=product&#038;p=33338"},"modified":"2022-11-01T10:02:26","modified_gmt":"2022-11-01T03:02:26","slug":"dk-1508-one-piece-sandai-kitetsu-with-790-pieces","status":"publish","type":"product","link":"https:\/\/mouldking.store\/fr\/shop\/dk-1508-one-piece-sandai-kitetsu-with-790-pieces\/","title":{"rendered":"DK 1508 One Piece Sandai Kitetsu Avec 790 Pi\u00e8ces"},"content":{"rendered":"<p>Information produit:<br \/>\n1. Marque : DK<br \/>\n2. Genre : unisexe<br \/>\n3. Nom : One Piece Sandai Kitetsu<br \/>\n4. Tranche d&#039;\u00e2ge : &gt; 8 ans<br \/>\n5. Num\u00e9ro de mod\u00e8le : 1508<br \/>\n6. Classement : Assemblage<br \/>\n7. Forme de bloc en plastique\u00a0: briques autobloquantes<br \/>\n8. Mat\u00e9riel: Plastique<br \/>\n9. Type de plastique : ABS<br \/>\n10. Blocs de briques : 790 PCS<br \/>\n11. Contient des instructions de montage d\u00e9taill\u00e9es.<\/p>\n<figure id=\"attachment_33339\" aria-describedby=\"caption-attachment-33339\" style=\"width: 777px\" class=\"wp-caption aligncenter\"><img fetchpriority=\"high\" decoding=\"async\" class=\"wp-image-33339\" src=\"https:\/\/mouldking.store\/wp-content\/uploads\/2022\/11\/DK-1508-One-Piece-Sandai-Kitetsu-1-300x300.jpg\" alt=\"DK 1508 One Piece Sandai Kitetsu With 790 Pieces\" width=\"777\" height=\"777\" title=\"-\" srcset=\"https:\/\/mouldking.store\/wp-content\/uploads\/2022\/11\/DK-1508-One-Piece-Sandai-Kitetsu-1-300x300.jpg 300w, https:\/\/mouldking.store\/wp-content\/uploads\/2022\/11\/DK-1508-One-Piece-Sandai-Kitetsu-1-768x768.jpg 768w, https:\/\/mouldking.store\/wp-content\/uploads\/2022\/11\/DK-1508-One-Piece-Sandai-Kitetsu-1-600x600.jpg 600w, https:\/\/mouldking.store\/wp-content\/uploads\/2022\/11\/DK-1508-One-Piece-Sandai-Kitetsu-1-150x150.jpg 150w, https:\/\/mouldking.store\/wp-content\/uploads\/2022\/11\/DK-1508-One-Piece-Sandai-Kitetsu-1-60x60.jpg 60w, https:\/\/mouldking.store\/wp-content\/uploads\/2022\/11\/DK-1508-One-Piece-Sandai-Kitetsu-1-90x90.jpg 90w, https:\/\/mouldking.store\/wp-content\/uploads\/2022\/11\/DK-1508-One-Piece-Sandai-Kitetsu-1.jpg 800w\" sizes=\"(max-width: 777px) 100vw, 777px\" \/><figcaption id=\"caption-attachment-33339\" class=\"wp-caption-text\">DK 1508 One Piece Sandai Kitetsu Avec 790 Pi\u00e8ces<\/figcaption><\/figure>\n<figure id=\"attachment_33340\" aria-describedby=\"caption-attachment-33340\" style=\"width: 780px\" class=\"wp-caption aligncenter\"><img decoding=\"async\" class=\"wp-image-33340\" src=\"https:\/\/mouldking.store\/wp-content\/uploads\/2022\/11\/DK-1508-One-Piece-Sandai-Kitetsu-2-213x300.jpg\" alt=\"DK 1508 One Piece Sandai Kitetsu With 790 Pieces\" width=\"780\" height=\"1099\" title=\"-\" srcset=\"https:\/\/mouldking.store\/wp-content\/uploads\/2022\/11\/DK-1508-One-Piece-Sandai-Kitetsu-2-213x300.jpg 213w, https:\/\/mouldking.store\/wp-content\/uploads\/2022\/11\/DK-1508-One-Piece-Sandai-Kitetsu-2-300x423.jpg 300w, https:\/\/mouldking.store\/wp-content\/uploads\/2022\/11\/DK-1508-One-Piece-Sandai-Kitetsu-2-600x846.jpg 600w, https:\/\/mouldking.store\/wp-content\/uploads\/2022\/11\/DK-1508-One-Piece-Sandai-Kitetsu-2-106x150.jpg 106w, https:\/\/mouldking.store\/wp-content\/uploads\/2022\/11\/DK-1508-One-Piece-Sandai-Kitetsu-2-43x60.jpg 43w, https:\/\/mouldking.store\/wp-content\/uploads\/2022\/11\/DK-1508-One-Piece-Sandai-Kitetsu-2-64x90.jpg 64w, https:\/\/mouldking.store\/wp-content\/uploads\/2022\/11\/DK-1508-One-Piece-Sandai-Kitetsu-2.jpg 726w\" sizes=\"(max-width: 780px) 100vw, 780px\" \/><figcaption id=\"caption-attachment-33340\" class=\"wp-caption-text\">DK 1508 One Piece Sandai Kitetsu Avec 790 Pi\u00e8ces<\/figcaption><\/figure>","protected":false},"excerpt":{"rendered":"<p>1. Sans bo\u00eete d&#039;origine, mais nous garantissons que nos produits ont une assurance qualit\u00e9 et un bel emballage.<br \/>\n2. Comme toutes les pi\u00e8ces que nous avons v\u00e9rifi\u00e9es avant l&#039;exp\u00e9dition, donc si vous trouvez des pi\u00e8ces manquantes ou endommag\u00e9es, ne vous inqui\u00e9tez pas et veuillez nous contacter et nous pouvons vous les renvoyer imm\u00e9diatement gratuitement.<\/p>","protected":false},"featured_media":33339,"comment_status":"closed","ping_status":"closed","template":"","meta":{"_acf_changed":false},"product_cat":[581],"product_tag":[6162,6161,1824,6164,6163],"class_list":["product","first","instock","shipping-taxable","purchasable","product-type-simple"],"acf":[],"_links":{"self":[{"href":"https:\/\/mouldking.store\/fr\/wp-json\/wp\/v2\/product\/33338","targetHints":{"allow":["GET"]}}],"collection":[{"href":"https:\/\/mouldking.store\/fr\/wp-json\/wp\/v2\/product"}],"about":[{"href":"https:\/\/mouldking.store\/fr\/wp-json\/wp\/v2\/types\/product"}],"replies":[{"embeddable":true,"href":"https:\/\/mouldking.store\/fr\/wp-json\/wp\/v2\/comments?post=33338"}],"wp:featuredmedia":[{"embeddable":true,"href":"https:\/\/mouldking.store\/fr\/wp-json\/wp\/v2\/media\/33339"}],"wp:attachment":[{"href":"https:\/\/mouldking.store\/fr\/wp-json\/wp\/v2\/media?parent=33338"}],"wp:term":[{"taxonomy":"product_cat","embeddable":true,"href":"https:\/\/mouldking.store\/fr\/wp-json\/wp\/v2\/product_cat?post=33338"},{"taxonomy":"product_tag","embeddable":true,"href":"https:\/\/mouldking.store\/fr\/wp-json\/wp\/v2\/product_tag?post=33338"}],"curies":[{"name":"wp","href":"https:\/\/api.w.org\/{rel}","templated":true}]}}