{"id":33436,"date":"2022-11-02T10:49:22","date_gmt":"2022-11-02T03:49:22","guid":{"rendered":"https:\/\/mouldking.store\/?post_type=product&#038;p=33436"},"modified":"2022-11-02T10:49:22","modified_gmt":"2022-11-02T03:49:22","slug":"qd-66003-mechanical-dinosaur-strong-model-with-2649-pieces","status":"publish","type":"product","link":"https:\/\/mouldking.store\/fr\/shop\/qd-66003-mechanical-dinosaur-strong-model-with-2649-pieces\/","title":{"rendered":"QD 66003 Mod\u00e8le solide de dinosaure m\u00e9canique avec 2649 pi\u00e8ces"},"content":{"rendered":"<p>Information produit:<\/p>\n<ol>\n<li>Marque : QD<\/li>\n<li>Genre: Unisexe<\/li>\n<li>Name: Mechanical Dinosaur Strong Model<\/li>\n<li>Tranche d&#039;\u00e2ge : &gt; 6 ans<\/li>\n<li>Num\u00e9ro de mod\u00e8le: 66003<\/li>\n<li>Classement : Assemblage<\/li>\n<li>Forme de bloc en plastique\u00a0: briques autobloquantes<\/li>\n<li>Mat\u00e9riel: Plastique<\/li>\n<li>Type de plastique : ABS<\/li>\n<li>Bricks Blocks: 2649 PCS<\/li>\n<li>Dimensions : 64 x 23,7 x 25,5 cm<\/li>\n<li>Contient des instructions de montage d\u00e9taill\u00e9es.<\/li>\n<\/ol>\n<p>Avis:<br \/>\n1. Sans bo\u00eete d&#039;origine, mais nous garantissons que nos produits ont une assurance qualit\u00e9 et un bel emballage.<br \/>\n2. Comme toutes les pi\u00e8ces que nous avons v\u00e9rifi\u00e9es avant l&#039;exp\u00e9dition, donc si vous trouvez des pi\u00e8ces manquantes ou endommag\u00e9es, ne vous inqui\u00e9tez pas et veuillez nous contacter et nous pouvons vous les renvoyer imm\u00e9diatement gratuitement.<\/p>\n<figure id=\"attachment_33437\" aria-describedby=\"caption-attachment-33437\" style=\"width: 800px\" class=\"wp-caption aligncenter\"><img fetchpriority=\"high\" decoding=\"async\" class=\"wp-image-33437 size-full\" src=\"https:\/\/mouldking.store\/wp-content\/uploads\/2022\/11\/Creator-QD-66003-Mechanical-Dinosaur-Strong-Model-1.jpg\" alt=\"QD 66003 Mechanical Dinosaur Strong Model With 2649 Pieces\" width=\"800\" height=\"800\" title=\"-\" srcset=\"https:\/\/mouldking.store\/wp-content\/uploads\/2022\/11\/Creator-QD-66003-Mechanical-Dinosaur-Strong-Model-1.jpg 800w, https:\/\/mouldking.store\/wp-content\/uploads\/2022\/11\/Creator-QD-66003-Mechanical-Dinosaur-Strong-Model-1-300x300.jpg 300w, https:\/\/mouldking.store\/wp-content\/uploads\/2022\/11\/Creator-QD-66003-Mechanical-Dinosaur-Strong-Model-1-768x768.jpg 768w, https:\/\/mouldking.store\/wp-content\/uploads\/2022\/11\/Creator-QD-66003-Mechanical-Dinosaur-Strong-Model-1-600x600.jpg 600w, https:\/\/mouldking.store\/wp-content\/uploads\/2022\/11\/Creator-QD-66003-Mechanical-Dinosaur-Strong-Model-1-150x150.jpg 150w, https:\/\/mouldking.store\/wp-content\/uploads\/2022\/11\/Creator-QD-66003-Mechanical-Dinosaur-Strong-Model-1-60x60.jpg 60w, https:\/\/mouldking.store\/wp-content\/uploads\/2022\/11\/Creator-QD-66003-Mechanical-Dinosaur-Strong-Model-1-90x90.jpg 90w\" sizes=\"(max-width: 800px) 100vw, 800px\" \/><figcaption id=\"caption-attachment-33437\" class=\"wp-caption-text\">QD 66003 Mod\u00e8le solide de dinosaure m\u00e9canique avec 2649 pi\u00e8ces<\/figcaption><\/figure>\n<figure id=\"attachment_33438\" aria-describedby=\"caption-attachment-33438\" style=\"width: 800px\" class=\"wp-caption aligncenter\"><img decoding=\"async\" class=\"wp-image-33438 size-full\" src=\"https:\/\/mouldking.store\/wp-content\/uploads\/2022\/11\/Creator-QD-66003-Mechanical-Dinosaur-Strong-Model-10.jpg\" alt=\"QD 66003 Mechanical Dinosaur Strong Model With 2649 Pieces\" width=\"800\" height=\"800\" title=\"-\" srcset=\"https:\/\/mouldking.store\/wp-content\/uploads\/2022\/11\/Creator-QD-66003-Mechanical-Dinosaur-Strong-Model-10.jpg 800w, https:\/\/mouldking.store\/wp-content\/uploads\/2022\/11\/Creator-QD-66003-Mechanical-Dinosaur-Strong-Model-10-300x300.jpg 300w, https:\/\/mouldking.store\/wp-content\/uploads\/2022\/11\/Creator-QD-66003-Mechanical-Dinosaur-Strong-Model-10-768x768.jpg 768w, https:\/\/mouldking.store\/wp-content\/uploads\/2022\/11\/Creator-QD-66003-Mechanical-Dinosaur-Strong-Model-10-600x600.jpg 600w, https:\/\/mouldking.store\/wp-content\/uploads\/2022\/11\/Creator-QD-66003-Mechanical-Dinosaur-Strong-Model-10-150x150.jpg 150w, https:\/\/mouldking.store\/wp-content\/uploads\/2022\/11\/Creator-QD-66003-Mechanical-Dinosaur-Strong-Model-10-60x60.jpg 60w, https:\/\/mouldking.store\/wp-content\/uploads\/2022\/11\/Creator-QD-66003-Mechanical-Dinosaur-Strong-Model-10-90x90.jpg 90w\" sizes=\"(max-width: 800px) 100vw, 800px\" \/><figcaption id=\"caption-attachment-33438\" class=\"wp-caption-text\">QD 66003 Mod\u00e8le solide de dinosaure m\u00e9canique avec 2649 pi\u00e8ces<\/figcaption><\/figure>\n<figure id=\"attachment_33439\" aria-describedby=\"caption-attachment-33439\" style=\"width: 800px\" class=\"wp-caption aligncenter\"><img decoding=\"async\" class=\"wp-image-33439 size-full\" src=\"https:\/\/mouldking.store\/wp-content\/uploads\/2022\/11\/Creator-QD-66003-Mechanical-Dinosaur-Strong-Model-13.jpg\" alt=\"QD 66003 Mechanical Dinosaur Strong Model With 2649 Pieces\" width=\"800\" height=\"800\" title=\"-\" srcset=\"https:\/\/mouldking.store\/wp-content\/uploads\/2022\/11\/Creator-QD-66003-Mechanical-Dinosaur-Strong-Model-13.jpg 800w, https:\/\/mouldking.store\/wp-content\/uploads\/2022\/11\/Creator-QD-66003-Mechanical-Dinosaur-Strong-Model-13-300x300.jpg 300w, https:\/\/mouldking.store\/wp-content\/uploads\/2022\/11\/Creator-QD-66003-Mechanical-Dinosaur-Strong-Model-13-768x768.jpg 768w, https:\/\/mouldking.store\/wp-content\/uploads\/2022\/11\/Creator-QD-66003-Mechanical-Dinosaur-Strong-Model-13-600x600.jpg 600w, https:\/\/mouldking.store\/wp-content\/uploads\/2022\/11\/Creator-QD-66003-Mechanical-Dinosaur-Strong-Model-13-150x150.jpg 150w, https:\/\/mouldking.store\/wp-content\/uploads\/2022\/11\/Creator-QD-66003-Mechanical-Dinosaur-Strong-Model-13-60x60.jpg 60w, https:\/\/mouldking.store\/wp-content\/uploads\/2022\/11\/Creator-QD-66003-Mechanical-Dinosaur-Strong-Model-13-90x90.jpg 90w\" sizes=\"(max-width: 800px) 100vw, 800px\" \/><figcaption id=\"caption-attachment-33439\" class=\"wp-caption-text\">QD 66003 Mod\u00e8le solide de dinosaure m\u00e9canique avec 2649 pi\u00e8ces<\/figcaption><\/figure>\n<figure id=\"attachment_33440\" aria-describedby=\"caption-attachment-33440\" style=\"width: 800px\" class=\"wp-caption aligncenter\"><img loading=\"lazy\" decoding=\"async\" class=\"wp-image-33440 size-full\" src=\"https:\/\/mouldking.store\/wp-content\/uploads\/2022\/11\/Creator-QD-66003-Mechanical-Dinosaur-Strong-Model-11.jpg\" alt=\"QD 66003 Mechanical Dinosaur Strong Model With 2649 Pieces\" width=\"800\" height=\"800\" title=\"-\" srcset=\"https:\/\/mouldking.store\/wp-content\/uploads\/2022\/11\/Creator-QD-66003-Mechanical-Dinosaur-Strong-Model-11.jpg 800w, https:\/\/mouldking.store\/wp-content\/uploads\/2022\/11\/Creator-QD-66003-Mechanical-Dinosaur-Strong-Model-11-300x300.jpg 300w, https:\/\/mouldking.store\/wp-content\/uploads\/2022\/11\/Creator-QD-66003-Mechanical-Dinosaur-Strong-Model-11-768x768.jpg 768w, https:\/\/mouldking.store\/wp-content\/uploads\/2022\/11\/Creator-QD-66003-Mechanical-Dinosaur-Strong-Model-11-600x600.jpg 600w, https:\/\/mouldking.store\/wp-content\/uploads\/2022\/11\/Creator-QD-66003-Mechanical-Dinosaur-Strong-Model-11-150x150.jpg 150w, https:\/\/mouldking.store\/wp-content\/uploads\/2022\/11\/Creator-QD-66003-Mechanical-Dinosaur-Strong-Model-11-60x60.jpg 60w, https:\/\/mouldking.store\/wp-content\/uploads\/2022\/11\/Creator-QD-66003-Mechanical-Dinosaur-Strong-Model-11-90x90.jpg 90w\" sizes=\"(max-width: 800px) 100vw, 800px\" \/><figcaption id=\"caption-attachment-33440\" class=\"wp-caption-text\">QD 66003 Mod\u00e8le solide de dinosaure m\u00e9canique avec 2649 pi\u00e8ces<\/figcaption><\/figure>\n<figure id=\"attachment_33441\" aria-describedby=\"caption-attachment-33441\" style=\"width: 800px\" class=\"wp-caption aligncenter\"><img loading=\"lazy\" decoding=\"async\" class=\"wp-image-33441 size-full\" src=\"https:\/\/mouldking.store\/wp-content\/uploads\/2022\/11\/Creator-QD-66003-Mechanical-Dinosaur-Strong-Model-12.jpg\" alt=\"QD 66003 Mechanical Dinosaur Strong Model With 2649 Pieces\" width=\"800\" height=\"800\" title=\"-\" srcset=\"https:\/\/mouldking.store\/wp-content\/uploads\/2022\/11\/Creator-QD-66003-Mechanical-Dinosaur-Strong-Model-12.jpg 800w, https:\/\/mouldking.store\/wp-content\/uploads\/2022\/11\/Creator-QD-66003-Mechanical-Dinosaur-Strong-Model-12-300x300.jpg 300w, https:\/\/mouldking.store\/wp-content\/uploads\/2022\/11\/Creator-QD-66003-Mechanical-Dinosaur-Strong-Model-12-768x768.jpg 768w, https:\/\/mouldking.store\/wp-content\/uploads\/2022\/11\/Creator-QD-66003-Mechanical-Dinosaur-Strong-Model-12-600x600.jpg 600w, https:\/\/mouldking.store\/wp-content\/uploads\/2022\/11\/Creator-QD-66003-Mechanical-Dinosaur-Strong-Model-12-150x150.jpg 150w, https:\/\/mouldking.store\/wp-content\/uploads\/2022\/11\/Creator-QD-66003-Mechanical-Dinosaur-Strong-Model-12-60x60.jpg 60w, https:\/\/mouldking.store\/wp-content\/uploads\/2022\/11\/Creator-QD-66003-Mechanical-Dinosaur-Strong-Model-12-90x90.jpg 90w\" sizes=\"(max-width: 800px) 100vw, 800px\" \/><figcaption id=\"caption-attachment-33441\" class=\"wp-caption-text\">QD 66003 Mod\u00e8le solide de dinosaure m\u00e9canique avec 2649 pi\u00e8ces<\/figcaption><\/figure>","protected":false},"excerpt":{"rendered":"<p>Product information: Brand: QD Gender: Unisex Name: Mechanical Dinosaur Strong Model Age Range: &gt; 6 years old Model Number: 66003 Classification: Assemblage Plastic Block Shape: Self-Locking Bricks Material: Plastic Plastic Type: ABS Bricks Blocks: 2649 PCS Dimensions: 64 x 23.7 x 25.5cm Contains detailed assembly instructions. Notice: 1. Without an original box, but we guarantee [&hellip;]<\/p>","protected":false},"featured_media":33437,"comment_status":"closed","ping_status":"closed","template":"","meta":{"_acf_changed":false},"product_cat":[1365],"product_tag":[2681,2541,6227,6228,6229,6226],"class_list":["product","first","instock","shipping-taxable","purchasable","product-type-simple"],"acf":[],"_links":{"self":[{"href":"https:\/\/mouldking.store\/fr\/wp-json\/wp\/v2\/product\/33436","targetHints":{"allow":["GET"]}}],"collection":[{"href":"https:\/\/mouldking.store\/fr\/wp-json\/wp\/v2\/product"}],"about":[{"href":"https:\/\/mouldking.store\/fr\/wp-json\/wp\/v2\/types\/product"}],"replies":[{"embeddable":true,"href":"https:\/\/mouldking.store\/fr\/wp-json\/wp\/v2\/comments?post=33436"}],"wp:featuredmedia":[{"embeddable":true,"href":"https:\/\/mouldking.store\/fr\/wp-json\/wp\/v2\/media\/33437"}],"wp:attachment":[{"href":"https:\/\/mouldking.store\/fr\/wp-json\/wp\/v2\/media?parent=33436"}],"wp:term":[{"taxonomy":"product_cat","embeddable":true,"href":"https:\/\/mouldking.store\/fr\/wp-json\/wp\/v2\/product_cat?post=33436"},{"taxonomy":"product_tag","embeddable":true,"href":"https:\/\/mouldking.store\/fr\/wp-json\/wp\/v2\/product_tag?post=33436"}],"curies":[{"name":"wp","href":"https:\/\/api.w.org\/{rel}","templated":true}]}}