{"id":33633,"date":"2022-11-02T15:24:22","date_gmt":"2022-11-02T08:24:22","guid":{"rendered":"https:\/\/mouldking.store\/?post_type=product&#038;p=33633"},"modified":"2023-12-29T17:17:06","modified_gmt":"2023-12-29T10:17:06","slug":"panlos-687303-mechanical-godzilla-q-edition-with-687303-pieces","status":"publish","type":"product","link":"https:\/\/mouldking.store\/fr\/shop\/panlos-687303-mechanical-godzilla-q-edition-with-687303-pieces\/","title":{"rendered":"PANLOS 687303 M\u00e9canique Godzilla Q Edition Avec 687303 Pi\u00e8ces"},"content":{"rendered":"<p>Information produit:<\/p>\n<ol>\n<li>Marque : PANLOS<\/li>\n<li>Genre: Unisexe<\/li>\n<li>Name: Mechanical Godzilla Q Edition<\/li>\n<li>Tranche d&#039;\u00e2ge : &gt; 6 ans<\/li>\n<li>Model Number: 687303<\/li>\n<li>Classement : Assemblage<\/li>\n<li>Forme de bloc en plastique\u00a0: briques autobloquantes<\/li>\n<li>Mat\u00e9riel: Plastique<\/li>\n<li>Type de plastique : ABS<\/li>\n<li>Bricks Blocks: 687303 PCS<\/li>\n<li>Contient des instructions de montage d\u00e9taill\u00e9es.<\/li>\n<\/ol>\n<p>Avis:<br \/>\n1. Sans bo\u00eete d&#039;origine, mais nous garantissons que nos produits ont une assurance qualit\u00e9 et un bel emballage.<br \/>\n2. Comme toutes les pi\u00e8ces que nous avons v\u00e9rifi\u00e9es avant l&#039;exp\u00e9dition, donc si vous trouvez des pi\u00e8ces manquantes ou endommag\u00e9es, ne vous inqui\u00e9tez pas et veuillez nous contacter et nous pouvons vous les renvoyer imm\u00e9diatement gratuitement.<\/p>\n<figure id=\"attachment_33641\" aria-describedby=\"caption-attachment-33641\" style=\"width: 768px\" class=\"wp-caption aligncenter\"><img fetchpriority=\"high\" decoding=\"async\" class=\"wp-image-33641 size-full\" src=\"https:\/\/mouldking.store\/wp-content\/uploads\/2022\/11\/Creator-PANLOS-687303-Mechanical-Godzilla-Q-Edition-1-768x768-1.jpg\" alt=\"PANLOS 687303 Mechanical Godzilla Q Edition With 687303 Pieces\" width=\"768\" height=\"768\" title=\"-\" srcset=\"https:\/\/mouldking.store\/wp-content\/uploads\/2022\/11\/Creator-PANLOS-687303-Mechanical-Godzilla-Q-Edition-1-768x768-1.jpg 768w, https:\/\/mouldking.store\/wp-content\/uploads\/2022\/11\/Creator-PANLOS-687303-Mechanical-Godzilla-Q-Edition-1-768x768-1-300x300.jpg 300w, https:\/\/mouldking.store\/wp-content\/uploads\/2022\/11\/Creator-PANLOS-687303-Mechanical-Godzilla-Q-Edition-1-768x768-1-600x600.jpg 600w, https:\/\/mouldking.store\/wp-content\/uploads\/2022\/11\/Creator-PANLOS-687303-Mechanical-Godzilla-Q-Edition-1-768x768-1-150x150.jpg 150w, https:\/\/mouldking.store\/wp-content\/uploads\/2022\/11\/Creator-PANLOS-687303-Mechanical-Godzilla-Q-Edition-1-768x768-1-60x60.jpg 60w, https:\/\/mouldking.store\/wp-content\/uploads\/2022\/11\/Creator-PANLOS-687303-Mechanical-Godzilla-Q-Edition-1-768x768-1-90x90.jpg 90w\" sizes=\"(max-width: 768px) 100vw, 768px\" \/><figcaption id=\"caption-attachment-33641\" class=\"wp-caption-text\">PANLOS 687303 M\u00e9canique Godzilla Q Edition Avec 687303 Pi\u00e8ces<\/figcaption><\/figure>\n<figure id=\"attachment_33642\" aria-describedby=\"caption-attachment-33642\" style=\"width: 740px\" class=\"wp-caption aligncenter\"><img decoding=\"async\" class=\"wp-image-33642 size-full\" src=\"https:\/\/mouldking.store\/wp-content\/uploads\/2022\/11\/Creator-PANLOS-687303-Mechanical-Godzilla-Q-Edition-4.jpg\" alt=\"PANLOS 687303 Mechanical Godzilla Q Edition With 687303 Pieces\" width=\"740\" height=\"1024\" title=\"-\" srcset=\"https:\/\/mouldking.store\/wp-content\/uploads\/2022\/11\/Creator-PANLOS-687303-Mechanical-Godzilla-Q-Edition-4.jpg 740w, https:\/\/mouldking.store\/wp-content\/uploads\/2022\/11\/Creator-PANLOS-687303-Mechanical-Godzilla-Q-Edition-4-217x300.jpg 217w, https:\/\/mouldking.store\/wp-content\/uploads\/2022\/11\/Creator-PANLOS-687303-Mechanical-Godzilla-Q-Edition-4-300x415.jpg 300w, https:\/\/mouldking.store\/wp-content\/uploads\/2022\/11\/Creator-PANLOS-687303-Mechanical-Godzilla-Q-Edition-4-600x830.jpg 600w, https:\/\/mouldking.store\/wp-content\/uploads\/2022\/11\/Creator-PANLOS-687303-Mechanical-Godzilla-Q-Edition-4-108x150.jpg 108w, https:\/\/mouldking.store\/wp-content\/uploads\/2022\/11\/Creator-PANLOS-687303-Mechanical-Godzilla-Q-Edition-4-43x60.jpg 43w, https:\/\/mouldking.store\/wp-content\/uploads\/2022\/11\/Creator-PANLOS-687303-Mechanical-Godzilla-Q-Edition-4-65x90.jpg 65w\" sizes=\"(max-width: 740px) 100vw, 740px\" \/><figcaption id=\"caption-attachment-33642\" class=\"wp-caption-text\">PANLOS 687303 M\u00e9canique Godzilla Q Edition Avec 687303 Pi\u00e8ces<\/figcaption><\/figure>\n<figure id=\"attachment_33643\" aria-describedby=\"caption-attachment-33643\" style=\"width: 768px\" class=\"wp-caption aligncenter\"><img decoding=\"async\" class=\"wp-image-33643 size-full\" src=\"https:\/\/mouldking.store\/wp-content\/uploads\/2022\/11\/Creator-PANLOS-687303-Mechanical-Godzilla-Q-Edition-3-768x990-1.jpg\" alt=\"PANLOS 687303 Mechanical Godzilla Q Edition With 687303 Pieces\" width=\"768\" height=\"990\" title=\"-\" srcset=\"https:\/\/mouldking.store\/wp-content\/uploads\/2022\/11\/Creator-PANLOS-687303-Mechanical-Godzilla-Q-Edition-3-768x990-1.jpg 768w, https:\/\/mouldking.store\/wp-content\/uploads\/2022\/11\/Creator-PANLOS-687303-Mechanical-Godzilla-Q-Edition-3-768x990-1-233x300.jpg 233w, https:\/\/mouldking.store\/wp-content\/uploads\/2022\/11\/Creator-PANLOS-687303-Mechanical-Godzilla-Q-Edition-3-768x990-1-300x387.jpg 300w, https:\/\/mouldking.store\/wp-content\/uploads\/2022\/11\/Creator-PANLOS-687303-Mechanical-Godzilla-Q-Edition-3-768x990-1-600x773.jpg 600w, https:\/\/mouldking.store\/wp-content\/uploads\/2022\/11\/Creator-PANLOS-687303-Mechanical-Godzilla-Q-Edition-3-768x990-1-116x150.jpg 116w, https:\/\/mouldking.store\/wp-content\/uploads\/2022\/11\/Creator-PANLOS-687303-Mechanical-Godzilla-Q-Edition-3-768x990-1-47x60.jpg 47w, https:\/\/mouldking.store\/wp-content\/uploads\/2022\/11\/Creator-PANLOS-687303-Mechanical-Godzilla-Q-Edition-3-768x990-1-70x90.jpg 70w\" sizes=\"(max-width: 768px) 100vw, 768px\" \/><figcaption id=\"caption-attachment-33643\" class=\"wp-caption-text\">PANLOS 687303 M\u00e9canique Godzilla Q Edition Avec 687303 Pi\u00e8ces<\/figcaption><\/figure>\n<figure id=\"attachment_33644\" aria-describedby=\"caption-attachment-33644\" style=\"width: 768px\" class=\"wp-caption aligncenter\"><img loading=\"lazy\" decoding=\"async\" class=\"wp-image-33644 size-full\" src=\"https:\/\/mouldking.store\/wp-content\/uploads\/2022\/11\/Creator-PANLOS-687303-Mechanical-Godzilla-Q-Edition-2-768x677-1.jpg\" alt=\"PANLOS 687303 Mechanical Godzilla Q Edition With 687303 Pieces\" width=\"768\" height=\"677\" title=\"-\" srcset=\"https:\/\/mouldking.store\/wp-content\/uploads\/2022\/11\/Creator-PANLOS-687303-Mechanical-Godzilla-Q-Edition-2-768x677-1.jpg 768w, https:\/\/mouldking.store\/wp-content\/uploads\/2022\/11\/Creator-PANLOS-687303-Mechanical-Godzilla-Q-Edition-2-768x677-1-300x264.jpg 300w, https:\/\/mouldking.store\/wp-content\/uploads\/2022\/11\/Creator-PANLOS-687303-Mechanical-Godzilla-Q-Edition-2-768x677-1-600x529.jpg 600w, https:\/\/mouldking.store\/wp-content\/uploads\/2022\/11\/Creator-PANLOS-687303-Mechanical-Godzilla-Q-Edition-2-768x677-1-150x132.jpg 150w, https:\/\/mouldking.store\/wp-content\/uploads\/2022\/11\/Creator-PANLOS-687303-Mechanical-Godzilla-Q-Edition-2-768x677-1-68x60.jpg 68w, https:\/\/mouldking.store\/wp-content\/uploads\/2022\/11\/Creator-PANLOS-687303-Mechanical-Godzilla-Q-Edition-2-768x677-1-102x90.jpg 102w\" sizes=\"(max-width: 768px) 100vw, 768px\" \/><figcaption id=\"caption-attachment-33644\" class=\"wp-caption-text\">PANLOS 687303 M\u00e9canique Godzilla Q Edition Avec 687303 Pi\u00e8ces<\/figcaption><\/figure>","protected":false},"excerpt":{"rendered":"<p>Informations sur le produit : Marque : PANLOS Genre : Unisexe Nom : M\u00e9canique Godzilla Q Edition Tranche d&#039;\u00e2ge : &gt; 6 ans Num\u00e9ro de mod\u00e8le : 687303 Classification : Assemblage Forme de bloc en plastique : Briques autobloquantes Mat\u00e9riau : Plastique Type de plastique : Blocs de briques ABS : 687303 PCS Contient instructions de montage d\u00e9taill\u00e9es. Avis : 1. Sans bo\u00eete d&#039;origine, mais nous garantissons que nos produits ont une assurance qualit\u00e9 et [\u2026]<\/p>","protected":false},"featured_media":33641,"comment_status":"closed","ping_status":"closed","template":"","meta":{"_acf_changed":false},"product_cat":[1365],"product_tag":[6383,3547,6385,6384,1851,6382],"class_list":["product","first","instock","shipping-taxable","purchasable","product-type-simple"],"acf":[],"_links":{"self":[{"href":"https:\/\/mouldking.store\/fr\/wp-json\/wp\/v2\/product\/33633","targetHints":{"allow":["GET"]}}],"collection":[{"href":"https:\/\/mouldking.store\/fr\/wp-json\/wp\/v2\/product"}],"about":[{"href":"https:\/\/mouldking.store\/fr\/wp-json\/wp\/v2\/types\/product"}],"replies":[{"embeddable":true,"href":"https:\/\/mouldking.store\/fr\/wp-json\/wp\/v2\/comments?post=33633"}],"wp:featuredmedia":[{"embeddable":true,"href":"https:\/\/mouldking.store\/fr\/wp-json\/wp\/v2\/media\/33641"}],"wp:attachment":[{"href":"https:\/\/mouldking.store\/fr\/wp-json\/wp\/v2\/media?parent=33633"}],"wp:term":[{"taxonomy":"product_cat","embeddable":true,"href":"https:\/\/mouldking.store\/fr\/wp-json\/wp\/v2\/product_cat?post=33633"},{"taxonomy":"product_tag","embeddable":true,"href":"https:\/\/mouldking.store\/fr\/wp-json\/wp\/v2\/product_tag?post=33633"}],"curies":[{"name":"wp","href":"https:\/\/api.w.org\/{rel}","templated":true}]}}