{"id":33725,"date":"2022-11-02T17:00:00","date_gmt":"2022-11-02T10:00:00","guid":{"rendered":"https:\/\/mouldking.store\/?post_type=product&#038;p=33725"},"modified":"2024-03-04T11:00:50","modified_gmt":"2024-03-04T04:00:50","slug":"funwhole-fh9003-ocean-adventure-boat-with-824-pieces","status":"publish","type":"product","link":"https:\/\/mouldking.store\/fr\/shop\/funwhole-fh9003-ocean-adventure-boat-with-824-pieces\/","title":{"rendered":"FUNWHOLE FH9003 Bateau d&#039;aventure oc\u00e9anique avec 824 pi\u00e8ces"},"content":{"rendered":"<p>Information produit:<\/p>\n<ol>\n<li>Brand: FUNWHOLE<\/li>\n<li>Genre: Unisexe<\/li>\n<li>Name: Ocean Adventure Boat<\/li>\n<li>Tranche d&#039;\u00e2ge : &gt; 6 ans<\/li>\n<li>Model Number: FH9003<\/li>\n<li>Classement : Assemblage<\/li>\n<li>Forme de bloc en plastique\u00a0: briques autobloquantes<\/li>\n<li>Mat\u00e9riel: Plastique<\/li>\n<li>Type de plastique : ABS<\/li>\n<li>Bricks Blocks: 824 PCS<\/li>\n<li>Dimensions: 29 x 13 x 19 cm<\/li>\n<li>Contient des instructions de montage d\u00e9taill\u00e9es.<\/li>\n<\/ol>\n<p>Avis:<br \/>\n1. Sans bo\u00eete d&#039;origine, mais nous garantissons que nos produits ont une assurance qualit\u00e9 et un bel emballage.<br \/>\n2. Comme toutes les pi\u00e8ces que nous avons v\u00e9rifi\u00e9es avant l&#039;exp\u00e9dition, donc si vous trouvez des pi\u00e8ces manquantes ou endommag\u00e9es, ne vous inqui\u00e9tez pas et veuillez nous contacter et nous pouvons vous les renvoyer imm\u00e9diatement gratuitement.<\/p>\n<figure id=\"attachment_33731\" aria-describedby=\"caption-attachment-33731\" style=\"width: 1024px\" class=\"wp-caption aligncenter\"><img fetchpriority=\"high\" decoding=\"async\" class=\"wp-image-33731 size-large\" src=\"https:\/\/mouldking.store\/wp-content\/uploads\/2022\/11\/Creator-FUNWHOLE-FH9003-Ocean-Adventure-Boat-1-1024x1024.jpg\" alt=\"FUNWHOLE FH9003 Ocean Adventure Boat With 824 Pieces\" width=\"1024\" height=\"1024\" title=\"-\" srcset=\"https:\/\/mouldking.store\/wp-content\/uploads\/2022\/11\/Creator-FUNWHOLE-FH9003-Ocean-Adventure-Boat-1-1024x1024.jpg 1024w, https:\/\/mouldking.store\/wp-content\/uploads\/2022\/11\/Creator-FUNWHOLE-FH9003-Ocean-Adventure-Boat-1-300x300.jpg 300w, https:\/\/mouldking.store\/wp-content\/uploads\/2022\/11\/Creator-FUNWHOLE-FH9003-Ocean-Adventure-Boat-1-768x768.jpg 768w, https:\/\/mouldking.store\/wp-content\/uploads\/2022\/11\/Creator-FUNWHOLE-FH9003-Ocean-Adventure-Boat-1-1536x1536.jpg 1536w, https:\/\/mouldking.store\/wp-content\/uploads\/2022\/11\/Creator-FUNWHOLE-FH9003-Ocean-Adventure-Boat-1-600x600.jpg 600w, https:\/\/mouldking.store\/wp-content\/uploads\/2022\/11\/Creator-FUNWHOLE-FH9003-Ocean-Adventure-Boat-1-150x150.jpg 150w, https:\/\/mouldking.store\/wp-content\/uploads\/2022\/11\/Creator-FUNWHOLE-FH9003-Ocean-Adventure-Boat-1-60x60.jpg 60w, https:\/\/mouldking.store\/wp-content\/uploads\/2022\/11\/Creator-FUNWHOLE-FH9003-Ocean-Adventure-Boat-1-90x90.jpg 90w, https:\/\/mouldking.store\/wp-content\/uploads\/2022\/11\/Creator-FUNWHOLE-FH9003-Ocean-Adventure-Boat-1.jpg 1600w\" sizes=\"(max-width: 1024px) 100vw, 1024px\" \/><figcaption id=\"caption-attachment-33731\" class=\"wp-caption-text\">FUNWHOLE FH9003 Bateau d&#039;aventure oc\u00e9anique avec 824 pi\u00e8ces<\/figcaption><\/figure>\n<figure id=\"attachment_33732\" aria-describedby=\"caption-attachment-33732\" style=\"width: 1024px\" class=\"wp-caption aligncenter\"><img decoding=\"async\" class=\"wp-image-33732 size-large\" src=\"https:\/\/mouldking.store\/wp-content\/uploads\/2022\/11\/Creator-FUNWHOLE-FH9003-Ocean-Adventure-Boat-6-1024x1024.jpg\" alt=\"FUNWHOLE FH9003 Ocean Adventure Boat With 824 Pieces\" width=\"1024\" height=\"1024\" title=\"-\" srcset=\"https:\/\/mouldking.store\/wp-content\/uploads\/2022\/11\/Creator-FUNWHOLE-FH9003-Ocean-Adventure-Boat-6-1024x1024.jpg 1024w, https:\/\/mouldking.store\/wp-content\/uploads\/2022\/11\/Creator-FUNWHOLE-FH9003-Ocean-Adventure-Boat-6-300x300.jpg 300w, https:\/\/mouldking.store\/wp-content\/uploads\/2022\/11\/Creator-FUNWHOLE-FH9003-Ocean-Adventure-Boat-6-768x768.jpg 768w, https:\/\/mouldking.store\/wp-content\/uploads\/2022\/11\/Creator-FUNWHOLE-FH9003-Ocean-Adventure-Boat-6-1536x1536.jpg 1536w, https:\/\/mouldking.store\/wp-content\/uploads\/2022\/11\/Creator-FUNWHOLE-FH9003-Ocean-Adventure-Boat-6-600x600.jpg 600w, https:\/\/mouldking.store\/wp-content\/uploads\/2022\/11\/Creator-FUNWHOLE-FH9003-Ocean-Adventure-Boat-6-150x150.jpg 150w, https:\/\/mouldking.store\/wp-content\/uploads\/2022\/11\/Creator-FUNWHOLE-FH9003-Ocean-Adventure-Boat-6-60x60.jpg 60w, https:\/\/mouldking.store\/wp-content\/uploads\/2022\/11\/Creator-FUNWHOLE-FH9003-Ocean-Adventure-Boat-6-90x90.jpg 90w, https:\/\/mouldking.store\/wp-content\/uploads\/2022\/11\/Creator-FUNWHOLE-FH9003-Ocean-Adventure-Boat-6.jpg 1600w\" sizes=\"(max-width: 1024px) 100vw, 1024px\" \/><figcaption id=\"caption-attachment-33732\" class=\"wp-caption-text\">FUNWHOLE FH9003 Bateau d&#039;aventure oc\u00e9anique avec 824 pi\u00e8ces<\/figcaption><\/figure>\n<figure id=\"attachment_33733\" aria-describedby=\"caption-attachment-33733\" style=\"width: 1024px\" class=\"wp-caption aligncenter\"><img decoding=\"async\" class=\"wp-image-33733 size-large\" src=\"https:\/\/mouldking.store\/wp-content\/uploads\/2022\/11\/Creator-FUNWHOLE-FH9003-Ocean-Adventure-Boat-5-1024x1024.jpg\" alt=\"FUNWHOLE FH9003 Ocean Adventure Boat With 824 Pieces\" width=\"1024\" height=\"1024\" title=\"-\" srcset=\"https:\/\/mouldking.store\/wp-content\/uploads\/2022\/11\/Creator-FUNWHOLE-FH9003-Ocean-Adventure-Boat-5-1024x1024.jpg 1024w, https:\/\/mouldking.store\/wp-content\/uploads\/2022\/11\/Creator-FUNWHOLE-FH9003-Ocean-Adventure-Boat-5-300x300.jpg 300w, https:\/\/mouldking.store\/wp-content\/uploads\/2022\/11\/Creator-FUNWHOLE-FH9003-Ocean-Adventure-Boat-5-768x768.jpg 768w, https:\/\/mouldking.store\/wp-content\/uploads\/2022\/11\/Creator-FUNWHOLE-FH9003-Ocean-Adventure-Boat-5-1536x1536.jpg 1536w, https:\/\/mouldking.store\/wp-content\/uploads\/2022\/11\/Creator-FUNWHOLE-FH9003-Ocean-Adventure-Boat-5-600x600.jpg 600w, https:\/\/mouldking.store\/wp-content\/uploads\/2022\/11\/Creator-FUNWHOLE-FH9003-Ocean-Adventure-Boat-5-150x150.jpg 150w, https:\/\/mouldking.store\/wp-content\/uploads\/2022\/11\/Creator-FUNWHOLE-FH9003-Ocean-Adventure-Boat-5-60x60.jpg 60w, https:\/\/mouldking.store\/wp-content\/uploads\/2022\/11\/Creator-FUNWHOLE-FH9003-Ocean-Adventure-Boat-5-90x90.jpg 90w, https:\/\/mouldking.store\/wp-content\/uploads\/2022\/11\/Creator-FUNWHOLE-FH9003-Ocean-Adventure-Boat-5.jpg 1600w\" sizes=\"(max-width: 1024px) 100vw, 1024px\" \/><figcaption id=\"caption-attachment-33733\" class=\"wp-caption-text\">FUNWHOLE FH9003 Bateau d&#039;aventure oc\u00e9anique avec 824 pi\u00e8ces<\/figcaption><\/figure>\n<figure id=\"attachment_33734\" aria-describedby=\"caption-attachment-33734\" style=\"width: 1024px\" class=\"wp-caption aligncenter\"><img loading=\"lazy\" decoding=\"async\" class=\"wp-image-33734 size-large\" src=\"https:\/\/mouldking.store\/wp-content\/uploads\/2022\/11\/Creator-FUNWHOLE-FH9003-Ocean-Adventure-Boat-4-1024x1024.jpg\" alt=\"FUNWHOLE FH9003 Ocean Adventure Boat With 824 Pieces\" width=\"1024\" height=\"1024\" title=\"-\" srcset=\"https:\/\/mouldking.store\/wp-content\/uploads\/2022\/11\/Creator-FUNWHOLE-FH9003-Ocean-Adventure-Boat-4-1024x1024.jpg 1024w, https:\/\/mouldking.store\/wp-content\/uploads\/2022\/11\/Creator-FUNWHOLE-FH9003-Ocean-Adventure-Boat-4-300x300.jpg 300w, https:\/\/mouldking.store\/wp-content\/uploads\/2022\/11\/Creator-FUNWHOLE-FH9003-Ocean-Adventure-Boat-4-768x768.jpg 768w, https:\/\/mouldking.store\/wp-content\/uploads\/2022\/11\/Creator-FUNWHOLE-FH9003-Ocean-Adventure-Boat-4-1536x1536.jpg 1536w, https:\/\/mouldking.store\/wp-content\/uploads\/2022\/11\/Creator-FUNWHOLE-FH9003-Ocean-Adventure-Boat-4-600x600.jpg 600w, https:\/\/mouldking.store\/wp-content\/uploads\/2022\/11\/Creator-FUNWHOLE-FH9003-Ocean-Adventure-Boat-4-150x150.jpg 150w, https:\/\/mouldking.store\/wp-content\/uploads\/2022\/11\/Creator-FUNWHOLE-FH9003-Ocean-Adventure-Boat-4-60x60.jpg 60w, https:\/\/mouldking.store\/wp-content\/uploads\/2022\/11\/Creator-FUNWHOLE-FH9003-Ocean-Adventure-Boat-4-90x90.jpg 90w, https:\/\/mouldking.store\/wp-content\/uploads\/2022\/11\/Creator-FUNWHOLE-FH9003-Ocean-Adventure-Boat-4.jpg 1600w\" sizes=\"(max-width: 1024px) 100vw, 1024px\" \/><figcaption id=\"caption-attachment-33734\" class=\"wp-caption-text\">FUNWHOLE FH9003 Bateau d&#039;aventure oc\u00e9anique avec 824 pi\u00e8ces<\/figcaption><\/figure>\n<figure id=\"attachment_33735\" aria-describedby=\"caption-attachment-33735\" style=\"width: 1024px\" class=\"wp-caption aligncenter\"><img loading=\"lazy\" decoding=\"async\" class=\"wp-image-33735 size-large\" src=\"https:\/\/mouldking.store\/wp-content\/uploads\/2022\/11\/Creator-FUNWHOLE-FH9003-Ocean-Adventure-Boat-3-1024x1024.jpg\" alt=\"FUNWHOLE FH9003 Ocean Adventure Boat With 824 Pieces\" width=\"1024\" height=\"1024\" title=\"-\" srcset=\"https:\/\/mouldking.store\/wp-content\/uploads\/2022\/11\/Creator-FUNWHOLE-FH9003-Ocean-Adventure-Boat-3-1024x1024.jpg 1024w, https:\/\/mouldking.store\/wp-content\/uploads\/2022\/11\/Creator-FUNWHOLE-FH9003-Ocean-Adventure-Boat-3-300x300.jpg 300w, https:\/\/mouldking.store\/wp-content\/uploads\/2022\/11\/Creator-FUNWHOLE-FH9003-Ocean-Adventure-Boat-3-768x768.jpg 768w, https:\/\/mouldking.store\/wp-content\/uploads\/2022\/11\/Creator-FUNWHOLE-FH9003-Ocean-Adventure-Boat-3-1536x1536.jpg 1536w, https:\/\/mouldking.store\/wp-content\/uploads\/2022\/11\/Creator-FUNWHOLE-FH9003-Ocean-Adventure-Boat-3-600x600.jpg 600w, https:\/\/mouldking.store\/wp-content\/uploads\/2022\/11\/Creator-FUNWHOLE-FH9003-Ocean-Adventure-Boat-3-150x150.jpg 150w, https:\/\/mouldking.store\/wp-content\/uploads\/2022\/11\/Creator-FUNWHOLE-FH9003-Ocean-Adventure-Boat-3-60x60.jpg 60w, https:\/\/mouldking.store\/wp-content\/uploads\/2022\/11\/Creator-FUNWHOLE-FH9003-Ocean-Adventure-Boat-3-90x90.jpg 90w, https:\/\/mouldking.store\/wp-content\/uploads\/2022\/11\/Creator-FUNWHOLE-FH9003-Ocean-Adventure-Boat-3.jpg 2000w\" sizes=\"(max-width: 1024px) 100vw, 1024px\" \/><figcaption id=\"caption-attachment-33735\" class=\"wp-caption-text\">FUNWHOLE FH9003 Bateau d&#039;aventure oc\u00e9anique avec 824 pi\u00e8ces<\/figcaption><\/figure>\n<figure id=\"attachment_33736\" aria-describedby=\"caption-attachment-33736\" style=\"width: 1024px\" class=\"wp-caption aligncenter\"><img loading=\"lazy\" decoding=\"async\" class=\"wp-image-33736 size-large\" src=\"https:\/\/mouldking.store\/wp-content\/uploads\/2022\/11\/Creator-FUNWHOLE-FH9003-Ocean-Adventure-Boat-2-1024x1024.jpg\" alt=\"FUNWHOLE FH9003 Ocean Adventure Boat With 824 Pieces\" width=\"1024\" height=\"1024\" title=\"-\" srcset=\"https:\/\/mouldking.store\/wp-content\/uploads\/2022\/11\/Creator-FUNWHOLE-FH9003-Ocean-Adventure-Boat-2-1024x1024.jpg 1024w, https:\/\/mouldking.store\/wp-content\/uploads\/2022\/11\/Creator-FUNWHOLE-FH9003-Ocean-Adventure-Boat-2-300x300.jpg 300w, https:\/\/mouldking.store\/wp-content\/uploads\/2022\/11\/Creator-FUNWHOLE-FH9003-Ocean-Adventure-Boat-2-768x768.jpg 768w, https:\/\/mouldking.store\/wp-content\/uploads\/2022\/11\/Creator-FUNWHOLE-FH9003-Ocean-Adventure-Boat-2-1536x1536.jpg 1536w, https:\/\/mouldking.store\/wp-content\/uploads\/2022\/11\/Creator-FUNWHOLE-FH9003-Ocean-Adventure-Boat-2-600x600.jpg 600w, https:\/\/mouldking.store\/wp-content\/uploads\/2022\/11\/Creator-FUNWHOLE-FH9003-Ocean-Adventure-Boat-2-150x150.jpg 150w, https:\/\/mouldking.store\/wp-content\/uploads\/2022\/11\/Creator-FUNWHOLE-FH9003-Ocean-Adventure-Boat-2-60x60.jpg 60w, https:\/\/mouldking.store\/wp-content\/uploads\/2022\/11\/Creator-FUNWHOLE-FH9003-Ocean-Adventure-Boat-2-90x90.jpg 90w, https:\/\/mouldking.store\/wp-content\/uploads\/2022\/11\/Creator-FUNWHOLE-FH9003-Ocean-Adventure-Boat-2.jpg 1600w\" sizes=\"(max-width: 1024px) 100vw, 1024px\" \/><figcaption id=\"caption-attachment-33736\" class=\"wp-caption-text\">FUNWHOLE FH9003 Bateau d&#039;aventure oc\u00e9anique avec 824 pi\u00e8ces<\/figcaption><\/figure>","protected":false},"excerpt":{"rendered":"<p>Product information: Brand: FUNWHOLE Gender: Unisex Name: Ocean Adventure Boat Age Range: &gt; 6 years old Model Number: FH9003 Classification: Assemblage Plastic Block Shape: Self-Locking Bricks Material: Plastic Plastic Type: ABS Bricks Blocks: 824 PCS Dimensions: 29 x 13 x 19 cm Contains detailed assembly instructions. Notice: 1. Without an original box, but we guarantee [&hellip;]<\/p>","protected":false},"featured_media":33731,"comment_status":"closed","ping_status":"closed","template":"","meta":{"_acf_changed":false},"product_cat":[1365],"product_tag":[6470,6471,6468,6467,6472,6466,6469,6473],"class_list":["product","first","outofstock","shipping-taxable","purchasable","product-type-simple"],"acf":[],"_links":{"self":[{"href":"https:\/\/mouldking.store\/fr\/wp-json\/wp\/v2\/product\/33725","targetHints":{"allow":["GET"]}}],"collection":[{"href":"https:\/\/mouldking.store\/fr\/wp-json\/wp\/v2\/product"}],"about":[{"href":"https:\/\/mouldking.store\/fr\/wp-json\/wp\/v2\/types\/product"}],"replies":[{"embeddable":true,"href":"https:\/\/mouldking.store\/fr\/wp-json\/wp\/v2\/comments?post=33725"}],"wp:featuredmedia":[{"embeddable":true,"href":"https:\/\/mouldking.store\/fr\/wp-json\/wp\/v2\/media\/33731"}],"wp:attachment":[{"href":"https:\/\/mouldking.store\/fr\/wp-json\/wp\/v2\/media?parent=33725"}],"wp:term":[{"taxonomy":"product_cat","embeddable":true,"href":"https:\/\/mouldking.store\/fr\/wp-json\/wp\/v2\/product_cat?post=33725"},{"taxonomy":"product_tag","embeddable":true,"href":"https:\/\/mouldking.store\/fr\/wp-json\/wp\/v2\/product_tag?post=33725"}],"curies":[{"name":"wp","href":"https:\/\/api.w.org\/{rel}","templated":true}]}}