{"id":33935,"date":"2022-11-04T10:37:56","date_gmt":"2022-11-04T03:37:56","guid":{"rendered":"https:\/\/mouldking.store\/?post_type=product&#038;p=33935"},"modified":"2022-11-04T10:37:56","modified_gmt":"2022-11-04T03:37:56","slug":"k-box-v5004-hulkbuster-with-4123-pieces","status":"publish","type":"product","link":"https:\/\/mouldking.store\/fr\/shop\/k-box-v5004-hulkbuster-with-4123-pieces\/","title":{"rendered":"K-BOX V5004 Hulkbuster avec 4123 pi\u00e8ces"},"content":{"rendered":"<p>Information produit:<\/p>\n<ol>\n<li>Marque : K-BOX<\/li>\n<li>Genre: Unisexe<\/li>\n<li>Name: Hulkbuster<\/li>\n<li>Tranche d&#039;\u00e2ge : &gt; 6 ans<\/li>\n<li>Model Number: V5004<\/li>\n<li>Classement : Assemblage<\/li>\n<li>Forme de bloc en plastique\u00a0: briques autobloquantes<\/li>\n<li>Mat\u00e9riel: Plastique<\/li>\n<li>Type de plastique : ABS<\/li>\n<li>Bricks Blocks:4123\u00a0PCS<\/li>\n<li>Dimensions: 38x18x44cm<\/li>\n<li>Contient des instructions de montage d\u00e9taill\u00e9es.<\/li>\n<\/ol>\n<p>Avis:<br \/>\n1. Sans bo\u00eete d&#039;origine, mais nous garantissons que nos produits ont une assurance qualit\u00e9 et un bel emballage.<br \/>\n2. Comme toutes les pi\u00e8ces que nous avons v\u00e9rifi\u00e9es avant l&#039;exp\u00e9dition, donc si vous trouvez des pi\u00e8ces manquantes ou endommag\u00e9es, ne vous inqui\u00e9tez pas et veuillez nous contacter et nous pouvons vous les renvoyer imm\u00e9diatement gratuitement.<\/p>\n<figure id=\"attachment_33936\" aria-describedby=\"caption-attachment-33936\" style=\"width: 800px\" class=\"wp-caption aligncenter\"><img fetchpriority=\"high\" decoding=\"async\" class=\"wp-image-33936 size-full\" src=\"https:\/\/mouldking.store\/wp-content\/uploads\/2022\/11\/V5004-1-1ad8.jpg\" alt=\" K-BOX V5004 Hulkbuster With 4123 Pieces\" width=\"800\" height=\"800\" title=\"-\" srcset=\"https:\/\/mouldking.store\/wp-content\/uploads\/2022\/11\/V5004-1-1ad8.jpg 800w, https:\/\/mouldking.store\/wp-content\/uploads\/2022\/11\/V5004-1-1ad8-300x300.jpg 300w, https:\/\/mouldking.store\/wp-content\/uploads\/2022\/11\/V5004-1-1ad8-768x768.jpg 768w, https:\/\/mouldking.store\/wp-content\/uploads\/2022\/11\/V5004-1-1ad8-600x600.jpg 600w, https:\/\/mouldking.store\/wp-content\/uploads\/2022\/11\/V5004-1-1ad8-150x150.jpg 150w, https:\/\/mouldking.store\/wp-content\/uploads\/2022\/11\/V5004-1-1ad8-60x60.jpg 60w, https:\/\/mouldking.store\/wp-content\/uploads\/2022\/11\/V5004-1-1ad8-90x90.jpg 90w\" sizes=\"(max-width: 800px) 100vw, 800px\" \/><figcaption id=\"caption-attachment-33936\" class=\"wp-caption-text\">K-BOX V5004 Hulkbuster avec 4123 pi\u00e8ces<\/figcaption><\/figure>\n<figure id=\"attachment_33937\" aria-describedby=\"caption-attachment-33937\" style=\"width: 800px\" class=\"wp-caption aligncenter\"><img decoding=\"async\" class=\"wp-image-33937 size-full\" src=\"https:\/\/mouldking.store\/wp-content\/uploads\/2022\/11\/V5004-4-271b.jpg\" alt=\" K-BOX V5004 Hulkbuster With 4123 Pieces\" width=\"800\" height=\"800\" title=\"-\" srcset=\"https:\/\/mouldking.store\/wp-content\/uploads\/2022\/11\/V5004-4-271b.jpg 800w, https:\/\/mouldking.store\/wp-content\/uploads\/2022\/11\/V5004-4-271b-300x300.jpg 300w, https:\/\/mouldking.store\/wp-content\/uploads\/2022\/11\/V5004-4-271b-768x768.jpg 768w, https:\/\/mouldking.store\/wp-content\/uploads\/2022\/11\/V5004-4-271b-600x600.jpg 600w, https:\/\/mouldking.store\/wp-content\/uploads\/2022\/11\/V5004-4-271b-150x150.jpg 150w, https:\/\/mouldking.store\/wp-content\/uploads\/2022\/11\/V5004-4-271b-60x60.jpg 60w, https:\/\/mouldking.store\/wp-content\/uploads\/2022\/11\/V5004-4-271b-90x90.jpg 90w\" sizes=\"(max-width: 800px) 100vw, 800px\" \/><figcaption id=\"caption-attachment-33937\" class=\"wp-caption-text\">K-BOX V5004 Hulkbuster avec 4123 pi\u00e8ces<\/figcaption><\/figure>\n<figure id=\"attachment_33938\" aria-describedby=\"caption-attachment-33938\" style=\"width: 800px\" class=\"wp-caption aligncenter\"><img decoding=\"async\" class=\"wp-image-33938 size-full\" src=\"https:\/\/mouldking.store\/wp-content\/uploads\/2022\/11\/V5004-2-2b31.jpg\" alt=\" K-BOX V5004 Hulkbuster With 4123 Pieces\" width=\"800\" height=\"800\" title=\"-\" srcset=\"https:\/\/mouldking.store\/wp-content\/uploads\/2022\/11\/V5004-2-2b31.jpg 800w, https:\/\/mouldking.store\/wp-content\/uploads\/2022\/11\/V5004-2-2b31-300x300.jpg 300w, https:\/\/mouldking.store\/wp-content\/uploads\/2022\/11\/V5004-2-2b31-768x768.jpg 768w, https:\/\/mouldking.store\/wp-content\/uploads\/2022\/11\/V5004-2-2b31-600x600.jpg 600w, https:\/\/mouldking.store\/wp-content\/uploads\/2022\/11\/V5004-2-2b31-150x150.jpg 150w, https:\/\/mouldking.store\/wp-content\/uploads\/2022\/11\/V5004-2-2b31-60x60.jpg 60w, https:\/\/mouldking.store\/wp-content\/uploads\/2022\/11\/V5004-2-2b31-90x90.jpg 90w\" sizes=\"(max-width: 800px) 100vw, 800px\" \/><figcaption id=\"caption-attachment-33938\" class=\"wp-caption-text\">K-BOX V5004 Hulkbuster avec 4123 pi\u00e8ces<\/figcaption><\/figure>\n<figure id=\"attachment_33939\" aria-describedby=\"caption-attachment-33939\" style=\"width: 800px\" class=\"wp-caption aligncenter\"><img loading=\"lazy\" decoding=\"async\" class=\"wp-image-33939 size-full\" src=\"https:\/\/mouldking.store\/wp-content\/uploads\/2022\/11\/V5004-5-6c90.jpg\" alt=\" K-BOX V5004 Hulkbuster With 4123 Pieces\" width=\"800\" height=\"800\" title=\"-\" srcset=\"https:\/\/mouldking.store\/wp-content\/uploads\/2022\/11\/V5004-5-6c90.jpg 800w, https:\/\/mouldking.store\/wp-content\/uploads\/2022\/11\/V5004-5-6c90-300x300.jpg 300w, https:\/\/mouldking.store\/wp-content\/uploads\/2022\/11\/V5004-5-6c90-768x768.jpg 768w, https:\/\/mouldking.store\/wp-content\/uploads\/2022\/11\/V5004-5-6c90-600x600.jpg 600w, https:\/\/mouldking.store\/wp-content\/uploads\/2022\/11\/V5004-5-6c90-150x150.jpg 150w, https:\/\/mouldking.store\/wp-content\/uploads\/2022\/11\/V5004-5-6c90-60x60.jpg 60w, https:\/\/mouldking.store\/wp-content\/uploads\/2022\/11\/V5004-5-6c90-90x90.jpg 90w\" sizes=\"(max-width: 800px) 100vw, 800px\" \/><figcaption id=\"caption-attachment-33939\" class=\"wp-caption-text\">K-BOX V5004 Hulkbuster avec 4123 pi\u00e8ces<\/figcaption><\/figure>\n<figure id=\"attachment_33940\" aria-describedby=\"caption-attachment-33940\" style=\"width: 800px\" class=\"wp-caption aligncenter\"><img loading=\"lazy\" decoding=\"async\" class=\"wp-image-33940 size-full\" src=\"https:\/\/mouldking.store\/wp-content\/uploads\/2022\/11\/V5004-3-e4f9.jpg\" alt=\" K-BOX V5004 Hulkbuster With 4123 Pieces\" width=\"800\" height=\"800\" title=\"-\" srcset=\"https:\/\/mouldking.store\/wp-content\/uploads\/2022\/11\/V5004-3-e4f9.jpg 800w, https:\/\/mouldking.store\/wp-content\/uploads\/2022\/11\/V5004-3-e4f9-300x300.jpg 300w, https:\/\/mouldking.store\/wp-content\/uploads\/2022\/11\/V5004-3-e4f9-768x768.jpg 768w, https:\/\/mouldking.store\/wp-content\/uploads\/2022\/11\/V5004-3-e4f9-600x600.jpg 600w, https:\/\/mouldking.store\/wp-content\/uploads\/2022\/11\/V5004-3-e4f9-150x150.jpg 150w, https:\/\/mouldking.store\/wp-content\/uploads\/2022\/11\/V5004-3-e4f9-60x60.jpg 60w, https:\/\/mouldking.store\/wp-content\/uploads\/2022\/11\/V5004-3-e4f9-90x90.jpg 90w\" sizes=\"(max-width: 800px) 100vw, 800px\" \/><figcaption id=\"caption-attachment-33940\" class=\"wp-caption-text\">K-BOX V5004 Hulkbuster avec 4123 pi\u00e8ces<\/figcaption><\/figure>","protected":false},"excerpt":{"rendered":"<p>Product information: Brand: K-BOX Gender: Unisex Name: Hulkbuster Age Range: &gt; 6 years old Model Number: V5004 Classification: Assemblage Plastic Block Shape: Self-Locking Bricks Material: Plastic Plastic Type: ABS Bricks Blocks:4123\u00a0PCS Dimensions: 38x18x44cm Contains detailed assembly instructions. Notice: 1. Without an original box, but we guarantee our products have quality assurance and nice packaging. 2. [&hellip;]<\/p>","protected":false},"featured_media":33936,"comment_status":"closed","ping_status":"closed","template":"","meta":{"_acf_changed":false},"product_cat":[1408],"product_tag":[6609,6610,2969,6611,6607,6608],"class_list":["product","first","instock","shipping-taxable","purchasable","product-type-simple"],"acf":[],"_links":{"self":[{"href":"https:\/\/mouldking.store\/fr\/wp-json\/wp\/v2\/product\/33935","targetHints":{"allow":["GET"]}}],"collection":[{"href":"https:\/\/mouldking.store\/fr\/wp-json\/wp\/v2\/product"}],"about":[{"href":"https:\/\/mouldking.store\/fr\/wp-json\/wp\/v2\/types\/product"}],"replies":[{"embeddable":true,"href":"https:\/\/mouldking.store\/fr\/wp-json\/wp\/v2\/comments?post=33935"}],"wp:featuredmedia":[{"embeddable":true,"href":"https:\/\/mouldking.store\/fr\/wp-json\/wp\/v2\/media\/33936"}],"wp:attachment":[{"href":"https:\/\/mouldking.store\/fr\/wp-json\/wp\/v2\/media?parent=33935"}],"wp:term":[{"taxonomy":"product_cat","embeddable":true,"href":"https:\/\/mouldking.store\/fr\/wp-json\/wp\/v2\/product_cat?post=33935"},{"taxonomy":"product_tag","embeddable":true,"href":"https:\/\/mouldking.store\/fr\/wp-json\/wp\/v2\/product_tag?post=33935"}],"curies":[{"name":"wp","href":"https:\/\/api.w.org\/{rel}","templated":true}]}}