{"id":33953,"date":"2022-11-04T11:00:00","date_gmt":"2022-11-04T04:00:00","guid":{"rendered":"https:\/\/mouldking.store\/?post_type=product&#038;p=33953"},"modified":"2022-11-04T11:00:00","modified_gmt":"2022-11-04T04:00:00","slug":"mould-king-13158-cute-pink-fox-with-438-pieces","status":"publish","type":"product","link":"https:\/\/mouldking.store\/fr\/shop\/mould-king-13158-cute-pink-fox-with-438-pieces\/","title":{"rendered":"MOULE KING 13158 Mignon Renard Rose Avec 438 Pi\u00e8ces"},"content":{"rendered":"<p>Information produit:<\/p>\n<ol>\n<li>Marque : MOLD KING<\/li>\n<li>Genre: Unisexe<\/li>\n<li>Nom: Renard rose mignon<\/li>\n<li>Tranche d&#039;\u00e2ge : &gt; 6 ans<\/li>\n<li>Num\u00e9ro de mod\u00e8le: 13158<\/li>\n<li>Classement : Assemblage<\/li>\n<li>Forme de bloc en plastique\u00a0: briques autobloquantes<\/li>\n<li>Mat\u00e9riel: Plastique<\/li>\n<li>Type de plastique : ABS<\/li>\n<li>Blocs de briques : 438 PCS<\/li>\n<li>Dimensions : 16 \u00d7 15,8 \u00d7 17,8 cm<\/li>\n<li>Contient des instructions de montage d\u00e9taill\u00e9es.<\/li>\n<\/ol>\n<p>Avis:<br \/>\n1. Sans bo\u00eete d&#039;origine, mais nous garantissons que nos produits ont une assurance qualit\u00e9 et un bel emballage.<br \/>\n2. Comme toutes les pi\u00e8ces que nous avons v\u00e9rifi\u00e9es avant l&#039;exp\u00e9dition, donc si vous trouvez des pi\u00e8ces manquantes ou endommag\u00e9es, ne vous inqui\u00e9tez pas et veuillez nous contacter et nous pouvons vous les renvoyer imm\u00e9diatement gratuitement.<\/p>\n<figure id=\"attachment_33954\" aria-describedby=\"caption-attachment-33954\" style=\"width: 800px\" class=\"wp-caption aligncenter\"><img fetchpriority=\"high\" decoding=\"async\" class=\"wp-image-33954 size-full\" src=\"https:\/\/mouldking.store\/wp-content\/uploads\/2022\/11\/MK13158-1-711c.jpg\" alt=\"MOULD KING 13158 Cute Pink Fox With 438 Pieces\" width=\"800\" height=\"800\" title=\"-\" srcset=\"https:\/\/mouldking.store\/wp-content\/uploads\/2022\/11\/MK13158-1-711c.jpg 800w, https:\/\/mouldking.store\/wp-content\/uploads\/2022\/11\/MK13158-1-711c-300x300.jpg 300w, https:\/\/mouldking.store\/wp-content\/uploads\/2022\/11\/MK13158-1-711c-768x768.jpg 768w, https:\/\/mouldking.store\/wp-content\/uploads\/2022\/11\/MK13158-1-711c-600x600.jpg 600w, https:\/\/mouldking.store\/wp-content\/uploads\/2022\/11\/MK13158-1-711c-150x150.jpg 150w, https:\/\/mouldking.store\/wp-content\/uploads\/2022\/11\/MK13158-1-711c-60x60.jpg 60w, https:\/\/mouldking.store\/wp-content\/uploads\/2022\/11\/MK13158-1-711c-90x90.jpg 90w\" sizes=\"(max-width: 800px) 100vw, 800px\" \/><figcaption id=\"caption-attachment-33954\" class=\"wp-caption-text\">MOULE KING 13158 Mignon Renard Rose Avec 438 Pi\u00e8ces<\/figcaption><\/figure>\n<figure id=\"attachment_33955\" aria-describedby=\"caption-attachment-33955\" style=\"width: 800px\" class=\"wp-caption aligncenter\"><img decoding=\"async\" class=\"wp-image-33955 size-full\" src=\"https:\/\/mouldking.store\/wp-content\/uploads\/2022\/11\/MK13158-2-1dd6.jpg\" alt=\"MOULD KING 13158 Cute Pink Fox With 438 Pieces\" width=\"800\" height=\"800\" title=\"-\" srcset=\"https:\/\/mouldking.store\/wp-content\/uploads\/2022\/11\/MK13158-2-1dd6.jpg 800w, https:\/\/mouldking.store\/wp-content\/uploads\/2022\/11\/MK13158-2-1dd6-300x300.jpg 300w, https:\/\/mouldking.store\/wp-content\/uploads\/2022\/11\/MK13158-2-1dd6-768x768.jpg 768w, https:\/\/mouldking.store\/wp-content\/uploads\/2022\/11\/MK13158-2-1dd6-600x600.jpg 600w, https:\/\/mouldking.store\/wp-content\/uploads\/2022\/11\/MK13158-2-1dd6-150x150.jpg 150w, https:\/\/mouldking.store\/wp-content\/uploads\/2022\/11\/MK13158-2-1dd6-60x60.jpg 60w, https:\/\/mouldking.store\/wp-content\/uploads\/2022\/11\/MK13158-2-1dd6-90x90.jpg 90w\" sizes=\"(max-width: 800px) 100vw, 800px\" \/><figcaption id=\"caption-attachment-33955\" class=\"wp-caption-text\">MOULE KING 13158 Mignon Renard Rose Avec 438 Pi\u00e8ces<\/figcaption><\/figure>\n<figure id=\"attachment_33956\" aria-describedby=\"caption-attachment-33956\" style=\"width: 800px\" class=\"wp-caption aligncenter\"><img decoding=\"async\" class=\"wp-image-33956 size-full\" src=\"https:\/\/mouldking.store\/wp-content\/uploads\/2022\/11\/MK13158-3-caef.jpg\" alt=\"MOULD KING 13158 Cute Pink Fox With 438 Pieces\" width=\"800\" height=\"800\" title=\"-\" srcset=\"https:\/\/mouldking.store\/wp-content\/uploads\/2022\/11\/MK13158-3-caef.jpg 800w, https:\/\/mouldking.store\/wp-content\/uploads\/2022\/11\/MK13158-3-caef-300x300.jpg 300w, https:\/\/mouldking.store\/wp-content\/uploads\/2022\/11\/MK13158-3-caef-768x768.jpg 768w, https:\/\/mouldking.store\/wp-content\/uploads\/2022\/11\/MK13158-3-caef-600x600.jpg 600w, https:\/\/mouldking.store\/wp-content\/uploads\/2022\/11\/MK13158-3-caef-150x150.jpg 150w, https:\/\/mouldking.store\/wp-content\/uploads\/2022\/11\/MK13158-3-caef-60x60.jpg 60w, https:\/\/mouldking.store\/wp-content\/uploads\/2022\/11\/MK13158-3-caef-90x90.jpg 90w\" sizes=\"(max-width: 800px) 100vw, 800px\" \/><figcaption id=\"caption-attachment-33956\" class=\"wp-caption-text\">MOULE KING 13158 Mignon Renard Rose Avec 438 Pi\u00e8ces<\/figcaption><\/figure>\n<figure id=\"attachment_33957\" aria-describedby=\"caption-attachment-33957\" style=\"width: 800px\" class=\"wp-caption aligncenter\"><img loading=\"lazy\" decoding=\"async\" class=\"wp-image-33957 size-full\" src=\"https:\/\/mouldking.store\/wp-content\/uploads\/2022\/11\/MK13158-4-3cf0.jpg\" alt=\"MOULD KING 13158 Cute Pink Fox With 438 Pieces\" width=\"800\" height=\"800\" title=\"-\" srcset=\"https:\/\/mouldking.store\/wp-content\/uploads\/2022\/11\/MK13158-4-3cf0.jpg 800w, https:\/\/mouldking.store\/wp-content\/uploads\/2022\/11\/MK13158-4-3cf0-300x300.jpg 300w, https:\/\/mouldking.store\/wp-content\/uploads\/2022\/11\/MK13158-4-3cf0-768x768.jpg 768w, https:\/\/mouldking.store\/wp-content\/uploads\/2022\/11\/MK13158-4-3cf0-600x600.jpg 600w, https:\/\/mouldking.store\/wp-content\/uploads\/2022\/11\/MK13158-4-3cf0-150x150.jpg 150w, https:\/\/mouldking.store\/wp-content\/uploads\/2022\/11\/MK13158-4-3cf0-60x60.jpg 60w, https:\/\/mouldking.store\/wp-content\/uploads\/2022\/11\/MK13158-4-3cf0-90x90.jpg 90w\" sizes=\"(max-width: 800px) 100vw, 800px\" \/><figcaption id=\"caption-attachment-33957\" class=\"wp-caption-text\">MOULE KING 13158 Mignon Renard Rose Avec 438 Pi\u00e8ces<\/figcaption><\/figure>\n<figure id=\"attachment_33958\" aria-describedby=\"caption-attachment-33958\" style=\"width: 800px\" class=\"wp-caption aligncenter\"><img loading=\"lazy\" decoding=\"async\" class=\"wp-image-33958 size-full\" src=\"https:\/\/mouldking.store\/wp-content\/uploads\/2022\/11\/MK13158-5-ac01.jpg\" alt=\"MOULD KING 13158 Cute Pink Fox With 438 Pieces\" width=\"800\" height=\"800\" title=\"-\" srcset=\"https:\/\/mouldking.store\/wp-content\/uploads\/2022\/11\/MK13158-5-ac01.jpg 800w, https:\/\/mouldking.store\/wp-content\/uploads\/2022\/11\/MK13158-5-ac01-300x300.jpg 300w, https:\/\/mouldking.store\/wp-content\/uploads\/2022\/11\/MK13158-5-ac01-768x768.jpg 768w, https:\/\/mouldking.store\/wp-content\/uploads\/2022\/11\/MK13158-5-ac01-600x600.jpg 600w, https:\/\/mouldking.store\/wp-content\/uploads\/2022\/11\/MK13158-5-ac01-150x150.jpg 150w, https:\/\/mouldking.store\/wp-content\/uploads\/2022\/11\/MK13158-5-ac01-60x60.jpg 60w, https:\/\/mouldking.store\/wp-content\/uploads\/2022\/11\/MK13158-5-ac01-90x90.jpg 90w\" sizes=\"(max-width: 800px) 100vw, 800px\" \/><figcaption id=\"caption-attachment-33958\" class=\"wp-caption-text\">MOULE KING 13158 Mignon Renard Rose Avec 438 Pi\u00e8ces<\/figcaption><\/figure>","protected":false},"excerpt":{"rendered":"<p>Product information: Brand: MOULD KING Gender: Unisex Name: Cute Pink Fox Age Range: &gt; 6 years old Model Number: 13158 Classification: Assemblage Plastic Block Shape: Self-Locking Bricks Material: Plastic Plastic Type: ABS Bricks Blocks: 438 \u00a0PCS Dimensions: 16 \u00d7 15.8 \u00d7 17.8 cm Contains detailed assembly instructions. Notice: 1. Without an original box, but we [&hellip;]<\/p>","protected":false},"featured_media":33954,"comment_status":"closed","ping_status":"closed","template":"","meta":{"_acf_changed":false},"product_cat":[1365,371],"product_tag":[6623,6624,6626,615,6622,6625],"class_list":["product","first","instock","shipping-taxable","purchasable","product-type-simple"],"acf":[],"_links":{"self":[{"href":"https:\/\/mouldking.store\/fr\/wp-json\/wp\/v2\/product\/33953","targetHints":{"allow":["GET"]}}],"collection":[{"href":"https:\/\/mouldking.store\/fr\/wp-json\/wp\/v2\/product"}],"about":[{"href":"https:\/\/mouldking.store\/fr\/wp-json\/wp\/v2\/types\/product"}],"replies":[{"embeddable":true,"href":"https:\/\/mouldking.store\/fr\/wp-json\/wp\/v2\/comments?post=33953"}],"wp:featuredmedia":[{"embeddable":true,"href":"https:\/\/mouldking.store\/fr\/wp-json\/wp\/v2\/media\/33954"}],"wp:attachment":[{"href":"https:\/\/mouldking.store\/fr\/wp-json\/wp\/v2\/media?parent=33953"}],"wp:term":[{"taxonomy":"product_cat","embeddable":true,"href":"https:\/\/mouldking.store\/fr\/wp-json\/wp\/v2\/product_cat?post=33953"},{"taxonomy":"product_tag","embeddable":true,"href":"https:\/\/mouldking.store\/fr\/wp-json\/wp\/v2\/product_tag?post=33953"}],"curies":[{"name":"wp","href":"https:\/\/api.w.org\/{rel}","templated":true}]}}