{"id":34126,"date":"2022-11-04T17:18:39","date_gmt":"2022-11-04T10:18:39","guid":{"rendered":"https:\/\/mouldking.store\/?post_type=product&#038;p=34126"},"modified":"2025-12-25T09:12:22","modified_gmt":"2025-12-25T02:12:22","slug":"moc-89569-bd-1-jedi-fallen-order-with-73-pieces","status":"publish","type":"product","link":"https:\/\/mouldking.store\/fr\/shop\/moc-89569-bd-1-jedi-fallen-order-with-73-pieces\/","title":{"rendered":"MOC-89569 BD-1 Jedi Fallen Order With 73 Pieces"},"content":{"rendered":"<p>Information produit:<\/p>\n<ol>\n<li>Marque : MOC<\/li>\n<li>Genre: Unisexe<\/li>\n<li>Name: BD-1 Jedi Fallen Order<\/li>\n<li>Tranche d&#039;\u00e2ge : &gt; 6 ans<\/li>\n<li>Model Number: 89569<\/li>\n<li>Classement : Assemblage<\/li>\n<li>Forme de bloc en plastique\u00a0: briques autobloquantes<\/li>\n<li>Mat\u00e9riel: Plastique<\/li>\n<li>Type de plastique : ABS<\/li>\n<li>Bricks Blocks: 73 PCS<\/li>\n<li>Size:11.5 x 6.7 x 11.2 cm<\/li>\n<li>Poids\u00a0: 0,04\u00a0kg<\/li>\n<li>Contient des instructions de montage d\u00e9taill\u00e9es.<\/li>\n<\/ol>\n<p>Avis:<br \/>\n1. Sans bo\u00eete d&#039;origine, mais nous garantissons que nos produits ont une assurance qualit\u00e9 et un bel emballage.<br \/>\n2. Comme toutes les pi\u00e8ces que nous avons v\u00e9rifi\u00e9es avant l&#039;exp\u00e9dition, donc si vous trouvez des pi\u00e8ces manquantes ou endommag\u00e9es, ne vous inqui\u00e9tez pas et veuillez nous contacter et nous pouvons vous les renvoyer imm\u00e9diatement gratuitement.<\/p>\n<figure id=\"attachment_34132\" aria-describedby=\"caption-attachment-34132\" style=\"width: 1024px\" class=\"wp-caption aligncenter\"><img fetchpriority=\"high\" decoding=\"async\" class=\"wp-image-34132 size-large\" src=\"https:\/\/mouldking.store\/wp-content\/uploads\/2022\/11\/MOCFACTORY-Product-35-1024x1024.png\" alt=\"MOC-89569 BD-1 Jedi Fallen Order With 73 Pieces\" width=\"1024\" height=\"1024\" title=\"-\" srcset=\"https:\/\/mouldking.store\/wp-content\/uploads\/2022\/11\/MOCFACTORY-Product-35-1024x1024.png 1024w, https:\/\/mouldking.store\/wp-content\/uploads\/2022\/11\/MOCFACTORY-Product-35-300x300.png 300w, https:\/\/mouldking.store\/wp-content\/uploads\/2022\/11\/MOCFACTORY-Product-35-768x768.png 768w, https:\/\/mouldking.store\/wp-content\/uploads\/2022\/11\/MOCFACTORY-Product-35-600x600.png 600w, https:\/\/mouldking.store\/wp-content\/uploads\/2022\/11\/MOCFACTORY-Product-35-150x150.png 150w, https:\/\/mouldking.store\/wp-content\/uploads\/2022\/11\/MOCFACTORY-Product-35-60x60.png 60w, https:\/\/mouldking.store\/wp-content\/uploads\/2022\/11\/MOCFACTORY-Product-35-90x90.png 90w, https:\/\/mouldking.store\/wp-content\/uploads\/2022\/11\/MOCFACTORY-Product-35.png 1095w\" sizes=\"(max-width: 1024px) 100vw, 1024px\" \/><figcaption id=\"caption-attachment-34132\" class=\"wp-caption-text\">MOC-89569 BD-1 Jedi Fallen Order With 73 Pieces<\/figcaption><\/figure>\n<figure id=\"attachment_34128\" aria-describedby=\"caption-attachment-34128\" style=\"width: 1000px\" class=\"wp-caption aligncenter\"><img decoding=\"async\" class=\"wp-image-34128 size-full\" src=\"https:\/\/mouldking.store\/wp-content\/uploads\/2022\/11\/C9118-1.jpg\" alt=\"MOC-89569 BD-1 Jedi Fallen Order With 73 Pieces\" width=\"1000\" height=\"1000\" title=\"-\" srcset=\"https:\/\/mouldking.store\/wp-content\/uploads\/2022\/11\/C9118-1.jpg 1000w, https:\/\/mouldking.store\/wp-content\/uploads\/2022\/11\/C9118-1-300x300.jpg 300w, https:\/\/mouldking.store\/wp-content\/uploads\/2022\/11\/C9118-1-768x768.jpg 768w, https:\/\/mouldking.store\/wp-content\/uploads\/2022\/11\/C9118-1-600x600.jpg 600w, https:\/\/mouldking.store\/wp-content\/uploads\/2022\/11\/C9118-1-150x150.jpg 150w, https:\/\/mouldking.store\/wp-content\/uploads\/2022\/11\/C9118-1-60x60.jpg 60w, https:\/\/mouldking.store\/wp-content\/uploads\/2022\/11\/C9118-1-90x90.jpg 90w\" sizes=\"(max-width: 1000px) 100vw, 1000px\" \/><figcaption id=\"caption-attachment-34128\" class=\"wp-caption-text\">MOC-89569 BD-1 Jedi Fallen Order With 73 Pieces<\/figcaption><\/figure>\n<figure id=\"attachment_34129\" aria-describedby=\"caption-attachment-34129\" style=\"width: 1000px\" class=\"wp-caption aligncenter\"><img decoding=\"async\" class=\"wp-image-34129 size-full\" src=\"https:\/\/mouldking.store\/wp-content\/uploads\/2022\/11\/C9118-2.jpg\" alt=\"MOC-89569 BD-1 Jedi Fallen Order With 73 Pieces\" width=\"1000\" height=\"1000\" title=\"-\" srcset=\"https:\/\/mouldking.store\/wp-content\/uploads\/2022\/11\/C9118-2.jpg 1000w, https:\/\/mouldking.store\/wp-content\/uploads\/2022\/11\/C9118-2-300x300.jpg 300w, https:\/\/mouldking.store\/wp-content\/uploads\/2022\/11\/C9118-2-768x768.jpg 768w, https:\/\/mouldking.store\/wp-content\/uploads\/2022\/11\/C9118-2-600x600.jpg 600w, https:\/\/mouldking.store\/wp-content\/uploads\/2022\/11\/C9118-2-150x150.jpg 150w, https:\/\/mouldking.store\/wp-content\/uploads\/2022\/11\/C9118-2-60x60.jpg 60w, https:\/\/mouldking.store\/wp-content\/uploads\/2022\/11\/C9118-2-90x90.jpg 90w\" sizes=\"(max-width: 1000px) 100vw, 1000px\" \/><figcaption id=\"caption-attachment-34129\" class=\"wp-caption-text\">MOC-89569 BD-1 Jedi Fallen Order With 73 Pieces<\/figcaption><\/figure>\n<figure id=\"attachment_34130\" aria-describedby=\"caption-attachment-34130\" style=\"width: 1000px\" class=\"wp-caption aligncenter\"><img loading=\"lazy\" decoding=\"async\" class=\"wp-image-34130 size-full\" src=\"https:\/\/mouldking.store\/wp-content\/uploads\/2022\/11\/C9118-3.jpg\" alt=\"MOC-89569 BD-1 Jedi Fallen Order With 73 Pieces\" width=\"1000\" height=\"1000\" title=\"-\" srcset=\"https:\/\/mouldking.store\/wp-content\/uploads\/2022\/11\/C9118-3.jpg 1000w, https:\/\/mouldking.store\/wp-content\/uploads\/2022\/11\/C9118-3-300x300.jpg 300w, https:\/\/mouldking.store\/wp-content\/uploads\/2022\/11\/C9118-3-768x768.jpg 768w, https:\/\/mouldking.store\/wp-content\/uploads\/2022\/11\/C9118-3-600x600.jpg 600w, https:\/\/mouldking.store\/wp-content\/uploads\/2022\/11\/C9118-3-150x150.jpg 150w, https:\/\/mouldking.store\/wp-content\/uploads\/2022\/11\/C9118-3-60x60.jpg 60w, https:\/\/mouldking.store\/wp-content\/uploads\/2022\/11\/C9118-3-90x90.jpg 90w\" sizes=\"(max-width: 1000px) 100vw, 1000px\" \/><figcaption id=\"caption-attachment-34130\" class=\"wp-caption-text\">MOC-89569 BD-1 Jedi Fallen Order With 73 Pieces<\/figcaption><\/figure>\n<figure id=\"attachment_34131\" aria-describedby=\"caption-attachment-34131\" style=\"width: 1000px\" class=\"wp-caption aligncenter\"><img loading=\"lazy\" decoding=\"async\" class=\"wp-image-34131 size-full\" src=\"https:\/\/mouldking.store\/wp-content\/uploads\/2022\/11\/C9118-4.jpg\" alt=\"MOC-89569 BD-1 Jedi Fallen Order With 73 Pieces\" width=\"1000\" height=\"1000\" title=\"-\" srcset=\"https:\/\/mouldking.store\/wp-content\/uploads\/2022\/11\/C9118-4.jpg 1000w, https:\/\/mouldking.store\/wp-content\/uploads\/2022\/11\/C9118-4-300x300.jpg 300w, https:\/\/mouldking.store\/wp-content\/uploads\/2022\/11\/C9118-4-768x768.jpg 768w, https:\/\/mouldking.store\/wp-content\/uploads\/2022\/11\/C9118-4-600x600.jpg 600w, https:\/\/mouldking.store\/wp-content\/uploads\/2022\/11\/C9118-4-150x150.jpg 150w, https:\/\/mouldking.store\/wp-content\/uploads\/2022\/11\/C9118-4-60x60.jpg 60w, https:\/\/mouldking.store\/wp-content\/uploads\/2022\/11\/C9118-4-90x90.jpg 90w\" sizes=\"(max-width: 1000px) 100vw, 1000px\" \/><figcaption id=\"caption-attachment-34131\" class=\"wp-caption-text\">MOC-89569 BD-1 Jedi Fallen Order With 73 Pieces<\/figcaption><\/figure>","protected":false},"excerpt":{"rendered":"<p>Product information: Brand: MOC Gender: Unisex Name: BD-1 Jedi Fallen Order Age Range: &gt; 6 years old Model Number: 89569 Classification: Assemblage Plastic Block Shape: Self-Locking Bricks Material: Plastic Plastic Type: ABS Bricks Blocks: 73 PCS Size:11.5 x 6.7 x 11.2 cm Weight:0.04 kg Contains detailed assembly instructions. Notice: 1. Without an original box, but [&hellip;]<\/p>","protected":false},"featured_media":34132,"comment_status":"closed","ping_status":"closed","template":"","meta":{"_acf_changed":false},"product_cat":[415],"product_tag":[6773,6775,6777,6774,6772,6776,6771],"class_list":["product","first","instock","shipping-taxable","purchasable","product-type-simple"],"acf":[],"_links":{"self":[{"href":"https:\/\/mouldking.store\/fr\/wp-json\/wp\/v2\/product\/34126","targetHints":{"allow":["GET"]}}],"collection":[{"href":"https:\/\/mouldking.store\/fr\/wp-json\/wp\/v2\/product"}],"about":[{"href":"https:\/\/mouldking.store\/fr\/wp-json\/wp\/v2\/types\/product"}],"replies":[{"embeddable":true,"href":"https:\/\/mouldking.store\/fr\/wp-json\/wp\/v2\/comments?post=34126"}],"wp:featuredmedia":[{"embeddable":true,"href":"https:\/\/mouldking.store\/fr\/wp-json\/wp\/v2\/media\/34132"}],"wp:attachment":[{"href":"https:\/\/mouldking.store\/fr\/wp-json\/wp\/v2\/media?parent=34126"}],"wp:term":[{"taxonomy":"product_cat","embeddable":true,"href":"https:\/\/mouldking.store\/fr\/wp-json\/wp\/v2\/product_cat?post=34126"},{"taxonomy":"product_tag","embeddable":true,"href":"https:\/\/mouldking.store\/fr\/wp-json\/wp\/v2\/product_tag?post=34126"}],"curies":[{"name":"wp","href":"https:\/\/api.w.org\/{rel}","templated":true}]}}