{"id":34314,"date":"2022-11-07T11:21:54","date_gmt":"2022-11-07T04:21:54","guid":{"rendered":"https:\/\/mouldking.store\/?post_type=product&#038;p=34314"},"modified":"2023-12-12T09:42:51","modified_gmt":"2023-12-12T02:42:51","slug":"52toys-mb-13ct-deep-one-elite","status":"publish","type":"product","link":"https:\/\/mouldking.store\/fr\/shop\/52toys-mb-13ct-deep-one-elite\/","title":{"rendered":"52TOYS MB-13CT DEEP ONE Elite"},"content":{"rendered":"<p>Information produit:<\/p>\n<ol>\n<li>Marque : 52TOYS<\/li>\n<li>Genre: Unisexe<\/li>\n<li>Name: DEEP ONE Elite<\/li>\n<li>Tranche d&#039;\u00e2ge : &gt; 6 ans<\/li>\n<li>Model Number: MB-13CT<\/li>\n<li>Classement : Assemblage<\/li>\n<li>Forme de bloc en plastique\u00a0: briques autobloquantes<\/li>\n<li>Mat\u00e9riel: Plastique<\/li>\n<li>Type de plastique : ABS<\/li>\n<li>Size: 15 cm<\/li>\n<li>Contient des instructions de montage d\u00e9taill\u00e9es.<\/li>\n<\/ol>\n<p>Avis:<br \/>\n1. Sans bo\u00eete d&#039;origine, mais nous garantissons que nos produits ont une assurance qualit\u00e9 et un bel emballage.<br \/>\n2. Comme toutes les pi\u00e8ces que nous avons v\u00e9rifi\u00e9es avant l&#039;exp\u00e9dition, donc si vous trouvez des pi\u00e8ces manquantes ou endommag\u00e9es, ne vous inqui\u00e9tez pas et veuillez nous contacter et nous pouvons vous les renvoyer imm\u00e9diatement gratuitement.<\/p>\n<figure id=\"attachment_34315\" aria-describedby=\"caption-attachment-34315\" style=\"width: 800px\" class=\"wp-caption aligncenter\"><img fetchpriority=\"high\" decoding=\"async\" class=\"wp-image-34315 size-full\" src=\"https:\/\/mouldking.store\/wp-content\/uploads\/2022\/11\/52TOYS-MB-13CT-11.jpg\" alt=\"52TOYS MB-13CT DEEP ONE Elite\" width=\"800\" height=\"800\" title=\"-\" srcset=\"https:\/\/mouldking.store\/wp-content\/uploads\/2022\/11\/52TOYS-MB-13CT-11.jpg 800w, https:\/\/mouldking.store\/wp-content\/uploads\/2022\/11\/52TOYS-MB-13CT-11-300x300.jpg 300w, https:\/\/mouldking.store\/wp-content\/uploads\/2022\/11\/52TOYS-MB-13CT-11-768x768.jpg 768w, https:\/\/mouldking.store\/wp-content\/uploads\/2022\/11\/52TOYS-MB-13CT-11-600x600.jpg 600w, https:\/\/mouldking.store\/wp-content\/uploads\/2022\/11\/52TOYS-MB-13CT-11-150x150.jpg 150w, https:\/\/mouldking.store\/wp-content\/uploads\/2022\/11\/52TOYS-MB-13CT-11-60x60.jpg 60w, https:\/\/mouldking.store\/wp-content\/uploads\/2022\/11\/52TOYS-MB-13CT-11-90x90.jpg 90w\" sizes=\"(max-width: 800px) 100vw, 800px\" \/><figcaption id=\"caption-attachment-34315\" class=\"wp-caption-text\">52TOYS MB-13CT DEEP ONE Elite<\/figcaption><\/figure>\n<figure id=\"attachment_34316\" aria-describedby=\"caption-attachment-34316\" style=\"width: 760px\" class=\"wp-caption aligncenter\"><img decoding=\"async\" class=\"wp-image-34316 size-full\" src=\"https:\/\/mouldking.store\/wp-content\/uploads\/2022\/11\/52TOYS-MB-13CT-10.jpg\" alt=\"52TOYS MB-13CT DEEP ONE Elite\" width=\"760\" height=\"760\" title=\"-\" srcset=\"https:\/\/mouldking.store\/wp-content\/uploads\/2022\/11\/52TOYS-MB-13CT-10.jpg 760w, https:\/\/mouldking.store\/wp-content\/uploads\/2022\/11\/52TOYS-MB-13CT-10-300x300.jpg 300w, https:\/\/mouldking.store\/wp-content\/uploads\/2022\/11\/52TOYS-MB-13CT-10-600x600.jpg 600w, https:\/\/mouldking.store\/wp-content\/uploads\/2022\/11\/52TOYS-MB-13CT-10-150x150.jpg 150w, https:\/\/mouldking.store\/wp-content\/uploads\/2022\/11\/52TOYS-MB-13CT-10-60x60.jpg 60w, https:\/\/mouldking.store\/wp-content\/uploads\/2022\/11\/52TOYS-MB-13CT-10-90x90.jpg 90w\" sizes=\"(max-width: 760px) 100vw, 760px\" \/><figcaption id=\"caption-attachment-34316\" class=\"wp-caption-text\">52TOYS MB-13CT DEEP ONE Elite<\/figcaption><\/figure>\n<figure id=\"attachment_34317\" aria-describedby=\"caption-attachment-34317\" style=\"width: 760px\" class=\"wp-caption aligncenter\"><img decoding=\"async\" class=\"wp-image-34317 size-full\" src=\"https:\/\/mouldking.store\/wp-content\/uploads\/2022\/11\/52TOYS-MB-13CT-9.jpg\" alt=\"52TOYS MB-13CT DEEP ONE Elite\" width=\"760\" height=\"760\" title=\"-\" srcset=\"https:\/\/mouldking.store\/wp-content\/uploads\/2022\/11\/52TOYS-MB-13CT-9.jpg 760w, https:\/\/mouldking.store\/wp-content\/uploads\/2022\/11\/52TOYS-MB-13CT-9-300x300.jpg 300w, https:\/\/mouldking.store\/wp-content\/uploads\/2022\/11\/52TOYS-MB-13CT-9-600x600.jpg 600w, https:\/\/mouldking.store\/wp-content\/uploads\/2022\/11\/52TOYS-MB-13CT-9-150x150.jpg 150w, https:\/\/mouldking.store\/wp-content\/uploads\/2022\/11\/52TOYS-MB-13CT-9-60x60.jpg 60w, https:\/\/mouldking.store\/wp-content\/uploads\/2022\/11\/52TOYS-MB-13CT-9-90x90.jpg 90w\" sizes=\"(max-width: 760px) 100vw, 760px\" \/><figcaption id=\"caption-attachment-34317\" class=\"wp-caption-text\">52TOYS MB-13CT DEEP ONE Elite<\/figcaption><\/figure>\n<figure id=\"attachment_34318\" aria-describedby=\"caption-attachment-34318\" style=\"width: 788px\" class=\"wp-caption aligncenter\"><img loading=\"lazy\" decoding=\"async\" class=\"wp-image-34318 size-full\" src=\"https:\/\/mouldking.store\/wp-content\/uploads\/2022\/11\/52TOYS-MB-13CT-8.jpg\" alt=\"52TOYS MB-13CT DEEP ONE Elite\" width=\"788\" height=\"1000\" title=\"-\" srcset=\"https:\/\/mouldking.store\/wp-content\/uploads\/2022\/11\/52TOYS-MB-13CT-8.jpg 788w, https:\/\/mouldking.store\/wp-content\/uploads\/2022\/11\/52TOYS-MB-13CT-8-236x300.jpg 236w, https:\/\/mouldking.store\/wp-content\/uploads\/2022\/11\/52TOYS-MB-13CT-8-768x975.jpg 768w, https:\/\/mouldking.store\/wp-content\/uploads\/2022\/11\/52TOYS-MB-13CT-8-300x381.jpg 300w, https:\/\/mouldking.store\/wp-content\/uploads\/2022\/11\/52TOYS-MB-13CT-8-600x761.jpg 600w, https:\/\/mouldking.store\/wp-content\/uploads\/2022\/11\/52TOYS-MB-13CT-8-118x150.jpg 118w, https:\/\/mouldking.store\/wp-content\/uploads\/2022\/11\/52TOYS-MB-13CT-8-47x60.jpg 47w, https:\/\/mouldking.store\/wp-content\/uploads\/2022\/11\/52TOYS-MB-13CT-8-71x90.jpg 71w\" sizes=\"(max-width: 788px) 100vw, 788px\" \/><figcaption id=\"caption-attachment-34318\" class=\"wp-caption-text\">52TOYS MB-13CT DEEP ONE Elite<\/figcaption><\/figure>\n<figure id=\"attachment_34319\" aria-describedby=\"caption-attachment-34319\" style=\"width: 739px\" class=\"wp-caption aligncenter\"><img loading=\"lazy\" decoding=\"async\" class=\"wp-image-34319 size-full\" src=\"https:\/\/mouldking.store\/wp-content\/uploads\/2022\/11\/52TOYS-MB-13CT-7.jpg\" alt=\"52TOYS MB-13CT DEEP ONE Elite\" width=\"739\" height=\"1024\" title=\"-\" srcset=\"https:\/\/mouldking.store\/wp-content\/uploads\/2022\/11\/52TOYS-MB-13CT-7.jpg 739w, https:\/\/mouldking.store\/wp-content\/uploads\/2022\/11\/52TOYS-MB-13CT-7-217x300.jpg 217w, https:\/\/mouldking.store\/wp-content\/uploads\/2022\/11\/52TOYS-MB-13CT-7-300x416.jpg 300w, https:\/\/mouldking.store\/wp-content\/uploads\/2022\/11\/52TOYS-MB-13CT-7-600x831.jpg 600w, https:\/\/mouldking.store\/wp-content\/uploads\/2022\/11\/52TOYS-MB-13CT-7-108x150.jpg 108w, https:\/\/mouldking.store\/wp-content\/uploads\/2022\/11\/52TOYS-MB-13CT-7-43x60.jpg 43w, https:\/\/mouldking.store\/wp-content\/uploads\/2022\/11\/52TOYS-MB-13CT-7-65x90.jpg 65w\" sizes=\"(max-width: 739px) 100vw, 739px\" \/><figcaption id=\"caption-attachment-34319\" class=\"wp-caption-text\">52TOYS MB-13CT DEEP ONE Elite<\/figcaption><\/figure>\n<figure id=\"attachment_34320\" aria-describedby=\"caption-attachment-34320\" style=\"width: 788px\" class=\"wp-caption aligncenter\"><img loading=\"lazy\" decoding=\"async\" class=\"wp-image-34320 size-full\" src=\"https:\/\/mouldking.store\/wp-content\/uploads\/2022\/11\/52TOYS-MB-13CT-6.jpg\" alt=\"52TOYS MB-13CT DEEP ONE Elite\" width=\"788\" height=\"516\" title=\"-\" srcset=\"https:\/\/mouldking.store\/wp-content\/uploads\/2022\/11\/52TOYS-MB-13CT-6.jpg 788w, https:\/\/mouldking.store\/wp-content\/uploads\/2022\/11\/52TOYS-MB-13CT-6-300x196.jpg 300w, https:\/\/mouldking.store\/wp-content\/uploads\/2022\/11\/52TOYS-MB-13CT-6-768x503.jpg 768w, https:\/\/mouldking.store\/wp-content\/uploads\/2022\/11\/52TOYS-MB-13CT-6-600x393.jpg 600w, https:\/\/mouldking.store\/wp-content\/uploads\/2022\/11\/52TOYS-MB-13CT-6-150x98.jpg 150w, https:\/\/mouldking.store\/wp-content\/uploads\/2022\/11\/52TOYS-MB-13CT-6-92x60.jpg 92w, https:\/\/mouldking.store\/wp-content\/uploads\/2022\/11\/52TOYS-MB-13CT-6-137x90.jpg 137w\" sizes=\"(max-width: 788px) 100vw, 788px\" \/><figcaption id=\"caption-attachment-34320\" class=\"wp-caption-text\">52TOYS MB-13CT DEEP ONE Elite<\/figcaption><\/figure>\n<figure id=\"attachment_34321\" aria-describedby=\"caption-attachment-34321\" style=\"width: 758px\" class=\"wp-caption aligncenter\"><img loading=\"lazy\" decoding=\"async\" class=\"wp-image-34321 size-full\" src=\"https:\/\/mouldking.store\/wp-content\/uploads\/2022\/11\/52TOYS-MB-13CT-5.jpg\" alt=\"52TOYS MB-13CT DEEP ONE Elite\" width=\"758\" height=\"1024\" title=\"-\" srcset=\"https:\/\/mouldking.store\/wp-content\/uploads\/2022\/11\/52TOYS-MB-13CT-5.jpg 758w, https:\/\/mouldking.store\/wp-content\/uploads\/2022\/11\/52TOYS-MB-13CT-5-222x300.jpg 222w, https:\/\/mouldking.store\/wp-content\/uploads\/2022\/11\/52TOYS-MB-13CT-5-300x405.jpg 300w, https:\/\/mouldking.store\/wp-content\/uploads\/2022\/11\/52TOYS-MB-13CT-5-600x811.jpg 600w, https:\/\/mouldking.store\/wp-content\/uploads\/2022\/11\/52TOYS-MB-13CT-5-111x150.jpg 111w, https:\/\/mouldking.store\/wp-content\/uploads\/2022\/11\/52TOYS-MB-13CT-5-44x60.jpg 44w, https:\/\/mouldking.store\/wp-content\/uploads\/2022\/11\/52TOYS-MB-13CT-5-67x90.jpg 67w\" sizes=\"(max-width: 758px) 100vw, 758px\" \/><figcaption id=\"caption-attachment-34321\" class=\"wp-caption-text\">52TOYS MB-13CT DEEP ONE Elite<\/figcaption><\/figure>\n<figure id=\"attachment_34322\" aria-describedby=\"caption-attachment-34322\" style=\"width: 766px\" class=\"wp-caption aligncenter\"><img loading=\"lazy\" decoding=\"async\" class=\"wp-image-34322 size-full\" src=\"https:\/\/mouldking.store\/wp-content\/uploads\/2022\/11\/52TOYS-MB-13CT-4.jpg\" alt=\"52TOYS MB-13CT DEEP ONE Elite\" width=\"766\" height=\"1024\" title=\"-\" srcset=\"https:\/\/mouldking.store\/wp-content\/uploads\/2022\/11\/52TOYS-MB-13CT-4.jpg 766w, https:\/\/mouldking.store\/wp-content\/uploads\/2022\/11\/52TOYS-MB-13CT-4-224x300.jpg 224w, https:\/\/mouldking.store\/wp-content\/uploads\/2022\/11\/52TOYS-MB-13CT-4-300x401.jpg 300w, https:\/\/mouldking.store\/wp-content\/uploads\/2022\/11\/52TOYS-MB-13CT-4-600x802.jpg 600w, https:\/\/mouldking.store\/wp-content\/uploads\/2022\/11\/52TOYS-MB-13CT-4-112x150.jpg 112w, https:\/\/mouldking.store\/wp-content\/uploads\/2022\/11\/52TOYS-MB-13CT-4-45x60.jpg 45w, https:\/\/mouldking.store\/wp-content\/uploads\/2022\/11\/52TOYS-MB-13CT-4-67x90.jpg 67w\" sizes=\"(max-width: 766px) 100vw, 766px\" \/><figcaption id=\"caption-attachment-34322\" class=\"wp-caption-text\">52TOYS MB-13CT DEEP ONE Elite<\/figcaption><\/figure>\n<figure id=\"attachment_34323\" aria-describedby=\"caption-attachment-34323\" style=\"width: 705px\" class=\"wp-caption aligncenter\"><img loading=\"lazy\" decoding=\"async\" class=\"wp-image-34323 size-full\" src=\"https:\/\/mouldking.store\/wp-content\/uploads\/2022\/11\/52TOYS-MB-13CT-3.jpg\" alt=\"52TOYS MB-13CT DEEP ONE Elite\" width=\"705\" height=\"1024\" title=\"-\" srcset=\"https:\/\/mouldking.store\/wp-content\/uploads\/2022\/11\/52TOYS-MB-13CT-3.jpg 705w, https:\/\/mouldking.store\/wp-content\/uploads\/2022\/11\/52TOYS-MB-13CT-3-207x300.jpg 207w, https:\/\/mouldking.store\/wp-content\/uploads\/2022\/11\/52TOYS-MB-13CT-3-300x436.jpg 300w, https:\/\/mouldking.store\/wp-content\/uploads\/2022\/11\/52TOYS-MB-13CT-3-600x871.jpg 600w, https:\/\/mouldking.store\/wp-content\/uploads\/2022\/11\/52TOYS-MB-13CT-3-103x150.jpg 103w, https:\/\/mouldking.store\/wp-content\/uploads\/2022\/11\/52TOYS-MB-13CT-3-41x60.jpg 41w, https:\/\/mouldking.store\/wp-content\/uploads\/2022\/11\/52TOYS-MB-13CT-3-62x90.jpg 62w\" sizes=\"(max-width: 705px) 100vw, 705px\" \/><figcaption id=\"caption-attachment-34323\" class=\"wp-caption-text\">52TOYS MB-13CT DEEP ONE Elite<\/figcaption><\/figure>\n<figure id=\"attachment_34324\" aria-describedby=\"caption-attachment-34324\" style=\"width: 788px\" class=\"wp-caption aligncenter\"><img loading=\"lazy\" decoding=\"async\" class=\"wp-image-34324 size-full\" src=\"https:\/\/mouldking.store\/wp-content\/uploads\/2022\/11\/52TOYS-MB-13CT-2.jpg\" alt=\"52TOYS MB-13CT DEEP ONE Elite\" width=\"788\" height=\"932\" title=\"-\" srcset=\"https:\/\/mouldking.store\/wp-content\/uploads\/2022\/11\/52TOYS-MB-13CT-2.jpg 788w, https:\/\/mouldking.store\/wp-content\/uploads\/2022\/11\/52TOYS-MB-13CT-2-254x300.jpg 254w, https:\/\/mouldking.store\/wp-content\/uploads\/2022\/11\/52TOYS-MB-13CT-2-768x908.jpg 768w, https:\/\/mouldking.store\/wp-content\/uploads\/2022\/11\/52TOYS-MB-13CT-2-300x355.jpg 300w, https:\/\/mouldking.store\/wp-content\/uploads\/2022\/11\/52TOYS-MB-13CT-2-600x710.jpg 600w, https:\/\/mouldking.store\/wp-content\/uploads\/2022\/11\/52TOYS-MB-13CT-2-127x150.jpg 127w, https:\/\/mouldking.store\/wp-content\/uploads\/2022\/11\/52TOYS-MB-13CT-2-51x60.jpg 51w, https:\/\/mouldking.store\/wp-content\/uploads\/2022\/11\/52TOYS-MB-13CT-2-76x90.jpg 76w\" sizes=\"(max-width: 788px) 100vw, 788px\" \/><figcaption id=\"caption-attachment-34324\" class=\"wp-caption-text\">52TOYS MB-13CT DEEP ONE Elite<\/figcaption><\/figure>\n<figure id=\"attachment_34325\" aria-describedby=\"caption-attachment-34325\" style=\"width: 788px\" class=\"wp-caption aligncenter\"><img loading=\"lazy\" decoding=\"async\" class=\"wp-image-34325 size-full\" src=\"https:\/\/mouldking.store\/wp-content\/uploads\/2022\/11\/52TOYS-MB-13CT.jpg\" alt=\"52TOYS MB-13CT DEEP ONE Elite\" width=\"788\" height=\"656\" title=\"-\" srcset=\"https:\/\/mouldking.store\/wp-content\/uploads\/2022\/11\/52TOYS-MB-13CT.jpg 788w, https:\/\/mouldking.store\/wp-content\/uploads\/2022\/11\/52TOYS-MB-13CT-300x250.jpg 300w, https:\/\/mouldking.store\/wp-content\/uploads\/2022\/11\/52TOYS-MB-13CT-768x639.jpg 768w, https:\/\/mouldking.store\/wp-content\/uploads\/2022\/11\/52TOYS-MB-13CT-600x499.jpg 600w, https:\/\/mouldking.store\/wp-content\/uploads\/2022\/11\/52TOYS-MB-13CT-150x125.jpg 150w, https:\/\/mouldking.store\/wp-content\/uploads\/2022\/11\/52TOYS-MB-13CT-72x60.jpg 72w, https:\/\/mouldking.store\/wp-content\/uploads\/2022\/11\/52TOYS-MB-13CT-108x90.jpg 108w\" sizes=\"(max-width: 788px) 100vw, 788px\" \/><figcaption id=\"caption-attachment-34325\" class=\"wp-caption-text\">52TOYS MB-13CT DEEP ONE Elite<\/figcaption><\/figure>","protected":false},"excerpt":{"rendered":"<p>Product information: Brand: 52TOYS Gender: Unisex Name: DEEP ONE Elite Age Range: &gt; 6 years old Model Number: MB-13CT Classification: Assemblage Plastic Block Shape: Self-Locking Bricks Material: Plastic Plastic Type: ABS Size: 15 cm Contains detailed assembly instructions. Notice: 1. Without an original box, but we guarantee our products have quality assurance and nice packaging. [&hellip;]<\/p>","protected":false},"featured_media":34315,"comment_status":"closed","ping_status":"closed","template":"","meta":{"_acf_changed":false},"product_cat":[1408],"product_tag":[6179,6884,6881,6883,6885,6875,6882],"class_list":["product","first","outofstock","shipping-taxable","purchasable","product-type-simple"],"acf":[],"_links":{"self":[{"href":"https:\/\/mouldking.store\/fr\/wp-json\/wp\/v2\/product\/34314","targetHints":{"allow":["GET"]}}],"collection":[{"href":"https:\/\/mouldking.store\/fr\/wp-json\/wp\/v2\/product"}],"about":[{"href":"https:\/\/mouldking.store\/fr\/wp-json\/wp\/v2\/types\/product"}],"replies":[{"embeddable":true,"href":"https:\/\/mouldking.store\/fr\/wp-json\/wp\/v2\/comments?post=34314"}],"wp:featuredmedia":[{"embeddable":true,"href":"https:\/\/mouldking.store\/fr\/wp-json\/wp\/v2\/media\/34315"}],"wp:attachment":[{"href":"https:\/\/mouldking.store\/fr\/wp-json\/wp\/v2\/media?parent=34314"}],"wp:term":[{"taxonomy":"product_cat","embeddable":true,"href":"https:\/\/mouldking.store\/fr\/wp-json\/wp\/v2\/product_cat?post=34314"},{"taxonomy":"product_tag","embeddable":true,"href":"https:\/\/mouldking.store\/fr\/wp-json\/wp\/v2\/product_tag?post=34314"}],"curies":[{"name":"wp","href":"https:\/\/api.w.org\/{rel}","templated":true}]}}