{"id":34336,"date":"2022-11-07T11:39:58","date_gmt":"2022-11-07T04:39:58","guid":{"rendered":"https:\/\/mouldking.store\/?post_type=product&#038;p=34336"},"modified":"2022-11-07T11:39:58","modified_gmt":"2022-11-07T04:39:58","slug":"52toys-mb-22-chinese-legends-kirin-unicorns","status":"publish","type":"product","link":"https:\/\/mouldking.store\/fr\/shop\/52toys-mb-22-chinese-legends-kirin-unicorns\/","title":{"rendered":"52TOYS MB-22 Chinese Legends Kirin Unicorns"},"content":{"rendered":"<p>Information produit:<\/p>\n<ol>\n<li>Marque : 52TOYS<\/li>\n<li>Genre: Unisexe<\/li>\n<li>Name: Chinese Legends Kirin Unicorns<\/li>\n<li>Tranche d&#039;\u00e2ge : &gt; 6 ans<\/li>\n<li>Model Number:MB-22<\/li>\n<li>Classement : Assemblage<\/li>\n<li>Forme de bloc en plastique\u00a0: briques autobloquantes<\/li>\n<li>Mat\u00e9riel: Plastique<\/li>\n<li>Type de plastique : ABS<\/li>\n<li>Size: 16.5cm<\/li>\n<li>Contient des instructions de montage d\u00e9taill\u00e9es.<\/li>\n<\/ol>\n<p>Avis:<br \/>\n1. Sans bo\u00eete d&#039;origine, mais nous garantissons que nos produits ont une assurance qualit\u00e9 et un bel emballage.<br \/>\n2. Comme toutes les pi\u00e8ces que nous avons v\u00e9rifi\u00e9es avant l&#039;exp\u00e9dition, donc si vous trouvez des pi\u00e8ces manquantes ou endommag\u00e9es, ne vous inqui\u00e9tez pas et veuillez nous contacter et nous pouvons vous les renvoyer imm\u00e9diatement gratuitement.<\/p>\n<figure id=\"attachment_34337\" aria-describedby=\"caption-attachment-34337\" style=\"width: 800px\" class=\"wp-caption aligncenter\"><img fetchpriority=\"high\" decoding=\"async\" class=\"wp-image-34337 size-full\" src=\"https:\/\/mouldking.store\/wp-content\/uploads\/2022\/11\/52TOYS-MB-22-11.jpg\" alt=\" 52TOYS MB-22 Chinese Legends Kirin Unicorns\" width=\"800\" height=\"800\" title=\"-\" srcset=\"https:\/\/mouldking.store\/wp-content\/uploads\/2022\/11\/52TOYS-MB-22-11.jpg 800w, https:\/\/mouldking.store\/wp-content\/uploads\/2022\/11\/52TOYS-MB-22-11-300x300.jpg 300w, https:\/\/mouldking.store\/wp-content\/uploads\/2022\/11\/52TOYS-MB-22-11-768x768.jpg 768w, https:\/\/mouldking.store\/wp-content\/uploads\/2022\/11\/52TOYS-MB-22-11-600x600.jpg 600w, https:\/\/mouldking.store\/wp-content\/uploads\/2022\/11\/52TOYS-MB-22-11-150x150.jpg 150w, https:\/\/mouldking.store\/wp-content\/uploads\/2022\/11\/52TOYS-MB-22-11-60x60.jpg 60w, https:\/\/mouldking.store\/wp-content\/uploads\/2022\/11\/52TOYS-MB-22-11-90x90.jpg 90w\" sizes=\"(max-width: 800px) 100vw, 800px\" \/><figcaption id=\"caption-attachment-34337\" class=\"wp-caption-text\">52TOYS MB-22 Chinese Legends Kirin Unicorns<\/figcaption><\/figure>\n<figure id=\"attachment_34338\" aria-describedby=\"caption-attachment-34338\" style=\"width: 800px\" class=\"wp-caption aligncenter\"><img decoding=\"async\" class=\"wp-image-34338 size-full\" src=\"https:\/\/mouldking.store\/wp-content\/uploads\/2022\/11\/52TOYS-MB-22-10.jpg\" alt=\" 52TOYS MB-22 Chinese Legends Kirin Unicorns\" width=\"800\" height=\"800\" title=\"-\" srcset=\"https:\/\/mouldking.store\/wp-content\/uploads\/2022\/11\/52TOYS-MB-22-10.jpg 800w, https:\/\/mouldking.store\/wp-content\/uploads\/2022\/11\/52TOYS-MB-22-10-300x300.jpg 300w, https:\/\/mouldking.store\/wp-content\/uploads\/2022\/11\/52TOYS-MB-22-10-768x768.jpg 768w, https:\/\/mouldking.store\/wp-content\/uploads\/2022\/11\/52TOYS-MB-22-10-600x600.jpg 600w, https:\/\/mouldking.store\/wp-content\/uploads\/2022\/11\/52TOYS-MB-22-10-150x150.jpg 150w, https:\/\/mouldking.store\/wp-content\/uploads\/2022\/11\/52TOYS-MB-22-10-60x60.jpg 60w, https:\/\/mouldking.store\/wp-content\/uploads\/2022\/11\/52TOYS-MB-22-10-90x90.jpg 90w\" sizes=\"(max-width: 800px) 100vw, 800px\" \/><figcaption id=\"caption-attachment-34338\" class=\"wp-caption-text\">52TOYS MB-22 Chinese Legends Kirin Unicorns<\/figcaption><\/figure>\n<figure id=\"attachment_34339\" aria-describedby=\"caption-attachment-34339\" style=\"width: 690px\" class=\"wp-caption aligncenter\"><img decoding=\"async\" class=\"wp-image-34339 size-full\" src=\"https:\/\/mouldking.store\/wp-content\/uploads\/2022\/11\/52TOYS-MB-22-9.jpg\" alt=\" 52TOYS MB-22 Chinese Legends Kirin Unicorns\" width=\"690\" height=\"690\" title=\"-\" srcset=\"https:\/\/mouldking.store\/wp-content\/uploads\/2022\/11\/52TOYS-MB-22-9.jpg 690w, https:\/\/mouldking.store\/wp-content\/uploads\/2022\/11\/52TOYS-MB-22-9-300x300.jpg 300w, https:\/\/mouldking.store\/wp-content\/uploads\/2022\/11\/52TOYS-MB-22-9-600x600.jpg 600w, https:\/\/mouldking.store\/wp-content\/uploads\/2022\/11\/52TOYS-MB-22-9-150x150.jpg 150w, https:\/\/mouldking.store\/wp-content\/uploads\/2022\/11\/52TOYS-MB-22-9-60x60.jpg 60w, https:\/\/mouldking.store\/wp-content\/uploads\/2022\/11\/52TOYS-MB-22-9-90x90.jpg 90w\" sizes=\"(max-width: 690px) 100vw, 690px\" \/><figcaption id=\"caption-attachment-34339\" class=\"wp-caption-text\">52TOYS MB-22 Chinese Legends Kirin Unicorns<\/figcaption><\/figure>\n<figure id=\"attachment_34340\" aria-describedby=\"caption-attachment-34340\" style=\"width: 690px\" class=\"wp-caption aligncenter\"><img loading=\"lazy\" decoding=\"async\" class=\"wp-image-34340 size-full\" src=\"https:\/\/mouldking.store\/wp-content\/uploads\/2022\/11\/52TOYS-MB-22-8.jpg\" alt=\" 52TOYS MB-22 Chinese Legends Kirin Unicorns\" width=\"690\" height=\"690\" title=\"-\" srcset=\"https:\/\/mouldking.store\/wp-content\/uploads\/2022\/11\/52TOYS-MB-22-8.jpg 690w, https:\/\/mouldking.store\/wp-content\/uploads\/2022\/11\/52TOYS-MB-22-8-300x300.jpg 300w, https:\/\/mouldking.store\/wp-content\/uploads\/2022\/11\/52TOYS-MB-22-8-600x600.jpg 600w, https:\/\/mouldking.store\/wp-content\/uploads\/2022\/11\/52TOYS-MB-22-8-150x150.jpg 150w, https:\/\/mouldking.store\/wp-content\/uploads\/2022\/11\/52TOYS-MB-22-8-60x60.jpg 60w, https:\/\/mouldking.store\/wp-content\/uploads\/2022\/11\/52TOYS-MB-22-8-90x90.jpg 90w\" sizes=\"(max-width: 690px) 100vw, 690px\" \/><figcaption id=\"caption-attachment-34340\" class=\"wp-caption-text\">52TOYS MB-22 Chinese Legends Kirin Unicorns<\/figcaption><\/figure>\n<figure id=\"attachment_34341\" aria-describedby=\"caption-attachment-34341\" style=\"width: 690px\" class=\"wp-caption aligncenter\"><img loading=\"lazy\" decoding=\"async\" class=\"wp-image-34341 size-full\" src=\"https:\/\/mouldking.store\/wp-content\/uploads\/2022\/11\/52TOYS-MB-22-7.jpg\" alt=\" 52TOYS MB-22 Chinese Legends Kirin Unicorns\" width=\"690\" height=\"690\" title=\"-\" srcset=\"https:\/\/mouldking.store\/wp-content\/uploads\/2022\/11\/52TOYS-MB-22-7.jpg 690w, https:\/\/mouldking.store\/wp-content\/uploads\/2022\/11\/52TOYS-MB-22-7-300x300.jpg 300w, https:\/\/mouldking.store\/wp-content\/uploads\/2022\/11\/52TOYS-MB-22-7-600x600.jpg 600w, https:\/\/mouldking.store\/wp-content\/uploads\/2022\/11\/52TOYS-MB-22-7-150x150.jpg 150w, https:\/\/mouldking.store\/wp-content\/uploads\/2022\/11\/52TOYS-MB-22-7-60x60.jpg 60w, https:\/\/mouldking.store\/wp-content\/uploads\/2022\/11\/52TOYS-MB-22-7-90x90.jpg 90w\" sizes=\"(max-width: 690px) 100vw, 690px\" \/><figcaption id=\"caption-attachment-34341\" class=\"wp-caption-text\">52TOYS MB-22 Chinese Legends Kirin Unicorns<\/figcaption><\/figure>\n<figure id=\"attachment_34342\" aria-describedby=\"caption-attachment-34342\" style=\"width: 690px\" class=\"wp-caption aligncenter\"><img loading=\"lazy\" decoding=\"async\" class=\"wp-image-34342 size-full\" src=\"https:\/\/mouldking.store\/wp-content\/uploads\/2022\/11\/52TOYS-MB-22-6.jpg\" alt=\" 52TOYS MB-22 Chinese Legends Kirin Unicorns\" width=\"690\" height=\"690\" title=\"-\" srcset=\"https:\/\/mouldking.store\/wp-content\/uploads\/2022\/11\/52TOYS-MB-22-6.jpg 690w, https:\/\/mouldking.store\/wp-content\/uploads\/2022\/11\/52TOYS-MB-22-6-300x300.jpg 300w, https:\/\/mouldking.store\/wp-content\/uploads\/2022\/11\/52TOYS-MB-22-6-600x600.jpg 600w, https:\/\/mouldking.store\/wp-content\/uploads\/2022\/11\/52TOYS-MB-22-6-150x150.jpg 150w, https:\/\/mouldking.store\/wp-content\/uploads\/2022\/11\/52TOYS-MB-22-6-60x60.jpg 60w, https:\/\/mouldking.store\/wp-content\/uploads\/2022\/11\/52TOYS-MB-22-6-90x90.jpg 90w\" sizes=\"(max-width: 690px) 100vw, 690px\" \/><figcaption id=\"caption-attachment-34342\" class=\"wp-caption-text\">52TOYS MB-22 Chinese Legends Kirin Unicorns<\/figcaption><\/figure>\n<figure id=\"attachment_34343\" aria-describedby=\"caption-attachment-34343\" style=\"width: 713px\" class=\"wp-caption aligncenter\"><img loading=\"lazy\" decoding=\"async\" class=\"wp-image-34343 size-full\" src=\"https:\/\/mouldking.store\/wp-content\/uploads\/2022\/11\/52TOYS-MB-22-5.jpg\" alt=\" 52TOYS MB-22 Chinese Legends Kirin Unicorns\" width=\"713\" height=\"1024\" title=\"-\" srcset=\"https:\/\/mouldking.store\/wp-content\/uploads\/2022\/11\/52TOYS-MB-22-5.jpg 713w, https:\/\/mouldking.store\/wp-content\/uploads\/2022\/11\/52TOYS-MB-22-5-209x300.jpg 209w, https:\/\/mouldking.store\/wp-content\/uploads\/2022\/11\/52TOYS-MB-22-5-300x431.jpg 300w, https:\/\/mouldking.store\/wp-content\/uploads\/2022\/11\/52TOYS-MB-22-5-600x862.jpg 600w, https:\/\/mouldking.store\/wp-content\/uploads\/2022\/11\/52TOYS-MB-22-5-104x150.jpg 104w, https:\/\/mouldking.store\/wp-content\/uploads\/2022\/11\/52TOYS-MB-22-5-42x60.jpg 42w, https:\/\/mouldking.store\/wp-content\/uploads\/2022\/11\/52TOYS-MB-22-5-63x90.jpg 63w\" sizes=\"(max-width: 713px) 100vw, 713px\" \/><figcaption id=\"caption-attachment-34343\" class=\"wp-caption-text\">52TOYS MB-22 Chinese Legends Kirin Unicorns<\/figcaption><\/figure>\n<figure id=\"attachment_34344\" aria-describedby=\"caption-attachment-34344\" style=\"width: 742px\" class=\"wp-caption aligncenter\"><img loading=\"lazy\" decoding=\"async\" class=\"wp-image-34344 size-full\" src=\"https:\/\/mouldking.store\/wp-content\/uploads\/2022\/11\/52TOYS-MB-22-4.jpg\" alt=\" 52TOYS MB-22 Chinese Legends Kirin Unicorns\" width=\"742\" height=\"1024\" title=\"-\" srcset=\"https:\/\/mouldking.store\/wp-content\/uploads\/2022\/11\/52TOYS-MB-22-4.jpg 742w, https:\/\/mouldking.store\/wp-content\/uploads\/2022\/11\/52TOYS-MB-22-4-217x300.jpg 217w, https:\/\/mouldking.store\/wp-content\/uploads\/2022\/11\/52TOYS-MB-22-4-300x414.jpg 300w, https:\/\/mouldking.store\/wp-content\/uploads\/2022\/11\/52TOYS-MB-22-4-600x828.jpg 600w, https:\/\/mouldking.store\/wp-content\/uploads\/2022\/11\/52TOYS-MB-22-4-109x150.jpg 109w, https:\/\/mouldking.store\/wp-content\/uploads\/2022\/11\/52TOYS-MB-22-4-43x60.jpg 43w, https:\/\/mouldking.store\/wp-content\/uploads\/2022\/11\/52TOYS-MB-22-4-65x90.jpg 65w\" sizes=\"(max-width: 742px) 100vw, 742px\" \/><figcaption id=\"caption-attachment-34344\" class=\"wp-caption-text\">52TOYS MB-22 Chinese Legends Kirin Unicorns<\/figcaption><\/figure>","protected":false},"excerpt":{"rendered":"<p>Product information: Brand: 52TOYS Gender: Unisex Name: Chinese Legends Kirin Unicorns Age Range: &gt; 6 years old Model Number:MB-22 Classification: Assemblage Plastic Block Shape: Self-Locking Bricks Material: Plastic Plastic Type: ABS Size: 16.5cm Contains detailed assembly instructions. Notice: 1. Without an original box, but we guarantee our products have quality assurance and nice packaging. 2. [&hellip;]<\/p>","protected":false},"featured_media":34337,"comment_status":"closed","ping_status":"closed","template":"","meta":{"_acf_changed":false},"product_cat":[1408],"product_tag":[6179,6895,6889,6891,6896,6892,6894,6890,6893],"class_list":["product","first","instock","shipping-taxable","purchasable","product-type-simple"],"acf":[],"_links":{"self":[{"href":"https:\/\/mouldking.store\/fr\/wp-json\/wp\/v2\/product\/34336","targetHints":{"allow":["GET"]}}],"collection":[{"href":"https:\/\/mouldking.store\/fr\/wp-json\/wp\/v2\/product"}],"about":[{"href":"https:\/\/mouldking.store\/fr\/wp-json\/wp\/v2\/types\/product"}],"replies":[{"embeddable":true,"href":"https:\/\/mouldking.store\/fr\/wp-json\/wp\/v2\/comments?post=34336"}],"wp:featuredmedia":[{"embeddable":true,"href":"https:\/\/mouldking.store\/fr\/wp-json\/wp\/v2\/media\/34337"}],"wp:attachment":[{"href":"https:\/\/mouldking.store\/fr\/wp-json\/wp\/v2\/media?parent=34336"}],"wp:term":[{"taxonomy":"product_cat","embeddable":true,"href":"https:\/\/mouldking.store\/fr\/wp-json\/wp\/v2\/product_cat?post=34336"},{"taxonomy":"product_tag","embeddable":true,"href":"https:\/\/mouldking.store\/fr\/wp-json\/wp\/v2\/product_tag?post=34336"}],"curies":[{"name":"wp","href":"https:\/\/api.w.org\/{rel}","templated":true}]}}