{"id":34345,"date":"2022-11-07T11:48:21","date_gmt":"2022-11-07T04:48:21","guid":{"rendered":"https:\/\/mouldking.store\/?post_type=product&#038;p=34345"},"modified":"2022-11-07T11:48:22","modified_gmt":"2022-11-07T04:48:22","slug":"52toys-mb-14-chinese-dragon-azure","status":"publish","type":"product","link":"https:\/\/mouldking.store\/fr\/shop\/52toys-mb-14-chinese-dragon-azure\/","title":{"rendered":"52TOYS MB-14 DRAGON CHINOIS Azur"},"content":{"rendered":"<p>Information produit:<\/p>\n<ol>\n<li>Marque : 52TOYS<\/li>\n<li>Genre: Unisexe<\/li>\n<li>Name: CHINESE DRAGON Azure<\/li>\n<li>Tranche d&#039;\u00e2ge : &gt; 6 ans<\/li>\n<li>Model Number: MB-14<\/li>\n<li>Classement : Assemblage<\/li>\n<li>Forme de bloc en plastique\u00a0: briques autobloquantes<\/li>\n<li>Mat\u00e9riel: Plastique<\/li>\n<li>Type de plastique : ABS<\/li>\n<li>Size: \u00a029.5cm<\/li>\n<li>Contient des instructions de montage d\u00e9taill\u00e9es.<\/li>\n<\/ol>\n<p>Avis:<br \/>\n1. Sans bo\u00eete d&#039;origine, mais nous garantissons que nos produits ont une assurance qualit\u00e9 et un bel emballage.<br \/>\n2. Comme toutes les pi\u00e8ces que nous avons v\u00e9rifi\u00e9es avant l&#039;exp\u00e9dition, donc si vous trouvez des pi\u00e8ces manquantes ou endommag\u00e9es, ne vous inqui\u00e9tez pas et veuillez nous contacter et nous pouvons vous les renvoyer imm\u00e9diatement gratuitement.<\/p>\n<figure id=\"attachment_34346\" aria-describedby=\"caption-attachment-34346\" style=\"width: 800px\" class=\"wp-caption aligncenter\"><img fetchpriority=\"high\" decoding=\"async\" class=\"wp-image-34346 size-full\" src=\"https:\/\/mouldking.store\/wp-content\/uploads\/2022\/11\/52TOYS-MB-14-10.jpg\" alt=\"52TOYS MB-14 CHINESE DRAGON Azure \" width=\"800\" height=\"800\" title=\"-\" srcset=\"https:\/\/mouldking.store\/wp-content\/uploads\/2022\/11\/52TOYS-MB-14-10.jpg 800w, https:\/\/mouldking.store\/wp-content\/uploads\/2022\/11\/52TOYS-MB-14-10-300x300.jpg 300w, https:\/\/mouldking.store\/wp-content\/uploads\/2022\/11\/52TOYS-MB-14-10-768x768.jpg 768w, https:\/\/mouldking.store\/wp-content\/uploads\/2022\/11\/52TOYS-MB-14-10-600x600.jpg 600w, https:\/\/mouldking.store\/wp-content\/uploads\/2022\/11\/52TOYS-MB-14-10-150x150.jpg 150w, https:\/\/mouldking.store\/wp-content\/uploads\/2022\/11\/52TOYS-MB-14-10-60x60.jpg 60w, https:\/\/mouldking.store\/wp-content\/uploads\/2022\/11\/52TOYS-MB-14-10-90x90.jpg 90w\" sizes=\"(max-width: 800px) 100vw, 800px\" \/><figcaption id=\"caption-attachment-34346\" class=\"wp-caption-text\">52TOYS MB-14 DRAGON CHINOIS Azur<\/figcaption><\/figure>\n<figure id=\"attachment_34347\" aria-describedby=\"caption-attachment-34347\" style=\"width: 800px\" class=\"wp-caption aligncenter\"><img decoding=\"async\" class=\"wp-image-34347 size-full\" src=\"https:\/\/mouldking.store\/wp-content\/uploads\/2022\/11\/52TOYS-MB-14-9.jpg\" alt=\"52TOYS MB-14 CHINESE DRAGON Azure \" width=\"800\" height=\"800\" title=\"-\" srcset=\"https:\/\/mouldking.store\/wp-content\/uploads\/2022\/11\/52TOYS-MB-14-9.jpg 800w, https:\/\/mouldking.store\/wp-content\/uploads\/2022\/11\/52TOYS-MB-14-9-300x300.jpg 300w, https:\/\/mouldking.store\/wp-content\/uploads\/2022\/11\/52TOYS-MB-14-9-768x768.jpg 768w, https:\/\/mouldking.store\/wp-content\/uploads\/2022\/11\/52TOYS-MB-14-9-600x600.jpg 600w, https:\/\/mouldking.store\/wp-content\/uploads\/2022\/11\/52TOYS-MB-14-9-150x150.jpg 150w, https:\/\/mouldking.store\/wp-content\/uploads\/2022\/11\/52TOYS-MB-14-9-60x60.jpg 60w, https:\/\/mouldking.store\/wp-content\/uploads\/2022\/11\/52TOYS-MB-14-9-90x90.jpg 90w\" sizes=\"(max-width: 800px) 100vw, 800px\" \/><figcaption id=\"caption-attachment-34347\" class=\"wp-caption-text\">52TOYS MB-14 DRAGON CHINOIS Azur<\/figcaption><\/figure>\n<figure id=\"attachment_34348\" aria-describedby=\"caption-attachment-34348\" style=\"width: 800px\" class=\"wp-caption aligncenter\"><img decoding=\"async\" class=\"wp-image-34348 size-full\" src=\"https:\/\/mouldking.store\/wp-content\/uploads\/2022\/11\/52TOYS-MB-14-8.jpg\" alt=\"52TOYS MB-14 CHINESE DRAGON Azure \" width=\"800\" height=\"800\" title=\"-\" srcset=\"https:\/\/mouldking.store\/wp-content\/uploads\/2022\/11\/52TOYS-MB-14-8.jpg 800w, https:\/\/mouldking.store\/wp-content\/uploads\/2022\/11\/52TOYS-MB-14-8-300x300.jpg 300w, https:\/\/mouldking.store\/wp-content\/uploads\/2022\/11\/52TOYS-MB-14-8-768x768.jpg 768w, https:\/\/mouldking.store\/wp-content\/uploads\/2022\/11\/52TOYS-MB-14-8-600x600.jpg 600w, https:\/\/mouldking.store\/wp-content\/uploads\/2022\/11\/52TOYS-MB-14-8-150x150.jpg 150w, https:\/\/mouldking.store\/wp-content\/uploads\/2022\/11\/52TOYS-MB-14-8-60x60.jpg 60w, https:\/\/mouldking.store\/wp-content\/uploads\/2022\/11\/52TOYS-MB-14-8-90x90.jpg 90w\" sizes=\"(max-width: 800px) 100vw, 800px\" \/><figcaption id=\"caption-attachment-34348\" class=\"wp-caption-text\">52TOYS MB-14 DRAGON CHINOIS Azur<\/figcaption><\/figure>\n<figure id=\"attachment_34349\" aria-describedby=\"caption-attachment-34349\" style=\"width: 800px\" class=\"wp-caption aligncenter\"><img loading=\"lazy\" decoding=\"async\" class=\"wp-image-34349 size-full\" src=\"https:\/\/mouldking.store\/wp-content\/uploads\/2022\/11\/52TOYS-MB-14-7.jpg\" alt=\"52TOYS MB-14 CHINESE DRAGON Azure \" width=\"800\" height=\"800\" title=\"-\" srcset=\"https:\/\/mouldking.store\/wp-content\/uploads\/2022\/11\/52TOYS-MB-14-7.jpg 800w, https:\/\/mouldking.store\/wp-content\/uploads\/2022\/11\/52TOYS-MB-14-7-300x300.jpg 300w, https:\/\/mouldking.store\/wp-content\/uploads\/2022\/11\/52TOYS-MB-14-7-768x768.jpg 768w, https:\/\/mouldking.store\/wp-content\/uploads\/2022\/11\/52TOYS-MB-14-7-600x600.jpg 600w, https:\/\/mouldking.store\/wp-content\/uploads\/2022\/11\/52TOYS-MB-14-7-150x150.jpg 150w, https:\/\/mouldking.store\/wp-content\/uploads\/2022\/11\/52TOYS-MB-14-7-60x60.jpg 60w, https:\/\/mouldking.store\/wp-content\/uploads\/2022\/11\/52TOYS-MB-14-7-90x90.jpg 90w\" sizes=\"(max-width: 800px) 100vw, 800px\" \/><figcaption id=\"caption-attachment-34349\" class=\"wp-caption-text\">52TOYS MB-14 DRAGON CHINOIS Azur<\/figcaption><\/figure>\n<figure id=\"attachment_34350\" aria-describedby=\"caption-attachment-34350\" style=\"width: 720px\" class=\"wp-caption aligncenter\"><img loading=\"lazy\" decoding=\"async\" class=\"wp-image-34350 size-full\" src=\"https:\/\/mouldking.store\/wp-content\/uploads\/2022\/11\/52TOYS-MB-14-6.jpg\" alt=\"52TOYS MB-14 CHINESE DRAGON Azure \" width=\"720\" height=\"1024\" title=\"-\" srcset=\"https:\/\/mouldking.store\/wp-content\/uploads\/2022\/11\/52TOYS-MB-14-6.jpg 720w, https:\/\/mouldking.store\/wp-content\/uploads\/2022\/11\/52TOYS-MB-14-6-211x300.jpg 211w, https:\/\/mouldking.store\/wp-content\/uploads\/2022\/11\/52TOYS-MB-14-6-300x427.jpg 300w, https:\/\/mouldking.store\/wp-content\/uploads\/2022\/11\/52TOYS-MB-14-6-600x853.jpg 600w, https:\/\/mouldking.store\/wp-content\/uploads\/2022\/11\/52TOYS-MB-14-6-105x150.jpg 105w, https:\/\/mouldking.store\/wp-content\/uploads\/2022\/11\/52TOYS-MB-14-6-42x60.jpg 42w, https:\/\/mouldking.store\/wp-content\/uploads\/2022\/11\/52TOYS-MB-14-6-63x90.jpg 63w\" sizes=\"(max-width: 720px) 100vw, 720px\" \/><figcaption id=\"caption-attachment-34350\" class=\"wp-caption-text\">52TOYS MB-14 DRAGON CHINOIS Azur<\/figcaption><\/figure>\n<figure id=\"attachment_34351\" aria-describedby=\"caption-attachment-34351\" style=\"width: 517px\" class=\"wp-caption aligncenter\"><img loading=\"lazy\" decoding=\"async\" class=\"wp-image-34351 size-full\" src=\"https:\/\/mouldking.store\/wp-content\/uploads\/2022\/11\/52TOYS-MB-14-5.jpg\" alt=\"52TOYS MB-14 CHINESE DRAGON Azure \" width=\"517\" height=\"1024\" title=\"-\" srcset=\"https:\/\/mouldking.store\/wp-content\/uploads\/2022\/11\/52TOYS-MB-14-5.jpg 517w, https:\/\/mouldking.store\/wp-content\/uploads\/2022\/11\/52TOYS-MB-14-5-151x300.jpg 151w, https:\/\/mouldking.store\/wp-content\/uploads\/2022\/11\/52TOYS-MB-14-5-300x594.jpg 300w, https:\/\/mouldking.store\/wp-content\/uploads\/2022\/11\/52TOYS-MB-14-5-76x150.jpg 76w, https:\/\/mouldking.store\/wp-content\/uploads\/2022\/11\/52TOYS-MB-14-5-30x60.jpg 30w, https:\/\/mouldking.store\/wp-content\/uploads\/2022\/11\/52TOYS-MB-14-5-45x90.jpg 45w\" sizes=\"(max-width: 517px) 100vw, 517px\" \/><figcaption id=\"caption-attachment-34351\" class=\"wp-caption-text\">52TOYS MB-14 DRAGON CHINOIS Azur<\/figcaption><\/figure>\n<figure id=\"attachment_34352\" aria-describedby=\"caption-attachment-34352\" style=\"width: 653px\" class=\"wp-caption aligncenter\"><img loading=\"lazy\" decoding=\"async\" class=\"wp-image-34352 size-full\" src=\"https:\/\/mouldking.store\/wp-content\/uploads\/2022\/11\/52TOYS-MB-14-4.jpg\" alt=\"52TOYS MB-14 CHINESE DRAGON Azure \" width=\"653\" height=\"1024\" title=\"-\" srcset=\"https:\/\/mouldking.store\/wp-content\/uploads\/2022\/11\/52TOYS-MB-14-4.jpg 653w, https:\/\/mouldking.store\/wp-content\/uploads\/2022\/11\/52TOYS-MB-14-4-191x300.jpg 191w, https:\/\/mouldking.store\/wp-content\/uploads\/2022\/11\/52TOYS-MB-14-4-300x470.jpg 300w, https:\/\/mouldking.store\/wp-content\/uploads\/2022\/11\/52TOYS-MB-14-4-600x941.jpg 600w, https:\/\/mouldking.store\/wp-content\/uploads\/2022\/11\/52TOYS-MB-14-4-96x150.jpg 96w, https:\/\/mouldking.store\/wp-content\/uploads\/2022\/11\/52TOYS-MB-14-4-38x60.jpg 38w, https:\/\/mouldking.store\/wp-content\/uploads\/2022\/11\/52TOYS-MB-14-4-57x90.jpg 57w\" sizes=\"(max-width: 653px) 100vw, 653px\" \/><figcaption id=\"caption-attachment-34352\" class=\"wp-caption-text\">52TOYS MB-14 DRAGON CHINOIS Azur<\/figcaption><\/figure>\n<figure id=\"attachment_34353\" aria-describedby=\"caption-attachment-34353\" style=\"width: 718px\" class=\"wp-caption aligncenter\"><img loading=\"lazy\" decoding=\"async\" class=\"wp-image-34353 size-full\" src=\"https:\/\/mouldking.store\/wp-content\/uploads\/2022\/11\/52TOYS-MB-14-3.jpg\" alt=\"52TOYS MB-14 CHINESE DRAGON Azure \" width=\"718\" height=\"1024\" title=\"-\" srcset=\"https:\/\/mouldking.store\/wp-content\/uploads\/2022\/11\/52TOYS-MB-14-3.jpg 718w, https:\/\/mouldking.store\/wp-content\/uploads\/2022\/11\/52TOYS-MB-14-3-210x300.jpg 210w, https:\/\/mouldking.store\/wp-content\/uploads\/2022\/11\/52TOYS-MB-14-3-300x428.jpg 300w, https:\/\/mouldking.store\/wp-content\/uploads\/2022\/11\/52TOYS-MB-14-3-600x856.jpg 600w, https:\/\/mouldking.store\/wp-content\/uploads\/2022\/11\/52TOYS-MB-14-3-105x150.jpg 105w, https:\/\/mouldking.store\/wp-content\/uploads\/2022\/11\/52TOYS-MB-14-3-42x60.jpg 42w, https:\/\/mouldking.store\/wp-content\/uploads\/2022\/11\/52TOYS-MB-14-3-63x90.jpg 63w\" sizes=\"(max-width: 718px) 100vw, 718px\" \/><figcaption id=\"caption-attachment-34353\" class=\"wp-caption-text\">52TOYS MB-14 DRAGON CHINOIS Azur<\/figcaption><\/figure>\n<figure id=\"attachment_34354\" aria-describedby=\"caption-attachment-34354\" style=\"width: 619px\" class=\"wp-caption aligncenter\"><img loading=\"lazy\" decoding=\"async\" class=\"wp-image-34354 size-full\" src=\"https:\/\/mouldking.store\/wp-content\/uploads\/2022\/11\/52TOYS-MB-14-2.jpg\" alt=\"52TOYS MB-14 CHINESE DRAGON Azure \" width=\"619\" height=\"1024\" title=\"-\" srcset=\"https:\/\/mouldking.store\/wp-content\/uploads\/2022\/11\/52TOYS-MB-14-2.jpg 619w, https:\/\/mouldking.store\/wp-content\/uploads\/2022\/11\/52TOYS-MB-14-2-181x300.jpg 181w, https:\/\/mouldking.store\/wp-content\/uploads\/2022\/11\/52TOYS-MB-14-2-300x496.jpg 300w, https:\/\/mouldking.store\/wp-content\/uploads\/2022\/11\/52TOYS-MB-14-2-600x993.jpg 600w, https:\/\/mouldking.store\/wp-content\/uploads\/2022\/11\/52TOYS-MB-14-2-91x150.jpg 91w, https:\/\/mouldking.store\/wp-content\/uploads\/2022\/11\/52TOYS-MB-14-2-36x60.jpg 36w, https:\/\/mouldking.store\/wp-content\/uploads\/2022\/11\/52TOYS-MB-14-2-54x90.jpg 54w\" sizes=\"(max-width: 619px) 100vw, 619px\" \/><figcaption id=\"caption-attachment-34354\" class=\"wp-caption-text\">52TOYS MB-14 DRAGON CHINOIS Azur<\/figcaption><\/figure>\n<figure id=\"attachment_34355\" aria-describedby=\"caption-attachment-34355\" style=\"width: 506px\" class=\"wp-caption aligncenter\"><img loading=\"lazy\" decoding=\"async\" class=\"wp-image-34355 size-full\" src=\"https:\/\/mouldking.store\/wp-content\/uploads\/2022\/11\/52TOYS-MB-14.jpg\" alt=\"52TOYS MB-14 CHINESE DRAGON Azure \" width=\"506\" height=\"1024\" title=\"-\" srcset=\"https:\/\/mouldking.store\/wp-content\/uploads\/2022\/11\/52TOYS-MB-14.jpg 506w, https:\/\/mouldking.store\/wp-content\/uploads\/2022\/11\/52TOYS-MB-14-148x300.jpg 148w, https:\/\/mouldking.store\/wp-content\/uploads\/2022\/11\/52TOYS-MB-14-300x607.jpg 300w, https:\/\/mouldking.store\/wp-content\/uploads\/2022\/11\/52TOYS-MB-14-74x150.jpg 74w, https:\/\/mouldking.store\/wp-content\/uploads\/2022\/11\/52TOYS-MB-14-30x60.jpg 30w, https:\/\/mouldking.store\/wp-content\/uploads\/2022\/11\/52TOYS-MB-14-44x90.jpg 44w\" sizes=\"(max-width: 506px) 100vw, 506px\" \/><figcaption id=\"caption-attachment-34355\" class=\"wp-caption-text\">52TOYS MB-14 DRAGON CHINOIS Azur<\/figcaption><\/figure>","protected":false},"excerpt":{"rendered":"<p>Informations sur le produit : Marque : 52TOYS Genre : Unisexe Nom : CHINESE DRAGON Azure Tranche d&#039;\u00e2ge : &gt; 6 ans Num\u00e9ro de mod\u00e8le : MB-14 Classification : Assemblage Forme de bloc en plastique : Briques autobloquantes Mat\u00e9riau : Plastique Type de plastique : ABS Taille : 29,5 cm Contient instructions de montage d\u00e9taill\u00e9es. Remarque : 1. Sans bo\u00eete d&#039;origine, mais nous garantissons que nos produits ont une assurance qualit\u00e9 et un bel emballage. 2. [\u2026]<\/p>","protected":false},"featured_media":34346,"comment_status":"closed","ping_status":"closed","template":"","meta":{"_acf_changed":false},"product_cat":[1408],"product_tag":[6179,6901,6897,6899,6462,6900,6902,1771,6898],"class_list":["product","first","instock","shipping-taxable","purchasable","product-type-simple"],"acf":[],"_links":{"self":[{"href":"https:\/\/mouldking.store\/fr\/wp-json\/wp\/v2\/product\/34345","targetHints":{"allow":["GET"]}}],"collection":[{"href":"https:\/\/mouldking.store\/fr\/wp-json\/wp\/v2\/product"}],"about":[{"href":"https:\/\/mouldking.store\/fr\/wp-json\/wp\/v2\/types\/product"}],"replies":[{"embeddable":true,"href":"https:\/\/mouldking.store\/fr\/wp-json\/wp\/v2\/comments?post=34345"}],"wp:featuredmedia":[{"embeddable":true,"href":"https:\/\/mouldking.store\/fr\/wp-json\/wp\/v2\/media\/34346"}],"wp:attachment":[{"href":"https:\/\/mouldking.store\/fr\/wp-json\/wp\/v2\/media?parent=34345"}],"wp:term":[{"taxonomy":"product_cat","embeddable":true,"href":"https:\/\/mouldking.store\/fr\/wp-json\/wp\/v2\/product_cat?post=34345"},{"taxonomy":"product_tag","embeddable":true,"href":"https:\/\/mouldking.store\/fr\/wp-json\/wp\/v2\/product_tag?post=34345"}],"curies":[{"name":"wp","href":"https:\/\/api.w.org\/{rel}","templated":true}]}}