{"id":34372,"date":"2022-11-07T12:14:59","date_gmt":"2022-11-07T05:14:59","guid":{"rendered":"https:\/\/mouldking.store\/?post_type=product&#038;p=34372"},"modified":"2022-11-07T12:14:59","modified_gmt":"2022-11-07T05:14:59","slug":"52toys-bb03-jojo-flame-edition-orangutan-apes","status":"publish","type":"product","link":"https:\/\/mouldking.store\/fr\/shop\/52toys-bb03-jojo-flame-edition-orangutan-apes\/","title":{"rendered":"52TOYS BB03 JOJO Flame Edition Singes orangs-outans"},"content":{"rendered":"<p>Information produit:<\/p>\n<ol>\n<li>Marque : 52TOYS<\/li>\n<li>Genre: Unisexe<\/li>\n<li>Name: JOJO Flame Edition Orangutan Apes<\/li>\n<li>Tranche d&#039;\u00e2ge : &gt; 6 ans<\/li>\n<li>Model Number: BB03<\/li>\n<li>Classement : Assemblage<\/li>\n<li>Forme de bloc en plastique\u00a0: briques autobloquantes<\/li>\n<li>Mat\u00e9riel: Plastique<\/li>\n<li>Type de plastique : ABS<\/li>\n<li>Size: 12 cm<\/li>\n<li>Contient des instructions de montage d\u00e9taill\u00e9es.<\/li>\n<\/ol>\n<p>Avis:<br \/>\n1. Sans bo\u00eete d&#039;origine, mais nous garantissons que nos produits ont une assurance qualit\u00e9 et un bel emballage.<br \/>\n2. Comme toutes les pi\u00e8ces que nous avons v\u00e9rifi\u00e9es avant l&#039;exp\u00e9dition, donc si vous trouvez des pi\u00e8ces manquantes ou endommag\u00e9es, ne vous inqui\u00e9tez pas et veuillez nous contacter et nous pouvons vous les renvoyer imm\u00e9diatement gratuitement.<\/p>\n<figure id=\"attachment_34373\" aria-describedby=\"caption-attachment-34373\" style=\"width: 800px\" class=\"wp-caption aligncenter\"><img fetchpriority=\"high\" decoding=\"async\" class=\"wp-image-34373 size-full\" src=\"https:\/\/mouldking.store\/wp-content\/uploads\/2022\/11\/52TOYS-BB03-7.jpg\" alt=\"52TOYS BB03 JOJO Flame Edition Orangutan Apes \" width=\"800\" height=\"800\" title=\"-\" srcset=\"https:\/\/mouldking.store\/wp-content\/uploads\/2022\/11\/52TOYS-BB03-7.jpg 800w, https:\/\/mouldking.store\/wp-content\/uploads\/2022\/11\/52TOYS-BB03-7-300x300.jpg 300w, https:\/\/mouldking.store\/wp-content\/uploads\/2022\/11\/52TOYS-BB03-7-768x768.jpg 768w, https:\/\/mouldking.store\/wp-content\/uploads\/2022\/11\/52TOYS-BB03-7-600x600.jpg 600w, https:\/\/mouldking.store\/wp-content\/uploads\/2022\/11\/52TOYS-BB03-7-150x150.jpg 150w, https:\/\/mouldking.store\/wp-content\/uploads\/2022\/11\/52TOYS-BB03-7-60x60.jpg 60w, https:\/\/mouldking.store\/wp-content\/uploads\/2022\/11\/52TOYS-BB03-7-90x90.jpg 90w\" sizes=\"(max-width: 800px) 100vw, 800px\" \/><figcaption id=\"caption-attachment-34373\" class=\"wp-caption-text\">52TOYS BB03 JOJO Flame Edition Singes orangs-outans<\/figcaption><\/figure>\n<figure id=\"attachment_34374\" aria-describedby=\"caption-attachment-34374\" style=\"width: 750px\" class=\"wp-caption aligncenter\"><img decoding=\"async\" class=\"wp-image-34374 size-full\" src=\"https:\/\/mouldking.store\/wp-content\/uploads\/2022\/11\/52TOYS-BB03-6.jpg\" alt=\"52TOYS BB03 JOJO Flame Edition Orangutan Apes \" width=\"750\" height=\"1000\" title=\"-\" srcset=\"https:\/\/mouldking.store\/wp-content\/uploads\/2022\/11\/52TOYS-BB03-6.jpg 750w, https:\/\/mouldking.store\/wp-content\/uploads\/2022\/11\/52TOYS-BB03-6-225x300.jpg 225w, https:\/\/mouldking.store\/wp-content\/uploads\/2022\/11\/52TOYS-BB03-6-300x400.jpg 300w, https:\/\/mouldking.store\/wp-content\/uploads\/2022\/11\/52TOYS-BB03-6-600x800.jpg 600w, https:\/\/mouldking.store\/wp-content\/uploads\/2022\/11\/52TOYS-BB03-6-113x150.jpg 113w, https:\/\/mouldking.store\/wp-content\/uploads\/2022\/11\/52TOYS-BB03-6-45x60.jpg 45w, https:\/\/mouldking.store\/wp-content\/uploads\/2022\/11\/52TOYS-BB03-6-68x90.jpg 68w\" sizes=\"(max-width: 750px) 100vw, 750px\" \/><figcaption id=\"caption-attachment-34374\" class=\"wp-caption-text\">52TOYS BB03 JOJO Flame Edition Singes orangs-outans<\/figcaption><\/figure>\n<figure id=\"attachment_34375\" aria-describedby=\"caption-attachment-34375\" style=\"width: 750px\" class=\"wp-caption aligncenter\"><img decoding=\"async\" class=\"wp-image-34375 size-full\" src=\"https:\/\/mouldking.store\/wp-content\/uploads\/2022\/11\/52TOYS-BB03-5.jpg\" alt=\"52TOYS BB03 JOJO Flame Edition Orangutan Apes \" width=\"750\" height=\"1000\" title=\"-\" srcset=\"https:\/\/mouldking.store\/wp-content\/uploads\/2022\/11\/52TOYS-BB03-5.jpg 750w, https:\/\/mouldking.store\/wp-content\/uploads\/2022\/11\/52TOYS-BB03-5-225x300.jpg 225w, https:\/\/mouldking.store\/wp-content\/uploads\/2022\/11\/52TOYS-BB03-5-300x400.jpg 300w, https:\/\/mouldking.store\/wp-content\/uploads\/2022\/11\/52TOYS-BB03-5-600x800.jpg 600w, https:\/\/mouldking.store\/wp-content\/uploads\/2022\/11\/52TOYS-BB03-5-113x150.jpg 113w, https:\/\/mouldking.store\/wp-content\/uploads\/2022\/11\/52TOYS-BB03-5-45x60.jpg 45w, https:\/\/mouldking.store\/wp-content\/uploads\/2022\/11\/52TOYS-BB03-5-68x90.jpg 68w\" sizes=\"(max-width: 750px) 100vw, 750px\" \/><figcaption id=\"caption-attachment-34375\" class=\"wp-caption-text\">52TOYS BB03 JOJO Flame Edition Singes orangs-outans<\/figcaption><\/figure>\n<figure id=\"attachment_34376\" aria-describedby=\"caption-attachment-34376\" style=\"width: 750px\" class=\"wp-caption aligncenter\"><img loading=\"lazy\" decoding=\"async\" class=\"wp-image-34376 size-full\" src=\"https:\/\/mouldking.store\/wp-content\/uploads\/2022\/11\/52TOYS-BB03-4.jpg\" alt=\"52TOYS BB03 JOJO Flame Edition Orangutan Apes \" width=\"750\" height=\"1000\" title=\"-\" srcset=\"https:\/\/mouldking.store\/wp-content\/uploads\/2022\/11\/52TOYS-BB03-4.jpg 750w, https:\/\/mouldking.store\/wp-content\/uploads\/2022\/11\/52TOYS-BB03-4-225x300.jpg 225w, https:\/\/mouldking.store\/wp-content\/uploads\/2022\/11\/52TOYS-BB03-4-300x400.jpg 300w, https:\/\/mouldking.store\/wp-content\/uploads\/2022\/11\/52TOYS-BB03-4-600x800.jpg 600w, https:\/\/mouldking.store\/wp-content\/uploads\/2022\/11\/52TOYS-BB03-4-113x150.jpg 113w, https:\/\/mouldking.store\/wp-content\/uploads\/2022\/11\/52TOYS-BB03-4-45x60.jpg 45w, https:\/\/mouldking.store\/wp-content\/uploads\/2022\/11\/52TOYS-BB03-4-68x90.jpg 68w\" sizes=\"(max-width: 750px) 100vw, 750px\" \/><figcaption id=\"caption-attachment-34376\" class=\"wp-caption-text\">52TOYS BB03 JOJO Flame Edition Singes orangs-outans<\/figcaption><\/figure>\n<figure id=\"attachment_34377\" aria-describedby=\"caption-attachment-34377\" style=\"width: 840px\" class=\"wp-caption aligncenter\"><img loading=\"lazy\" decoding=\"async\" class=\"wp-image-34377 size-full\" src=\"https:\/\/mouldking.store\/wp-content\/uploads\/2022\/11\/52TOYS-BB03-3.jpg\" alt=\"52TOYS BB03 JOJO Flame Edition Orangutan Apes \" width=\"840\" height=\"1024\" title=\"-\" srcset=\"https:\/\/mouldking.store\/wp-content\/uploads\/2022\/11\/52TOYS-BB03-3.jpg 840w, https:\/\/mouldking.store\/wp-content\/uploads\/2022\/11\/52TOYS-BB03-3-246x300.jpg 246w, https:\/\/mouldking.store\/wp-content\/uploads\/2022\/11\/52TOYS-BB03-3-768x936.jpg 768w, https:\/\/mouldking.store\/wp-content\/uploads\/2022\/11\/52TOYS-BB03-3-300x366.jpg 300w, https:\/\/mouldking.store\/wp-content\/uploads\/2022\/11\/52TOYS-BB03-3-600x731.jpg 600w, https:\/\/mouldking.store\/wp-content\/uploads\/2022\/11\/52TOYS-BB03-3-123x150.jpg 123w, https:\/\/mouldking.store\/wp-content\/uploads\/2022\/11\/52TOYS-BB03-3-49x60.jpg 49w, https:\/\/mouldking.store\/wp-content\/uploads\/2022\/11\/52TOYS-BB03-3-74x90.jpg 74w\" sizes=\"(max-width: 840px) 100vw, 840px\" \/><figcaption id=\"caption-attachment-34377\" class=\"wp-caption-text\">52TOYS BB03 JOJO Flame Edition Singes orangs-outans<\/figcaption><\/figure>\n<figure id=\"attachment_34378\" aria-describedby=\"caption-attachment-34378\" style=\"width: 600px\" class=\"wp-caption aligncenter\"><img loading=\"lazy\" decoding=\"async\" class=\"wp-image-34378 size-full\" src=\"https:\/\/mouldking.store\/wp-content\/uploads\/2022\/11\/52TOYS-BB03-2.jpg\" alt=\"52TOYS BB03 JOJO Flame Edition Orangutan Apes \" width=\"600\" height=\"1024\" title=\"-\" srcset=\"https:\/\/mouldking.store\/wp-content\/uploads\/2022\/11\/52TOYS-BB03-2.jpg 600w, https:\/\/mouldking.store\/wp-content\/uploads\/2022\/11\/52TOYS-BB03-2-176x300.jpg 176w, https:\/\/mouldking.store\/wp-content\/uploads\/2022\/11\/52TOYS-BB03-2-300x512.jpg 300w, https:\/\/mouldking.store\/wp-content\/uploads\/2022\/11\/52TOYS-BB03-2-88x150.jpg 88w, https:\/\/mouldking.store\/wp-content\/uploads\/2022\/11\/52TOYS-BB03-2-35x60.jpg 35w, https:\/\/mouldking.store\/wp-content\/uploads\/2022\/11\/52TOYS-BB03-2-53x90.jpg 53w\" sizes=\"(max-width: 600px) 100vw, 600px\" \/><figcaption id=\"caption-attachment-34378\" class=\"wp-caption-text\">52TOYS BB03 JOJO Flame Edition Singes orangs-outans<\/figcaption><\/figure>\n<figure id=\"attachment_34379\" aria-describedby=\"caption-attachment-34379\" style=\"width: 583px\" class=\"wp-caption aligncenter\"><img loading=\"lazy\" decoding=\"async\" class=\"wp-image-34379 size-full\" src=\"https:\/\/mouldking.store\/wp-content\/uploads\/2022\/11\/52TOYS-BB03.jpg\" alt=\"52TOYS BB03 JOJO Flame Edition Orangutan Apes \" width=\"583\" height=\"1024\" title=\"-\" srcset=\"https:\/\/mouldking.store\/wp-content\/uploads\/2022\/11\/52TOYS-BB03.jpg 583w, https:\/\/mouldking.store\/wp-content\/uploads\/2022\/11\/52TOYS-BB03-171x300.jpg 171w, https:\/\/mouldking.store\/wp-content\/uploads\/2022\/11\/52TOYS-BB03-300x527.jpg 300w, https:\/\/mouldking.store\/wp-content\/uploads\/2022\/11\/52TOYS-BB03-85x150.jpg 85w, https:\/\/mouldking.store\/wp-content\/uploads\/2022\/11\/52TOYS-BB03-34x60.jpg 34w, https:\/\/mouldking.store\/wp-content\/uploads\/2022\/11\/52TOYS-BB03-51x90.jpg 51w\" sizes=\"(max-width: 583px) 100vw, 583px\" \/><figcaption id=\"caption-attachment-34379\" class=\"wp-caption-text\">52TOYS BB03 JOJO Flame Edition Singes orangs-outans<\/figcaption><\/figure>","protected":false},"excerpt":{"rendered":"<p>Product information: Brand: 52TOYS Gender: Unisex Name: JOJO Flame Edition Orangutan Apes Age Range: &gt; 6 years old Model Number: BB03 Classification: Assemblage Plastic Block Shape: Self-Locking Bricks Material: Plastic Plastic Type: ABS Size: 12 cm Contains detailed assembly instructions. Notice: 1. Without an original box, but we guarantee our products have quality assurance and [&hellip;]<\/p>","protected":false},"featured_media":34373,"comment_status":"closed","ping_status":"closed","template":"","meta":{"_acf_changed":false},"product_cat":[1408],"product_tag":[6179,6927,6920,6925,6921,6923,6922,6928,6924,6926],"class_list":["product","first","instock","shipping-taxable","purchasable","product-type-simple"],"acf":[],"_links":{"self":[{"href":"https:\/\/mouldking.store\/fr\/wp-json\/wp\/v2\/product\/34372","targetHints":{"allow":["GET"]}}],"collection":[{"href":"https:\/\/mouldking.store\/fr\/wp-json\/wp\/v2\/product"}],"about":[{"href":"https:\/\/mouldking.store\/fr\/wp-json\/wp\/v2\/types\/product"}],"replies":[{"embeddable":true,"href":"https:\/\/mouldking.store\/fr\/wp-json\/wp\/v2\/comments?post=34372"}],"wp:featuredmedia":[{"embeddable":true,"href":"https:\/\/mouldking.store\/fr\/wp-json\/wp\/v2\/media\/34373"}],"wp:attachment":[{"href":"https:\/\/mouldking.store\/fr\/wp-json\/wp\/v2\/media?parent=34372"}],"wp:term":[{"taxonomy":"product_cat","embeddable":true,"href":"https:\/\/mouldking.store\/fr\/wp-json\/wp\/v2\/product_cat?post=34372"},{"taxonomy":"product_tag","embeddable":true,"href":"https:\/\/mouldking.store\/fr\/wp-json\/wp\/v2\/product_tag?post=34372"}],"curies":[{"name":"wp","href":"https:\/\/api.w.org\/{rel}","templated":true}]}}