{"id":34579,"date":"2022-11-07T17:01:56","date_gmt":"2022-11-07T10:01:56","guid":{"rendered":"https:\/\/mouldking.store\/?post_type=product&#038;p=34579"},"modified":"2022-11-07T17:01:56","modified_gmt":"2022-11-07T10:01:56","slug":"52toys-bb-09-echoblaster-parrot","status":"publish","type":"product","link":"https:\/\/mouldking.store\/fr\/shop\/52toys-bb-09-echoblaster-parrot\/","title":{"rendered":"52TOYS BB-09 ECHOBLASTER Perroquet"},"content":{"rendered":"<p>Information produit:<\/p>\n<ol>\n<li>Marque : 52TOYS<\/li>\n<li>Genre: Unisexe<\/li>\n<li>Name: ECHOBLASTER Parrot<\/li>\n<li>Tranche d&#039;\u00e2ge : &gt; 6 ans<\/li>\n<li>Model Number: BB-09<\/li>\n<li>Classement : Assemblage<\/li>\n<li>Forme de bloc en plastique\u00a0: briques autobloquantes<\/li>\n<li>Mat\u00e9riel: Plastique<\/li>\n<li>Type de plastique : ABS<\/li>\n<li>Taille : 9cm<\/li>\n<li>Contient des instructions de montage d\u00e9taill\u00e9es.<\/li>\n<\/ol>\n<p>Avis:<br \/>\n1. Sans bo\u00eete d&#039;origine, mais nous garantissons que nos produits ont une assurance qualit\u00e9 et un bel emballage.<br \/>\n2. Comme toutes les pi\u00e8ces que nous avons v\u00e9rifi\u00e9es avant l&#039;exp\u00e9dition, donc si vous trouvez des pi\u00e8ces manquantes ou endommag\u00e9es, ne vous inqui\u00e9tez pas et veuillez nous contacter et nous pouvons vous les renvoyer imm\u00e9diatement gratuitement.<\/p>\n<figure id=\"attachment_34580\" aria-describedby=\"caption-attachment-34580\" style=\"width: 800px\" class=\"wp-caption aligncenter\"><img fetchpriority=\"high\" decoding=\"async\" class=\"wp-image-34580 size-full\" src=\"https:\/\/mouldking.store\/wp-content\/uploads\/2022\/11\/52TOYS-BB-09-14.jpg\" alt=\"52TOYS BB-09 ECHOBLASTER Parrot\" width=\"800\" height=\"800\" title=\"-\" srcset=\"https:\/\/mouldking.store\/wp-content\/uploads\/2022\/11\/52TOYS-BB-09-14.jpg 800w, https:\/\/mouldking.store\/wp-content\/uploads\/2022\/11\/52TOYS-BB-09-14-300x300.jpg 300w, https:\/\/mouldking.store\/wp-content\/uploads\/2022\/11\/52TOYS-BB-09-14-768x768.jpg 768w, https:\/\/mouldking.store\/wp-content\/uploads\/2022\/11\/52TOYS-BB-09-14-600x600.jpg 600w, https:\/\/mouldking.store\/wp-content\/uploads\/2022\/11\/52TOYS-BB-09-14-150x150.jpg 150w, https:\/\/mouldking.store\/wp-content\/uploads\/2022\/11\/52TOYS-BB-09-14-60x60.jpg 60w, https:\/\/mouldking.store\/wp-content\/uploads\/2022\/11\/52TOYS-BB-09-14-90x90.jpg 90w\" sizes=\"(max-width: 800px) 100vw, 800px\" \/><figcaption id=\"caption-attachment-34580\" class=\"wp-caption-text\">52TOYS BB-09 ECHOBLASTER Perroquet<\/figcaption><\/figure>\n<figure id=\"attachment_34581\" aria-describedby=\"caption-attachment-34581\" style=\"width: 750px\" class=\"wp-caption aligncenter\"><img decoding=\"async\" class=\"wp-image-34581 size-full\" src=\"https:\/\/mouldking.store\/wp-content\/uploads\/2022\/11\/52TOYS-BB-09-13.jpg\" alt=\"52TOYS BB-09 ECHOBLASTER Parrot\" width=\"750\" height=\"1000\" title=\"-\" srcset=\"https:\/\/mouldking.store\/wp-content\/uploads\/2022\/11\/52TOYS-BB-09-13.jpg 750w, https:\/\/mouldking.store\/wp-content\/uploads\/2022\/11\/52TOYS-BB-09-13-225x300.jpg 225w, https:\/\/mouldking.store\/wp-content\/uploads\/2022\/11\/52TOYS-BB-09-13-300x400.jpg 300w, https:\/\/mouldking.store\/wp-content\/uploads\/2022\/11\/52TOYS-BB-09-13-600x800.jpg 600w, https:\/\/mouldking.store\/wp-content\/uploads\/2022\/11\/52TOYS-BB-09-13-113x150.jpg 113w, https:\/\/mouldking.store\/wp-content\/uploads\/2022\/11\/52TOYS-BB-09-13-45x60.jpg 45w, https:\/\/mouldking.store\/wp-content\/uploads\/2022\/11\/52TOYS-BB-09-13-68x90.jpg 68w\" sizes=\"(max-width: 750px) 100vw, 750px\" \/><figcaption id=\"caption-attachment-34581\" class=\"wp-caption-text\">52TOYS BB-09 ECHOBLASTER Perroquet<\/figcaption><\/figure>\n<figure id=\"attachment_34582\" aria-describedby=\"caption-attachment-34582\" style=\"width: 750px\" class=\"wp-caption aligncenter\"><img decoding=\"async\" class=\"wp-image-34582 size-full\" src=\"https:\/\/mouldking.store\/wp-content\/uploads\/2022\/11\/52TOYS-BB-09-12.jpg\" alt=\"52TOYS BB-09 ECHOBLASTER Parrot\" width=\"750\" height=\"1000\" title=\"-\" srcset=\"https:\/\/mouldking.store\/wp-content\/uploads\/2022\/11\/52TOYS-BB-09-12.jpg 750w, https:\/\/mouldking.store\/wp-content\/uploads\/2022\/11\/52TOYS-BB-09-12-225x300.jpg 225w, https:\/\/mouldking.store\/wp-content\/uploads\/2022\/11\/52TOYS-BB-09-12-300x400.jpg 300w, https:\/\/mouldking.store\/wp-content\/uploads\/2022\/11\/52TOYS-BB-09-12-600x800.jpg 600w, https:\/\/mouldking.store\/wp-content\/uploads\/2022\/11\/52TOYS-BB-09-12-113x150.jpg 113w, https:\/\/mouldking.store\/wp-content\/uploads\/2022\/11\/52TOYS-BB-09-12-45x60.jpg 45w, https:\/\/mouldking.store\/wp-content\/uploads\/2022\/11\/52TOYS-BB-09-12-68x90.jpg 68w\" sizes=\"(max-width: 750px) 100vw, 750px\" \/><figcaption id=\"caption-attachment-34582\" class=\"wp-caption-text\">52TOYS BB-09 ECHOBLASTER Perroquet<\/figcaption><\/figure>\n<figure id=\"attachment_34583\" aria-describedby=\"caption-attachment-34583\" style=\"width: 750px\" class=\"wp-caption aligncenter\"><img loading=\"lazy\" decoding=\"async\" class=\"wp-image-34583 size-full\" src=\"https:\/\/mouldking.store\/wp-content\/uploads\/2022\/11\/52TOYS-BB-09-11.jpg\" alt=\"52TOYS BB-09 ECHOBLASTER Parrot\" width=\"750\" height=\"1000\" title=\"-\" srcset=\"https:\/\/mouldking.store\/wp-content\/uploads\/2022\/11\/52TOYS-BB-09-11.jpg 750w, https:\/\/mouldking.store\/wp-content\/uploads\/2022\/11\/52TOYS-BB-09-11-225x300.jpg 225w, https:\/\/mouldking.store\/wp-content\/uploads\/2022\/11\/52TOYS-BB-09-11-300x400.jpg 300w, https:\/\/mouldking.store\/wp-content\/uploads\/2022\/11\/52TOYS-BB-09-11-600x800.jpg 600w, https:\/\/mouldking.store\/wp-content\/uploads\/2022\/11\/52TOYS-BB-09-11-113x150.jpg 113w, https:\/\/mouldking.store\/wp-content\/uploads\/2022\/11\/52TOYS-BB-09-11-45x60.jpg 45w, https:\/\/mouldking.store\/wp-content\/uploads\/2022\/11\/52TOYS-BB-09-11-68x90.jpg 68w\" sizes=\"(max-width: 750px) 100vw, 750px\" \/><figcaption id=\"caption-attachment-34583\" class=\"wp-caption-text\">52TOYS BB-09 ECHOBLASTER Perroquet<\/figcaption><\/figure>\n<figure id=\"attachment_34584\" aria-describedby=\"caption-attachment-34584\" style=\"width: 695px\" class=\"wp-caption aligncenter\"><img loading=\"lazy\" decoding=\"async\" class=\"wp-image-34584 size-full\" src=\"https:\/\/mouldking.store\/wp-content\/uploads\/2022\/11\/52TOYS-BB-09-10.jpg\" alt=\"52TOYS BB-09 ECHOBLASTER Parrot\" width=\"695\" height=\"1024\" title=\"-\" srcset=\"https:\/\/mouldking.store\/wp-content\/uploads\/2022\/11\/52TOYS-BB-09-10.jpg 695w, https:\/\/mouldking.store\/wp-content\/uploads\/2022\/11\/52TOYS-BB-09-10-204x300.jpg 204w, https:\/\/mouldking.store\/wp-content\/uploads\/2022\/11\/52TOYS-BB-09-10-300x442.jpg 300w, https:\/\/mouldking.store\/wp-content\/uploads\/2022\/11\/52TOYS-BB-09-10-600x884.jpg 600w, https:\/\/mouldking.store\/wp-content\/uploads\/2022\/11\/52TOYS-BB-09-10-102x150.jpg 102w, https:\/\/mouldking.store\/wp-content\/uploads\/2022\/11\/52TOYS-BB-09-10-41x60.jpg 41w, https:\/\/mouldking.store\/wp-content\/uploads\/2022\/11\/52TOYS-BB-09-10-61x90.jpg 61w\" sizes=\"(max-width: 695px) 100vw, 695px\" \/><figcaption id=\"caption-attachment-34584\" class=\"wp-caption-text\">52TOYS BB-09 ECHOBLASTER Perroquet<\/figcaption><\/figure>\n<figure id=\"attachment_34585\" aria-describedby=\"caption-attachment-34585\" style=\"width: 790px\" class=\"wp-caption aligncenter\"><img loading=\"lazy\" decoding=\"async\" class=\"wp-image-34585 size-full\" src=\"https:\/\/mouldking.store\/wp-content\/uploads\/2022\/11\/52TOYS-BB-09-9.jpg\" alt=\"52TOYS BB-09 ECHOBLASTER Parrot\" width=\"790\" height=\"830\" title=\"-\" srcset=\"https:\/\/mouldking.store\/wp-content\/uploads\/2022\/11\/52TOYS-BB-09-9.jpg 790w, https:\/\/mouldking.store\/wp-content\/uploads\/2022\/11\/52TOYS-BB-09-9-286x300.jpg 286w, https:\/\/mouldking.store\/wp-content\/uploads\/2022\/11\/52TOYS-BB-09-9-768x807.jpg 768w, https:\/\/mouldking.store\/wp-content\/uploads\/2022\/11\/52TOYS-BB-09-9-300x315.jpg 300w, https:\/\/mouldking.store\/wp-content\/uploads\/2022\/11\/52TOYS-BB-09-9-600x630.jpg 600w, https:\/\/mouldking.store\/wp-content\/uploads\/2022\/11\/52TOYS-BB-09-9-143x150.jpg 143w, https:\/\/mouldking.store\/wp-content\/uploads\/2022\/11\/52TOYS-BB-09-9-57x60.jpg 57w, https:\/\/mouldking.store\/wp-content\/uploads\/2022\/11\/52TOYS-BB-09-9-86x90.jpg 86w\" sizes=\"(max-width: 790px) 100vw, 790px\" \/><figcaption id=\"caption-attachment-34585\" class=\"wp-caption-text\">52TOYS BB-09 ECHOBLASTER Perroquet<\/figcaption><\/figure>\n<figure id=\"attachment_34586\" aria-describedby=\"caption-attachment-34586\" style=\"width: 790px\" class=\"wp-caption aligncenter\"><img loading=\"lazy\" decoding=\"async\" class=\"wp-image-34586 size-full\" src=\"https:\/\/mouldking.store\/wp-content\/uploads\/2022\/11\/52TOYS-BB-09-8.jpg\" alt=\"52TOYS BB-09 ECHOBLASTER Parrot\" width=\"790\" height=\"960\" title=\"-\" srcset=\"https:\/\/mouldking.store\/wp-content\/uploads\/2022\/11\/52TOYS-BB-09-8.jpg 790w, https:\/\/mouldking.store\/wp-content\/uploads\/2022\/11\/52TOYS-BB-09-8-247x300.jpg 247w, https:\/\/mouldking.store\/wp-content\/uploads\/2022\/11\/52TOYS-BB-09-8-768x933.jpg 768w, https:\/\/mouldking.store\/wp-content\/uploads\/2022\/11\/52TOYS-BB-09-8-300x365.jpg 300w, https:\/\/mouldking.store\/wp-content\/uploads\/2022\/11\/52TOYS-BB-09-8-600x729.jpg 600w, https:\/\/mouldking.store\/wp-content\/uploads\/2022\/11\/52TOYS-BB-09-8-123x150.jpg 123w, https:\/\/mouldking.store\/wp-content\/uploads\/2022\/11\/52TOYS-BB-09-8-49x60.jpg 49w, https:\/\/mouldking.store\/wp-content\/uploads\/2022\/11\/52TOYS-BB-09-8-74x90.jpg 74w\" sizes=\"(max-width: 790px) 100vw, 790px\" \/><figcaption id=\"caption-attachment-34586\" class=\"wp-caption-text\">52TOYS BB-09 ECHOBLASTER Perroquet<\/figcaption><\/figure>\n<figure id=\"attachment_34587\" aria-describedby=\"caption-attachment-34587\" style=\"width: 790px\" class=\"wp-caption aligncenter\"><img loading=\"lazy\" decoding=\"async\" class=\"wp-image-34587 size-full\" src=\"https:\/\/mouldking.store\/wp-content\/uploads\/2022\/11\/52TOYS-BB-09-7.jpg\" alt=\"52TOYS BB-09 ECHOBLASTER Parrot\" width=\"790\" height=\"960\" title=\"-\" srcset=\"https:\/\/mouldking.store\/wp-content\/uploads\/2022\/11\/52TOYS-BB-09-7.jpg 790w, https:\/\/mouldking.store\/wp-content\/uploads\/2022\/11\/52TOYS-BB-09-7-247x300.jpg 247w, https:\/\/mouldking.store\/wp-content\/uploads\/2022\/11\/52TOYS-BB-09-7-768x933.jpg 768w, https:\/\/mouldking.store\/wp-content\/uploads\/2022\/11\/52TOYS-BB-09-7-300x365.jpg 300w, https:\/\/mouldking.store\/wp-content\/uploads\/2022\/11\/52TOYS-BB-09-7-600x729.jpg 600w, https:\/\/mouldking.store\/wp-content\/uploads\/2022\/11\/52TOYS-BB-09-7-123x150.jpg 123w, https:\/\/mouldking.store\/wp-content\/uploads\/2022\/11\/52TOYS-BB-09-7-49x60.jpg 49w, https:\/\/mouldking.store\/wp-content\/uploads\/2022\/11\/52TOYS-BB-09-7-74x90.jpg 74w\" sizes=\"(max-width: 790px) 100vw, 790px\" \/><figcaption id=\"caption-attachment-34587\" class=\"wp-caption-text\">52TOYS BB-09 ECHOBLASTER Perroquet<\/figcaption><\/figure>\n<figure id=\"attachment_34588\" aria-describedby=\"caption-attachment-34588\" style=\"width: 788px\" class=\"wp-caption aligncenter\"><img loading=\"lazy\" decoding=\"async\" class=\"wp-image-34588 size-full\" src=\"https:\/\/mouldking.store\/wp-content\/uploads\/2022\/11\/52TOYS-BB-09-6.jpg\" alt=\"52TOYS BB-09 ECHOBLASTER Parrot\" width=\"788\" height=\"712\" title=\"-\" srcset=\"https:\/\/mouldking.store\/wp-content\/uploads\/2022\/11\/52TOYS-BB-09-6.jpg 788w, https:\/\/mouldking.store\/wp-content\/uploads\/2022\/11\/52TOYS-BB-09-6-300x271.jpg 300w, https:\/\/mouldking.store\/wp-content\/uploads\/2022\/11\/52TOYS-BB-09-6-768x694.jpg 768w, https:\/\/mouldking.store\/wp-content\/uploads\/2022\/11\/52TOYS-BB-09-6-600x542.jpg 600w, https:\/\/mouldking.store\/wp-content\/uploads\/2022\/11\/52TOYS-BB-09-6-150x136.jpg 150w, https:\/\/mouldking.store\/wp-content\/uploads\/2022\/11\/52TOYS-BB-09-6-66x60.jpg 66w, https:\/\/mouldking.store\/wp-content\/uploads\/2022\/11\/52TOYS-BB-09-6-100x90.jpg 100w\" sizes=\"(max-width: 788px) 100vw, 788px\" \/><figcaption id=\"caption-attachment-34588\" class=\"wp-caption-text\">52TOYS BB-09 ECHOBLASTER Perroquet<\/figcaption><\/figure>\n<figure id=\"attachment_34589\" aria-describedby=\"caption-attachment-34589\" style=\"width: 957px\" class=\"wp-caption aligncenter\"><img loading=\"lazy\" decoding=\"async\" class=\"wp-image-34589 size-full\" src=\"https:\/\/mouldking.store\/wp-content\/uploads\/2022\/11\/52TOYS-BB-09-5.jpg\" alt=\"52TOYS BB-09 ECHOBLASTER Parrot\" width=\"957\" height=\"1024\" title=\"-\" srcset=\"https:\/\/mouldking.store\/wp-content\/uploads\/2022\/11\/52TOYS-BB-09-5.jpg 957w, https:\/\/mouldking.store\/wp-content\/uploads\/2022\/11\/52TOYS-BB-09-5-280x300.jpg 280w, https:\/\/mouldking.store\/wp-content\/uploads\/2022\/11\/52TOYS-BB-09-5-768x822.jpg 768w, https:\/\/mouldking.store\/wp-content\/uploads\/2022\/11\/52TOYS-BB-09-5-300x321.jpg 300w, https:\/\/mouldking.store\/wp-content\/uploads\/2022\/11\/52TOYS-BB-09-5-600x642.jpg 600w, https:\/\/mouldking.store\/wp-content\/uploads\/2022\/11\/52TOYS-BB-09-5-140x150.jpg 140w, https:\/\/mouldking.store\/wp-content\/uploads\/2022\/11\/52TOYS-BB-09-5-56x60.jpg 56w, https:\/\/mouldking.store\/wp-content\/uploads\/2022\/11\/52TOYS-BB-09-5-84x90.jpg 84w\" sizes=\"(max-width: 957px) 100vw, 957px\" \/><figcaption id=\"caption-attachment-34589\" class=\"wp-caption-text\">52TOYS BB-09 ECHOBLASTER Perroquet<\/figcaption><\/figure>\n<figure id=\"attachment_34590\" aria-describedby=\"caption-attachment-34590\" style=\"width: 848px\" class=\"wp-caption aligncenter\"><img loading=\"lazy\" decoding=\"async\" class=\"wp-image-34590 size-full\" src=\"https:\/\/mouldking.store\/wp-content\/uploads\/2022\/11\/52TOYS-BB-09-4.jpg\" alt=\"52TOYS BB-09 ECHOBLASTER Parrot\" width=\"848\" height=\"1024\" title=\"-\" srcset=\"https:\/\/mouldking.store\/wp-content\/uploads\/2022\/11\/52TOYS-BB-09-4.jpg 848w, https:\/\/mouldking.store\/wp-content\/uploads\/2022\/11\/52TOYS-BB-09-4-248x300.jpg 248w, https:\/\/mouldking.store\/wp-content\/uploads\/2022\/11\/52TOYS-BB-09-4-768x927.jpg 768w, https:\/\/mouldking.store\/wp-content\/uploads\/2022\/11\/52TOYS-BB-09-4-300x362.jpg 300w, https:\/\/mouldking.store\/wp-content\/uploads\/2022\/11\/52TOYS-BB-09-4-600x725.jpg 600w, https:\/\/mouldking.store\/wp-content\/uploads\/2022\/11\/52TOYS-BB-09-4-124x150.jpg 124w, https:\/\/mouldking.store\/wp-content\/uploads\/2022\/11\/52TOYS-BB-09-4-50x60.jpg 50w, https:\/\/mouldking.store\/wp-content\/uploads\/2022\/11\/52TOYS-BB-09-4-75x90.jpg 75w\" sizes=\"(max-width: 848px) 100vw, 848px\" \/><figcaption id=\"caption-attachment-34590\" class=\"wp-caption-text\">52TOYS BB-09 ECHOBLASTER Perroquet<\/figcaption><\/figure>\n<figure id=\"attachment_34591\" aria-describedby=\"caption-attachment-34591\" style=\"width: 1024px\" class=\"wp-caption aligncenter\"><img loading=\"lazy\" decoding=\"async\" class=\"wp-image-34591 size-full\" src=\"https:\/\/mouldking.store\/wp-content\/uploads\/2022\/11\/52TOYS-BB-09-3.jpg\" alt=\"52TOYS BB-09 ECHOBLASTER Parrot\" width=\"1024\" height=\"1020\" title=\"-\" srcset=\"https:\/\/mouldking.store\/wp-content\/uploads\/2022\/11\/52TOYS-BB-09-3.jpg 1024w, https:\/\/mouldking.store\/wp-content\/uploads\/2022\/11\/52TOYS-BB-09-3-300x299.jpg 300w, https:\/\/mouldking.store\/wp-content\/uploads\/2022\/11\/52TOYS-BB-09-3-768x765.jpg 768w, https:\/\/mouldking.store\/wp-content\/uploads\/2022\/11\/52TOYS-BB-09-3-600x598.jpg 600w, https:\/\/mouldking.store\/wp-content\/uploads\/2022\/11\/52TOYS-BB-09-3-150x150.jpg 150w, https:\/\/mouldking.store\/wp-content\/uploads\/2022\/11\/52TOYS-BB-09-3-60x60.jpg 60w, https:\/\/mouldking.store\/wp-content\/uploads\/2022\/11\/52TOYS-BB-09-3-90x90.jpg 90w\" sizes=\"(max-width: 1024px) 100vw, 1024px\" \/><figcaption id=\"caption-attachment-34591\" class=\"wp-caption-text\">52TOYS BB-09 ECHOBLASTER Perroquet<\/figcaption><\/figure>\n<figure id=\"attachment_34592\" aria-describedby=\"caption-attachment-34592\" style=\"width: 788px\" class=\"wp-caption aligncenter\"><img loading=\"lazy\" decoding=\"async\" class=\"wp-image-34592 size-full\" src=\"https:\/\/mouldking.store\/wp-content\/uploads\/2022\/11\/52TOYS-BB-09-2.jpg\" alt=\"52TOYS BB-09 ECHOBLASTER Parrot\" width=\"788\" height=\"828\" title=\"-\" srcset=\"https:\/\/mouldking.store\/wp-content\/uploads\/2022\/11\/52TOYS-BB-09-2.jpg 788w, https:\/\/mouldking.store\/wp-content\/uploads\/2022\/11\/52TOYS-BB-09-2-286x300.jpg 286w, https:\/\/mouldking.store\/wp-content\/uploads\/2022\/11\/52TOYS-BB-09-2-768x807.jpg 768w, https:\/\/mouldking.store\/wp-content\/uploads\/2022\/11\/52TOYS-BB-09-2-300x315.jpg 300w, https:\/\/mouldking.store\/wp-content\/uploads\/2022\/11\/52TOYS-BB-09-2-600x630.jpg 600w, https:\/\/mouldking.store\/wp-content\/uploads\/2022\/11\/52TOYS-BB-09-2-143x150.jpg 143w, https:\/\/mouldking.store\/wp-content\/uploads\/2022\/11\/52TOYS-BB-09-2-57x60.jpg 57w, https:\/\/mouldking.store\/wp-content\/uploads\/2022\/11\/52TOYS-BB-09-2-86x90.jpg 86w\" sizes=\"(max-width: 788px) 100vw, 788px\" \/><figcaption id=\"caption-attachment-34592\" class=\"wp-caption-text\">52TOYS BB-09 ECHOBLASTER Perroquet<\/figcaption><\/figure>\n<figure id=\"attachment_34593\" aria-describedby=\"caption-attachment-34593\" style=\"width: 788px\" class=\"wp-caption aligncenter\"><img loading=\"lazy\" decoding=\"async\" class=\"wp-image-34593 size-full\" src=\"https:\/\/mouldking.store\/wp-content\/uploads\/2022\/11\/52TOYS-BB-09-1.jpg\" alt=\"52TOYS BB-09 ECHOBLASTER Parrot\" width=\"788\" height=\"768\" title=\"-\" srcset=\"https:\/\/mouldking.store\/wp-content\/uploads\/2022\/11\/52TOYS-BB-09-1.jpg 788w, https:\/\/mouldking.store\/wp-content\/uploads\/2022\/11\/52TOYS-BB-09-1-300x292.jpg 300w, https:\/\/mouldking.store\/wp-content\/uploads\/2022\/11\/52TOYS-BB-09-1-768x749.jpg 768w, https:\/\/mouldking.store\/wp-content\/uploads\/2022\/11\/52TOYS-BB-09-1-600x585.jpg 600w, https:\/\/mouldking.store\/wp-content\/uploads\/2022\/11\/52TOYS-BB-09-1-150x146.jpg 150w, https:\/\/mouldking.store\/wp-content\/uploads\/2022\/11\/52TOYS-BB-09-1-62x60.jpg 62w, https:\/\/mouldking.store\/wp-content\/uploads\/2022\/11\/52TOYS-BB-09-1-92x90.jpg 92w\" sizes=\"(max-width: 788px) 100vw, 788px\" \/><figcaption id=\"caption-attachment-34593\" class=\"wp-caption-text\">52TOYS BB-09 ECHOBLASTER Perroquet<\/figcaption><\/figure>\n<figure id=\"attachment_34594\" aria-describedby=\"caption-attachment-34594\" style=\"width: 960px\" class=\"wp-caption aligncenter\"><img loading=\"lazy\" decoding=\"async\" class=\"wp-image-34594 size-full\" src=\"https:\/\/mouldking.store\/wp-content\/uploads\/2022\/11\/52TOYS-BB-09.jpg\" alt=\"52TOYS BB-09 ECHOBLASTER Parrot\" width=\"960\" height=\"1024\" title=\"-\" srcset=\"https:\/\/mouldking.store\/wp-content\/uploads\/2022\/11\/52TOYS-BB-09.jpg 960w, https:\/\/mouldking.store\/wp-content\/uploads\/2022\/11\/52TOYS-BB-09-281x300.jpg 281w, https:\/\/mouldking.store\/wp-content\/uploads\/2022\/11\/52TOYS-BB-09-768x819.jpg 768w, https:\/\/mouldking.store\/wp-content\/uploads\/2022\/11\/52TOYS-BB-09-300x320.jpg 300w, https:\/\/mouldking.store\/wp-content\/uploads\/2022\/11\/52TOYS-BB-09-600x640.jpg 600w, https:\/\/mouldking.store\/wp-content\/uploads\/2022\/11\/52TOYS-BB-09-141x150.jpg 141w, https:\/\/mouldking.store\/wp-content\/uploads\/2022\/11\/52TOYS-BB-09-56x60.jpg 56w, https:\/\/mouldking.store\/wp-content\/uploads\/2022\/11\/52TOYS-BB-09-84x90.jpg 84w\" sizes=\"(max-width: 960px) 100vw, 960px\" \/><figcaption id=\"caption-attachment-34594\" class=\"wp-caption-text\">52TOYS BB-09 ECHOBLASTER Perroquet<\/figcaption><\/figure>","protected":false},"excerpt":{"rendered":"<p>Product information: Brand: 52TOYS Gender: Unisex Name: ECHOBLASTER Parrot Age Range: &gt; 6 years old Model Number: BB-09 Classification: Assemblage Plastic Block Shape: Self-Locking Bricks Material: Plastic Plastic Type: ABS Size: 9 cm Contains detailed assembly instructions. Notice: 1. Without an original box, but we guarantee our products have quality assurance and nice packaging. 2. [&hellip;]<\/p>","protected":false},"featured_media":34580,"comment_status":"closed","ping_status":"closed","template":"","meta":{"_acf_changed":false},"product_cat":[1365],"product_tag":[6179,7028,7024,7025,7026,7029,7027],"class_list":["product","first","instock","shipping-taxable","purchasable","product-type-simple"],"acf":[],"_links":{"self":[{"href":"https:\/\/mouldking.store\/fr\/wp-json\/wp\/v2\/product\/34579","targetHints":{"allow":["GET"]}}],"collection":[{"href":"https:\/\/mouldking.store\/fr\/wp-json\/wp\/v2\/product"}],"about":[{"href":"https:\/\/mouldking.store\/fr\/wp-json\/wp\/v2\/types\/product"}],"replies":[{"embeddable":true,"href":"https:\/\/mouldking.store\/fr\/wp-json\/wp\/v2\/comments?post=34579"}],"wp:featuredmedia":[{"embeddable":true,"href":"https:\/\/mouldking.store\/fr\/wp-json\/wp\/v2\/media\/34580"}],"wp:attachment":[{"href":"https:\/\/mouldking.store\/fr\/wp-json\/wp\/v2\/media?parent=34579"}],"wp:term":[{"taxonomy":"product_cat","embeddable":true,"href":"https:\/\/mouldking.store\/fr\/wp-json\/wp\/v2\/product_cat?post=34579"},{"taxonomy":"product_tag","embeddable":true,"href":"https:\/\/mouldking.store\/fr\/wp-json\/wp\/v2\/product_tag?post=34579"}],"curies":[{"name":"wp","href":"https:\/\/api.w.org\/{rel}","templated":true}]}}