{"id":34595,"date":"2022-11-07T17:12:54","date_gmt":"2022-11-07T10:12:54","guid":{"rendered":"https:\/\/mouldking.store\/?post_type=product&#038;p=34595"},"modified":"2022-11-07T17:12:54","modified_gmt":"2022-11-07T10:12:54","slug":"52toys-bb-08-iceqube-penguin","status":"publish","type":"product","link":"https:\/\/mouldking.store\/fr\/shop\/52toys-bb-08-iceqube-penguin\/","title":{"rendered":"52TOYS BB-08 ICEQUBE Penguin"},"content":{"rendered":"<p>Information produit:<\/p>\n<ol>\n<li>Marque : 52TOYS<\/li>\n<li>Genre: Unisexe<\/li>\n<li>Name: ICEQUBE Penguin<\/li>\n<li>Tranche d&#039;\u00e2ge : &gt; 6 ans<\/li>\n<li>Model Number: BB-08<\/li>\n<li>Classement : Assemblage<\/li>\n<li>Forme de bloc en plastique\u00a0: briques autobloquantes<\/li>\n<li>Mat\u00e9riel: Plastique<\/li>\n<li>Type de plastique : ABS<\/li>\n<li>Size: 5 cm<\/li>\n<li>Contient des instructions de montage d\u00e9taill\u00e9es.<\/li>\n<\/ol>\n<p>Avis:<br \/>\n1. Sans bo\u00eete d&#039;origine, mais nous garantissons que nos produits ont une assurance qualit\u00e9 et un bel emballage.<br \/>\n2. Comme toutes les pi\u00e8ces que nous avons v\u00e9rifi\u00e9es avant l&#039;exp\u00e9dition, donc si vous trouvez des pi\u00e8ces manquantes ou endommag\u00e9es, ne vous inqui\u00e9tez pas et veuillez nous contacter et nous pouvons vous les renvoyer imm\u00e9diatement gratuitement.<\/p>\n<figure id=\"attachment_34596\" aria-describedby=\"caption-attachment-34596\" style=\"width: 800px\" class=\"wp-caption aligncenter\"><img fetchpriority=\"high\" decoding=\"async\" class=\"wp-image-34596 size-full\" src=\"https:\/\/mouldking.store\/wp-content\/uploads\/2022\/11\/52TOYS-BB-08-13.jpg\" alt=\"52TOYS BB-08 ICEQUBE Penguin\" width=\"800\" height=\"800\" title=\"-\" srcset=\"https:\/\/mouldking.store\/wp-content\/uploads\/2022\/11\/52TOYS-BB-08-13.jpg 800w, https:\/\/mouldking.store\/wp-content\/uploads\/2022\/11\/52TOYS-BB-08-13-300x300.jpg 300w, https:\/\/mouldking.store\/wp-content\/uploads\/2022\/11\/52TOYS-BB-08-13-768x768.jpg 768w, https:\/\/mouldking.store\/wp-content\/uploads\/2022\/11\/52TOYS-BB-08-13-600x600.jpg 600w, https:\/\/mouldking.store\/wp-content\/uploads\/2022\/11\/52TOYS-BB-08-13-150x150.jpg 150w, https:\/\/mouldking.store\/wp-content\/uploads\/2022\/11\/52TOYS-BB-08-13-60x60.jpg 60w, https:\/\/mouldking.store\/wp-content\/uploads\/2022\/11\/52TOYS-BB-08-13-90x90.jpg 90w\" sizes=\"(max-width: 800px) 100vw, 800px\" \/><figcaption id=\"caption-attachment-34596\" class=\"wp-caption-text\">52TOYS BB-08 ICEQUBE Penguin<\/figcaption><\/figure>\n<figure id=\"attachment_34597\" aria-describedby=\"caption-attachment-34597\" style=\"width: 750px\" class=\"wp-caption aligncenter\"><img decoding=\"async\" class=\"wp-image-34597 size-full\" src=\"https:\/\/mouldking.store\/wp-content\/uploads\/2022\/11\/52TOYS-BB-08-12.jpg\" alt=\"52TOYS BB-08 ICEQUBE Penguin\" width=\"750\" height=\"1000\" title=\"-\" srcset=\"https:\/\/mouldking.store\/wp-content\/uploads\/2022\/11\/52TOYS-BB-08-12.jpg 750w, https:\/\/mouldking.store\/wp-content\/uploads\/2022\/11\/52TOYS-BB-08-12-225x300.jpg 225w, https:\/\/mouldking.store\/wp-content\/uploads\/2022\/11\/52TOYS-BB-08-12-300x400.jpg 300w, https:\/\/mouldking.store\/wp-content\/uploads\/2022\/11\/52TOYS-BB-08-12-600x800.jpg 600w, https:\/\/mouldking.store\/wp-content\/uploads\/2022\/11\/52TOYS-BB-08-12-113x150.jpg 113w, https:\/\/mouldking.store\/wp-content\/uploads\/2022\/11\/52TOYS-BB-08-12-45x60.jpg 45w, https:\/\/mouldking.store\/wp-content\/uploads\/2022\/11\/52TOYS-BB-08-12-68x90.jpg 68w\" sizes=\"(max-width: 750px) 100vw, 750px\" \/><figcaption id=\"caption-attachment-34597\" class=\"wp-caption-text\">52TOYS BB-08 ICEQUBE Penguin<\/figcaption><\/figure>\n<figure id=\"attachment_34598\" aria-describedby=\"caption-attachment-34598\" style=\"width: 750px\" class=\"wp-caption aligncenter\"><img decoding=\"async\" class=\"wp-image-34598 size-full\" src=\"https:\/\/mouldking.store\/wp-content\/uploads\/2022\/11\/52TOYS-BB-08-11.jpg\" alt=\"52TOYS BB-08 ICEQUBE Penguin\" width=\"750\" height=\"1000\" title=\"-\" srcset=\"https:\/\/mouldking.store\/wp-content\/uploads\/2022\/11\/52TOYS-BB-08-11.jpg 750w, https:\/\/mouldking.store\/wp-content\/uploads\/2022\/11\/52TOYS-BB-08-11-225x300.jpg 225w, https:\/\/mouldking.store\/wp-content\/uploads\/2022\/11\/52TOYS-BB-08-11-300x400.jpg 300w, https:\/\/mouldking.store\/wp-content\/uploads\/2022\/11\/52TOYS-BB-08-11-600x800.jpg 600w, https:\/\/mouldking.store\/wp-content\/uploads\/2022\/11\/52TOYS-BB-08-11-113x150.jpg 113w, https:\/\/mouldking.store\/wp-content\/uploads\/2022\/11\/52TOYS-BB-08-11-45x60.jpg 45w, https:\/\/mouldking.store\/wp-content\/uploads\/2022\/11\/52TOYS-BB-08-11-68x90.jpg 68w\" sizes=\"(max-width: 750px) 100vw, 750px\" \/><figcaption id=\"caption-attachment-34598\" class=\"wp-caption-text\">52TOYS BB-08 ICEQUBE Penguin<\/figcaption><\/figure>\n<figure id=\"attachment_34599\" aria-describedby=\"caption-attachment-34599\" style=\"width: 750px\" class=\"wp-caption aligncenter\"><img loading=\"lazy\" decoding=\"async\" class=\"wp-image-34599 size-full\" src=\"https:\/\/mouldking.store\/wp-content\/uploads\/2022\/11\/52TOYS-BB-08-10.jpg\" alt=\"52TOYS BB-08 ICEQUBE Penguin\" width=\"750\" height=\"1000\" title=\"-\" srcset=\"https:\/\/mouldking.store\/wp-content\/uploads\/2022\/11\/52TOYS-BB-08-10.jpg 750w, https:\/\/mouldking.store\/wp-content\/uploads\/2022\/11\/52TOYS-BB-08-10-225x300.jpg 225w, https:\/\/mouldking.store\/wp-content\/uploads\/2022\/11\/52TOYS-BB-08-10-300x400.jpg 300w, https:\/\/mouldking.store\/wp-content\/uploads\/2022\/11\/52TOYS-BB-08-10-600x800.jpg 600w, https:\/\/mouldking.store\/wp-content\/uploads\/2022\/11\/52TOYS-BB-08-10-113x150.jpg 113w, https:\/\/mouldking.store\/wp-content\/uploads\/2022\/11\/52TOYS-BB-08-10-45x60.jpg 45w, https:\/\/mouldking.store\/wp-content\/uploads\/2022\/11\/52TOYS-BB-08-10-68x90.jpg 68w\" sizes=\"(max-width: 750px) 100vw, 750px\" \/><figcaption id=\"caption-attachment-34599\" class=\"wp-caption-text\">52TOYS BB-08 ICEQUBE Penguin<\/figcaption><\/figure>\n<figure id=\"attachment_34600\" aria-describedby=\"caption-attachment-34600\" style=\"width: 784px\" class=\"wp-caption aligncenter\"><img loading=\"lazy\" decoding=\"async\" class=\"wp-image-34600 size-full\" src=\"https:\/\/mouldking.store\/wp-content\/uploads\/2022\/11\/52TOYS-BB-08-9.jpg\" alt=\"52TOYS BB-08 ICEQUBE Penguin\" width=\"784\" height=\"660\" title=\"-\" srcset=\"https:\/\/mouldking.store\/wp-content\/uploads\/2022\/11\/52TOYS-BB-08-9.jpg 784w, https:\/\/mouldking.store\/wp-content\/uploads\/2022\/11\/52TOYS-BB-08-9-300x253.jpg 300w, https:\/\/mouldking.store\/wp-content\/uploads\/2022\/11\/52TOYS-BB-08-9-768x647.jpg 768w, https:\/\/mouldking.store\/wp-content\/uploads\/2022\/11\/52TOYS-BB-08-9-600x505.jpg 600w, https:\/\/mouldking.store\/wp-content\/uploads\/2022\/11\/52TOYS-BB-08-9-150x126.jpg 150w, https:\/\/mouldking.store\/wp-content\/uploads\/2022\/11\/52TOYS-BB-08-9-71x60.jpg 71w, https:\/\/mouldking.store\/wp-content\/uploads\/2022\/11\/52TOYS-BB-08-9-107x90.jpg 107w\" sizes=\"(max-width: 784px) 100vw, 784px\" \/><figcaption id=\"caption-attachment-34600\" class=\"wp-caption-text\">52TOYS BB-08 ICEQUBE Penguin<\/figcaption><\/figure>\n<figure id=\"attachment_34601\" aria-describedby=\"caption-attachment-34601\" style=\"width: 784px\" class=\"wp-caption aligncenter\"><img loading=\"lazy\" decoding=\"async\" class=\"wp-image-34601 size-full\" src=\"https:\/\/mouldking.store\/wp-content\/uploads\/2022\/11\/52TOYS-BB-08-8.jpg\" alt=\"52TOYS BB-08 ICEQUBE Penguin\" width=\"784\" height=\"888\" title=\"-\" srcset=\"https:\/\/mouldking.store\/wp-content\/uploads\/2022\/11\/52TOYS-BB-08-8.jpg 784w, https:\/\/mouldking.store\/wp-content\/uploads\/2022\/11\/52TOYS-BB-08-8-265x300.jpg 265w, https:\/\/mouldking.store\/wp-content\/uploads\/2022\/11\/52TOYS-BB-08-8-768x870.jpg 768w, https:\/\/mouldking.store\/wp-content\/uploads\/2022\/11\/52TOYS-BB-08-8-300x340.jpg 300w, https:\/\/mouldking.store\/wp-content\/uploads\/2022\/11\/52TOYS-BB-08-8-600x680.jpg 600w, https:\/\/mouldking.store\/wp-content\/uploads\/2022\/11\/52TOYS-BB-08-8-132x150.jpg 132w, https:\/\/mouldking.store\/wp-content\/uploads\/2022\/11\/52TOYS-BB-08-8-53x60.jpg 53w, https:\/\/mouldking.store\/wp-content\/uploads\/2022\/11\/52TOYS-BB-08-8-79x90.jpg 79w\" sizes=\"(max-width: 784px) 100vw, 784px\" \/><figcaption id=\"caption-attachment-34601\" class=\"wp-caption-text\">52TOYS BB-08 ICEQUBE Penguin<\/figcaption><\/figure>\n<figure id=\"attachment_34602\" aria-describedby=\"caption-attachment-34602\" style=\"width: 790px\" class=\"wp-caption aligncenter\"><img loading=\"lazy\" decoding=\"async\" class=\"wp-image-34602 size-full\" src=\"https:\/\/mouldking.store\/wp-content\/uploads\/2022\/11\/52TOYS-BB-08-7.jpg\" alt=\"52TOYS BB-08 ICEQUBE Penguin\" width=\"790\" height=\"960\" title=\"-\" srcset=\"https:\/\/mouldking.store\/wp-content\/uploads\/2022\/11\/52TOYS-BB-08-7.jpg 790w, https:\/\/mouldking.store\/wp-content\/uploads\/2022\/11\/52TOYS-BB-08-7-247x300.jpg 247w, https:\/\/mouldking.store\/wp-content\/uploads\/2022\/11\/52TOYS-BB-08-7-768x933.jpg 768w, https:\/\/mouldking.store\/wp-content\/uploads\/2022\/11\/52TOYS-BB-08-7-300x365.jpg 300w, https:\/\/mouldking.store\/wp-content\/uploads\/2022\/11\/52TOYS-BB-08-7-600x729.jpg 600w, https:\/\/mouldking.store\/wp-content\/uploads\/2022\/11\/52TOYS-BB-08-7-123x150.jpg 123w, https:\/\/mouldking.store\/wp-content\/uploads\/2022\/11\/52TOYS-BB-08-7-49x60.jpg 49w, https:\/\/mouldking.store\/wp-content\/uploads\/2022\/11\/52TOYS-BB-08-7-74x90.jpg 74w\" sizes=\"(max-width: 790px) 100vw, 790px\" \/><figcaption id=\"caption-attachment-34602\" class=\"wp-caption-text\">52TOYS BB-08 ICEQUBE Penguin<\/figcaption><\/figure>\n<figure id=\"attachment_34603\" aria-describedby=\"caption-attachment-34603\" style=\"width: 784px\" class=\"wp-caption aligncenter\"><img loading=\"lazy\" decoding=\"async\" class=\"wp-image-34603 size-full\" src=\"https:\/\/mouldking.store\/wp-content\/uploads\/2022\/11\/52TOYS-BB-08-6.jpg\" alt=\"52TOYS BB-08 ICEQUBE Penguin\" width=\"784\" height=\"724\" title=\"-\" srcset=\"https:\/\/mouldking.store\/wp-content\/uploads\/2022\/11\/52TOYS-BB-08-6.jpg 784w, https:\/\/mouldking.store\/wp-content\/uploads\/2022\/11\/52TOYS-BB-08-6-300x277.jpg 300w, https:\/\/mouldking.store\/wp-content\/uploads\/2022\/11\/52TOYS-BB-08-6-768x709.jpg 768w, https:\/\/mouldking.store\/wp-content\/uploads\/2022\/11\/52TOYS-BB-08-6-600x554.jpg 600w, https:\/\/mouldking.store\/wp-content\/uploads\/2022\/11\/52TOYS-BB-08-6-150x139.jpg 150w, https:\/\/mouldking.store\/wp-content\/uploads\/2022\/11\/52TOYS-BB-08-6-65x60.jpg 65w, https:\/\/mouldking.store\/wp-content\/uploads\/2022\/11\/52TOYS-BB-08-6-97x90.jpg 97w\" sizes=\"(max-width: 784px) 100vw, 784px\" \/><figcaption id=\"caption-attachment-34603\" class=\"wp-caption-text\">52TOYS BB-08 ICEQUBE Penguin<\/figcaption><\/figure>\n<figure id=\"attachment_34604\" aria-describedby=\"caption-attachment-34604\" style=\"width: 682px\" class=\"wp-caption aligncenter\"><img loading=\"lazy\" decoding=\"async\" class=\"wp-image-34604 size-full\" src=\"https:\/\/mouldking.store\/wp-content\/uploads\/2022\/11\/52TOYS-BB-08-5.jpg\" alt=\"52TOYS BB-08 ICEQUBE Penguin\" width=\"682\" height=\"1024\" title=\"-\" srcset=\"https:\/\/mouldking.store\/wp-content\/uploads\/2022\/11\/52TOYS-BB-08-5.jpg 682w, https:\/\/mouldking.store\/wp-content\/uploads\/2022\/11\/52TOYS-BB-08-5-200x300.jpg 200w, https:\/\/mouldking.store\/wp-content\/uploads\/2022\/11\/52TOYS-BB-08-5-300x450.jpg 300w, https:\/\/mouldking.store\/wp-content\/uploads\/2022\/11\/52TOYS-BB-08-5-600x901.jpg 600w, https:\/\/mouldking.store\/wp-content\/uploads\/2022\/11\/52TOYS-BB-08-5-100x150.jpg 100w, https:\/\/mouldking.store\/wp-content\/uploads\/2022\/11\/52TOYS-BB-08-5-40x60.jpg 40w, https:\/\/mouldking.store\/wp-content\/uploads\/2022\/11\/52TOYS-BB-08-5-60x90.jpg 60w\" sizes=\"(max-width: 682px) 100vw, 682px\" \/><figcaption id=\"caption-attachment-34604\" class=\"wp-caption-text\">52TOYS BB-08 ICEQUBE Penguin<\/figcaption><\/figure>\n<figure id=\"attachment_34605\" aria-describedby=\"caption-attachment-34605\" style=\"width: 790px\" class=\"wp-caption aligncenter\"><img loading=\"lazy\" decoding=\"async\" class=\"wp-image-34605 size-full\" src=\"https:\/\/mouldking.store\/wp-content\/uploads\/2022\/11\/52TOYS-BB-08-4.jpg\" alt=\"52TOYS BB-08 ICEQUBE Penguin\" width=\"790\" height=\"1002\" title=\"-\" srcset=\"https:\/\/mouldking.store\/wp-content\/uploads\/2022\/11\/52TOYS-BB-08-4.jpg 790w, https:\/\/mouldking.store\/wp-content\/uploads\/2022\/11\/52TOYS-BB-08-4-237x300.jpg 237w, https:\/\/mouldking.store\/wp-content\/uploads\/2022\/11\/52TOYS-BB-08-4-768x974.jpg 768w, https:\/\/mouldking.store\/wp-content\/uploads\/2022\/11\/52TOYS-BB-08-4-300x381.jpg 300w, https:\/\/mouldking.store\/wp-content\/uploads\/2022\/11\/52TOYS-BB-08-4-600x761.jpg 600w, https:\/\/mouldking.store\/wp-content\/uploads\/2022\/11\/52TOYS-BB-08-4-118x150.jpg 118w, https:\/\/mouldking.store\/wp-content\/uploads\/2022\/11\/52TOYS-BB-08-4-47x60.jpg 47w, https:\/\/mouldking.store\/wp-content\/uploads\/2022\/11\/52TOYS-BB-08-4-71x90.jpg 71w\" sizes=\"(max-width: 790px) 100vw, 790px\" \/><figcaption id=\"caption-attachment-34605\" class=\"wp-caption-text\">52TOYS BB-08 ICEQUBE Penguin<\/figcaption><\/figure>\n<figure id=\"attachment_34606\" aria-describedby=\"caption-attachment-34606\" style=\"width: 790px\" class=\"wp-caption aligncenter\"><img loading=\"lazy\" decoding=\"async\" class=\"wp-image-34606 size-full\" src=\"https:\/\/mouldking.store\/wp-content\/uploads\/2022\/11\/52TOYS-BB-08-3.jpg\" alt=\"52TOYS BB-08 ICEQUBE Penguin\" width=\"790\" height=\"960\" title=\"-\" srcset=\"https:\/\/mouldking.store\/wp-content\/uploads\/2022\/11\/52TOYS-BB-08-3.jpg 790w, https:\/\/mouldking.store\/wp-content\/uploads\/2022\/11\/52TOYS-BB-08-3-247x300.jpg 247w, https:\/\/mouldking.store\/wp-content\/uploads\/2022\/11\/52TOYS-BB-08-3-768x933.jpg 768w, https:\/\/mouldking.store\/wp-content\/uploads\/2022\/11\/52TOYS-BB-08-3-300x365.jpg 300w, https:\/\/mouldking.store\/wp-content\/uploads\/2022\/11\/52TOYS-BB-08-3-600x729.jpg 600w, https:\/\/mouldking.store\/wp-content\/uploads\/2022\/11\/52TOYS-BB-08-3-123x150.jpg 123w, https:\/\/mouldking.store\/wp-content\/uploads\/2022\/11\/52TOYS-BB-08-3-49x60.jpg 49w, https:\/\/mouldking.store\/wp-content\/uploads\/2022\/11\/52TOYS-BB-08-3-74x90.jpg 74w\" sizes=\"(max-width: 790px) 100vw, 790px\" \/><figcaption id=\"caption-attachment-34606\" class=\"wp-caption-text\">52TOYS BB-08 ICEQUBE Penguin<\/figcaption><\/figure>\n<figure id=\"attachment_34607\" aria-describedby=\"caption-attachment-34607\" style=\"width: 530px\" class=\"wp-caption aligncenter\"><img loading=\"lazy\" decoding=\"async\" class=\"wp-image-34607 size-full\" src=\"https:\/\/mouldking.store\/wp-content\/uploads\/2022\/11\/52TOYS-BB-08-2.jpg\" alt=\"52TOYS BB-08 ICEQUBE Penguin\" width=\"530\" height=\"1024\" title=\"-\" srcset=\"https:\/\/mouldking.store\/wp-content\/uploads\/2022\/11\/52TOYS-BB-08-2.jpg 530w, https:\/\/mouldking.store\/wp-content\/uploads\/2022\/11\/52TOYS-BB-08-2-155x300.jpg 155w, https:\/\/mouldking.store\/wp-content\/uploads\/2022\/11\/52TOYS-BB-08-2-300x580.jpg 300w, https:\/\/mouldking.store\/wp-content\/uploads\/2022\/11\/52TOYS-BB-08-2-78x150.jpg 78w, https:\/\/mouldking.store\/wp-content\/uploads\/2022\/11\/52TOYS-BB-08-2-31x60.jpg 31w, https:\/\/mouldking.store\/wp-content\/uploads\/2022\/11\/52TOYS-BB-08-2-47x90.jpg 47w\" sizes=\"(max-width: 530px) 100vw, 530px\" \/><figcaption id=\"caption-attachment-34607\" class=\"wp-caption-text\">52TOYS BB-08 ICEQUBE Penguin<\/figcaption><\/figure>\n<figure id=\"attachment_34608\" aria-describedby=\"caption-attachment-34608\" style=\"width: 1024px\" class=\"wp-caption aligncenter\"><img loading=\"lazy\" decoding=\"async\" class=\"wp-image-34608 size-full\" src=\"https:\/\/mouldking.store\/wp-content\/uploads\/2022\/11\/52TOYS-BB-08.jpg\" alt=\"52TOYS BB-08 ICEQUBE Penguin\" width=\"1024\" height=\"842\" title=\"-\" srcset=\"https:\/\/mouldking.store\/wp-content\/uploads\/2022\/11\/52TOYS-BB-08.jpg 1024w, https:\/\/mouldking.store\/wp-content\/uploads\/2022\/11\/52TOYS-BB-08-300x247.jpg 300w, https:\/\/mouldking.store\/wp-content\/uploads\/2022\/11\/52TOYS-BB-08-768x632.jpg 768w, https:\/\/mouldking.store\/wp-content\/uploads\/2022\/11\/52TOYS-BB-08-600x493.jpg 600w, https:\/\/mouldking.store\/wp-content\/uploads\/2022\/11\/52TOYS-BB-08-150x123.jpg 150w, https:\/\/mouldking.store\/wp-content\/uploads\/2022\/11\/52TOYS-BB-08-73x60.jpg 73w, https:\/\/mouldking.store\/wp-content\/uploads\/2022\/11\/52TOYS-BB-08-109x90.jpg 109w\" sizes=\"(max-width: 1024px) 100vw, 1024px\" \/><figcaption id=\"caption-attachment-34608\" class=\"wp-caption-text\">52TOYS BB-08 ICEQUBE Penguin<\/figcaption><\/figure>","protected":false},"excerpt":{"rendered":"<p>Product information: Brand: 52TOYS Gender: Unisex Name: ICEQUBE Penguin Age Range: &gt; 6 years old Model Number: BB-08 Classification: Assemblage Plastic Block Shape: Self-Locking Bricks Material: Plastic Plastic Type: ABS Size: 5 cm Contains detailed assembly instructions. Notice: 1. Without an original box, but we guarantee our products have quality assurance and nice packaging. 2. [&hellip;]<\/p>","protected":false},"featured_media":34596,"comment_status":"closed","ping_status":"closed","template":"","meta":{"_acf_changed":false},"product_cat":[1365],"product_tag":[6179,7034,7030,7031,7032,7035,7033],"class_list":["product","first","instock","shipping-taxable","purchasable","product-type-simple"],"acf":[],"_links":{"self":[{"href":"https:\/\/mouldking.store\/fr\/wp-json\/wp\/v2\/product\/34595","targetHints":{"allow":["GET"]}}],"collection":[{"href":"https:\/\/mouldking.store\/fr\/wp-json\/wp\/v2\/product"}],"about":[{"href":"https:\/\/mouldking.store\/fr\/wp-json\/wp\/v2\/types\/product"}],"replies":[{"embeddable":true,"href":"https:\/\/mouldking.store\/fr\/wp-json\/wp\/v2\/comments?post=34595"}],"wp:featuredmedia":[{"embeddable":true,"href":"https:\/\/mouldking.store\/fr\/wp-json\/wp\/v2\/media\/34596"}],"wp:attachment":[{"href":"https:\/\/mouldking.store\/fr\/wp-json\/wp\/v2\/media?parent=34595"}],"wp:term":[{"taxonomy":"product_cat","embeddable":true,"href":"https:\/\/mouldking.store\/fr\/wp-json\/wp\/v2\/product_cat?post=34595"},{"taxonomy":"product_tag","embeddable":true,"href":"https:\/\/mouldking.store\/fr\/wp-json\/wp\/v2\/product_tag?post=34595"}],"curies":[{"name":"wp","href":"https:\/\/api.w.org\/{rel}","templated":true}]}}