{"id":34638,"date":"2022-11-08T09:04:15","date_gmt":"2022-11-08T02:04:15","guid":{"rendered":"https:\/\/mouldking.store\/?post_type=product&#038;p=34638"},"modified":"2022-11-08T09:04:16","modified_gmt":"2022-11-08T02:04:16","slug":"trumpeter-08112-transformers-decepticon-soundwave-ravage-with-130-pieces","status":"publish","type":"product","link":"https:\/\/mouldking.store\/fr\/shop\/trumpeter-08112-transformers-decepticon-soundwave-ravage-with-130-pieces\/","title":{"rendered":"TRUMPETER 08112 Transformateurs Decepticon Soundwave &amp; Ravage avec 130 pi\u00e8ces"},"content":{"rendered":"<p>Information produit:<\/p>\n<ol>\n<li>Marque : TRUMPETER<\/li>\n<li>Genre: Unisexe<\/li>\n<li>Name: Transformers Decepticon Soundwave &amp; Ravage<\/li>\n<li>Tranche d&#039;\u00e2ge : &gt; 6 ans<\/li>\n<li>Model Number: 08112<\/li>\n<li>Classement : Assemblage<\/li>\n<li>Forme de bloc en plastique\u00a0: briques autobloquantes<\/li>\n<li>Mat\u00e9riel: Plastique<\/li>\n<li>Type de plastique : ABS<\/li>\n<li>Bricks Blocks:130 PCS<\/li>\n<li>Size:63x47x113mm<\/li>\n<li>Contient des instructions de montage d\u00e9taill\u00e9es.<\/li>\n<\/ol>\n<p>Avis:<br \/>\n1. Sans bo\u00eete d&#039;origine, mais nous garantissons que nos produits ont une assurance qualit\u00e9 et un bel emballage.<br \/>\n2. Comme toutes les pi\u00e8ces que nous avons v\u00e9rifi\u00e9es avant l&#039;exp\u00e9dition, donc si vous trouvez des pi\u00e8ces manquantes ou endommag\u00e9es, ne vous inqui\u00e9tez pas et veuillez nous contacter et nous pouvons vous les renvoyer imm\u00e9diatement gratuitement.<\/p>\n<figure id=\"attachment_34644\" aria-describedby=\"caption-attachment-34644\" style=\"width: 800px\" class=\"wp-caption aligncenter\"><img fetchpriority=\"high\" decoding=\"async\" class=\"wp-image-34644 size-full\" src=\"https:\/\/mouldking.store\/wp-content\/uploads\/2022\/11\/TRUMPETER-08112-12.jpg\" alt=\"TRUMPETER 08112 Transformers Decepticon Soundwave &amp; Ravage With 130 Pieces\" width=\"800\" height=\"800\" title=\"-\" srcset=\"https:\/\/mouldking.store\/wp-content\/uploads\/2022\/11\/TRUMPETER-08112-12.jpg 800w, https:\/\/mouldking.store\/wp-content\/uploads\/2022\/11\/TRUMPETER-08112-12-300x300.jpg 300w, https:\/\/mouldking.store\/wp-content\/uploads\/2022\/11\/TRUMPETER-08112-12-768x768.jpg 768w, https:\/\/mouldking.store\/wp-content\/uploads\/2022\/11\/TRUMPETER-08112-12-600x600.jpg 600w, https:\/\/mouldking.store\/wp-content\/uploads\/2022\/11\/TRUMPETER-08112-12-150x150.jpg 150w, https:\/\/mouldking.store\/wp-content\/uploads\/2022\/11\/TRUMPETER-08112-12-60x60.jpg 60w, https:\/\/mouldking.store\/wp-content\/uploads\/2022\/11\/TRUMPETER-08112-12-90x90.jpg 90w\" sizes=\"(max-width: 800px) 100vw, 800px\" \/><figcaption id=\"caption-attachment-34644\" class=\"wp-caption-text\">TRUMPETER 08112 Transformateurs Decepticon Soundwave &amp; Ravage avec 130 pi\u00e8ces<\/figcaption><\/figure>\n<figure id=\"attachment_34645\" aria-describedby=\"caption-attachment-34645\" style=\"width: 750px\" class=\"wp-caption aligncenter\"><img decoding=\"async\" class=\"wp-image-34645 size-full\" src=\"https:\/\/mouldking.store\/wp-content\/uploads\/2022\/11\/TRUMPETER-08112-11.jpg\" alt=\"TRUMPETER 08112 Transformers Decepticon Soundwave &amp; Ravage With 130 Pieces\" width=\"750\" height=\"1000\" title=\"-\" srcset=\"https:\/\/mouldking.store\/wp-content\/uploads\/2022\/11\/TRUMPETER-08112-11.jpg 750w, https:\/\/mouldking.store\/wp-content\/uploads\/2022\/11\/TRUMPETER-08112-11-225x300.jpg 225w, https:\/\/mouldking.store\/wp-content\/uploads\/2022\/11\/TRUMPETER-08112-11-300x400.jpg 300w, https:\/\/mouldking.store\/wp-content\/uploads\/2022\/11\/TRUMPETER-08112-11-600x800.jpg 600w, https:\/\/mouldking.store\/wp-content\/uploads\/2022\/11\/TRUMPETER-08112-11-113x150.jpg 113w, https:\/\/mouldking.store\/wp-content\/uploads\/2022\/11\/TRUMPETER-08112-11-45x60.jpg 45w, https:\/\/mouldking.store\/wp-content\/uploads\/2022\/11\/TRUMPETER-08112-11-68x90.jpg 68w\" sizes=\"(max-width: 750px) 100vw, 750px\" \/><figcaption id=\"caption-attachment-34645\" class=\"wp-caption-text\">TRUMPETER 08112 Transformateurs Decepticon Soundwave &amp; Ravage avec 130 pi\u00e8ces<\/figcaption><\/figure>\n<figure id=\"attachment_34646\" aria-describedby=\"caption-attachment-34646\" style=\"width: 750px\" class=\"wp-caption aligncenter\"><img decoding=\"async\" class=\"wp-image-34646 size-full\" src=\"https:\/\/mouldking.store\/wp-content\/uploads\/2022\/11\/TRUMPETER-08112-10.jpg\" alt=\"TRUMPETER 08112 Transformers Decepticon Soundwave &amp; Ravage With 130 Pieces\" width=\"750\" height=\"997\" title=\"-\" srcset=\"https:\/\/mouldking.store\/wp-content\/uploads\/2022\/11\/TRUMPETER-08112-10.jpg 750w, https:\/\/mouldking.store\/wp-content\/uploads\/2022\/11\/TRUMPETER-08112-10-226x300.jpg 226w, https:\/\/mouldking.store\/wp-content\/uploads\/2022\/11\/TRUMPETER-08112-10-300x399.jpg 300w, https:\/\/mouldking.store\/wp-content\/uploads\/2022\/11\/TRUMPETER-08112-10-600x798.jpg 600w, https:\/\/mouldking.store\/wp-content\/uploads\/2022\/11\/TRUMPETER-08112-10-113x150.jpg 113w, https:\/\/mouldking.store\/wp-content\/uploads\/2022\/11\/TRUMPETER-08112-10-45x60.jpg 45w, https:\/\/mouldking.store\/wp-content\/uploads\/2022\/11\/TRUMPETER-08112-10-68x90.jpg 68w\" sizes=\"(max-width: 750px) 100vw, 750px\" \/><figcaption id=\"caption-attachment-34646\" class=\"wp-caption-text\">TRUMPETER 08112 Transformateurs Decepticon Soundwave &amp; Ravage avec 130 pi\u00e8ces<\/figcaption><\/figure>\n<figure id=\"attachment_34647\" aria-describedby=\"caption-attachment-34647\" style=\"width: 750px\" class=\"wp-caption aligncenter\"><img loading=\"lazy\" decoding=\"async\" class=\"wp-image-34647 size-full\" src=\"https:\/\/mouldking.store\/wp-content\/uploads\/2022\/11\/TRUMPETER-08112-9.jpg\" alt=\"TRUMPETER 08112 Transformers Decepticon Soundwave &amp; Ravage With 130 Pieces\" width=\"750\" height=\"999\" title=\"-\" srcset=\"https:\/\/mouldking.store\/wp-content\/uploads\/2022\/11\/TRUMPETER-08112-9.jpg 750w, https:\/\/mouldking.store\/wp-content\/uploads\/2022\/11\/TRUMPETER-08112-9-225x300.jpg 225w, https:\/\/mouldking.store\/wp-content\/uploads\/2022\/11\/TRUMPETER-08112-9-300x400.jpg 300w, https:\/\/mouldking.store\/wp-content\/uploads\/2022\/11\/TRUMPETER-08112-9-600x799.jpg 600w, https:\/\/mouldking.store\/wp-content\/uploads\/2022\/11\/TRUMPETER-08112-9-113x150.jpg 113w, https:\/\/mouldking.store\/wp-content\/uploads\/2022\/11\/TRUMPETER-08112-9-45x60.jpg 45w, https:\/\/mouldking.store\/wp-content\/uploads\/2022\/11\/TRUMPETER-08112-9-68x90.jpg 68w\" sizes=\"(max-width: 750px) 100vw, 750px\" \/><figcaption id=\"caption-attachment-34647\" class=\"wp-caption-text\">TRUMPETER 08112 Transformateurs Decepticon Soundwave &amp; Ravage avec 130 pi\u00e8ces<\/figcaption><\/figure>\n<figure id=\"attachment_34648\" aria-describedby=\"caption-attachment-34648\" style=\"width: 750px\" class=\"wp-caption aligncenter\"><img loading=\"lazy\" decoding=\"async\" class=\"wp-image-34648 size-full\" src=\"https:\/\/mouldking.store\/wp-content\/uploads\/2022\/11\/TRUMPETER-08112-8.jpg\" alt=\"TRUMPETER 08112 Transformers Decepticon Soundwave &amp; Ravage With 130 Pieces\" width=\"750\" height=\"1003\" title=\"-\" srcset=\"https:\/\/mouldking.store\/wp-content\/uploads\/2022\/11\/TRUMPETER-08112-8.jpg 750w, https:\/\/mouldking.store\/wp-content\/uploads\/2022\/11\/TRUMPETER-08112-8-224x300.jpg 224w, https:\/\/mouldking.store\/wp-content\/uploads\/2022\/11\/TRUMPETER-08112-8-300x401.jpg 300w, https:\/\/mouldking.store\/wp-content\/uploads\/2022\/11\/TRUMPETER-08112-8-600x802.jpg 600w, https:\/\/mouldking.store\/wp-content\/uploads\/2022\/11\/TRUMPETER-08112-8-112x150.jpg 112w, https:\/\/mouldking.store\/wp-content\/uploads\/2022\/11\/TRUMPETER-08112-8-45x60.jpg 45w, https:\/\/mouldking.store\/wp-content\/uploads\/2022\/11\/TRUMPETER-08112-8-67x90.jpg 67w\" sizes=\"(max-width: 750px) 100vw, 750px\" \/><figcaption id=\"caption-attachment-34648\" class=\"wp-caption-text\">TRUMPETER 08112 Transformateurs Decepticon Soundwave &amp; Ravage avec 130 pi\u00e8ces<\/figcaption><\/figure>\n<figure id=\"attachment_34649\" aria-describedby=\"caption-attachment-34649\" style=\"width: 576px\" class=\"wp-caption aligncenter\"><img loading=\"lazy\" decoding=\"async\" class=\"wp-image-34649 size-full\" src=\"https:\/\/mouldking.store\/wp-content\/uploads\/2022\/11\/TRUMPETER-08112-7.jpg\" alt=\"TRUMPETER 08112 Transformers Decepticon Soundwave &amp; Ravage With 130 Pieces\" width=\"576\" height=\"1024\" title=\"-\" srcset=\"https:\/\/mouldking.store\/wp-content\/uploads\/2022\/11\/TRUMPETER-08112-7.jpg 576w, https:\/\/mouldking.store\/wp-content\/uploads\/2022\/11\/TRUMPETER-08112-7-169x300.jpg 169w, https:\/\/mouldking.store\/wp-content\/uploads\/2022\/11\/TRUMPETER-08112-7-300x533.jpg 300w, https:\/\/mouldking.store\/wp-content\/uploads\/2022\/11\/TRUMPETER-08112-7-84x150.jpg 84w, https:\/\/mouldking.store\/wp-content\/uploads\/2022\/11\/TRUMPETER-08112-7-34x60.jpg 34w, https:\/\/mouldking.store\/wp-content\/uploads\/2022\/11\/TRUMPETER-08112-7-51x90.jpg 51w\" sizes=\"(max-width: 576px) 100vw, 576px\" \/><figcaption id=\"caption-attachment-34649\" class=\"wp-caption-text\">TRUMPETER 08112 Transformateurs Decepticon Soundwave &amp; Ravage avec 130 pi\u00e8ces<\/figcaption><\/figure>\n<figure id=\"attachment_34650\" aria-describedby=\"caption-attachment-34650\" style=\"width: 576px\" class=\"wp-caption aligncenter\"><img loading=\"lazy\" decoding=\"async\" class=\"wp-image-34650 size-full\" src=\"https:\/\/mouldking.store\/wp-content\/uploads\/2022\/11\/TRUMPETER-08112-6.jpg\" alt=\"TRUMPETER 08112 Transformers Decepticon Soundwave &amp; Ravage With 130 Pieces\" width=\"576\" height=\"1024\" title=\"-\" srcset=\"https:\/\/mouldking.store\/wp-content\/uploads\/2022\/11\/TRUMPETER-08112-6.jpg 576w, https:\/\/mouldking.store\/wp-content\/uploads\/2022\/11\/TRUMPETER-08112-6-169x300.jpg 169w, https:\/\/mouldking.store\/wp-content\/uploads\/2022\/11\/TRUMPETER-08112-6-300x533.jpg 300w, https:\/\/mouldking.store\/wp-content\/uploads\/2022\/11\/TRUMPETER-08112-6-84x150.jpg 84w, https:\/\/mouldking.store\/wp-content\/uploads\/2022\/11\/TRUMPETER-08112-6-34x60.jpg 34w, https:\/\/mouldking.store\/wp-content\/uploads\/2022\/11\/TRUMPETER-08112-6-51x90.jpg 51w\" sizes=\"(max-width: 576px) 100vw, 576px\" \/><figcaption id=\"caption-attachment-34650\" class=\"wp-caption-text\">TRUMPETER 08112 Transformateurs Decepticon Soundwave &amp; Ravage avec 130 pi\u00e8ces<\/figcaption><\/figure>\n<figure id=\"attachment_34651\" aria-describedby=\"caption-attachment-34651\" style=\"width: 576px\" class=\"wp-caption aligncenter\"><img loading=\"lazy\" decoding=\"async\" class=\"wp-image-34651 size-full\" src=\"https:\/\/mouldking.store\/wp-content\/uploads\/2022\/11\/TRUMPETER-08112-5.jpg\" alt=\"TRUMPETER 08112 Transformers Decepticon Soundwave &amp; Ravage With 130 Pieces\" width=\"576\" height=\"1024\" title=\"-\" srcset=\"https:\/\/mouldking.store\/wp-content\/uploads\/2022\/11\/TRUMPETER-08112-5.jpg 576w, https:\/\/mouldking.store\/wp-content\/uploads\/2022\/11\/TRUMPETER-08112-5-169x300.jpg 169w, https:\/\/mouldking.store\/wp-content\/uploads\/2022\/11\/TRUMPETER-08112-5-300x533.jpg 300w, https:\/\/mouldking.store\/wp-content\/uploads\/2022\/11\/TRUMPETER-08112-5-84x150.jpg 84w, https:\/\/mouldking.store\/wp-content\/uploads\/2022\/11\/TRUMPETER-08112-5-34x60.jpg 34w, https:\/\/mouldking.store\/wp-content\/uploads\/2022\/11\/TRUMPETER-08112-5-51x90.jpg 51w\" sizes=\"(max-width: 576px) 100vw, 576px\" \/><figcaption id=\"caption-attachment-34651\" class=\"wp-caption-text\">TRUMPETER 08112 Transformateurs Decepticon Soundwave &amp; Ravage avec 130 pi\u00e8ces<\/figcaption><\/figure>\n<figure id=\"attachment_34652\" aria-describedby=\"caption-attachment-34652\" style=\"width: 576px\" class=\"wp-caption aligncenter\"><img loading=\"lazy\" decoding=\"async\" class=\"wp-image-34652 size-full\" src=\"https:\/\/mouldking.store\/wp-content\/uploads\/2022\/11\/TRUMPETER-08112-4.jpg\" alt=\"TRUMPETER 08112 Transformers Decepticon Soundwave &amp; Ravage With 130 Pieces\" width=\"576\" height=\"1024\" title=\"-\" srcset=\"https:\/\/mouldking.store\/wp-content\/uploads\/2022\/11\/TRUMPETER-08112-4.jpg 576w, https:\/\/mouldking.store\/wp-content\/uploads\/2022\/11\/TRUMPETER-08112-4-169x300.jpg 169w, https:\/\/mouldking.store\/wp-content\/uploads\/2022\/11\/TRUMPETER-08112-4-300x533.jpg 300w, https:\/\/mouldking.store\/wp-content\/uploads\/2022\/11\/TRUMPETER-08112-4-84x150.jpg 84w, https:\/\/mouldking.store\/wp-content\/uploads\/2022\/11\/TRUMPETER-08112-4-34x60.jpg 34w, https:\/\/mouldking.store\/wp-content\/uploads\/2022\/11\/TRUMPETER-08112-4-51x90.jpg 51w\" sizes=\"(max-width: 576px) 100vw, 576px\" \/><figcaption id=\"caption-attachment-34652\" class=\"wp-caption-text\">TRUMPETER 08112 Transformateurs Decepticon Soundwave &amp; Ravage avec 130 pi\u00e8ces<\/figcaption><\/figure>\n<figure id=\"attachment_34653\" aria-describedby=\"caption-attachment-34653\" style=\"width: 750px\" class=\"wp-caption aligncenter\"><img loading=\"lazy\" decoding=\"async\" class=\"wp-image-34653 size-full\" src=\"https:\/\/mouldking.store\/wp-content\/uploads\/2022\/11\/TRUMPETER-08112-3.jpg\" alt=\"TRUMPETER 08112 Transformers Decepticon Soundwave &amp; Ravage With 130 Pieces\" width=\"750\" height=\"1000\" title=\"-\" srcset=\"https:\/\/mouldking.store\/wp-content\/uploads\/2022\/11\/TRUMPETER-08112-3.jpg 750w, https:\/\/mouldking.store\/wp-content\/uploads\/2022\/11\/TRUMPETER-08112-3-225x300.jpg 225w, https:\/\/mouldking.store\/wp-content\/uploads\/2022\/11\/TRUMPETER-08112-3-300x400.jpg 300w, https:\/\/mouldking.store\/wp-content\/uploads\/2022\/11\/TRUMPETER-08112-3-600x800.jpg 600w, https:\/\/mouldking.store\/wp-content\/uploads\/2022\/11\/TRUMPETER-08112-3-113x150.jpg 113w, https:\/\/mouldking.store\/wp-content\/uploads\/2022\/11\/TRUMPETER-08112-3-45x60.jpg 45w, https:\/\/mouldking.store\/wp-content\/uploads\/2022\/11\/TRUMPETER-08112-3-68x90.jpg 68w\" sizes=\"(max-width: 750px) 100vw, 750px\" \/><figcaption id=\"caption-attachment-34653\" class=\"wp-caption-text\">TRUMPETER 08112 Transformateurs Decepticon Soundwave &amp; Ravage avec 130 pi\u00e8ces<\/figcaption><\/figure>\n<figure id=\"attachment_34654\" aria-describedby=\"caption-attachment-34654\" style=\"width: 576px\" class=\"wp-caption aligncenter\"><img loading=\"lazy\" decoding=\"async\" class=\"wp-image-34654 size-full\" src=\"https:\/\/mouldking.store\/wp-content\/uploads\/2022\/11\/TRUMPETER-08112-2.jpg\" alt=\"TRUMPETER 08112 Transformers Decepticon Soundwave &amp; Ravage With 130 Pieces\" width=\"576\" height=\"1024\" title=\"-\" srcset=\"https:\/\/mouldking.store\/wp-content\/uploads\/2022\/11\/TRUMPETER-08112-2.jpg 576w, https:\/\/mouldking.store\/wp-content\/uploads\/2022\/11\/TRUMPETER-08112-2-169x300.jpg 169w, https:\/\/mouldking.store\/wp-content\/uploads\/2022\/11\/TRUMPETER-08112-2-300x533.jpg 300w, https:\/\/mouldking.store\/wp-content\/uploads\/2022\/11\/TRUMPETER-08112-2-84x150.jpg 84w, https:\/\/mouldking.store\/wp-content\/uploads\/2022\/11\/TRUMPETER-08112-2-34x60.jpg 34w, https:\/\/mouldking.store\/wp-content\/uploads\/2022\/11\/TRUMPETER-08112-2-51x90.jpg 51w\" sizes=\"(max-width: 576px) 100vw, 576px\" \/><figcaption id=\"caption-attachment-34654\" class=\"wp-caption-text\">TRUMPETER 08112 Transformateurs Decepticon Soundwave &amp; Ravage avec 130 pi\u00e8ces<\/figcaption><\/figure>\n<figure id=\"attachment_34655\" aria-describedby=\"caption-attachment-34655\" style=\"width: 576px\" class=\"wp-caption aligncenter\"><img loading=\"lazy\" decoding=\"async\" class=\"wp-image-34655 size-full\" src=\"https:\/\/mouldking.store\/wp-content\/uploads\/2022\/11\/TRUMPETER-08112.jpg\" alt=\"TRUMPETER 08112 Transformers Decepticon Soundwave &amp; Ravage With 130 Pieces\" width=\"576\" height=\"1024\" title=\"-\" srcset=\"https:\/\/mouldking.store\/wp-content\/uploads\/2022\/11\/TRUMPETER-08112.jpg 576w, https:\/\/mouldking.store\/wp-content\/uploads\/2022\/11\/TRUMPETER-08112-169x300.jpg 169w, https:\/\/mouldking.store\/wp-content\/uploads\/2022\/11\/TRUMPETER-08112-300x533.jpg 300w, https:\/\/mouldking.store\/wp-content\/uploads\/2022\/11\/TRUMPETER-08112-84x150.jpg 84w, https:\/\/mouldking.store\/wp-content\/uploads\/2022\/11\/TRUMPETER-08112-34x60.jpg 34w, https:\/\/mouldking.store\/wp-content\/uploads\/2022\/11\/TRUMPETER-08112-51x90.jpg 51w\" sizes=\"(max-width: 576px) 100vw, 576px\" \/><figcaption id=\"caption-attachment-34655\" class=\"wp-caption-text\">TRUMPETER 08112 Transformateurs Decepticon Soundwave &amp; Ravage avec 130 pi\u00e8ces<\/figcaption><\/figure>","protected":false},"excerpt":{"rendered":"<p>Product information: Brand: TRUMPETER Gender: Unisex Name: Transformers Decepticon Soundwave &amp; Ravage Age Range: &gt; 6 years old Model Number: 08112 Classification: Assemblage Plastic Block Shape: Self-Locking Bricks Material: Plastic Plastic Type: ABS Bricks Blocks:130 PCS Size:63x47x113mm Contains detailed assembly instructions. Notice: 1. Without an original box, but we guarantee our products have quality assurance [&hellip;]<\/p>","protected":false},"featured_media":34644,"comment_status":"closed","ping_status":"closed","template":"","meta":{"_acf_changed":false},"product_cat":[1408],"product_tag":[7047,7049,7048,7050,7052,6793,7051,7046],"class_list":["product","first","instock","shipping-taxable","purchasable","product-type-simple"],"acf":[],"_links":{"self":[{"href":"https:\/\/mouldking.store\/fr\/wp-json\/wp\/v2\/product\/34638","targetHints":{"allow":["GET"]}}],"collection":[{"href":"https:\/\/mouldking.store\/fr\/wp-json\/wp\/v2\/product"}],"about":[{"href":"https:\/\/mouldking.store\/fr\/wp-json\/wp\/v2\/types\/product"}],"replies":[{"embeddable":true,"href":"https:\/\/mouldking.store\/fr\/wp-json\/wp\/v2\/comments?post=34638"}],"wp:featuredmedia":[{"embeddable":true,"href":"https:\/\/mouldking.store\/fr\/wp-json\/wp\/v2\/media\/34644"}],"wp:attachment":[{"href":"https:\/\/mouldking.store\/fr\/wp-json\/wp\/v2\/media?parent=34638"}],"wp:term":[{"taxonomy":"product_cat","embeddable":true,"href":"https:\/\/mouldking.store\/fr\/wp-json\/wp\/v2\/product_cat?post=34638"},{"taxonomy":"product_tag","embeddable":true,"href":"https:\/\/mouldking.store\/fr\/wp-json\/wp\/v2\/product_tag?post=34638"}],"curies":[{"name":"wp","href":"https:\/\/api.w.org\/{rel}","templated":true}]}}