{"id":35026,"date":"2022-11-17T17:21:53","date_gmt":"2022-11-17T10:21:53","guid":{"rendered":"https:\/\/mouldking.store\/?post_type=product&#038;p=35026"},"modified":"2022-11-17T17:21:53","modified_gmt":"2022-11-17T10:21:53","slug":"mould-king-13153-green-double-sided-vehicle-with-836-pieces","status":"publish","type":"product","link":"https:\/\/mouldking.store\/fr\/shop\/mould-king-13153-green-double-sided-vehicle-with-836-pieces\/","title":{"rendered":"MOLD KING 13153 V\u00e9hicule vert double face avec 836 pi\u00e8ces"},"content":{"rendered":"<p>Information produit:<\/p>\n<ol>\n<li>Marque : MOLD KING<\/li>\n<li>Genre: Unisexe<\/li>\n<li>Nom : v\u00e9hicule vert double face.<\/li>\n<li>Tranche d&#039;\u00e2ge : &gt; 6 ans<\/li>\n<li>Num\u00e9ro de mod\u00e8le: 13153<\/li>\n<li>Classement : Assemblage<\/li>\n<li>Forme de bloc en plastique\u00a0: briques autobloquantes<\/li>\n<li>Mat\u00e9riel: Plastique<\/li>\n<li>Type de plastique : ABS<\/li>\n<li>Blocs de briques : 836 pi\u00e8ces<\/li>\n<li>Taille : 26,4 \u00d7 16 \u00d7 11,4 cm<\/li>\n<li>Contient des instructions de montage d\u00e9taill\u00e9es.<\/li>\n<\/ol>\n<p>Avis:<br \/>\n1. Sans bo\u00eete d&#039;origine, mais nous garantissons que nos produits ont une assurance qualit\u00e9 et un bel emballage.<br \/>\n2. Comme toutes les pi\u00e8ces que nous avons v\u00e9rifi\u00e9es avant l&#039;exp\u00e9dition, donc si vous trouvez des pi\u00e8ces manquantes ou endommag\u00e9es, ne vous inqui\u00e9tez pas et veuillez nous contacter et nous pouvons vous les renvoyer imm\u00e9diatement gratuitement.<\/p>\n<figure id=\"attachment_35027\" aria-describedby=\"caption-attachment-35027\" style=\"width: 768px\" class=\"wp-caption aligncenter\"><img fetchpriority=\"high\" decoding=\"async\" class=\"wp-image-35027 size-full\" src=\"https:\/\/mouldking.store\/wp-content\/uploads\/2022\/11\/MK13153-1-4d12-768x768-1.jpg\" alt=\"MOULD KING 13153 Green Double-sided Vehicle With 836 Pieces\" width=\"768\" height=\"768\" title=\"-\" srcset=\"https:\/\/mouldking.store\/wp-content\/uploads\/2022\/11\/MK13153-1-4d12-768x768-1.jpg 768w, https:\/\/mouldking.store\/wp-content\/uploads\/2022\/11\/MK13153-1-4d12-768x768-1-300x300.jpg 300w, https:\/\/mouldking.store\/wp-content\/uploads\/2022\/11\/MK13153-1-4d12-768x768-1-600x600.jpg 600w, https:\/\/mouldking.store\/wp-content\/uploads\/2022\/11\/MK13153-1-4d12-768x768-1-150x150.jpg 150w, https:\/\/mouldking.store\/wp-content\/uploads\/2022\/11\/MK13153-1-4d12-768x768-1-60x60.jpg 60w, https:\/\/mouldking.store\/wp-content\/uploads\/2022\/11\/MK13153-1-4d12-768x768-1-90x90.jpg 90w\" sizes=\"(max-width: 768px) 100vw, 768px\" \/><figcaption id=\"caption-attachment-35027\" class=\"wp-caption-text\">MOLD KING 13153 V\u00e9hicule vert double face avec 836 pi\u00e8ces<\/figcaption><\/figure>\n<figure id=\"attachment_35028\" aria-describedby=\"caption-attachment-35028\" style=\"width: 768px\" class=\"wp-caption aligncenter\"><img decoding=\"async\" class=\"wp-image-35028 size-full\" src=\"https:\/\/mouldking.store\/wp-content\/uploads\/2022\/11\/MK13153-2-c682-768x768-1.jpg\" alt=\"MOULD KING 13153 Green Double-sided Vehicle With 836 Pieces\" width=\"768\" height=\"768\" title=\"-\" srcset=\"https:\/\/mouldking.store\/wp-content\/uploads\/2022\/11\/MK13153-2-c682-768x768-1.jpg 768w, https:\/\/mouldking.store\/wp-content\/uploads\/2022\/11\/MK13153-2-c682-768x768-1-300x300.jpg 300w, https:\/\/mouldking.store\/wp-content\/uploads\/2022\/11\/MK13153-2-c682-768x768-1-600x600.jpg 600w, https:\/\/mouldking.store\/wp-content\/uploads\/2022\/11\/MK13153-2-c682-768x768-1-150x150.jpg 150w, https:\/\/mouldking.store\/wp-content\/uploads\/2022\/11\/MK13153-2-c682-768x768-1-60x60.jpg 60w, https:\/\/mouldking.store\/wp-content\/uploads\/2022\/11\/MK13153-2-c682-768x768-1-90x90.jpg 90w\" sizes=\"(max-width: 768px) 100vw, 768px\" \/><figcaption id=\"caption-attachment-35028\" class=\"wp-caption-text\">MOLD KING 13153 V\u00e9hicule vert double face avec 836 pi\u00e8ces<\/figcaption><\/figure>\n<figure id=\"attachment_35029\" aria-describedby=\"caption-attachment-35029\" style=\"width: 768px\" class=\"wp-caption aligncenter\"><img decoding=\"async\" class=\"wp-image-35029 size-full\" src=\"https:\/\/mouldking.store\/wp-content\/uploads\/2022\/11\/MK13153-3-a5cc-768x768-1.jpg\" alt=\"MOULD KING 13153 Green Double-sided Vehicle With 836 Pieces\" width=\"768\" height=\"768\" title=\"-\" srcset=\"https:\/\/mouldking.store\/wp-content\/uploads\/2022\/11\/MK13153-3-a5cc-768x768-1.jpg 768w, https:\/\/mouldking.store\/wp-content\/uploads\/2022\/11\/MK13153-3-a5cc-768x768-1-300x300.jpg 300w, https:\/\/mouldking.store\/wp-content\/uploads\/2022\/11\/MK13153-3-a5cc-768x768-1-600x600.jpg 600w, https:\/\/mouldking.store\/wp-content\/uploads\/2022\/11\/MK13153-3-a5cc-768x768-1-150x150.jpg 150w, https:\/\/mouldking.store\/wp-content\/uploads\/2022\/11\/MK13153-3-a5cc-768x768-1-60x60.jpg 60w, https:\/\/mouldking.store\/wp-content\/uploads\/2022\/11\/MK13153-3-a5cc-768x768-1-90x90.jpg 90w\" sizes=\"(max-width: 768px) 100vw, 768px\" \/><figcaption id=\"caption-attachment-35029\" class=\"wp-caption-text\">MOLD KING 13153 V\u00e9hicule vert double face avec 836 pi\u00e8ces<\/figcaption><\/figure>\n<figure id=\"attachment_35030\" aria-describedby=\"caption-attachment-35030\" style=\"width: 768px\" class=\"wp-caption aligncenter\"><img loading=\"lazy\" decoding=\"async\" class=\"wp-image-35030 size-full\" src=\"https:\/\/mouldking.store\/wp-content\/uploads\/2022\/11\/MK13153-4-a377-768x768-1.jpg\" alt=\"MOULD KING 13153 Green Double-sided Vehicle With 836 Pieces\" width=\"768\" height=\"768\" title=\"-\" srcset=\"https:\/\/mouldking.store\/wp-content\/uploads\/2022\/11\/MK13153-4-a377-768x768-1.jpg 768w, https:\/\/mouldking.store\/wp-content\/uploads\/2022\/11\/MK13153-4-a377-768x768-1-300x300.jpg 300w, https:\/\/mouldking.store\/wp-content\/uploads\/2022\/11\/MK13153-4-a377-768x768-1-600x600.jpg 600w, https:\/\/mouldking.store\/wp-content\/uploads\/2022\/11\/MK13153-4-a377-768x768-1-150x150.jpg 150w, https:\/\/mouldking.store\/wp-content\/uploads\/2022\/11\/MK13153-4-a377-768x768-1-60x60.jpg 60w, https:\/\/mouldking.store\/wp-content\/uploads\/2022\/11\/MK13153-4-a377-768x768-1-90x90.jpg 90w\" sizes=\"(max-width: 768px) 100vw, 768px\" \/><figcaption id=\"caption-attachment-35030\" class=\"wp-caption-text\">MOLD KING 13153 V\u00e9hicule vert double face avec 836 pi\u00e8ces<\/figcaption><\/figure>\n<figure id=\"attachment_35031\" aria-describedby=\"caption-attachment-35031\" style=\"width: 768px\" class=\"wp-caption aligncenter\"><img loading=\"lazy\" decoding=\"async\" class=\"wp-image-35031 size-full\" src=\"https:\/\/mouldking.store\/wp-content\/uploads\/2022\/11\/MK13153-5-fa6e-768x768-1.jpg\" alt=\"MOULD KING 13153 Green Double-sided Vehicle With 836 Pieces\" width=\"768\" height=\"768\" title=\"-\" srcset=\"https:\/\/mouldking.store\/wp-content\/uploads\/2022\/11\/MK13153-5-fa6e-768x768-1.jpg 768w, https:\/\/mouldking.store\/wp-content\/uploads\/2022\/11\/MK13153-5-fa6e-768x768-1-300x300.jpg 300w, https:\/\/mouldking.store\/wp-content\/uploads\/2022\/11\/MK13153-5-fa6e-768x768-1-600x600.jpg 600w, https:\/\/mouldking.store\/wp-content\/uploads\/2022\/11\/MK13153-5-fa6e-768x768-1-150x150.jpg 150w, https:\/\/mouldking.store\/wp-content\/uploads\/2022\/11\/MK13153-5-fa6e-768x768-1-60x60.jpg 60w, https:\/\/mouldking.store\/wp-content\/uploads\/2022\/11\/MK13153-5-fa6e-768x768-1-90x90.jpg 90w\" sizes=\"(max-width: 768px) 100vw, 768px\" \/><figcaption id=\"caption-attachment-35031\" class=\"wp-caption-text\">MOLD KING 13153 V\u00e9hicule vert double face avec 836 pi\u00e8ces<\/figcaption><\/figure>","protected":false},"excerpt":{"rendered":"<p>Product information: Brand: MOULD KING Gender: Unisex Name: Green Double-sided Vehicle Age Range: &gt; 6 years old Model Number: 13153 Classification: Assemblage Plastic Block Shape: Self-Locking Bricks Material: Plastic Plastic Type: ABS Bricks Blocks:836 PCS Size: 26.4 \u00d7 16 \u00d7 11.4 cm Contains detailed assembly instructions. Notice: 1. Without an original box, but we guarantee [&hellip;]<\/p>","protected":false},"featured_media":35027,"comment_status":"closed","ping_status":"closed","template":"","meta":{"_acf_changed":false},"product_cat":[1357],"product_tag":[7277,7278,7279,615,7280,7281,7276],"class_list":["product","first","instock","shipping-taxable","purchasable","product-type-simple"],"acf":[],"_links":{"self":[{"href":"https:\/\/mouldking.store\/fr\/wp-json\/wp\/v2\/product\/35026","targetHints":{"allow":["GET"]}}],"collection":[{"href":"https:\/\/mouldking.store\/fr\/wp-json\/wp\/v2\/product"}],"about":[{"href":"https:\/\/mouldking.store\/fr\/wp-json\/wp\/v2\/types\/product"}],"replies":[{"embeddable":true,"href":"https:\/\/mouldking.store\/fr\/wp-json\/wp\/v2\/comments?post=35026"}],"wp:featuredmedia":[{"embeddable":true,"href":"https:\/\/mouldking.store\/fr\/wp-json\/wp\/v2\/media\/35027"}],"wp:attachment":[{"href":"https:\/\/mouldking.store\/fr\/wp-json\/wp\/v2\/media?parent=35026"}],"wp:term":[{"taxonomy":"product_cat","embeddable":true,"href":"https:\/\/mouldking.store\/fr\/wp-json\/wp\/v2\/product_cat?post=35026"},{"taxonomy":"product_tag","embeddable":true,"href":"https:\/\/mouldking.store\/fr\/wp-json\/wp\/v2\/product_tag?post=35026"}],"curies":[{"name":"wp","href":"https:\/\/api.w.org\/{rel}","templated":true}]}}