{"id":35098,"date":"2022-11-18T10:04:11","date_gmt":"2022-11-18T03:04:11","guid":{"rendered":"https:\/\/mouldking.store\/?post_type=product&#038;p=35098"},"modified":"2025-12-25T09:12:22","modified_gmt":"2025-12-25T02:12:22","slug":"moc-0088-colorful-dragon-head-with-2551-pieces","status":"publish","type":"product","link":"https:\/\/mouldking.store\/fr\/shop\/moc-0088-colorful-dragon-head-with-2551-pieces\/","title":{"rendered":"MOC 0088 T\u00eate de dragon color\u00e9e avec 2551 pi\u00e8ces"},"content":{"rendered":"<p>Information produit:<\/p>\n<ol>\n<li>Marque : MOC<\/li>\n<li>Genre: Unisexe<\/li>\n<li>Name: Colorful Dragon Head<\/li>\n<li>Tranche d&#039;\u00e2ge : &gt; 6 ans<\/li>\n<li>Model Number: 0088<\/li>\n<li>Classement : Assemblage<\/li>\n<li>Forme de bloc en plastique\u00a0: briques autobloquantes<\/li>\n<li>Mat\u00e9riel: Plastique<\/li>\n<li>Type de plastique : ABS<\/li>\n<li>Bricks Blocks:2551 PCS<\/li>\n<li>Size: 35.8 x 33.5 x 43.1 cm<\/li>\n<li>Weight: 2.07 kg<\/li>\n<li>Contient des instructions de montage d\u00e9taill\u00e9es.<\/li>\n<\/ol>\n<p>Avis:<br \/>\n1. Sans bo\u00eete d&#039;origine, mais nous garantissons que nos produits ont une assurance qualit\u00e9 et un bel emballage.<br \/>\n2. Comme toutes les pi\u00e8ces que nous avons v\u00e9rifi\u00e9es avant l&#039;exp\u00e9dition, donc si vous trouvez des pi\u00e8ces manquantes ou endommag\u00e9es, ne vous inqui\u00e9tez pas et veuillez nous contacter et nous pouvons vous les renvoyer imm\u00e9diatement gratuitement.<\/p>\n<figure id=\"attachment_35108\" aria-describedby=\"caption-attachment-35108\" style=\"width: 730px\" class=\"wp-caption aligncenter\"><img fetchpriority=\"high\" decoding=\"async\" class=\"wp-image-35108 size-full\" src=\"https:\/\/mouldking.store\/wp-content\/uploads\/2022\/11\/MOC-0088-Colorful-Dragon-Head-1.png\" alt=\"MOC 0088 Colorful Dragon Head With 2551 Pieces\" width=\"730\" height=\"730\" title=\"-\" srcset=\"https:\/\/mouldking.store\/wp-content\/uploads\/2022\/11\/MOC-0088-Colorful-Dragon-Head-1.png 730w, https:\/\/mouldking.store\/wp-content\/uploads\/2022\/11\/MOC-0088-Colorful-Dragon-Head-1-300x300.png 300w, https:\/\/mouldking.store\/wp-content\/uploads\/2022\/11\/MOC-0088-Colorful-Dragon-Head-1-600x600.png 600w, https:\/\/mouldking.store\/wp-content\/uploads\/2022\/11\/MOC-0088-Colorful-Dragon-Head-1-150x150.png 150w, https:\/\/mouldking.store\/wp-content\/uploads\/2022\/11\/MOC-0088-Colorful-Dragon-Head-1-60x60.png 60w, https:\/\/mouldking.store\/wp-content\/uploads\/2022\/11\/MOC-0088-Colorful-Dragon-Head-1-90x90.png 90w\" sizes=\"(max-width: 730px) 100vw, 730px\" \/><figcaption id=\"caption-attachment-35108\" class=\"wp-caption-text\">MOC 0088 T\u00eate de dragon color\u00e9e avec 2551 pi\u00e8ces<\/figcaption><\/figure>\n<figure id=\"attachment_35099\" aria-describedby=\"caption-attachment-35099\" style=\"width: 768px\" class=\"wp-caption aligncenter\"><img decoding=\"async\" class=\"wp-image-35099 size-full\" src=\"https:\/\/mouldking.store\/wp-content\/uploads\/2022\/11\/MOC-0088-7.jpg\" alt=\"MOC 0088 Colorful Dragon Head With 2551 Pieces\" width=\"768\" height=\"768\" title=\"-\" srcset=\"https:\/\/mouldking.store\/wp-content\/uploads\/2022\/11\/MOC-0088-7.jpg 768w, https:\/\/mouldking.store\/wp-content\/uploads\/2022\/11\/MOC-0088-7-300x300.jpg 300w, https:\/\/mouldking.store\/wp-content\/uploads\/2022\/11\/MOC-0088-7-600x600.jpg 600w, https:\/\/mouldking.store\/wp-content\/uploads\/2022\/11\/MOC-0088-7-150x150.jpg 150w, https:\/\/mouldking.store\/wp-content\/uploads\/2022\/11\/MOC-0088-7-60x60.jpg 60w, https:\/\/mouldking.store\/wp-content\/uploads\/2022\/11\/MOC-0088-7-90x90.jpg 90w\" sizes=\"(max-width: 768px) 100vw, 768px\" \/><figcaption id=\"caption-attachment-35099\" class=\"wp-caption-text\">MOC 0088 T\u00eate de dragon color\u00e9e avec 2551 pi\u00e8ces<\/figcaption><\/figure>\n<figure id=\"attachment_35100\" aria-describedby=\"caption-attachment-35100\" style=\"width: 768px\" class=\"wp-caption aligncenter\"><img decoding=\"async\" class=\"wp-image-35100 size-full\" src=\"https:\/\/mouldking.store\/wp-content\/uploads\/2022\/11\/MOC-0088-6.jpg\" alt=\"MOC 0088 Colorful Dragon Head With 2551 Pieces\" width=\"768\" height=\"768\" title=\"-\" srcset=\"https:\/\/mouldking.store\/wp-content\/uploads\/2022\/11\/MOC-0088-6.jpg 768w, https:\/\/mouldking.store\/wp-content\/uploads\/2022\/11\/MOC-0088-6-300x300.jpg 300w, https:\/\/mouldking.store\/wp-content\/uploads\/2022\/11\/MOC-0088-6-600x600.jpg 600w, https:\/\/mouldking.store\/wp-content\/uploads\/2022\/11\/MOC-0088-6-150x150.jpg 150w, https:\/\/mouldking.store\/wp-content\/uploads\/2022\/11\/MOC-0088-6-60x60.jpg 60w, https:\/\/mouldking.store\/wp-content\/uploads\/2022\/11\/MOC-0088-6-90x90.jpg 90w\" sizes=\"(max-width: 768px) 100vw, 768px\" \/><figcaption id=\"caption-attachment-35100\" class=\"wp-caption-text\">MOC 0088 T\u00eate de dragon color\u00e9e avec 2551 pi\u00e8ces<\/figcaption><\/figure>\n<figure id=\"attachment_35101\" aria-describedby=\"caption-attachment-35101\" style=\"width: 768px\" class=\"wp-caption aligncenter\"><img loading=\"lazy\" decoding=\"async\" class=\"wp-image-35101 size-full\" src=\"https:\/\/mouldking.store\/wp-content\/uploads\/2022\/11\/MOC-0088-5.jpg\" alt=\"MOC 0088 Colorful Dragon Head With 2551 Pieces\" width=\"768\" height=\"768\" title=\"-\" srcset=\"https:\/\/mouldking.store\/wp-content\/uploads\/2022\/11\/MOC-0088-5.jpg 768w, https:\/\/mouldking.store\/wp-content\/uploads\/2022\/11\/MOC-0088-5-300x300.jpg 300w, https:\/\/mouldking.store\/wp-content\/uploads\/2022\/11\/MOC-0088-5-600x600.jpg 600w, https:\/\/mouldking.store\/wp-content\/uploads\/2022\/11\/MOC-0088-5-150x150.jpg 150w, https:\/\/mouldking.store\/wp-content\/uploads\/2022\/11\/MOC-0088-5-60x60.jpg 60w, https:\/\/mouldking.store\/wp-content\/uploads\/2022\/11\/MOC-0088-5-90x90.jpg 90w\" sizes=\"(max-width: 768px) 100vw, 768px\" \/><figcaption id=\"caption-attachment-35101\" class=\"wp-caption-text\">MOC 0088 T\u00eate de dragon color\u00e9e avec 2551 pi\u00e8ces<\/figcaption><\/figure>\n<figure id=\"attachment_35102\" aria-describedby=\"caption-attachment-35102\" style=\"width: 768px\" class=\"wp-caption aligncenter\"><img loading=\"lazy\" decoding=\"async\" class=\"wp-image-35102 size-full\" src=\"https:\/\/mouldking.store\/wp-content\/uploads\/2022\/11\/MOC-0088-4.jpg\" alt=\"MOC 0088 Colorful Dragon Head With 2551 Pieces\" width=\"768\" height=\"768\" title=\"-\" srcset=\"https:\/\/mouldking.store\/wp-content\/uploads\/2022\/11\/MOC-0088-4.jpg 768w, https:\/\/mouldking.store\/wp-content\/uploads\/2022\/11\/MOC-0088-4-300x300.jpg 300w, https:\/\/mouldking.store\/wp-content\/uploads\/2022\/11\/MOC-0088-4-600x600.jpg 600w, https:\/\/mouldking.store\/wp-content\/uploads\/2022\/11\/MOC-0088-4-150x150.jpg 150w, https:\/\/mouldking.store\/wp-content\/uploads\/2022\/11\/MOC-0088-4-60x60.jpg 60w, https:\/\/mouldking.store\/wp-content\/uploads\/2022\/11\/MOC-0088-4-90x90.jpg 90w\" sizes=\"(max-width: 768px) 100vw, 768px\" \/><figcaption id=\"caption-attachment-35102\" class=\"wp-caption-text\">MOC 0088 T\u00eate de dragon color\u00e9e avec 2551 pi\u00e8ces<\/figcaption><\/figure>\n<figure id=\"attachment_35103\" aria-describedby=\"caption-attachment-35103\" style=\"width: 768px\" class=\"wp-caption aligncenter\"><img loading=\"lazy\" decoding=\"async\" class=\"wp-image-35103 size-full\" src=\"https:\/\/mouldking.store\/wp-content\/uploads\/2022\/11\/MOC-0088-3.jpg\" alt=\"MOC 0088 Colorful Dragon Head With 2551 Pieces\" width=\"768\" height=\"768\" title=\"-\" srcset=\"https:\/\/mouldking.store\/wp-content\/uploads\/2022\/11\/MOC-0088-3.jpg 768w, https:\/\/mouldking.store\/wp-content\/uploads\/2022\/11\/MOC-0088-3-300x300.jpg 300w, https:\/\/mouldking.store\/wp-content\/uploads\/2022\/11\/MOC-0088-3-600x600.jpg 600w, https:\/\/mouldking.store\/wp-content\/uploads\/2022\/11\/MOC-0088-3-150x150.jpg 150w, https:\/\/mouldking.store\/wp-content\/uploads\/2022\/11\/MOC-0088-3-60x60.jpg 60w, https:\/\/mouldking.store\/wp-content\/uploads\/2022\/11\/MOC-0088-3-90x90.jpg 90w\" sizes=\"(max-width: 768px) 100vw, 768px\" \/><figcaption id=\"caption-attachment-35103\" class=\"wp-caption-text\">MOC 0088 T\u00eate de dragon color\u00e9e avec 2551 pi\u00e8ces<\/figcaption><\/figure>\n<figure id=\"attachment_35104\" aria-describedby=\"caption-attachment-35104\" style=\"width: 768px\" class=\"wp-caption aligncenter\"><img loading=\"lazy\" decoding=\"async\" class=\"wp-image-35104 size-full\" src=\"https:\/\/mouldking.store\/wp-content\/uploads\/2022\/11\/MOC-0088-2.jpg\" alt=\"MOC 0088 Colorful Dragon Head With 2551 Pieces\" width=\"768\" height=\"768\" title=\"-\" srcset=\"https:\/\/mouldking.store\/wp-content\/uploads\/2022\/11\/MOC-0088-2.jpg 768w, https:\/\/mouldking.store\/wp-content\/uploads\/2022\/11\/MOC-0088-2-300x300.jpg 300w, https:\/\/mouldking.store\/wp-content\/uploads\/2022\/11\/MOC-0088-2-600x600.jpg 600w, https:\/\/mouldking.store\/wp-content\/uploads\/2022\/11\/MOC-0088-2-150x150.jpg 150w, https:\/\/mouldking.store\/wp-content\/uploads\/2022\/11\/MOC-0088-2-60x60.jpg 60w, https:\/\/mouldking.store\/wp-content\/uploads\/2022\/11\/MOC-0088-2-90x90.jpg 90w\" sizes=\"(max-width: 768px) 100vw, 768px\" \/><figcaption id=\"caption-attachment-35104\" class=\"wp-caption-text\">MOC 0088 T\u00eate de dragon color\u00e9e avec 2551 pi\u00e8ces<\/figcaption><\/figure>\n<figure id=\"attachment_35105\" aria-describedby=\"caption-attachment-35105\" style=\"width: 768px\" class=\"wp-caption aligncenter\"><img loading=\"lazy\" decoding=\"async\" class=\"wp-image-35105 size-full\" src=\"https:\/\/mouldking.store\/wp-content\/uploads\/2022\/11\/MOC-0088-1.jpg\" alt=\"MOC 0088 Colorful Dragon Head With 2551 Pieces\" width=\"768\" height=\"768\" title=\"-\" srcset=\"https:\/\/mouldking.store\/wp-content\/uploads\/2022\/11\/MOC-0088-1.jpg 768w, https:\/\/mouldking.store\/wp-content\/uploads\/2022\/11\/MOC-0088-1-300x300.jpg 300w, https:\/\/mouldking.store\/wp-content\/uploads\/2022\/11\/MOC-0088-1-600x600.jpg 600w, https:\/\/mouldking.store\/wp-content\/uploads\/2022\/11\/MOC-0088-1-150x150.jpg 150w, https:\/\/mouldking.store\/wp-content\/uploads\/2022\/11\/MOC-0088-1-60x60.jpg 60w, https:\/\/mouldking.store\/wp-content\/uploads\/2022\/11\/MOC-0088-1-90x90.jpg 90w\" sizes=\"(max-width: 768px) 100vw, 768px\" \/><figcaption id=\"caption-attachment-35105\" class=\"wp-caption-text\">MOC 0088 T\u00eate de dragon color\u00e9e avec 2551 pi\u00e8ces<\/figcaption><\/figure>","protected":false},"excerpt":{"rendered":"<p>Informations sur le produit : Marque : MOC Genre : Unisexe Nom : T\u00eate de dragon color\u00e9e Tranche d&#039;\u00e2ge : &gt; 6 ans Num\u00e9ro de mod\u00e8le : 0088 Classification : Assemblage Forme de bloc en plastique : Briques autobloquantes Mat\u00e9riau : Plastique Type de plastique : Blocs de briques ABS : 2551 PCS Taille : 35,8 x 33,5 x 43,1 cm Poids : 2,07 kg Contient des instructions de montage d\u00e9taill\u00e9es. Avis : 1. Sans bo\u00eete d&#039;origine, mais [\u2026]<\/p>","protected":false},"featured_media":35108,"comment_status":"closed","ping_status":"closed","template":"","meta":{"_acf_changed":false},"product_cat":[1365],"product_tag":[7340,7341,1771,7339,6483,7338,7342,7337],"class_list":["product","first","instock","shipping-taxable","purchasable","product-type-simple"],"acf":[],"_links":{"self":[{"href":"https:\/\/mouldking.store\/fr\/wp-json\/wp\/v2\/product\/35098","targetHints":{"allow":["GET"]}}],"collection":[{"href":"https:\/\/mouldking.store\/fr\/wp-json\/wp\/v2\/product"}],"about":[{"href":"https:\/\/mouldking.store\/fr\/wp-json\/wp\/v2\/types\/product"}],"replies":[{"embeddable":true,"href":"https:\/\/mouldking.store\/fr\/wp-json\/wp\/v2\/comments?post=35098"}],"wp:featuredmedia":[{"embeddable":true,"href":"https:\/\/mouldking.store\/fr\/wp-json\/wp\/v2\/media\/35108"}],"wp:attachment":[{"href":"https:\/\/mouldking.store\/fr\/wp-json\/wp\/v2\/media?parent=35098"}],"wp:term":[{"taxonomy":"product_cat","embeddable":true,"href":"https:\/\/mouldking.store\/fr\/wp-json\/wp\/v2\/product_cat?post=35098"},{"taxonomy":"product_tag","embeddable":true,"href":"https:\/\/mouldking.store\/fr\/wp-json\/wp\/v2\/product_tag?post=35098"}],"curies":[{"name":"wp","href":"https:\/\/api.w.org\/{rel}","templated":true}]}}