{"id":35119,"date":"2022-11-18T10:25:26","date_gmt":"2022-11-18T03:25:26","guid":{"rendered":"https:\/\/mouldking.store\/?post_type=product&#038;p=35119"},"modified":"2022-11-18T10:25:26","modified_gmt":"2022-11-18T03:25:26","slug":"panlos-687006-mechanical-godzilla-with-1446-pieces","status":"publish","type":"product","link":"https:\/\/mouldking.store\/fr\/shop\/panlos-687006-mechanical-godzilla-with-1446-pieces\/","title":{"rendered":"PANLOS 687006 Godzilla m\u00e9canique avec 1446 pi\u00e8ces"},"content":{"rendered":"<p>Information produit:<\/p>\n<ol>\n<li>Marque : PANLOS<\/li>\n<li>Genre: Unisexe<\/li>\n<li>Name: Mechanical Godzilla<\/li>\n<li>Tranche d&#039;\u00e2ge : &gt; 6 ans<\/li>\n<li>Model Number: 687006<\/li>\n<li>Classement : Assemblage<\/li>\n<li>Forme de bloc en plastique\u00a0: briques autobloquantes<\/li>\n<li>Mat\u00e9riel: Plastique<\/li>\n<li>Type de plastique : ABS<\/li>\n<li>Bricks Blocks:1446PCS<\/li>\n<li>Size: 37 \u00d7 20 \u00d7 22 cm<\/li>\n<li>Contient des instructions de montage d\u00e9taill\u00e9es.<\/li>\n<\/ol>\n<p>Avis:<br \/>\n1. Sans bo\u00eete d&#039;origine, mais nous garantissons que nos produits ont une assurance qualit\u00e9 et un bel emballage.<br \/>\n2. Comme toutes les pi\u00e8ces que nous avons v\u00e9rifi\u00e9es avant l&#039;exp\u00e9dition, donc si vous trouvez des pi\u00e8ces manquantes ou endommag\u00e9es, ne vous inqui\u00e9tez pas et veuillez nous contacter et nous pouvons vous les renvoyer imm\u00e9diatement gratuitement.<\/p>\n<figure id=\"attachment_35120\" aria-describedby=\"caption-attachment-35120\" style=\"width: 768px\" class=\"wp-caption aligncenter\"><img fetchpriority=\"high\" decoding=\"async\" class=\"wp-image-35120 size-full\" src=\"https:\/\/mouldking.store\/wp-content\/uploads\/2022\/11\/PANLOS-687006-5.jpg\" alt=\"PANLOS 687006 Mechanical Godzilla With 1446 Pieces\" width=\"768\" height=\"768\" title=\"-\" srcset=\"https:\/\/mouldking.store\/wp-content\/uploads\/2022\/11\/PANLOS-687006-5.jpg 768w, https:\/\/mouldking.store\/wp-content\/uploads\/2022\/11\/PANLOS-687006-5-300x300.jpg 300w, https:\/\/mouldking.store\/wp-content\/uploads\/2022\/11\/PANLOS-687006-5-600x600.jpg 600w, https:\/\/mouldking.store\/wp-content\/uploads\/2022\/11\/PANLOS-687006-5-150x150.jpg 150w, https:\/\/mouldking.store\/wp-content\/uploads\/2022\/11\/PANLOS-687006-5-60x60.jpg 60w, https:\/\/mouldking.store\/wp-content\/uploads\/2022\/11\/PANLOS-687006-5-90x90.jpg 90w\" sizes=\"(max-width: 768px) 100vw, 768px\" \/><figcaption id=\"caption-attachment-35120\" class=\"wp-caption-text\">PANLOS 687006 Godzilla m\u00e9canique avec 1446 pi\u00e8ces<\/figcaption><\/figure>\n<figure id=\"attachment_35121\" aria-describedby=\"caption-attachment-35121\" style=\"width: 750px\" class=\"wp-caption aligncenter\"><img decoding=\"async\" class=\"wp-image-35121 size-full\" src=\"https:\/\/mouldking.store\/wp-content\/uploads\/2022\/11\/PANLOS-687006-4.jpg\" alt=\"PANLOS 687006 Mechanical Godzilla With 1446 Pieces\" width=\"750\" height=\"1000\" title=\"-\" srcset=\"https:\/\/mouldking.store\/wp-content\/uploads\/2022\/11\/PANLOS-687006-4.jpg 750w, https:\/\/mouldking.store\/wp-content\/uploads\/2022\/11\/PANLOS-687006-4-225x300.jpg 225w, https:\/\/mouldking.store\/wp-content\/uploads\/2022\/11\/PANLOS-687006-4-300x400.jpg 300w, https:\/\/mouldking.store\/wp-content\/uploads\/2022\/11\/PANLOS-687006-4-600x800.jpg 600w, https:\/\/mouldking.store\/wp-content\/uploads\/2022\/11\/PANLOS-687006-4-113x150.jpg 113w, https:\/\/mouldking.store\/wp-content\/uploads\/2022\/11\/PANLOS-687006-4-45x60.jpg 45w, https:\/\/mouldking.store\/wp-content\/uploads\/2022\/11\/PANLOS-687006-4-68x90.jpg 68w\" sizes=\"(max-width: 750px) 100vw, 750px\" \/><figcaption id=\"caption-attachment-35121\" class=\"wp-caption-text\">PANLOS 687006 Godzilla m\u00e9canique avec 1446 pi\u00e8ces<\/figcaption><\/figure>\n<figure id=\"attachment_35122\" aria-describedby=\"caption-attachment-35122\" style=\"width: 768px\" class=\"wp-caption aligncenter\"><img decoding=\"async\" class=\"wp-image-35122 size-full\" src=\"https:\/\/mouldking.store\/wp-content\/uploads\/2022\/11\/PANLOS-687006-3.jpg\" alt=\"PANLOS 687006 Mechanical Godzilla With 1446 Pieces\" width=\"768\" height=\"776\" title=\"-\" srcset=\"https:\/\/mouldking.store\/wp-content\/uploads\/2022\/11\/PANLOS-687006-3.jpg 768w, https:\/\/mouldking.store\/wp-content\/uploads\/2022\/11\/PANLOS-687006-3-297x300.jpg 297w, https:\/\/mouldking.store\/wp-content\/uploads\/2022\/11\/PANLOS-687006-3-300x303.jpg 300w, https:\/\/mouldking.store\/wp-content\/uploads\/2022\/11\/PANLOS-687006-3-600x606.jpg 600w, https:\/\/mouldking.store\/wp-content\/uploads\/2022\/11\/PANLOS-687006-3-148x150.jpg 148w, https:\/\/mouldking.store\/wp-content\/uploads\/2022\/11\/PANLOS-687006-3-59x60.jpg 59w, https:\/\/mouldking.store\/wp-content\/uploads\/2022\/11\/PANLOS-687006-3-89x90.jpg 89w\" sizes=\"(max-width: 768px) 100vw, 768px\" \/><figcaption id=\"caption-attachment-35122\" class=\"wp-caption-text\">PANLOS 687006 Godzilla m\u00e9canique avec 1446 pi\u00e8ces<\/figcaption><\/figure>\n<figure id=\"attachment_35123\" aria-describedby=\"caption-attachment-35123\" style=\"width: 768px\" class=\"wp-caption aligncenter\"><img loading=\"lazy\" decoding=\"async\" class=\"wp-image-35123 size-full\" src=\"https:\/\/mouldking.store\/wp-content\/uploads\/2022\/11\/PANLOS-687006-2.jpg\" alt=\"PANLOS 687006 Mechanical Godzilla With 1446 Pieces\" width=\"768\" height=\"653\" title=\"-\" srcset=\"https:\/\/mouldking.store\/wp-content\/uploads\/2022\/11\/PANLOS-687006-2.jpg 768w, https:\/\/mouldking.store\/wp-content\/uploads\/2022\/11\/PANLOS-687006-2-300x255.jpg 300w, https:\/\/mouldking.store\/wp-content\/uploads\/2022\/11\/PANLOS-687006-2-600x510.jpg 600w, https:\/\/mouldking.store\/wp-content\/uploads\/2022\/11\/PANLOS-687006-2-150x128.jpg 150w, https:\/\/mouldking.store\/wp-content\/uploads\/2022\/11\/PANLOS-687006-2-71x60.jpg 71w, https:\/\/mouldking.store\/wp-content\/uploads\/2022\/11\/PANLOS-687006-2-106x90.jpg 106w\" sizes=\"(max-width: 768px) 100vw, 768px\" \/><figcaption id=\"caption-attachment-35123\" class=\"wp-caption-text\">PANLOS 687006 Godzilla m\u00e9canique avec 1446 pi\u00e8ces<\/figcaption><\/figure>\n<figure id=\"attachment_35124\" aria-describedby=\"caption-attachment-35124\" style=\"width: 768px\" class=\"wp-caption aligncenter\"><img loading=\"lazy\" decoding=\"async\" class=\"wp-image-35124 size-full\" src=\"https:\/\/mouldking.store\/wp-content\/uploads\/2022\/11\/PANLOS-687006-1.jpg\" alt=\"PANLOS 687006 Mechanical Godzilla With 1446 Pieces\" width=\"768\" height=\"895\" title=\"-\" srcset=\"https:\/\/mouldking.store\/wp-content\/uploads\/2022\/11\/PANLOS-687006-1.jpg 768w, https:\/\/mouldking.store\/wp-content\/uploads\/2022\/11\/PANLOS-687006-1-257x300.jpg 257w, https:\/\/mouldking.store\/wp-content\/uploads\/2022\/11\/PANLOS-687006-1-300x350.jpg 300w, https:\/\/mouldking.store\/wp-content\/uploads\/2022\/11\/PANLOS-687006-1-600x699.jpg 600w, https:\/\/mouldking.store\/wp-content\/uploads\/2022\/11\/PANLOS-687006-1-129x150.jpg 129w, https:\/\/mouldking.store\/wp-content\/uploads\/2022\/11\/PANLOS-687006-1-51x60.jpg 51w, https:\/\/mouldking.store\/wp-content\/uploads\/2022\/11\/PANLOS-687006-1-77x90.jpg 77w\" sizes=\"(max-width: 768px) 100vw, 768px\" \/><figcaption id=\"caption-attachment-35124\" class=\"wp-caption-text\">PANLOS 687006 Godzilla m\u00e9canique avec 1446 pi\u00e8ces<\/figcaption><\/figure>","protected":false},"excerpt":{"rendered":"<p>Informations sur le produit : Marque : PANLOS Genre : Unisexe Nom : M\u00e9canique Godzilla Tranche d&#039;\u00e2ge : &gt; 6 ans Num\u00e9ro de mod\u00e8le : 687006 Classification : Assemblage Forme de bloc en plastique : Briques autobloquantes Mat\u00e9riau : Plastique Type de plastique : Blocs de briques ABS : 1446PCS Taille : 37 \u00d7 20 \u00d7 22 cm Contient des instructions de montage d\u00e9taill\u00e9es. Avis : 1. Sans bo\u00eete d&#039;origine, mais nous garantissons que nos produits ont [...]<\/p>","protected":false},"featured_media":35120,"comment_status":"closed","ping_status":"closed","template":"","meta":{"_acf_changed":false},"product_cat":[1365],"product_tag":[7350,3547,7345,6385,1851,7351,7352,7349],"class_list":["product","first","instock","shipping-taxable","purchasable","product-type-simple"],"acf":[],"_links":{"self":[{"href":"https:\/\/mouldking.store\/fr\/wp-json\/wp\/v2\/product\/35119","targetHints":{"allow":["GET"]}}],"collection":[{"href":"https:\/\/mouldking.store\/fr\/wp-json\/wp\/v2\/product"}],"about":[{"href":"https:\/\/mouldking.store\/fr\/wp-json\/wp\/v2\/types\/product"}],"replies":[{"embeddable":true,"href":"https:\/\/mouldking.store\/fr\/wp-json\/wp\/v2\/comments?post=35119"}],"wp:featuredmedia":[{"embeddable":true,"href":"https:\/\/mouldking.store\/fr\/wp-json\/wp\/v2\/media\/35120"}],"wp:attachment":[{"href":"https:\/\/mouldking.store\/fr\/wp-json\/wp\/v2\/media?parent=35119"}],"wp:term":[{"taxonomy":"product_cat","embeddable":true,"href":"https:\/\/mouldking.store\/fr\/wp-json\/wp\/v2\/product_cat?post=35119"},{"taxonomy":"product_tag","embeddable":true,"href":"https:\/\/mouldking.store\/fr\/wp-json\/wp\/v2\/product_tag?post=35119"}],"curies":[{"name":"wp","href":"https:\/\/api.w.org\/{rel}","templated":true}]}}