{"id":35251,"date":"2022-11-18T12:05:02","date_gmt":"2022-11-18T05:05:02","guid":{"rendered":"https:\/\/mouldking.store\/?post_type=product&#038;p=35251"},"modified":"2026-02-03T11:16:35","modified_gmt":"2026-02-03T04:16:35","slug":"pantasy-86219-tavern-gate-my-own-swordsman-series-with-466-pieces","status":"publish","type":"product","link":"https:\/\/mouldking.store\/fr\/shop\/pantasy-86219-tavern-gate-my-own-swordsman-series-with-466-pieces\/","title":{"rendered":"PANTASY 86219 Tavern Gate My Own Swordsman Series avec 466 pi\u00e8ces"},"content":{"rendered":"<p>Information produit:<\/p>\n<ol>\n<li>Marque : PANTASY<\/li>\n<li>Genre: Unisexe<\/li>\n<li>Name: Tavern Gate My Own Swordsman Series<\/li>\n<li>Tranche d&#039;\u00e2ge : &gt; 6 ans<\/li>\n<li>Model Number: 86219<\/li>\n<li>Classement : Assemblage<\/li>\n<li>Forme de bloc en plastique\u00a0: briques autobloquantes<\/li>\n<li>Mat\u00e9riel: Plastique<\/li>\n<li>Type de plastique : ABS<\/li>\n<li>Bricks Blocks:466 PCS<\/li>\n<li>Size:25.6 \u00d7 6.4 \u00d7 15.6 cm<\/li>\n<li>Weight 0.379 kg<\/li>\n<li>Contient des instructions de montage d\u00e9taill\u00e9es.<\/li>\n<\/ol>\n<p>Avis:<br \/>\n1. Sans bo\u00eete d&#039;origine, mais nous garantissons que nos produits ont une assurance qualit\u00e9 et un bel emballage.<br \/>\n2. Comme toutes les pi\u00e8ces que nous avons v\u00e9rifi\u00e9es avant l&#039;exp\u00e9dition, donc si vous trouvez des pi\u00e8ces manquantes ou endommag\u00e9es, ne vous inqui\u00e9tez pas et veuillez nous contacter et nous pouvons vous les renvoyer imm\u00e9diatement gratuitement.<\/p>\n<figure id=\"attachment_35252\" aria-describedby=\"caption-attachment-35252\" style=\"width: 768px\" class=\"wp-caption aligncenter\"><img fetchpriority=\"high\" decoding=\"async\" class=\"wp-image-35252 size-full\" src=\"https:\/\/mouldking.store\/wp-content\/uploads\/2022\/11\/PANTASY-86219-9.jpg\" alt=\"PANTASY 86219 Tavern Gate My Own Swordsman Series With 466 Pieces\" width=\"768\" height=\"768\" title=\"-\" srcset=\"https:\/\/mouldking.store\/wp-content\/uploads\/2022\/11\/PANTASY-86219-9.jpg 768w, https:\/\/mouldking.store\/wp-content\/uploads\/2022\/11\/PANTASY-86219-9-300x300.jpg 300w, https:\/\/mouldking.store\/wp-content\/uploads\/2022\/11\/PANTASY-86219-9-600x600.jpg 600w, https:\/\/mouldking.store\/wp-content\/uploads\/2022\/11\/PANTASY-86219-9-150x150.jpg 150w, https:\/\/mouldking.store\/wp-content\/uploads\/2022\/11\/PANTASY-86219-9-60x60.jpg 60w, https:\/\/mouldking.store\/wp-content\/uploads\/2022\/11\/PANTASY-86219-9-90x90.jpg 90w\" sizes=\"(max-width: 768px) 100vw, 768px\" \/><figcaption id=\"caption-attachment-35252\" class=\"wp-caption-text\">PANTASY 86219 Tavern Gate My Own Swordsman Series avec 466 pi\u00e8ces<\/figcaption><\/figure>\n<figure id=\"attachment_35253\" aria-describedby=\"caption-attachment-35253\" style=\"width: 445px\" class=\"wp-caption aligncenter\"><img decoding=\"async\" class=\"wp-image-35253 size-full\" src=\"https:\/\/mouldking.store\/wp-content\/uploads\/2022\/11\/PANTASY-86219-8.jpg\" alt=\"PANTASY 86219 Tavern Gate My Own Swordsman Series With 466 Pieces\" width=\"445\" height=\"1024\" title=\"-\" srcset=\"https:\/\/mouldking.store\/wp-content\/uploads\/2022\/11\/PANTASY-86219-8.jpg 445w, https:\/\/mouldking.store\/wp-content\/uploads\/2022\/11\/PANTASY-86219-8-130x300.jpg 130w, https:\/\/mouldking.store\/wp-content\/uploads\/2022\/11\/PANTASY-86219-8-300x690.jpg 300w, https:\/\/mouldking.store\/wp-content\/uploads\/2022\/11\/PANTASY-86219-8-65x150.jpg 65w, https:\/\/mouldking.store\/wp-content\/uploads\/2022\/11\/PANTASY-86219-8-26x60.jpg 26w, https:\/\/mouldking.store\/wp-content\/uploads\/2022\/11\/PANTASY-86219-8-39x90.jpg 39w\" sizes=\"(max-width: 445px) 100vw, 445px\" \/><figcaption id=\"caption-attachment-35253\" class=\"wp-caption-text\">PANTASY 86219 Tavern Gate My Own Swordsman Series avec 466 pi\u00e8ces<\/figcaption><\/figure>\n<figure id=\"attachment_35254\" aria-describedby=\"caption-attachment-35254\" style=\"width: 422px\" class=\"wp-caption aligncenter\"><img decoding=\"async\" class=\"wp-image-35254 size-full\" src=\"https:\/\/mouldking.store\/wp-content\/uploads\/2022\/11\/PANTASY-86219-7.jpg\" alt=\"PANTASY 86219 Tavern Gate My Own Swordsman Series With 466 Pieces\" width=\"422\" height=\"1024\" title=\"-\" srcset=\"https:\/\/mouldking.store\/wp-content\/uploads\/2022\/11\/PANTASY-86219-7.jpg 422w, https:\/\/mouldking.store\/wp-content\/uploads\/2022\/11\/PANTASY-86219-7-124x300.jpg 124w, https:\/\/mouldking.store\/wp-content\/uploads\/2022\/11\/PANTASY-86219-7-300x728.jpg 300w, https:\/\/mouldking.store\/wp-content\/uploads\/2022\/11\/PANTASY-86219-7-62x150.jpg 62w, https:\/\/mouldking.store\/wp-content\/uploads\/2022\/11\/PANTASY-86219-7-25x60.jpg 25w, https:\/\/mouldking.store\/wp-content\/uploads\/2022\/11\/PANTASY-86219-7-37x90.jpg 37w\" sizes=\"(max-width: 422px) 100vw, 422px\" \/><figcaption id=\"caption-attachment-35254\" class=\"wp-caption-text\">PANTASY 86219 Tavern Gate My Own Swordsman Series avec 466 pi\u00e8ces<\/figcaption><\/figure>\n<figure id=\"attachment_35255\" aria-describedby=\"caption-attachment-35255\" style=\"width: 916px\" class=\"wp-caption aligncenter\"><img loading=\"lazy\" decoding=\"async\" class=\"wp-image-35255 size-full\" src=\"https:\/\/mouldking.store\/wp-content\/uploads\/2022\/11\/PANTASY-86219-6.jpg\" alt=\"PANTASY 86219 Tavern Gate My Own Swordsman Series With 466 Pieces\" width=\"916\" height=\"1024\" title=\"-\" srcset=\"https:\/\/mouldking.store\/wp-content\/uploads\/2022\/11\/PANTASY-86219-6.jpg 916w, https:\/\/mouldking.store\/wp-content\/uploads\/2022\/11\/PANTASY-86219-6-268x300.jpg 268w, https:\/\/mouldking.store\/wp-content\/uploads\/2022\/11\/PANTASY-86219-6-768x859.jpg 768w, https:\/\/mouldking.store\/wp-content\/uploads\/2022\/11\/PANTASY-86219-6-300x335.jpg 300w, https:\/\/mouldking.store\/wp-content\/uploads\/2022\/11\/PANTASY-86219-6-600x671.jpg 600w, https:\/\/mouldking.store\/wp-content\/uploads\/2022\/11\/PANTASY-86219-6-134x150.jpg 134w, https:\/\/mouldking.store\/wp-content\/uploads\/2022\/11\/PANTASY-86219-6-54x60.jpg 54w, https:\/\/mouldking.store\/wp-content\/uploads\/2022\/11\/PANTASY-86219-6-81x90.jpg 81w\" sizes=\"(max-width: 916px) 100vw, 916px\" \/><figcaption id=\"caption-attachment-35255\" class=\"wp-caption-text\">PANTASY 86219 Tavern Gate My Own Swordsman Series avec 466 pi\u00e8ces<\/figcaption><\/figure>\n<figure id=\"attachment_35256\" aria-describedby=\"caption-attachment-35256\" style=\"width: 1024px\" class=\"wp-caption aligncenter\"><img loading=\"lazy\" decoding=\"async\" class=\"wp-image-35256 size-full\" src=\"https:\/\/mouldking.store\/wp-content\/uploads\/2022\/11\/PANTASY-86219-5.jpg\" alt=\"PANTASY 86219 Tavern Gate My Own Swordsman Series With 466 Pieces\" width=\"1024\" height=\"748\" title=\"-\" srcset=\"https:\/\/mouldking.store\/wp-content\/uploads\/2022\/11\/PANTASY-86219-5.jpg 1024w, https:\/\/mouldking.store\/wp-content\/uploads\/2022\/11\/PANTASY-86219-5-300x219.jpg 300w, https:\/\/mouldking.store\/wp-content\/uploads\/2022\/11\/PANTASY-86219-5-768x561.jpg 768w, https:\/\/mouldking.store\/wp-content\/uploads\/2022\/11\/PANTASY-86219-5-600x438.jpg 600w, https:\/\/mouldking.store\/wp-content\/uploads\/2022\/11\/PANTASY-86219-5-150x110.jpg 150w, https:\/\/mouldking.store\/wp-content\/uploads\/2022\/11\/PANTASY-86219-5-82x60.jpg 82w, https:\/\/mouldking.store\/wp-content\/uploads\/2022\/11\/PANTASY-86219-5-123x90.jpg 123w\" sizes=\"(max-width: 1024px) 100vw, 1024px\" \/><figcaption id=\"caption-attachment-35256\" class=\"wp-caption-text\">PANTASY 86219 Tavern Gate My Own Swordsman Series avec 466 pi\u00e8ces<\/figcaption><\/figure>\n<figure id=\"attachment_35257\" aria-describedby=\"caption-attachment-35257\" style=\"width: 768px\" class=\"wp-caption aligncenter\"><img loading=\"lazy\" decoding=\"async\" class=\"wp-image-35257 size-full\" src=\"https:\/\/mouldking.store\/wp-content\/uploads\/2022\/11\/PANTASY-86219-4.jpg\" alt=\"PANTASY 86219 Tavern Gate My Own Swordsman Series With 466 Pieces\" width=\"768\" height=\"958\" title=\"-\" srcset=\"https:\/\/mouldking.store\/wp-content\/uploads\/2022\/11\/PANTASY-86219-4.jpg 768w, https:\/\/mouldking.store\/wp-content\/uploads\/2022\/11\/PANTASY-86219-4-241x300.jpg 241w, https:\/\/mouldking.store\/wp-content\/uploads\/2022\/11\/PANTASY-86219-4-300x374.jpg 300w, https:\/\/mouldking.store\/wp-content\/uploads\/2022\/11\/PANTASY-86219-4-600x748.jpg 600w, https:\/\/mouldking.store\/wp-content\/uploads\/2022\/11\/PANTASY-86219-4-120x150.jpg 120w, https:\/\/mouldking.store\/wp-content\/uploads\/2022\/11\/PANTASY-86219-4-48x60.jpg 48w, https:\/\/mouldking.store\/wp-content\/uploads\/2022\/11\/PANTASY-86219-4-72x90.jpg 72w\" sizes=\"(max-width: 768px) 100vw, 768px\" \/><figcaption id=\"caption-attachment-35257\" class=\"wp-caption-text\">PANTASY 86219 Tavern Gate My Own Swordsman Series avec 466 pi\u00e8ces<\/figcaption><\/figure>\n<figure id=\"attachment_35258\" aria-describedby=\"caption-attachment-35258\" style=\"width: 768px\" class=\"wp-caption aligncenter\"><img loading=\"lazy\" decoding=\"async\" class=\"wp-image-35258 size-full\" src=\"https:\/\/mouldking.store\/wp-content\/uploads\/2022\/11\/PANTASY-86219-3.jpg\" alt=\"PANTASY 86219 Tavern Gate My Own Swordsman Series With 466 Pieces\" width=\"768\" height=\"938\" title=\"-\" srcset=\"https:\/\/mouldking.store\/wp-content\/uploads\/2022\/11\/PANTASY-86219-3.jpg 768w, https:\/\/mouldking.store\/wp-content\/uploads\/2022\/11\/PANTASY-86219-3-246x300.jpg 246w, https:\/\/mouldking.store\/wp-content\/uploads\/2022\/11\/PANTASY-86219-3-300x366.jpg 300w, https:\/\/mouldking.store\/wp-content\/uploads\/2022\/11\/PANTASY-86219-3-600x733.jpg 600w, https:\/\/mouldking.store\/wp-content\/uploads\/2022\/11\/PANTASY-86219-3-123x150.jpg 123w, https:\/\/mouldking.store\/wp-content\/uploads\/2022\/11\/PANTASY-86219-3-49x60.jpg 49w, https:\/\/mouldking.store\/wp-content\/uploads\/2022\/11\/PANTASY-86219-3-74x90.jpg 74w\" sizes=\"(max-width: 768px) 100vw, 768px\" \/><figcaption id=\"caption-attachment-35258\" class=\"wp-caption-text\">PANTASY 86219 Tavern Gate My Own Swordsman Series avec 466 pi\u00e8ces<\/figcaption><\/figure>\n<figure id=\"attachment_35259\" aria-describedby=\"caption-attachment-35259\" style=\"width: 1021px\" class=\"wp-caption aligncenter\"><img loading=\"lazy\" decoding=\"async\" class=\"wp-image-35259 size-full\" src=\"https:\/\/mouldking.store\/wp-content\/uploads\/2022\/11\/PANTASY-86219-2.jpg\" alt=\"PANTASY 86219 Tavern Gate My Own Swordsman Series With 466 Pieces\" width=\"1021\" height=\"1024\" title=\"-\" srcset=\"https:\/\/mouldking.store\/wp-content\/uploads\/2022\/11\/PANTASY-86219-2.jpg 1021w, https:\/\/mouldking.store\/wp-content\/uploads\/2022\/11\/PANTASY-86219-2-300x301.jpg 300w, https:\/\/mouldking.store\/wp-content\/uploads\/2022\/11\/PANTASY-86219-2-768x770.jpg 768w, https:\/\/mouldking.store\/wp-content\/uploads\/2022\/11\/PANTASY-86219-2-600x602.jpg 600w, https:\/\/mouldking.store\/wp-content\/uploads\/2022\/11\/PANTASY-86219-2-150x150.jpg 150w, https:\/\/mouldking.store\/wp-content\/uploads\/2022\/11\/PANTASY-86219-2-60x60.jpg 60w, https:\/\/mouldking.store\/wp-content\/uploads\/2022\/11\/PANTASY-86219-2-90x90.jpg 90w\" sizes=\"(max-width: 1021px) 100vw, 1021px\" \/><figcaption id=\"caption-attachment-35259\" class=\"wp-caption-text\">PANTASY 86219 Tavern Gate My Own Swordsman Series avec 466 pi\u00e8ces<\/figcaption><\/figure>\n<figure id=\"attachment_35260\" aria-describedby=\"caption-attachment-35260\" style=\"width: 600px\" class=\"wp-caption aligncenter\"><img loading=\"lazy\" decoding=\"async\" class=\"wp-image-35260 size-full\" src=\"https:\/\/mouldking.store\/wp-content\/uploads\/2022\/11\/PANTASY-86219-1.jpg\" alt=\"PANTASY 86219 Tavern Gate My Own Swordsman Series With 466 Pieces\" width=\"600\" height=\"931\" title=\"-\" srcset=\"https:\/\/mouldking.store\/wp-content\/uploads\/2022\/11\/PANTASY-86219-1.jpg 600w, https:\/\/mouldking.store\/wp-content\/uploads\/2022\/11\/PANTASY-86219-1-193x300.jpg 193w, https:\/\/mouldking.store\/wp-content\/uploads\/2022\/11\/PANTASY-86219-1-300x466.jpg 300w, https:\/\/mouldking.store\/wp-content\/uploads\/2022\/11\/PANTASY-86219-1-97x150.jpg 97w, https:\/\/mouldking.store\/wp-content\/uploads\/2022\/11\/PANTASY-86219-1-39x60.jpg 39w, https:\/\/mouldking.store\/wp-content\/uploads\/2022\/11\/PANTASY-86219-1-58x90.jpg 58w\" sizes=\"(max-width: 600px) 100vw, 600px\" \/><figcaption id=\"caption-attachment-35260\" class=\"wp-caption-text\">PANTASY 86219 Tavern Gate My Own Swordsman Series avec 466 pi\u00e8ces<\/figcaption><\/figure>","protected":false},"excerpt":{"rendered":"<p>Product information: Brand: PANTASY Gender: Unisex Name: Tavern Gate My Own Swordsman Series Age Range: &gt; 6 years old Model Number: 86219 Classification: Assemblage Plastic Block Shape: Self-Locking Bricks Material: Plastic Plastic Type: ABS Bricks Blocks:466 PCS Size:25.6 \u00d7 6.4 \u00d7 15.6 cm Weight 0.379 kg Contains detailed assembly instructions. Notice: 1. Without an original [&hellip;]<\/p>","protected":false},"featured_media":35252,"comment_status":"closed","ping_status":"closed","template":"","meta":{"_acf_changed":false},"product_cat":[1365],"product_tag":[7417,7419,6280,7421,7422,7416,7418,7420],"class_list":["product","first","instock","shipping-taxable","purchasable","product-type-simple"],"acf":[],"_links":{"self":[{"href":"https:\/\/mouldking.store\/fr\/wp-json\/wp\/v2\/product\/35251","targetHints":{"allow":["GET"]}}],"collection":[{"href":"https:\/\/mouldking.store\/fr\/wp-json\/wp\/v2\/product"}],"about":[{"href":"https:\/\/mouldking.store\/fr\/wp-json\/wp\/v2\/types\/product"}],"replies":[{"embeddable":true,"href":"https:\/\/mouldking.store\/fr\/wp-json\/wp\/v2\/comments?post=35251"}],"wp:featuredmedia":[{"embeddable":true,"href":"https:\/\/mouldking.store\/fr\/wp-json\/wp\/v2\/media\/35252"}],"wp:attachment":[{"href":"https:\/\/mouldking.store\/fr\/wp-json\/wp\/v2\/media?parent=35251"}],"wp:term":[{"taxonomy":"product_cat","embeddable":true,"href":"https:\/\/mouldking.store\/fr\/wp-json\/wp\/v2\/product_cat?post=35251"},{"taxonomy":"product_tag","embeddable":true,"href":"https:\/\/mouldking.store\/fr\/wp-json\/wp\/v2\/product_tag?post=35251"}],"curies":[{"name":"wp","href":"https:\/\/api.w.org\/{rel}","templated":true}]}}