{"id":35378,"date":"2022-11-18T14:57:16","date_gmt":"2022-11-18T07:57:16","guid":{"rendered":"https:\/\/mouldking.store\/?post_type=product&#038;p=35378"},"modified":"2022-11-18T14:57:16","modified_gmt":"2022-11-18T07:57:16","slug":"zhegao-dz6025-christmas-gingerbread-house-with-1481-pieces","status":"publish","type":"product","link":"https:\/\/mouldking.store\/fr\/shop\/zhegao-dz6025-christmas-gingerbread-house-with-1481-pieces\/","title":{"rendered":"ZHEGAO DZ6025 Maison en pain d&#039;\u00e9pice de No\u00ebl avec 1481 pi\u00e8ces"},"content":{"rendered":"<p>Information produit:<\/p>\n<ol>\n<li>Marque : ZHEGAO<\/li>\n<li>Genre: Unisexe<\/li>\n<li>Name: Christmas Gingerbread House<\/li>\n<li>Tranche d&#039;\u00e2ge : &gt; 6 ans<\/li>\n<li>Model Number: DZ6025<\/li>\n<li>Classement : Assemblage<\/li>\n<li>Forme de bloc en plastique\u00a0: briques autobloquantes<\/li>\n<li>Mat\u00e9riel: Plastique<\/li>\n<li>Type de plastique : ABS<\/li>\n<li>Bricks Blocks:1481 PCS<\/li>\n<li>Size: 23 \u00d7 13 \u00d7 17 cm<\/li>\n<li>Contient des instructions de montage d\u00e9taill\u00e9es.<\/li>\n<\/ol>\n<p>Avis:<br \/>\n1. Sans bo\u00eete d&#039;origine, mais nous garantissons que nos produits ont une assurance qualit\u00e9 et un bel emballage.<br \/>\n2. Comme toutes les pi\u00e8ces que nous avons v\u00e9rifi\u00e9es avant l&#039;exp\u00e9dition, donc si vous trouvez des pi\u00e8ces manquantes ou endommag\u00e9es, ne vous inqui\u00e9tez pas et veuillez nous contacter et nous pouvons vous les renvoyer imm\u00e9diatement gratuitement.<\/p>\n<figure id=\"attachment_35379\" aria-describedby=\"caption-attachment-35379\" style=\"width: 1024px\" class=\"wp-caption aligncenter\"><img fetchpriority=\"high\" decoding=\"async\" class=\"wp-image-35379 size-large\" src=\"https:\/\/mouldking.store\/wp-content\/uploads\/2022\/11\/ZHEGAO-DZ6025-4-1024x1024.jpg\" alt=\"ZHEGAO DZ6025 Christmas Gingerbread House With 1481 Pieces\" width=\"1024\" height=\"1024\" title=\"-\" srcset=\"https:\/\/mouldking.store\/wp-content\/uploads\/2022\/11\/ZHEGAO-DZ6025-4-1024x1024.jpg 1024w, https:\/\/mouldking.store\/wp-content\/uploads\/2022\/11\/ZHEGAO-DZ6025-4-300x300.jpg 300w, https:\/\/mouldking.store\/wp-content\/uploads\/2022\/11\/ZHEGAO-DZ6025-4-768x768.jpg 768w, https:\/\/mouldking.store\/wp-content\/uploads\/2022\/11\/ZHEGAO-DZ6025-4-600x600.jpg 600w, https:\/\/mouldking.store\/wp-content\/uploads\/2022\/11\/ZHEGAO-DZ6025-4-150x150.jpg 150w, https:\/\/mouldking.store\/wp-content\/uploads\/2022\/11\/ZHEGAO-DZ6025-4-60x60.jpg 60w, https:\/\/mouldking.store\/wp-content\/uploads\/2022\/11\/ZHEGAO-DZ6025-4-90x90.jpg 90w, https:\/\/mouldking.store\/wp-content\/uploads\/2022\/11\/ZHEGAO-DZ6025-4.jpg 1500w\" sizes=\"(max-width: 1024px) 100vw, 1024px\" \/><figcaption id=\"caption-attachment-35379\" class=\"wp-caption-text\">ZHEGAO DZ6025 Maison en pain d&#039;\u00e9pice de No\u00ebl avec 1481 pi\u00e8ces<\/figcaption><\/figure>\n<figure id=\"attachment_35380\" aria-describedby=\"caption-attachment-35380\" style=\"width: 768px\" class=\"wp-caption aligncenter\"><img decoding=\"async\" class=\"wp-image-35380 size-full\" src=\"https:\/\/mouldking.store\/wp-content\/uploads\/2022\/11\/ZHEGAO-DZ6025-3.jpg\" alt=\"ZHEGAO DZ6025 Christmas Gingerbread House With 1481 Pieces\" width=\"768\" height=\"768\" title=\"-\" srcset=\"https:\/\/mouldking.store\/wp-content\/uploads\/2022\/11\/ZHEGAO-DZ6025-3.jpg 768w, https:\/\/mouldking.store\/wp-content\/uploads\/2022\/11\/ZHEGAO-DZ6025-3-300x300.jpg 300w, https:\/\/mouldking.store\/wp-content\/uploads\/2022\/11\/ZHEGAO-DZ6025-3-600x600.jpg 600w, https:\/\/mouldking.store\/wp-content\/uploads\/2022\/11\/ZHEGAO-DZ6025-3-150x150.jpg 150w, https:\/\/mouldking.store\/wp-content\/uploads\/2022\/11\/ZHEGAO-DZ6025-3-60x60.jpg 60w, https:\/\/mouldking.store\/wp-content\/uploads\/2022\/11\/ZHEGAO-DZ6025-3-90x90.jpg 90w\" sizes=\"(max-width: 768px) 100vw, 768px\" \/><figcaption id=\"caption-attachment-35380\" class=\"wp-caption-text\">ZHEGAO DZ6025 Maison en pain d&#039;\u00e9pice de No\u00ebl avec 1481 pi\u00e8ces<\/figcaption><\/figure>\n<figure id=\"attachment_35381\" aria-describedby=\"caption-attachment-35381\" style=\"width: 768px\" class=\"wp-caption aligncenter\"><img decoding=\"async\" class=\"wp-image-35381 size-full\" src=\"https:\/\/mouldking.store\/wp-content\/uploads\/2022\/11\/ZHEGAO-DZ6025-2.jpg\" alt=\"ZHEGAO DZ6025 Christmas Gingerbread House With 1481 Pieces\" width=\"768\" height=\"768\" title=\"-\" srcset=\"https:\/\/mouldking.store\/wp-content\/uploads\/2022\/11\/ZHEGAO-DZ6025-2.jpg 768w, https:\/\/mouldking.store\/wp-content\/uploads\/2022\/11\/ZHEGAO-DZ6025-2-300x300.jpg 300w, https:\/\/mouldking.store\/wp-content\/uploads\/2022\/11\/ZHEGAO-DZ6025-2-600x600.jpg 600w, https:\/\/mouldking.store\/wp-content\/uploads\/2022\/11\/ZHEGAO-DZ6025-2-150x150.jpg 150w, https:\/\/mouldking.store\/wp-content\/uploads\/2022\/11\/ZHEGAO-DZ6025-2-60x60.jpg 60w, https:\/\/mouldking.store\/wp-content\/uploads\/2022\/11\/ZHEGAO-DZ6025-2-90x90.jpg 90w\" sizes=\"(max-width: 768px) 100vw, 768px\" \/><figcaption id=\"caption-attachment-35381\" class=\"wp-caption-text\">ZHEGAO DZ6025 Maison en pain d&#039;\u00e9pice de No\u00ebl avec 1481 pi\u00e8ces<\/figcaption><\/figure>\n<figure id=\"attachment_35382\" aria-describedby=\"caption-attachment-35382\" style=\"width: 768px\" class=\"wp-caption aligncenter\"><img loading=\"lazy\" decoding=\"async\" class=\"wp-image-35382 size-full\" src=\"https:\/\/mouldking.store\/wp-content\/uploads\/2022\/11\/ZHEGAO-DZ6025-1.jpg\" alt=\"ZHEGAO DZ6025 Christmas Gingerbread House With 1481 Pieces\" width=\"768\" height=\"768\" title=\"-\" srcset=\"https:\/\/mouldking.store\/wp-content\/uploads\/2022\/11\/ZHEGAO-DZ6025-1.jpg 768w, https:\/\/mouldking.store\/wp-content\/uploads\/2022\/11\/ZHEGAO-DZ6025-1-300x300.jpg 300w, https:\/\/mouldking.store\/wp-content\/uploads\/2022\/11\/ZHEGAO-DZ6025-1-600x600.jpg 600w, https:\/\/mouldking.store\/wp-content\/uploads\/2022\/11\/ZHEGAO-DZ6025-1-150x150.jpg 150w, https:\/\/mouldking.store\/wp-content\/uploads\/2022\/11\/ZHEGAO-DZ6025-1-60x60.jpg 60w, https:\/\/mouldking.store\/wp-content\/uploads\/2022\/11\/ZHEGAO-DZ6025-1-90x90.jpg 90w\" sizes=\"(max-width: 768px) 100vw, 768px\" \/><figcaption id=\"caption-attachment-35382\" class=\"wp-caption-text\">ZHEGAO DZ6025 Maison en pain d&#039;\u00e9pice de No\u00ebl avec 1481 pi\u00e8ces<\/figcaption><\/figure>","protected":false},"excerpt":{"rendered":"<p>Product information: Brand: ZHEGAO Gender: Unisex Name: Christmas Gingerbread House Age Range: &gt; 6 years old Model Number: DZ6025 Classification: Assemblage Plastic Block Shape: Self-Locking Bricks Material: Plastic Plastic Type: ABS Bricks Blocks:1481 PCS Size: 23 \u00d7 13 \u00d7 17 cm Contains detailed assembly instructions. Notice: 1. Without an original box, but we guarantee our [&hellip;]<\/p>","protected":false},"featured_media":35379,"comment_status":"closed","ping_status":"closed","template":"","meta":{"_acf_changed":false},"product_cat":[1365],"product_tag":[1066,7501,7498,7499,7502,2318,1698,7500,7503,7497],"class_list":["product","first","instock","shipping-taxable","purchasable","product-type-simple"],"acf":[],"_links":{"self":[{"href":"https:\/\/mouldking.store\/fr\/wp-json\/wp\/v2\/product\/35378","targetHints":{"allow":["GET"]}}],"collection":[{"href":"https:\/\/mouldking.store\/fr\/wp-json\/wp\/v2\/product"}],"about":[{"href":"https:\/\/mouldking.store\/fr\/wp-json\/wp\/v2\/types\/product"}],"replies":[{"embeddable":true,"href":"https:\/\/mouldking.store\/fr\/wp-json\/wp\/v2\/comments?post=35378"}],"wp:featuredmedia":[{"embeddable":true,"href":"https:\/\/mouldking.store\/fr\/wp-json\/wp\/v2\/media\/35379"}],"wp:attachment":[{"href":"https:\/\/mouldking.store\/fr\/wp-json\/wp\/v2\/media?parent=35378"}],"wp:term":[{"taxonomy":"product_cat","embeddable":true,"href":"https:\/\/mouldking.store\/fr\/wp-json\/wp\/v2\/product_cat?post=35378"},{"taxonomy":"product_tag","embeddable":true,"href":"https:\/\/mouldking.store\/fr\/wp-json\/wp\/v2\/product_tag?post=35378"}],"curies":[{"name":"wp","href":"https:\/\/api.w.org\/{rel}","templated":true}]}}