{"id":35383,"date":"2022-11-18T15:04:56","date_gmt":"2022-11-18T08:04:56","guid":{"rendered":"https:\/\/mouldking.store\/?post_type=product&#038;p=35383"},"modified":"2022-11-18T15:04:56","modified_gmt":"2022-11-18T08:04:56","slug":"jiestar-91104-18-mclaren-super-car-with-3316-pieces","status":"publish","type":"product","link":"https:\/\/mouldking.store\/fr\/shop\/jiestar-91104-18-mclaren-super-car-with-3316-pieces\/","title":{"rendered":"JIESTAR 91104 1: 8 McLaren Super Car avec 3316 pi\u00e8ces"},"content":{"rendered":"<p>Information produit:<\/p>\n<ol>\n<li>Marque : JIESTAR<\/li>\n<li>Genre: Unisexe<\/li>\n<li>Nom: McLaren Super Car<\/li>\n<li>Tranche d&#039;\u00e2ge : &gt; 6 ans<\/li>\n<li>Num\u00e9ro de mod\u00e8le: 91104<\/li>\n<li>Classement : Assemblage<\/li>\n<li>Forme de bloc en plastique\u00a0: briques autobloquantes<\/li>\n<li>Mat\u00e9riel: Plastique<\/li>\n<li>Type de plastique : ABS<\/li>\n<li>Blocs de briques : 3316 pi\u00e8ces<\/li>\n<li>Taille : 60 \u00d7 29 \u00d7 16,5 cm<\/li>\n<li>Contient des instructions de montage d\u00e9taill\u00e9es.<\/li>\n<\/ol>\n<p>Avis:<br \/>\n1. Sans bo\u00eete d&#039;origine, mais nous garantissons que nos produits ont une assurance qualit\u00e9 et un bel emballage.<br \/>\n2. Comme toutes les pi\u00e8ces que nous avons v\u00e9rifi\u00e9es avant l&#039;exp\u00e9dition, donc si vous trouvez des pi\u00e8ces manquantes ou endommag\u00e9es, ne vous inqui\u00e9tez pas et veuillez nous contacter et nous pouvons vous les renvoyer imm\u00e9diatement gratuitement.<\/p>\n<figure id=\"attachment_35384\" aria-describedby=\"caption-attachment-35384\" style=\"width: 768px\" class=\"wp-caption aligncenter\"><img fetchpriority=\"high\" decoding=\"async\" class=\"wp-image-35384 size-full\" src=\"https:\/\/mouldking.store\/wp-content\/uploads\/2022\/11\/91104-1-0e24-1-768x768-1.jpg\" alt=\"JIESTAR 91104 1:8 McLaren Super Car With 3316 Pieces\" width=\"768\" height=\"768\" title=\"-\" srcset=\"https:\/\/mouldking.store\/wp-content\/uploads\/2022\/11\/91104-1-0e24-1-768x768-1.jpg 768w, https:\/\/mouldking.store\/wp-content\/uploads\/2022\/11\/91104-1-0e24-1-768x768-1-300x300.jpg 300w, https:\/\/mouldking.store\/wp-content\/uploads\/2022\/11\/91104-1-0e24-1-768x768-1-600x600.jpg 600w, https:\/\/mouldking.store\/wp-content\/uploads\/2022\/11\/91104-1-0e24-1-768x768-1-150x150.jpg 150w, https:\/\/mouldking.store\/wp-content\/uploads\/2022\/11\/91104-1-0e24-1-768x768-1-60x60.jpg 60w, https:\/\/mouldking.store\/wp-content\/uploads\/2022\/11\/91104-1-0e24-1-768x768-1-90x90.jpg 90w\" sizes=\"(max-width: 768px) 100vw, 768px\" \/><figcaption id=\"caption-attachment-35384\" class=\"wp-caption-text\">JIESTAR 91104 1: 8 McLaren Super Car avec 3316 pi\u00e8ces<\/figcaption><\/figure>\n<figure id=\"attachment_35385\" aria-describedby=\"caption-attachment-35385\" style=\"width: 768px\" class=\"wp-caption aligncenter\"><img decoding=\"async\" class=\"wp-image-35385 size-full\" src=\"https:\/\/mouldking.store\/wp-content\/uploads\/2022\/11\/91104-3-3dd4-768x768-1.jpg\" alt=\"JIESTAR 91104 1:8 McLaren Super Car With 3316 Pieces\" width=\"768\" height=\"768\" title=\"-\" srcset=\"https:\/\/mouldking.store\/wp-content\/uploads\/2022\/11\/91104-3-3dd4-768x768-1.jpg 768w, https:\/\/mouldking.store\/wp-content\/uploads\/2022\/11\/91104-3-3dd4-768x768-1-300x300.jpg 300w, https:\/\/mouldking.store\/wp-content\/uploads\/2022\/11\/91104-3-3dd4-768x768-1-600x600.jpg 600w, https:\/\/mouldking.store\/wp-content\/uploads\/2022\/11\/91104-3-3dd4-768x768-1-150x150.jpg 150w, https:\/\/mouldking.store\/wp-content\/uploads\/2022\/11\/91104-3-3dd4-768x768-1-60x60.jpg 60w, https:\/\/mouldking.store\/wp-content\/uploads\/2022\/11\/91104-3-3dd4-768x768-1-90x90.jpg 90w\" sizes=\"(max-width: 768px) 100vw, 768px\" \/><figcaption id=\"caption-attachment-35385\" class=\"wp-caption-text\">JIESTAR 91104 1: 8 McLaren Super Car avec 3316 pi\u00e8ces<\/figcaption><\/figure>\n<figure id=\"attachment_35386\" aria-describedby=\"caption-attachment-35386\" style=\"width: 768px\" class=\"wp-caption aligncenter\"><img decoding=\"async\" class=\"wp-image-35386 size-full\" src=\"https:\/\/mouldking.store\/wp-content\/uploads\/2022\/11\/91104-2-4351-768x768-1.jpg\" alt=\"JIESTAR 91104 1:8 McLaren Super Car With 3316 Pieces\" width=\"768\" height=\"768\" title=\"-\" srcset=\"https:\/\/mouldking.store\/wp-content\/uploads\/2022\/11\/91104-2-4351-768x768-1.jpg 768w, https:\/\/mouldking.store\/wp-content\/uploads\/2022\/11\/91104-2-4351-768x768-1-300x300.jpg 300w, https:\/\/mouldking.store\/wp-content\/uploads\/2022\/11\/91104-2-4351-768x768-1-600x600.jpg 600w, https:\/\/mouldking.store\/wp-content\/uploads\/2022\/11\/91104-2-4351-768x768-1-150x150.jpg 150w, https:\/\/mouldking.store\/wp-content\/uploads\/2022\/11\/91104-2-4351-768x768-1-60x60.jpg 60w, https:\/\/mouldking.store\/wp-content\/uploads\/2022\/11\/91104-2-4351-768x768-1-90x90.jpg 90w\" sizes=\"(max-width: 768px) 100vw, 768px\" \/><figcaption id=\"caption-attachment-35386\" class=\"wp-caption-text\">JIESTAR 91104 1: 8 McLaren Super Car avec 3316 pi\u00e8ces<\/figcaption><\/figure>\n<figure id=\"attachment_35387\" aria-describedby=\"caption-attachment-35387\" style=\"width: 768px\" class=\"wp-caption aligncenter\"><img loading=\"lazy\" decoding=\"async\" class=\"wp-image-35387 size-full\" src=\"https:\/\/mouldking.store\/wp-content\/uploads\/2022\/11\/91104-4-4f6c-1-768x768-1.jpg\" alt=\"JIESTAR 91104 1:8 McLaren Super Car With 3316 Pieces\" width=\"768\" height=\"768\" title=\"-\" srcset=\"https:\/\/mouldking.store\/wp-content\/uploads\/2022\/11\/91104-4-4f6c-1-768x768-1.jpg 768w, https:\/\/mouldking.store\/wp-content\/uploads\/2022\/11\/91104-4-4f6c-1-768x768-1-300x300.jpg 300w, https:\/\/mouldking.store\/wp-content\/uploads\/2022\/11\/91104-4-4f6c-1-768x768-1-600x600.jpg 600w, https:\/\/mouldking.store\/wp-content\/uploads\/2022\/11\/91104-4-4f6c-1-768x768-1-150x150.jpg 150w, https:\/\/mouldking.store\/wp-content\/uploads\/2022\/11\/91104-4-4f6c-1-768x768-1-60x60.jpg 60w, https:\/\/mouldking.store\/wp-content\/uploads\/2022\/11\/91104-4-4f6c-1-768x768-1-90x90.jpg 90w\" sizes=\"(max-width: 768px) 100vw, 768px\" \/><figcaption id=\"caption-attachment-35387\" class=\"wp-caption-text\">JIESTAR 91104 1: 8 McLaren Super Car avec 3316 pi\u00e8ces<\/figcaption><\/figure>\n<figure id=\"attachment_35388\" aria-describedby=\"caption-attachment-35388\" style=\"width: 768px\" class=\"wp-caption aligncenter\"><img loading=\"lazy\" decoding=\"async\" class=\"wp-image-35388 size-full\" src=\"https:\/\/mouldking.store\/wp-content\/uploads\/2022\/11\/91104-5-3f32-768x768-1.jpg\" alt=\"JIESTAR 91104 1:8 McLaren Super Car With 3316 Pieces\" width=\"768\" height=\"768\" title=\"-\" srcset=\"https:\/\/mouldking.store\/wp-content\/uploads\/2022\/11\/91104-5-3f32-768x768-1.jpg 768w, https:\/\/mouldking.store\/wp-content\/uploads\/2022\/11\/91104-5-3f32-768x768-1-300x300.jpg 300w, https:\/\/mouldking.store\/wp-content\/uploads\/2022\/11\/91104-5-3f32-768x768-1-600x600.jpg 600w, https:\/\/mouldking.store\/wp-content\/uploads\/2022\/11\/91104-5-3f32-768x768-1-150x150.jpg 150w, https:\/\/mouldking.store\/wp-content\/uploads\/2022\/11\/91104-5-3f32-768x768-1-60x60.jpg 60w, https:\/\/mouldking.store\/wp-content\/uploads\/2022\/11\/91104-5-3f32-768x768-1-90x90.jpg 90w\" sizes=\"(max-width: 768px) 100vw, 768px\" \/><figcaption id=\"caption-attachment-35388\" class=\"wp-caption-text\">JIESTAR 91104 1: 8 McLaren Super Car avec 3316 pi\u00e8ces<\/figcaption><\/figure>","protected":false},"excerpt":{"rendered":"<p>Product information: Brand: JIESTAR Gender: Unisex Name: McLaren Super Car Age Range: &gt; 6 years old Model Number: 91104 Classification: Assemblage Plastic Block Shape: Self-Locking Bricks Material: Plastic Plastic Type: ABS Bricks Blocks:3316 PCS Size: 60 \u00d7 29 \u00d7 16.5 cm Contains detailed assembly instructions. Notice: 1. Without an original box, but we guarantee our [&hellip;]<\/p>","protected":false},"featured_media":35384,"comment_status":"closed","ping_status":"closed","template":"","meta":{"_acf_changed":false},"product_cat":[1360,1357],"product_tag":[7507,7505,3075,7508,7509,7504,1744,7506,552],"class_list":["product","first","instock","shipping-taxable","purchasable","product-type-variable"],"acf":[],"_links":{"self":[{"href":"https:\/\/mouldking.store\/fr\/wp-json\/wp\/v2\/product\/35383","targetHints":{"allow":["GET"]}}],"collection":[{"href":"https:\/\/mouldking.store\/fr\/wp-json\/wp\/v2\/product"}],"about":[{"href":"https:\/\/mouldking.store\/fr\/wp-json\/wp\/v2\/types\/product"}],"replies":[{"embeddable":true,"href":"https:\/\/mouldking.store\/fr\/wp-json\/wp\/v2\/comments?post=35383"}],"wp:featuredmedia":[{"embeddable":true,"href":"https:\/\/mouldking.store\/fr\/wp-json\/wp\/v2\/media\/35384"}],"wp:attachment":[{"href":"https:\/\/mouldking.store\/fr\/wp-json\/wp\/v2\/media?parent=35383"}],"wp:term":[{"taxonomy":"product_cat","embeddable":true,"href":"https:\/\/mouldking.store\/fr\/wp-json\/wp\/v2\/product_cat?post=35383"},{"taxonomy":"product_tag","embeddable":true,"href":"https:\/\/mouldking.store\/fr\/wp-json\/wp\/v2\/product_tag?post=35383"}],"curies":[{"name":"wp","href":"https:\/\/api.w.org\/{rel}","templated":true}]}}