{"id":35618,"date":"2022-11-21T16:53:00","date_gmt":"2022-11-21T09:53:00","guid":{"rendered":"https:\/\/mouldking.store\/?post_type=product&#038;p=35618"},"modified":"2022-11-21T16:53:00","modified_gmt":"2022-11-21T09:53:00","slug":"sluban-m38-b1097-speed-champions-yellow-930-racers-sports-car-with-290-pieces","status":"publish","type":"product","link":"https:\/\/mouldking.store\/fr\/shop\/sluban-m38-b1097-speed-champions-yellow-930-racers-sports-car-with-290-pieces\/","title":{"rendered":"Sluban M38-B1097 Speed Champions Yellow 930 Racers Voiture de sport avec 290 pi\u00e8ces"},"content":{"rendered":"<p>Information produit:<\/p>\n<ol>\n<li>Marque : Sluban<\/li>\n<li>Genre: Unisexe<\/li>\n<li>Nom: Voiture de sport Speed Champions Yellow 930 Racers<\/li>\n<li>Tranche d&#039;\u00e2ge : &gt; 6 ans<\/li>\n<li>Num\u00e9ro de mod\u00e8le : M38-B1097<\/li>\n<li>Classement : Assemblage<\/li>\n<li>Forme de bloc en plastique\u00a0: briques autobloquantes<\/li>\n<li>Mat\u00e9riel: Plastique<\/li>\n<li>Type de plastique : ABS<\/li>\n<li>Blocs de briques : 290 pi\u00e8ces<\/li>\n<li>Taille : 16cm<\/li>\n<li>Contient des instructions de montage d\u00e9taill\u00e9es.<\/li>\n<\/ol>\n<p>Avis:<br \/>\n1. Sans bo\u00eete d&#039;origine, mais nous garantissons que nos produits ont une assurance qualit\u00e9 et un bel emballage.<br \/>\n2. Comme toutes les pi\u00e8ces que nous avons v\u00e9rifi\u00e9es avant l&#039;exp\u00e9dition, donc si vous trouvez des pi\u00e8ces manquantes ou endommag\u00e9es, ne vous inqui\u00e9tez pas et veuillez nous contacter et nous pouvons vous les renvoyer imm\u00e9diatement gratuitement.<\/p>\n<figure id=\"attachment_35619\" aria-describedby=\"caption-attachment-35619\" style=\"width: 800px\" class=\"wp-caption aligncenter\"><img fetchpriority=\"high\" decoding=\"async\" class=\"wp-image-35619 size-full\" src=\"https:\/\/mouldking.store\/wp-content\/uploads\/2022\/11\/Speed-Champions-Yellow-930-Racers-Sports-Car-2.jpg\" alt=\"Sluban M38-B1097 Speed Champions Yellow 930 Racers Sports Car With 290 Pieces\" width=\"800\" height=\"800\" title=\"-\" srcset=\"https:\/\/mouldking.store\/wp-content\/uploads\/2022\/11\/Speed-Champions-Yellow-930-Racers-Sports-Car-2.jpg 800w, https:\/\/mouldking.store\/wp-content\/uploads\/2022\/11\/Speed-Champions-Yellow-930-Racers-Sports-Car-2-300x300.jpg 300w, https:\/\/mouldking.store\/wp-content\/uploads\/2022\/11\/Speed-Champions-Yellow-930-Racers-Sports-Car-2-768x768.jpg 768w, https:\/\/mouldking.store\/wp-content\/uploads\/2022\/11\/Speed-Champions-Yellow-930-Racers-Sports-Car-2-600x600.jpg 600w, https:\/\/mouldking.store\/wp-content\/uploads\/2022\/11\/Speed-Champions-Yellow-930-Racers-Sports-Car-2-150x150.jpg 150w, https:\/\/mouldking.store\/wp-content\/uploads\/2022\/11\/Speed-Champions-Yellow-930-Racers-Sports-Car-2-60x60.jpg 60w, https:\/\/mouldking.store\/wp-content\/uploads\/2022\/11\/Speed-Champions-Yellow-930-Racers-Sports-Car-2-90x90.jpg 90w\" sizes=\"(max-width: 800px) 100vw, 800px\" \/><figcaption id=\"caption-attachment-35619\" class=\"wp-caption-text\">Sluban M38-B1097 Speed Champions Yellow 930 Racers Voiture de sport avec 290 pi\u00e8ces<\/figcaption><\/figure>\n<figure id=\"attachment_35620\" aria-describedby=\"caption-attachment-35620\" style=\"width: 800px\" class=\"wp-caption aligncenter\"><img decoding=\"async\" class=\"wp-image-35620 size-full\" src=\"https:\/\/mouldking.store\/wp-content\/uploads\/2022\/11\/Speed-Champions-Yellow-930-Racers-Sports-Car-1.jpg\" alt=\"Sluban M38-B1097 Speed Champions Yellow 930 Racers Sports Car With 290 Pieces\" width=\"800\" height=\"800\" title=\"-\" srcset=\"https:\/\/mouldking.store\/wp-content\/uploads\/2022\/11\/Speed-Champions-Yellow-930-Racers-Sports-Car-1.jpg 800w, https:\/\/mouldking.store\/wp-content\/uploads\/2022\/11\/Speed-Champions-Yellow-930-Racers-Sports-Car-1-300x300.jpg 300w, https:\/\/mouldking.store\/wp-content\/uploads\/2022\/11\/Speed-Champions-Yellow-930-Racers-Sports-Car-1-768x768.jpg 768w, https:\/\/mouldking.store\/wp-content\/uploads\/2022\/11\/Speed-Champions-Yellow-930-Racers-Sports-Car-1-600x600.jpg 600w, https:\/\/mouldking.store\/wp-content\/uploads\/2022\/11\/Speed-Champions-Yellow-930-Racers-Sports-Car-1-150x150.jpg 150w, https:\/\/mouldking.store\/wp-content\/uploads\/2022\/11\/Speed-Champions-Yellow-930-Racers-Sports-Car-1-60x60.jpg 60w, https:\/\/mouldking.store\/wp-content\/uploads\/2022\/11\/Speed-Champions-Yellow-930-Racers-Sports-Car-1-90x90.jpg 90w\" sizes=\"(max-width: 800px) 100vw, 800px\" \/><figcaption id=\"caption-attachment-35620\" class=\"wp-caption-text\">Sluban M38-B1097 Speed Champions Yellow 930 Racers Voiture de sport avec 290 pi\u00e8ces<\/figcaption><\/figure>\n<figure id=\"attachment_35621\" aria-describedby=\"caption-attachment-35621\" style=\"width: 800px\" class=\"wp-caption aligncenter\"><img decoding=\"async\" class=\"wp-image-35621 size-full\" src=\"https:\/\/mouldking.store\/wp-content\/uploads\/2022\/11\/Speed-Champions-Yellow-930-Racers-Sports-Car-4.jpg\" alt=\"Sluban M38-B1097 Speed Champions Yellow 930 Racers Sports Car With 290 Pieces\" width=\"800\" height=\"800\" title=\"-\" srcset=\"https:\/\/mouldking.store\/wp-content\/uploads\/2022\/11\/Speed-Champions-Yellow-930-Racers-Sports-Car-4.jpg 800w, https:\/\/mouldking.store\/wp-content\/uploads\/2022\/11\/Speed-Champions-Yellow-930-Racers-Sports-Car-4-300x300.jpg 300w, https:\/\/mouldking.store\/wp-content\/uploads\/2022\/11\/Speed-Champions-Yellow-930-Racers-Sports-Car-4-768x768.jpg 768w, https:\/\/mouldking.store\/wp-content\/uploads\/2022\/11\/Speed-Champions-Yellow-930-Racers-Sports-Car-4-600x600.jpg 600w, https:\/\/mouldking.store\/wp-content\/uploads\/2022\/11\/Speed-Champions-Yellow-930-Racers-Sports-Car-4-150x150.jpg 150w, https:\/\/mouldking.store\/wp-content\/uploads\/2022\/11\/Speed-Champions-Yellow-930-Racers-Sports-Car-4-60x60.jpg 60w, https:\/\/mouldking.store\/wp-content\/uploads\/2022\/11\/Speed-Champions-Yellow-930-Racers-Sports-Car-4-90x90.jpg 90w\" sizes=\"(max-width: 800px) 100vw, 800px\" \/><figcaption id=\"caption-attachment-35621\" class=\"wp-caption-text\">Sluban M38-B1097 Speed Champions Yellow 930 Racers Voiture de sport avec 290 pi\u00e8ces<\/figcaption><\/figure>\n<figure id=\"attachment_35622\" aria-describedby=\"caption-attachment-35622\" style=\"width: 800px\" class=\"wp-caption aligncenter\"><img loading=\"lazy\" decoding=\"async\" class=\"wp-image-35622 size-full\" src=\"https:\/\/mouldking.store\/wp-content\/uploads\/2022\/11\/Speed-Champions-Yellow-930-Racers-Sports-Car-3.jpg\" alt=\"Sluban M38-B1097 Speed Champions Yellow 930 Racers Sports Car With 290 Pieces\" width=\"800\" height=\"800\" title=\"-\" srcset=\"https:\/\/mouldking.store\/wp-content\/uploads\/2022\/11\/Speed-Champions-Yellow-930-Racers-Sports-Car-3.jpg 800w, https:\/\/mouldking.store\/wp-content\/uploads\/2022\/11\/Speed-Champions-Yellow-930-Racers-Sports-Car-3-300x300.jpg 300w, https:\/\/mouldking.store\/wp-content\/uploads\/2022\/11\/Speed-Champions-Yellow-930-Racers-Sports-Car-3-768x768.jpg 768w, https:\/\/mouldking.store\/wp-content\/uploads\/2022\/11\/Speed-Champions-Yellow-930-Racers-Sports-Car-3-600x600.jpg 600w, https:\/\/mouldking.store\/wp-content\/uploads\/2022\/11\/Speed-Champions-Yellow-930-Racers-Sports-Car-3-150x150.jpg 150w, https:\/\/mouldking.store\/wp-content\/uploads\/2022\/11\/Speed-Champions-Yellow-930-Racers-Sports-Car-3-60x60.jpg 60w, https:\/\/mouldking.store\/wp-content\/uploads\/2022\/11\/Speed-Champions-Yellow-930-Racers-Sports-Car-3-90x90.jpg 90w\" sizes=\"(max-width: 800px) 100vw, 800px\" \/><figcaption id=\"caption-attachment-35622\" class=\"wp-caption-text\">Sluban M38-B1097 Speed Champions Yellow 930 Racers Voiture de sport avec 290 pi\u00e8ces<\/figcaption><\/figure>","protected":false},"excerpt":{"rendered":"<p>Pas de figurines<\/p>","protected":false},"featured_media":35621,"comment_status":"closed","ping_status":"closed","template":"","meta":{"_acf_changed":false},"product_cat":[1360,1357],"product_tag":[6635,7767,7517,7770,7771,7766,6633,7769,5166,7768],"class_list":["product","first","instock","shipping-taxable","purchasable","product-type-simple"],"acf":[],"_links":{"self":[{"href":"https:\/\/mouldking.store\/fr\/wp-json\/wp\/v2\/product\/35618","targetHints":{"allow":["GET"]}}],"collection":[{"href":"https:\/\/mouldking.store\/fr\/wp-json\/wp\/v2\/product"}],"about":[{"href":"https:\/\/mouldking.store\/fr\/wp-json\/wp\/v2\/types\/product"}],"replies":[{"embeddable":true,"href":"https:\/\/mouldking.store\/fr\/wp-json\/wp\/v2\/comments?post=35618"}],"wp:featuredmedia":[{"embeddable":true,"href":"https:\/\/mouldking.store\/fr\/wp-json\/wp\/v2\/media\/35621"}],"wp:attachment":[{"href":"https:\/\/mouldking.store\/fr\/wp-json\/wp\/v2\/media?parent=35618"}],"wp:term":[{"taxonomy":"product_cat","embeddable":true,"href":"https:\/\/mouldking.store\/fr\/wp-json\/wp\/v2\/product_cat?post=35618"},{"taxonomy":"product_tag","embeddable":true,"href":"https:\/\/mouldking.store\/fr\/wp-json\/wp\/v2\/product_tag?post=35618"}],"curies":[{"name":"wp","href":"https:\/\/api.w.org\/{rel}","templated":true}]}}