{"id":35636,"date":"2022-11-21T17:11:37","date_gmt":"2022-11-21T10:11:37","guid":{"rendered":"https:\/\/mouldking.store\/?post_type=product&#038;p=35636"},"modified":"2022-11-21T17:11:37","modified_gmt":"2022-11-21T10:11:37","slug":"sembo-605026-romantic-christmas-bouquet-with-2963-pieces","status":"publish","type":"product","link":"https:\/\/mouldking.store\/fr\/shop\/sembo-605026-romantic-christmas-bouquet-with-2963-pieces\/","title":{"rendered":"SEMBO 605026 Bouquet de No\u00ebl romantique avec 2963 pi\u00e8ces"},"content":{"rendered":"<p>Information produit:<\/p>\n<ol>\n<li>Marque : SEMBO<\/li>\n<li>Genre: Unisexe<\/li>\n<li>Name: Romantic Christmas Bouquet<\/li>\n<li>Tranche d&#039;\u00e2ge : &gt; 6 ans<\/li>\n<li>Model Number: 605026<\/li>\n<li>Classement : Assemblage<\/li>\n<li>Forme de bloc en plastique\u00a0: briques autobloquantes<\/li>\n<li>Mat\u00e9riel: Plastique<\/li>\n<li>Type de plastique : ABS<\/li>\n<li>Blocs de briques : 2963 pi\u00e8ces<\/li>\n<li>Size: 27 \u00d7 22 \u00d7 31 cm<\/li>\n<li>Contient des instructions de montage d\u00e9taill\u00e9es.<\/li>\n<\/ol>\n<p>Avis:<br \/>\n1. Sans bo\u00eete d&#039;origine, mais nous garantissons que nos produits ont une assurance qualit\u00e9 et un bel emballage.<br \/>\n2. Comme toutes les pi\u00e8ces que nous avons v\u00e9rifi\u00e9es avant l&#039;exp\u00e9dition, donc si vous trouvez des pi\u00e8ces manquantes ou endommag\u00e9es, ne vous inqui\u00e9tez pas et veuillez nous contacter et nous pouvons vous les renvoyer imm\u00e9diatement gratuitement.<\/p>\n<figure id=\"attachment_35637\" aria-describedby=\"caption-attachment-35637\" style=\"width: 800px\" class=\"wp-caption aligncenter\"><img fetchpriority=\"high\" decoding=\"async\" class=\"wp-image-35637 size-full\" src=\"https:\/\/mouldking.store\/wp-content\/uploads\/2022\/11\/Romantic-Christmas-Bouquet-SEMBO-605026-5.jpg\" alt=\"SEMBO 605026 Romantic Christmas Bouquet With 2963 Pieces\" width=\"800\" height=\"800\" title=\"-\" srcset=\"https:\/\/mouldking.store\/wp-content\/uploads\/2022\/11\/Romantic-Christmas-Bouquet-SEMBO-605026-5.jpg 800w, https:\/\/mouldking.store\/wp-content\/uploads\/2022\/11\/Romantic-Christmas-Bouquet-SEMBO-605026-5-300x300.jpg 300w, https:\/\/mouldking.store\/wp-content\/uploads\/2022\/11\/Romantic-Christmas-Bouquet-SEMBO-605026-5-768x768.jpg 768w, https:\/\/mouldking.store\/wp-content\/uploads\/2022\/11\/Romantic-Christmas-Bouquet-SEMBO-605026-5-600x600.jpg 600w, https:\/\/mouldking.store\/wp-content\/uploads\/2022\/11\/Romantic-Christmas-Bouquet-SEMBO-605026-5-150x150.jpg 150w, https:\/\/mouldking.store\/wp-content\/uploads\/2022\/11\/Romantic-Christmas-Bouquet-SEMBO-605026-5-60x60.jpg 60w, https:\/\/mouldking.store\/wp-content\/uploads\/2022\/11\/Romantic-Christmas-Bouquet-SEMBO-605026-5-90x90.jpg 90w\" sizes=\"(max-width: 800px) 100vw, 800px\" \/><figcaption id=\"caption-attachment-35637\" class=\"wp-caption-text\">SEMBO 605026 Bouquet de No\u00ebl romantique avec 2963 pi\u00e8ces<\/figcaption><\/figure>\n<figure id=\"attachment_35638\" aria-describedby=\"caption-attachment-35638\" style=\"width: 800px\" class=\"wp-caption aligncenter\"><img decoding=\"async\" class=\"wp-image-35638 size-full\" src=\"https:\/\/mouldking.store\/wp-content\/uploads\/2022\/11\/Romantic-Christmas-Bouquet-SEMBO-605026-4.jpg\" alt=\"SEMBO 605026 Romantic Christmas Bouquet With 2963 Pieces\" width=\"800\" height=\"800\" title=\"-\" srcset=\"https:\/\/mouldking.store\/wp-content\/uploads\/2022\/11\/Romantic-Christmas-Bouquet-SEMBO-605026-4.jpg 800w, https:\/\/mouldking.store\/wp-content\/uploads\/2022\/11\/Romantic-Christmas-Bouquet-SEMBO-605026-4-300x300.jpg 300w, https:\/\/mouldking.store\/wp-content\/uploads\/2022\/11\/Romantic-Christmas-Bouquet-SEMBO-605026-4-768x768.jpg 768w, https:\/\/mouldking.store\/wp-content\/uploads\/2022\/11\/Romantic-Christmas-Bouquet-SEMBO-605026-4-600x600.jpg 600w, https:\/\/mouldking.store\/wp-content\/uploads\/2022\/11\/Romantic-Christmas-Bouquet-SEMBO-605026-4-150x150.jpg 150w, https:\/\/mouldking.store\/wp-content\/uploads\/2022\/11\/Romantic-Christmas-Bouquet-SEMBO-605026-4-60x60.jpg 60w, https:\/\/mouldking.store\/wp-content\/uploads\/2022\/11\/Romantic-Christmas-Bouquet-SEMBO-605026-4-90x90.jpg 90w\" sizes=\"(max-width: 800px) 100vw, 800px\" \/><figcaption id=\"caption-attachment-35638\" class=\"wp-caption-text\">SEMBO 605026 Bouquet de No\u00ebl romantique avec 2963 pi\u00e8ces<\/figcaption><\/figure>\n<figure id=\"attachment_35639\" aria-describedby=\"caption-attachment-35639\" style=\"width: 800px\" class=\"wp-caption aligncenter\"><img decoding=\"async\" class=\"wp-image-35639 size-full\" src=\"https:\/\/mouldking.store\/wp-content\/uploads\/2022\/11\/Romantic-Christmas-Bouquet-SEMBO-605026-3.jpg\" alt=\"SEMBO 605026 Romantic Christmas Bouquet With 2963 Pieces\" width=\"800\" height=\"800\" title=\"-\" srcset=\"https:\/\/mouldking.store\/wp-content\/uploads\/2022\/11\/Romantic-Christmas-Bouquet-SEMBO-605026-3.jpg 800w, https:\/\/mouldking.store\/wp-content\/uploads\/2022\/11\/Romantic-Christmas-Bouquet-SEMBO-605026-3-300x300.jpg 300w, https:\/\/mouldking.store\/wp-content\/uploads\/2022\/11\/Romantic-Christmas-Bouquet-SEMBO-605026-3-768x768.jpg 768w, https:\/\/mouldking.store\/wp-content\/uploads\/2022\/11\/Romantic-Christmas-Bouquet-SEMBO-605026-3-600x600.jpg 600w, https:\/\/mouldking.store\/wp-content\/uploads\/2022\/11\/Romantic-Christmas-Bouquet-SEMBO-605026-3-150x150.jpg 150w, https:\/\/mouldking.store\/wp-content\/uploads\/2022\/11\/Romantic-Christmas-Bouquet-SEMBO-605026-3-60x60.jpg 60w, https:\/\/mouldking.store\/wp-content\/uploads\/2022\/11\/Romantic-Christmas-Bouquet-SEMBO-605026-3-90x90.jpg 90w\" sizes=\"(max-width: 800px) 100vw, 800px\" \/><figcaption id=\"caption-attachment-35639\" class=\"wp-caption-text\">SEMBO 605026 Bouquet de No\u00ebl romantique avec 2963 pi\u00e8ces<\/figcaption><\/figure>\n<figure id=\"attachment_35640\" aria-describedby=\"caption-attachment-35640\" style=\"width: 800px\" class=\"wp-caption aligncenter\"><img loading=\"lazy\" decoding=\"async\" class=\"wp-image-35640 size-full\" src=\"https:\/\/mouldking.store\/wp-content\/uploads\/2022\/11\/Romantic-Christmas-Bouquet-SEMBO-605026-2.jpg\" alt=\"SEMBO 605026 Romantic Christmas Bouquet With 2963 Pieces\" width=\"800\" height=\"800\" title=\"-\" srcset=\"https:\/\/mouldking.store\/wp-content\/uploads\/2022\/11\/Romantic-Christmas-Bouquet-SEMBO-605026-2.jpg 800w, https:\/\/mouldking.store\/wp-content\/uploads\/2022\/11\/Romantic-Christmas-Bouquet-SEMBO-605026-2-300x300.jpg 300w, https:\/\/mouldking.store\/wp-content\/uploads\/2022\/11\/Romantic-Christmas-Bouquet-SEMBO-605026-2-768x768.jpg 768w, https:\/\/mouldking.store\/wp-content\/uploads\/2022\/11\/Romantic-Christmas-Bouquet-SEMBO-605026-2-600x600.jpg 600w, https:\/\/mouldking.store\/wp-content\/uploads\/2022\/11\/Romantic-Christmas-Bouquet-SEMBO-605026-2-150x150.jpg 150w, https:\/\/mouldking.store\/wp-content\/uploads\/2022\/11\/Romantic-Christmas-Bouquet-SEMBO-605026-2-60x60.jpg 60w, https:\/\/mouldking.store\/wp-content\/uploads\/2022\/11\/Romantic-Christmas-Bouquet-SEMBO-605026-2-90x90.jpg 90w\" sizes=\"(max-width: 800px) 100vw, 800px\" \/><figcaption id=\"caption-attachment-35640\" class=\"wp-caption-text\">SEMBO 605026 Bouquet de No\u00ebl romantique avec 2963 pi\u00e8ces<\/figcaption><\/figure>\n<figure id=\"attachment_35641\" aria-describedby=\"caption-attachment-35641\" style=\"width: 800px\" class=\"wp-caption aligncenter\"><img loading=\"lazy\" decoding=\"async\" class=\"wp-image-35641 size-full\" src=\"https:\/\/mouldking.store\/wp-content\/uploads\/2022\/11\/Romantic-Christmas-Bouquet-SEMBO-605026-1.jpg\" alt=\"SEMBO 605026 Romantic Christmas Bouquet With 2963 Pieces\" width=\"800\" height=\"800\" title=\"-\" srcset=\"https:\/\/mouldking.store\/wp-content\/uploads\/2022\/11\/Romantic-Christmas-Bouquet-SEMBO-605026-1.jpg 800w, https:\/\/mouldking.store\/wp-content\/uploads\/2022\/11\/Romantic-Christmas-Bouquet-SEMBO-605026-1-300x300.jpg 300w, https:\/\/mouldking.store\/wp-content\/uploads\/2022\/11\/Romantic-Christmas-Bouquet-SEMBO-605026-1-768x768.jpg 768w, https:\/\/mouldking.store\/wp-content\/uploads\/2022\/11\/Romantic-Christmas-Bouquet-SEMBO-605026-1-600x600.jpg 600w, https:\/\/mouldking.store\/wp-content\/uploads\/2022\/11\/Romantic-Christmas-Bouquet-SEMBO-605026-1-150x150.jpg 150w, https:\/\/mouldking.store\/wp-content\/uploads\/2022\/11\/Romantic-Christmas-Bouquet-SEMBO-605026-1-60x60.jpg 60w, https:\/\/mouldking.store\/wp-content\/uploads\/2022\/11\/Romantic-Christmas-Bouquet-SEMBO-605026-1-90x90.jpg 90w\" sizes=\"(max-width: 800px) 100vw, 800px\" \/><figcaption id=\"caption-attachment-35641\" class=\"wp-caption-text\">SEMBO 605026 Bouquet de No\u00ebl romantique avec 2963 pi\u00e8ces<\/figcaption><\/figure>","protected":false},"excerpt":{"rendered":"<p>Product information: Brand: SEMBO Gender: Unisex Name: Romantic Christmas Bouquet Age Range: &gt; 6 years old Model Number: 605026 Classification: Assemblage Plastic Block Shape: Self-Locking Bricks Material: Plastic Plastic Type: ABS Bricks Blocks:2963 PCS Size: 27 \u00d7 22 \u00d7 31 cm Contains detailed assembly instructions. Notice: 1. Without an original box, but we guarantee our [&hellip;]<\/p>","protected":false},"featured_media":35637,"comment_status":"closed","ping_status":"closed","template":"","meta":{"_acf_changed":false},"product_cat":[1365],"product_tag":[7785,2617,1066,7786,7787,1491,7788,7789,7784],"class_list":["product","first","instock","shipping-taxable","purchasable","product-type-simple"],"acf":[],"_links":{"self":[{"href":"https:\/\/mouldking.store\/fr\/wp-json\/wp\/v2\/product\/35636","targetHints":{"allow":["GET"]}}],"collection":[{"href":"https:\/\/mouldking.store\/fr\/wp-json\/wp\/v2\/product"}],"about":[{"href":"https:\/\/mouldking.store\/fr\/wp-json\/wp\/v2\/types\/product"}],"replies":[{"embeddable":true,"href":"https:\/\/mouldking.store\/fr\/wp-json\/wp\/v2\/comments?post=35636"}],"wp:featuredmedia":[{"embeddable":true,"href":"https:\/\/mouldking.store\/fr\/wp-json\/wp\/v2\/media\/35637"}],"wp:attachment":[{"href":"https:\/\/mouldking.store\/fr\/wp-json\/wp\/v2\/media?parent=35636"}],"wp:term":[{"taxonomy":"product_cat","embeddable":true,"href":"https:\/\/mouldking.store\/fr\/wp-json\/wp\/v2\/product_cat?post=35636"},{"taxonomy":"product_tag","embeddable":true,"href":"https:\/\/mouldking.store\/fr\/wp-json\/wp\/v2\/product_tag?post=35636"}],"curies":[{"name":"wp","href":"https:\/\/api.w.org\/{rel}","templated":true}]}}